{"id":1468,"date":"2022-10-10T10:27:51","date_gmt":"2022-10-10T08:27:51","guid":{"rendered":"https:\/\/itib-machinery.com\/products\/corrugators\/"},"modified":"2023-06-22T15:33:11","modified_gmt":"2023-06-22T13:33:11","slug":"corrugadoras","status":"publish","type":"page","link":"https:\/\/itib-machinery.com\/es\/productos\/corrugadoras\/","title":{"rendered":"Corrugadoras"},"content":{"rendered":"<p>Todas las corrugadoras de ITIB Machinery son enfriadas por agua.<\/p>\n<p>En funci\u00f3n del tama\u00f1o, la forma y la aplicaci\u00f3n del tubo a extruir, las m\u00e1quinas pueden ofrecer dos sistemas de formaci\u00f3n diferentes:<\/p>\n<p>&#8211; sistema de formaci\u00f3n que utiliza aire a baja presi\u00f3n que se introduce por el cabezal de extrusi\u00f3n, empujando el material hacia lo moldes<\/p>\n<p>&#8211; sistema de formaci\u00f3n al vac\u00edo, gracias al cual el material es aspirado hacia la ondulaci\u00f3n por la depresi\u00f3n aplicada a trav\u00e9s de pasajes especiales realizados en los moldes y las gu\u00edas en los que se deslizan<\/p>\n<p>La amplia gama de corrugadoras de ITIB Machinery International permite la producci\u00f3n tanto de tubos de PE, PP, PVC, PA, EVA, PVDF de pared simple como de PE, PP y PVC de pared doble y triple, desde un di\u00e1metro interior de 4,5 mm hasta un di\u00e1metro exterior de 800 mm.<\/p>\n<p>Los modelos m\u00e1s peque\u00f1os utilizan moldes de acero nitrurado, equipados con una cremallera superior y accionados por un engranaje dentro de gu\u00edas refrigeradas; los modelos medianos y grandes, en cambio, utilizan moldes de aluminio con un sistema de enfriamiento por agua fr\u00eda que fluye directamente hacia ellos, en combinaci\u00f3n con el sistema de formaci\u00f3n al vac\u00edo.<\/p>\n<p>Estas soluciones t\u00e9cnicas fomentan el aumento de la productividad y van acompa\u00f1adas de caracter\u00edsticas especiales dise\u00f1adas para optimizar los tiempos de cambio de formato, minimizar el mantenimiento y facilitar el manejo de la m\u00e1quina mediante una interfaz de operador sencilla e intuitiva. Existe la posibilidad de integrar la l\u00ednea de producci\u00f3n dentro de la empresa mediante el intercambio de datos de la industria 4.0 y la supervisi\u00f3n de las m\u00e1quinas a trav\u00e9s de asistencia remota.<\/p>\n<p>&nbsp;<\/p>\n","protected":false},"excerpt":{"rendered":"<p>La amplia gama de corrugadoras de ITIB Machinery permite la producci\u00f3n de tubos de PE, PP, PVC, PA, EVA, PVDF de pared simple, as\u00ed como de PE, PP y PVC de pared doble y triple, desde un di\u00e1metro interior de 4,5 mm hasta un di\u00e1metro exterior de 800 mm.<\/p>\n","protected":false},"author":1,"featured_media":2120,"parent":1466,"menu_order":69,"comment_status":"closed","ping_status":"closed","template":"categoria-prodotto.php","meta":{"footnotes":""},"class_list":["post-1468","page","type-page","status-publish","has-post-thumbnail","hentry"],"acf":[],"yoast_head":"<!-- This site is optimized with the Yoast SEO plugin v23.8 - https:\/\/yoast.com\/wordpress\/plugins\/seo\/ -->\n<title>Corrugadoras - Itib Machinery<\/title>\n<meta name=\"description\" content=\"ITIB Machinery produces corrugators for the production of single, double and triple wall pipes with diameters up to 800mm. For info: imac@itib-machinery.com\" \/>\n<meta name=\"robots\" content=\"index, follow, max-snippet:-1, max-image-preview:large, max-video-preview:-1\" \/>\n<link rel=\"canonical\" href=\"https:\/\/itib-machinery.com\/es\/productos\/corrugadoras\/\" \/>\n<meta property=\"og:locale\" content=\"es_ES\" \/>\n<meta property=\"og:type\" content=\"article\" \/>\n<meta property=\"og:title\" content=\"Corrugadoras - Itib Machinery\" \/>\n<meta property=\"og:description\" content=\"ITIB Machinery produces corrugators for the production of single, double and triple wall pipes with diameters up to 800mm. For info: imac@itib-machinery.com\" \/>\n<meta property=\"og:url\" content=\"https:\/\/itib-machinery.com\/es\/productos\/corrugadoras\/\" \/>\n<meta property=\"og:site_name\" content=\"Itib Machinery\" \/>\n<meta property=\"article:modified_time\" content=\"2023-06-22T13:33:11+00:00\" \/>\n<meta property=\"og:image\" content=\"https:\/\/itib-machinery.com\/wp-content\/uploads\/2022\/10\/FV32.png\" \/>\n\t<meta property=\"og:image:width\" content=\"591\" \/>\n\t<meta property=\"og:image:height\" content=\"285\" \/>\n\t<meta property=\"og:image:type\" content=\"image\/png\" \/>\n<meta name=\"twitter:card\" content=\"summary_large_image\" \/>\n<script type=\"application\/ld+json\" class=\"yoast-schema-graph\">{\"@context\":\"https:\/\/schema.org\",\"@graph\":[{\"@type\":\"WebPage\",\"@id\":\"https:\/\/itib-machinery.com\/es\/productos\/corrugadoras\/\",\"url\":\"https:\/\/itib-machinery.com\/es\/productos\/corrugadoras\/\",\"name\":\"Corrugadoras - Itib Machinery\",\"isPartOf\":{\"@id\":\"https:\/\/itib-machinery.com\/es\/#website\"},\"primaryImageOfPage\":{\"@id\":\"https:\/\/itib-machinery.com\/es\/productos\/corrugadoras\/#primaryimage\"},\"image\":{\"@id\":\"https:\/\/itib-machinery.com\/es\/productos\/corrugadoras\/#primaryimage\"},\"thumbnailUrl\":\"https:\/\/itib-machinery.com\/wp-content\/uploads\/2025\/11\/corrugator-copertina.png\",\"datePublished\":\"2022-10-10T08:27:51+00:00\",\"dateModified\":\"2023-06-22T13:33:11+00:00\",\"description\":\"ITIB Machinery produces corrugators for the production of single, double and triple wall pipes with diameters up to 800mm. For info: imac@itib-machinery.com\",\"breadcrumb\":{\"@id\":\"https:\/\/itib-machinery.com\/es\/productos\/corrugadoras\/#breadcrumb\"},\"inLanguage\":\"es\",\"potentialAction\":[{\"@type\":\"ReadAction\",\"target\":[\"https:\/\/itib-machinery.com\/es\/productos\/corrugadoras\/\"]}]},{\"@type\":\"ImageObject\",\"inLanguage\":\"es\",\"@id\":\"https:\/\/itib-machinery.com\/es\/productos\/corrugadoras\/#primaryimage\",\"url\":\"https:\/\/itib-machinery.com\/wp-content\/uploads\/2025\/11\/corrugator-copertina.png\",\"contentUrl\":\"https:\/\/itib-machinery.com\/wp-content\/uploads\/2025\/11\/corrugator-copertina.png\",\"width\":591,\"height\":285},{\"@type\":\"BreadcrumbList\",\"@id\":\"https:\/\/itib-machinery.com\/es\/productos\/corrugadoras\/#breadcrumb\",\"itemListElement\":[{\"@type\":\"ListItem\",\"position\":1,\"name\":\"Home\",\"item\":\"https:\/\/itib-machinery.com\/es\/\"},{\"@type\":\"ListItem\",\"position\":2,\"name\":\"PRODUCTOS\",\"item\":\"https:\/\/itib-machinery.com\/es\/productos\/\"},{\"@type\":\"ListItem\",\"position\":3,\"name\":\"Corrugadoras\"}]},{\"@type\":\"WebSite\",\"@id\":\"https:\/\/itib-machinery.com\/es\/#website\",\"url\":\"https:\/\/itib-machinery.com\/es\/\",\"name\":\"Itib Machinery\",\"description\":\"\",\"potentialAction\":[{\"@type\":\"SearchAction\",\"target\":{\"@type\":\"EntryPoint\",\"urlTemplate\":\"https:\/\/itib-machinery.com\/es\/?s={search_term_string}\"},\"query-input\":{\"@type\":\"PropertyValueSpecification\",\"valueRequired\":true,\"valueName\":\"search_term_string\"}}],\"inLanguage\":\"es\"}]}<\/script>\n<!-- \/ Yoast SEO plugin. -->","yoast_head_json":{"title":"Corrugadoras - Itib Machinery","description":"ITIB Machinery produces corrugators for the production of single, double and triple wall pipes with diameters up to 800mm. For info: imac@itib-machinery.com","robots":{"index":"index","follow":"follow","max-snippet":"max-snippet:-1","max-image-preview":"max-image-preview:large","max-video-preview":"max-video-preview:-1"},"canonical":"https:\/\/itib-machinery.com\/es\/productos\/corrugadoras\/","og_locale":"es_ES","og_type":"article","og_title":"Corrugadoras - Itib Machinery","og_description":"ITIB Machinery produces corrugators for the production of single, double and triple wall pipes with diameters up to 800mm. For info: imac@itib-machinery.com","og_url":"https:\/\/itib-machinery.com\/es\/productos\/corrugadoras\/","og_site_name":"Itib Machinery","article_modified_time":"2023-06-22T13:33:11+00:00","og_image":[{"width":591,"height":285,"url":"https:\/\/itib-machinery.com\/wp-content\/uploads\/2022\/10\/FV32.png","type":"image\/png"}],"twitter_card":"summary_large_image","schema":{"@context":"https:\/\/schema.org","@graph":[{"@type":"WebPage","@id":"https:\/\/itib-machinery.com\/es\/productos\/corrugadoras\/","url":"https:\/\/itib-machinery.com\/es\/productos\/corrugadoras\/","name":"Corrugadoras - Itib Machinery","isPartOf":{"@id":"https:\/\/itib-machinery.com\/es\/#website"},"primaryImageOfPage":{"@id":"https:\/\/itib-machinery.com\/es\/productos\/corrugadoras\/#primaryimage"},"image":{"@id":"https:\/\/itib-machinery.com\/es\/productos\/corrugadoras\/#primaryimage"},"thumbnailUrl":"https:\/\/itib-machinery.com\/wp-content\/uploads\/2025\/11\/corrugator-copertina.png","datePublished":"2022-10-10T08:27:51+00:00","dateModified":"2023-06-22T13:33:11+00:00","description":"ITIB Machinery produces corrugators for the production of single, double and triple wall pipes with diameters up to 800mm. For info: imac@itib-machinery.com","breadcrumb":{"@id":"https:\/\/itib-machinery.com\/es\/productos\/corrugadoras\/#breadcrumb"},"inLanguage":"es","potentialAction":[{"@type":"ReadAction","target":["https:\/\/itib-machinery.com\/es\/productos\/corrugadoras\/"]}]},{"@type":"ImageObject","inLanguage":"es","@id":"https:\/\/itib-machinery.com\/es\/productos\/corrugadoras\/#primaryimage","url":"https:\/\/itib-machinery.com\/wp-content\/uploads\/2025\/11\/corrugator-copertina.png","contentUrl":"https:\/\/itib-machinery.com\/wp-content\/uploads\/2025\/11\/corrugator-copertina.png","width":591,"height":285},{"@type":"BreadcrumbList","@id":"https:\/\/itib-machinery.com\/es\/productos\/corrugadoras\/#breadcrumb","itemListElement":[{"@type":"ListItem","position":1,"name":"Home","item":"https:\/\/itib-machinery.com\/es\/"},{"@type":"ListItem","position":2,"name":"PRODUCTOS","item":"https:\/\/itib-machinery.com\/es\/productos\/"},{"@type":"ListItem","position":3,"name":"Corrugadoras"}]},{"@type":"WebSite","@id":"https:\/\/itib-machinery.com\/es\/#website","url":"https:\/\/itib-machinery.com\/es\/","name":"Itib Machinery","description":"","potentialAction":[{"@type":"SearchAction","target":{"@type":"EntryPoint","urlTemplate":"https:\/\/itib-machinery.com\/es\/?s={search_term_string}"},"query-input":{"@type":"PropertyValueSpecification","valueRequired":true,"valueName":"search_term_string"}}],"inLanguage":"es"}]}},"_links":{"self":[{"href":"https:\/\/itib-machinery.com\/es\/wp-json\/wp\/v2\/pages\/1468","targetHints":{"allow":["GET"]}}],"collection":[{"href":"https:\/\/itib-machinery.com\/es\/wp-json\/wp\/v2\/pages"}],"about":[{"href":"https:\/\/itib-machinery.com\/es\/wp-json\/wp\/v2\/types\/page"}],"author":[{"embeddable":true,"href":"https:\/\/itib-machinery.com\/es\/wp-json\/wp\/v2\/users\/1"}],"replies":[{"embeddable":true,"href":"https:\/\/itib-machinery.com\/es\/wp-json\/wp\/v2\/comments?post=1468"}],"version-history":[{"count":5,"href":"https:\/\/itib-machinery.com\/es\/wp-json\/wp\/v2\/pages\/1468\/revisions"}],"predecessor-version":[{"id":1641,"href":"https:\/\/itib-machinery.com\/es\/wp-json\/wp\/v2\/pages\/1468\/revisions\/1641"}],"up":[{"embeddable":true,"href":"https:\/\/itib-machinery.com\/es\/wp-json\/wp\/v2\/pages\/1466"}],"wp:featuredmedia":[{"embeddable":true,"href":"https:\/\/itib-machinery.com\/es\/wp-json\/wp\/v2\/media\/2120"}],"wp:attachment":[{"href":"https:\/\/itib-machinery.com\/es\/wp-json\/wp\/v2\/media?parent=1468"}],"curies":[{"name":"wp","href":"https:\/\/api.w.org\/{rel}","templated":true}]}}