{"id":1473,"date":"2022-10-07T15:56:22","date_gmt":"2022-10-07T13:56:22","guid":{"rendered":"https:\/\/itib-machinery.com\/products\/corrugators\/fv32-112hp\/"},"modified":"2025-10-01T14:23:37","modified_gmt":"2025-10-01T12:23:37","slug":"fv32-112hp","status":"publish","type":"page","link":"https:\/\/itib-machinery.com\/es\/productos\/corrugadoras\/fv32-112hp\/","title":{"rendered":"FV<span>32<\/span> \/ 112<span>HP<\/span>"},"content":{"rendered":"<p><img loading=\"lazy\" decoding=\"async\" class=\"aligncenter size-full wp-image-1924\" src=\"https:\/\/itib-machinery.com\/wp-content\/uploads\/2025\/10\/FV32112HP_cerchio.png\" alt=\"\" width=\"893\" height=\"638\" srcset=\"https:\/\/itib-machinery.com\/wp-content\/uploads\/2025\/10\/FV32112HP_cerchio.png 893w, https:\/\/itib-machinery.com\/wp-content\/uploads\/2025\/10\/FV32112HP_cerchio-300x214.png 300w, https:\/\/itib-machinery.com\/wp-content\/uploads\/2025\/10\/FV32112HP_cerchio-768x549.png 768w\" sizes=\"auto, (max-width: 893px) 100vw, 893px\" \/><\/p>\n<p>Corrugadora de alto rendimiento y calidad aseguradas para tubos de PP, PVC y PE desde 10 mm de di\u00e1metro interior hasta 32 mm de di\u00e1metro exterior. Tiene su principal aplicaci\u00f3n en la producci\u00f3n de conductos el\u00e9ctricos para el sector de la construcci\u00f3n y representa la <strong>versi\u00f3n nueva y de alta velocidad del conocido modelo F32\/112 de ITIB Machinery<\/strong>. Para alcanzar el alto rendimiento que exige hoy un mercado muy competitivo, se han adoptado varias soluciones nuevas.<\/p>\n<p>Las principales novedades de la versi\u00f3n HP son:<\/p>\n<ul>\n<li>Dise\u00f1o totalmente nuevo de moldes y canales<\/li>\n<li>Velocidad mec\u00e1nica m\u00e1xima de hasta 70 m\/min<\/li>\n<li>Accionamiento \u00fanico para ambas cadenas izquierda\/derecha para una alineaci\u00f3n perfecta de los moldes<\/li>\n<li>Longitud optimizada de los canales de enfriamiento para un rendimiento m\u00e1ximo<\/li>\n<li>Enfriamiento del molde en el canal central por los cuatro lados<\/li>\n<li>Canales de flujo de agua optimizados para una m\u00e1xima eficacia de enfriamiento<\/li>\n<li>Sistema de formaci\u00f3n al vac\u00edo de serie con bomba de velocidad variable para ahorrar energ\u00eda<\/li>\n<li>\u00c1rea de cierre del molde reducida para troqueles cortos<\/li>\n<li>Posibilidad de retirar las placas superiores de la zona de entrada\/salida para facilitar el acceso en caso de atasco<\/li>\n<li>La mesa principal se desplaza sobre gu\u00edas de rodillos lineales de precisi\u00f3n<\/li>\n<li>Transmisi\u00f3n por engranaje<\/li>\n<li>Limitador de par en el eje de la caja de cambios<\/li>\n<li>Enfriamiento independiente de la cadena de moldes derecha\/izquierda con ajuste independiente de la temperatura<\/li>\n<li>Pist\u00f3n de retroceso por aire de emergencia<\/li>\n<li>C\u00f3modo acceso a las piezas para facilitar el mantenimiento<\/li>\n<li>Listo para la Industria 4.0<\/li>\n<li>Aspecto moderno y limpio<\/li>\n<\/ul>\n<p>&nbsp;<\/p>\n<p><img loading=\"lazy\" decoding=\"async\" class=\"aligncenter wp-image-252 size-large\" src=\"https:\/\/itib-machinery.com\/wp-content\/uploads\/2022\/10\/corrugatori-itib-fv32-accessori-1024x585.jpg\" alt=\"\" width=\"640\" height=\"366\" srcset=\"https:\/\/itib-machinery.com\/wp-content\/uploads\/2022\/10\/corrugatori-itib-fv32-accessori-1024x585.jpg 1024w, https:\/\/itib-machinery.com\/wp-content\/uploads\/2022\/10\/corrugatori-itib-fv32-accessori-300x171.jpg 300w, https:\/\/itib-machinery.com\/wp-content\/uploads\/2022\/10\/corrugatori-itib-fv32-accessori-768x438.jpg 768w, https:\/\/itib-machinery.com\/wp-content\/uploads\/2022\/10\/corrugatori-itib-fv32-accessori.jpg 1270w\" sizes=\"auto, (max-width: 640px) 100vw, 640px\" \/><\/p>\n<ol>\n<li>Longitud optimizada del canal de formaci\u00f3n para obtener el m\u00e1ximo rendimiento.<\/li>\n<li>Canal de cierre optimizado para una longitud de matriz m\u00ednima.<\/li>\n<li>Enfriamiento optimizado de los moldes por los cuatro lados.<\/li>\n<li>Canales de entrada\/salida enfriados.<\/li>\n<li>F\u00e1cil acceso al canal de cierre en caso de atasco.<\/li>\n<li>Control del par de transmisi\u00f3n para una marcha segura.<\/li>\n<\/ol>\n<p>&nbsp;<\/p>\n<p><a href=\"https:\/\/itib-machinery.com\/wp-content\/uploads\/2022\/10\/ITIB_TABELLE2.jpg\" rel=\"lightbox-0\"><img loading=\"lazy\" decoding=\"async\" class=\"aligncenter wp-image-837 size-full\" src=\"https:\/\/itib-machinery.com\/wp-content\/uploads\/2022\/10\/ITIB_TABELLE2.jpg\" alt=\"\" width=\"2500\" height=\"521\" srcset=\"https:\/\/itib-machinery.com\/wp-content\/uploads\/2022\/10\/ITIB_TABELLE2.jpg 2500w, https:\/\/itib-machinery.com\/wp-content\/uploads\/2022\/10\/ITIB_TABELLE2-300x63.jpg 300w, https:\/\/itib-machinery.com\/wp-content\/uploads\/2022\/10\/ITIB_TABELLE2-1024x213.jpg 1024w, https:\/\/itib-machinery.com\/wp-content\/uploads\/2022\/10\/ITIB_TABELLE2-768x160.jpg 768w, https:\/\/itib-machinery.com\/wp-content\/uploads\/2022\/10\/ITIB_TABELLE2-1536x320.jpg 1536w, https:\/\/itib-machinery.com\/wp-content\/uploads\/2022\/10\/ITIB_TABELLE2-2048x427.jpg 2048w\" sizes=\"auto, (max-width: 2500px) 100vw, 2500px\" \/><\/a><\/p>\n<div id='gallery-1' class='gallery galleryid-1473 gallery-columns-3 gallery-size-large'><figure class='gallery-item'>\n\t\t\t<div class='gallery-icon landscape'>\n\t\t\t\t<a href='https:\/\/itib-machinery.com\/wp-content\/uploads\/2023\/05\/ITIB-Machinery-FV32112HP-corrugator-1.jpg' rel=\"lightbox[gallery-0]\"><img loading=\"lazy\" decoding=\"async\" width=\"640\" height=\"427\" src=\"https:\/\/itib-machinery.com\/wp-content\/uploads\/2023\/05\/ITIB-Machinery-FV32112HP-corrugator-1-1024x683.jpg\" class=\"attachment-large size-large\" alt=\"ITIB Machinery-FV32112HP-corrugator-1\" srcset=\"https:\/\/itib-machinery.com\/wp-content\/uploads\/2023\/05\/ITIB-Machinery-FV32112HP-corrugator-1-1024x683.jpg 1024w, https:\/\/itib-machinery.com\/wp-content\/uploads\/2023\/05\/ITIB-Machinery-FV32112HP-corrugator-1-300x200.jpg 300w, https:\/\/itib-machinery.com\/wp-content\/uploads\/2023\/05\/ITIB-Machinery-FV32112HP-corrugator-1-768x512.jpg 768w, https:\/\/itib-machinery.com\/wp-content\/uploads\/2023\/05\/ITIB-Machinery-FV32112HP-corrugator-1-1536x1025.jpg 1536w, https:\/\/itib-machinery.com\/wp-content\/uploads\/2023\/05\/ITIB-Machinery-FV32112HP-corrugator-1.jpg 2000w\" sizes=\"auto, (max-width: 640px) 100vw, 640px\" \/><\/a>\n\t\t\t<\/div><\/figure><figure class='gallery-item'>\n\t\t\t<div class='gallery-icon landscape'>\n\t\t\t\t<a href='https:\/\/itib-machinery.com\/wp-content\/uploads\/2023\/05\/ITIB-Machinery-FV32112HP-corrugator-2.jpg' rel=\"lightbox[gallery-0]\"><img loading=\"lazy\" decoding=\"async\" width=\"640\" height=\"426\" src=\"https:\/\/itib-machinery.com\/wp-content\/uploads\/2023\/05\/ITIB-Machinery-FV32112HP-corrugator-2-1024x682.jpg\" class=\"attachment-large size-large\" alt=\"ITIB Machinery-FV32112HP-corrugator-2\" srcset=\"https:\/\/itib-machinery.com\/wp-content\/uploads\/2023\/05\/ITIB-Machinery-FV32112HP-corrugator-2-1024x682.jpg 1024w, https:\/\/itib-machinery.com\/wp-content\/uploads\/2023\/05\/ITIB-Machinery-FV32112HP-corrugator-2-300x200.jpg 300w, https:\/\/itib-machinery.com\/wp-content\/uploads\/2023\/05\/ITIB-Machinery-FV32112HP-corrugator-2-768x512.jpg 768w, https:\/\/itib-machinery.com\/wp-content\/uploads\/2023\/05\/ITIB-Machinery-FV32112HP-corrugator-2-1536x1024.jpg 1536w, https:\/\/itib-machinery.com\/wp-content\/uploads\/2023\/05\/ITIB-Machinery-FV32112HP-corrugator-2.jpg 2000w\" sizes=\"auto, (max-width: 640px) 100vw, 640px\" \/><\/a>\n\t\t\t<\/div><\/figure><figure class='gallery-item'>\n\t\t\t<div class='gallery-icon landscape'>\n\t\t\t\t<a href='https:\/\/itib-machinery.com\/wp-content\/uploads\/2023\/05\/ITIB-Machinery-FV32112HP-corrugator-3.jpg' rel=\"lightbox[gallery-0]\"><img loading=\"lazy\" decoding=\"async\" width=\"640\" height=\"426\" src=\"https:\/\/itib-machinery.com\/wp-content\/uploads\/2023\/05\/ITIB-Machinery-FV32112HP-corrugator-3-1024x682.jpg\" class=\"attachment-large size-large\" alt=\"ITIB Machinery-FV32112HP-corrugator-3\" srcset=\"https:\/\/itib-machinery.com\/wp-content\/uploads\/2023\/05\/ITIB-Machinery-FV32112HP-corrugator-3-1024x682.jpg 1024w, https:\/\/itib-machinery.com\/wp-content\/uploads\/2023\/05\/ITIB-Machinery-FV32112HP-corrugator-3-300x200.jpg 300w, https:\/\/itib-machinery.com\/wp-content\/uploads\/2023\/05\/ITIB-Machinery-FV32112HP-corrugator-3-768x512.jpg 768w, https:\/\/itib-machinery.com\/wp-content\/uploads\/2023\/05\/ITIB-Machinery-FV32112HP-corrugator-3-1536x1024.jpg 1536w, https:\/\/itib-machinery.com\/wp-content\/uploads\/2023\/05\/ITIB-Machinery-FV32112HP-corrugator-3.jpg 2000w\" sizes=\"auto, (max-width: 640px) 100vw, 640px\" \/><\/a>\n\t\t\t<\/div><\/figure><figure class='gallery-item'>\n\t\t\t<div class='gallery-icon landscape'>\n\t\t\t\t<a href='https:\/\/itib-machinery.com\/wp-content\/uploads\/2023\/05\/ITIB-Machinery-FV32112HP-corrugator-4.jpg' rel=\"lightbox[gallery-0]\"><img loading=\"lazy\" decoding=\"async\" width=\"640\" height=\"426\" src=\"https:\/\/itib-machinery.com\/wp-content\/uploads\/2023\/05\/ITIB-Machinery-FV32112HP-corrugator-4-1024x682.jpg\" class=\"attachment-large size-large\" alt=\"ITIB Machinery-FV32112HP-corrugator-4\" srcset=\"https:\/\/itib-machinery.com\/wp-content\/uploads\/2023\/05\/ITIB-Machinery-FV32112HP-corrugator-4-1024x682.jpg 1024w, https:\/\/itib-machinery.com\/wp-content\/uploads\/2023\/05\/ITIB-Machinery-FV32112HP-corrugator-4-300x200.jpg 300w, https:\/\/itib-machinery.com\/wp-content\/uploads\/2023\/05\/ITIB-Machinery-FV32112HP-corrugator-4-768x512.jpg 768w, https:\/\/itib-machinery.com\/wp-content\/uploads\/2023\/05\/ITIB-Machinery-FV32112HP-corrugator-4-1536x1024.jpg 1536w, https:\/\/itib-machinery.com\/wp-content\/uploads\/2023\/05\/ITIB-Machinery-FV32112HP-corrugator-4.jpg 2000w\" sizes=\"auto, (max-width: 640px) 100vw, 640px\" \/><\/a>\n\t\t\t<\/div><\/figure><figure class='gallery-item'>\n\t\t\t<div class='gallery-icon landscape'>\n\t\t\t\t<a href='https:\/\/itib-machinery.com\/wp-content\/uploads\/2023\/05\/ITIB-Machinery-FV32112HP-corrugator-5.jpg' rel=\"lightbox[gallery-0]\"><img loading=\"lazy\" decoding=\"async\" width=\"640\" height=\"426\" src=\"https:\/\/itib-machinery.com\/wp-content\/uploads\/2023\/05\/ITIB-Machinery-FV32112HP-corrugator-5-1024x682.jpg\" class=\"attachment-large size-large\" alt=\"ITIB Machinery-FV32112HP-corrugator-5\" srcset=\"https:\/\/itib-machinery.com\/wp-content\/uploads\/2023\/05\/ITIB-Machinery-FV32112HP-corrugator-5-1024x682.jpg 1024w, https:\/\/itib-machinery.com\/wp-content\/uploads\/2023\/05\/ITIB-Machinery-FV32112HP-corrugator-5-300x200.jpg 300w, https:\/\/itib-machinery.com\/wp-content\/uploads\/2023\/05\/ITIB-Machinery-FV32112HP-corrugator-5-768x512.jpg 768w, https:\/\/itib-machinery.com\/wp-content\/uploads\/2023\/05\/ITIB-Machinery-FV32112HP-corrugator-5-1536x1024.jpg 1536w, https:\/\/itib-machinery.com\/wp-content\/uploads\/2023\/05\/ITIB-Machinery-FV32112HP-corrugator-5.jpg 2000w\" sizes=\"auto, (max-width: 640px) 100vw, 640px\" \/><\/a>\n\t\t\t<\/div><\/figure><figure class='gallery-item'>\n\t\t\t<div class='gallery-icon landscape'>\n\t\t\t\t<a href='https:\/\/itib-machinery.com\/wp-content\/uploads\/2023\/05\/ITIB-Machinery-FV32112HP-corrugator-6.jpg' rel=\"lightbox[gallery-0]\"><img loading=\"lazy\" decoding=\"async\" width=\"640\" height=\"426\" src=\"https:\/\/itib-machinery.com\/wp-content\/uploads\/2023\/05\/ITIB-Machinery-FV32112HP-corrugator-6-1024x682.jpg\" class=\"attachment-large size-large\" alt=\"ITIB Machinery-FV32112HP-corrugator-6\" srcset=\"https:\/\/itib-machinery.com\/wp-content\/uploads\/2023\/05\/ITIB-Machinery-FV32112HP-corrugator-6-1024x682.jpg 1024w, https:\/\/itib-machinery.com\/wp-content\/uploads\/2023\/05\/ITIB-Machinery-FV32112HP-corrugator-6-300x200.jpg 300w, https:\/\/itib-machinery.com\/wp-content\/uploads\/2023\/05\/ITIB-Machinery-FV32112HP-corrugator-6-768x512.jpg 768w, https:\/\/itib-machinery.com\/wp-content\/uploads\/2023\/05\/ITIB-Machinery-FV32112HP-corrugator-6-1536x1024.jpg 1536w, https:\/\/itib-machinery.com\/wp-content\/uploads\/2023\/05\/ITIB-Machinery-FV32112HP-corrugator-6.jpg 2000w\" sizes=\"auto, (max-width: 640px) 100vw, 640px\" \/><\/a>\n\t\t\t<\/div><\/figure>\n\t\t<\/div>\n\n<p>&nbsp;<\/p>\n","protected":false},"excerpt":{"rendered":"<p>Corrugadora de alto rendimiento y calidad aseguradas para tubos de PP, PVC y PE desde 10 mm de di\u00e1metro interior hasta 32 mm de di\u00e1metro exterior. Tiene su principal aplicaci\u00f3n en la producci\u00f3n de conductos el\u00e9ctricos para el sector de la construcci\u00f3n y representa la versi\u00f3n nueva y de alta velocidad del conocido modelo F32\/112 [&hellip;]<\/p>\n","protected":false},"author":1,"featured_media":1990,"parent":1468,"menu_order":95,"comment_status":"closed","ping_status":"closed","template":"singolo-prodotto.php","meta":{"footnotes":""},"class_list":["post-1473","page","type-page","status-publish","has-post-thumbnail","hentry"],"acf":[],"yoast_head":"<!-- This site is optimized with the Yoast SEO plugin v23.8 - https:\/\/yoast.com\/wordpress\/plugins\/seo\/ -->\n<title>FV32 \/ 112HP - Itib Machinery<\/title>\n<meta name=\"description\" content=\"ITIB Machinery corrugator for pipe production. High performance and customization. For info: imac@itib-machinery.com\" \/>\n<meta name=\"robots\" content=\"index, follow, max-snippet:-1, max-image-preview:large, max-video-preview:-1\" \/>\n<link rel=\"canonical\" href=\"https:\/\/itib-machinery.com\/es\/productos\/corrugadoras\/fv32-112hp\/\" \/>\n<meta property=\"og:locale\" content=\"es_ES\" \/>\n<meta property=\"og:type\" content=\"article\" \/>\n<meta property=\"og:title\" content=\"FV32 \/ 112HP - Itib Machinery\" \/>\n<meta property=\"og:description\" content=\"ITIB Machinery corrugator for pipe production. High performance and customization. For info: imac@itib-machinery.com\" \/>\n<meta property=\"og:url\" content=\"https:\/\/itib-machinery.com\/es\/productos\/corrugadoras\/fv32-112hp\/\" \/>\n<meta property=\"og:site_name\" content=\"Itib Machinery\" \/>\n<meta property=\"article:modified_time\" content=\"2025-10-01T12:23:37+00:00\" \/>\n<meta property=\"og:image\" content=\"https:\/\/itib-machinery.com\/wp-content\/uploads\/2025\/10\/FV32-112HP_miniatura.png\" \/>\n\t<meta property=\"og:image:width\" content=\"513\" \/>\n\t<meta property=\"og:image:height\" content=\"285\" \/>\n\t<meta property=\"og:image:type\" content=\"image\/png\" \/>\n<meta name=\"twitter:card\" content=\"summary_large_image\" \/>\n<script type=\"application\/ld+json\" class=\"yoast-schema-graph\">{\"@context\":\"https:\/\/schema.org\",\"@graph\":[{\"@type\":\"WebPage\",\"@id\":\"https:\/\/itib-machinery.com\/es\/productos\/corrugadoras\/fv32-112hp\/\",\"url\":\"https:\/\/itib-machinery.com\/es\/productos\/corrugadoras\/fv32-112hp\/\",\"name\":\"FV32 \/ 112HP - Itib Machinery\",\"isPartOf\":{\"@id\":\"https:\/\/itib-machinery.com\/es\/#website\"},\"primaryImageOfPage\":{\"@id\":\"https:\/\/itib-machinery.com\/es\/productos\/corrugadoras\/fv32-112hp\/#primaryimage\"},\"image\":{\"@id\":\"https:\/\/itib-machinery.com\/es\/productos\/corrugadoras\/fv32-112hp\/#primaryimage\"},\"thumbnailUrl\":\"https:\/\/itib-machinery.com\/wp-content\/uploads\/2025\/10\/FV32-112HP_miniatura.png\",\"datePublished\":\"2022-10-07T13:56:22+00:00\",\"dateModified\":\"2025-10-01T12:23:37+00:00\",\"description\":\"ITIB Machinery corrugator for pipe production. High performance and customization. For info: imac@itib-machinery.com\",\"breadcrumb\":{\"@id\":\"https:\/\/itib-machinery.com\/es\/productos\/corrugadoras\/fv32-112hp\/#breadcrumb\"},\"inLanguage\":\"es\",\"potentialAction\":[{\"@type\":\"ReadAction\",\"target\":[\"https:\/\/itib-machinery.com\/es\/productos\/corrugadoras\/fv32-112hp\/\"]}]},{\"@type\":\"ImageObject\",\"inLanguage\":\"es\",\"@id\":\"https:\/\/itib-machinery.com\/es\/productos\/corrugadoras\/fv32-112hp\/#primaryimage\",\"url\":\"https:\/\/itib-machinery.com\/wp-content\/uploads\/2025\/10\/FV32-112HP_miniatura.png\",\"contentUrl\":\"https:\/\/itib-machinery.com\/wp-content\/uploads\/2025\/10\/FV32-112HP_miniatura.png\",\"width\":513,\"height\":285},{\"@type\":\"BreadcrumbList\",\"@id\":\"https:\/\/itib-machinery.com\/es\/productos\/corrugadoras\/fv32-112hp\/#breadcrumb\",\"itemListElement\":[{\"@type\":\"ListItem\",\"position\":1,\"name\":\"Home\",\"item\":\"https:\/\/itib-machinery.com\/es\/\"},{\"@type\":\"ListItem\",\"position\":2,\"name\":\"PRODUCTOS\",\"item\":\"https:\/\/itib-machinery.com\/es\/productos\/\"},{\"@type\":\"ListItem\",\"position\":3,\"name\":\"Corrugadoras\",\"item\":\"https:\/\/itib-machinery.com\/es\/productos\/corrugadoras\/\"},{\"@type\":\"ListItem\",\"position\":4,\"name\":\"FV32 \/ 112HP\"}]},{\"@type\":\"WebSite\",\"@id\":\"https:\/\/itib-machinery.com\/es\/#website\",\"url\":\"https:\/\/itib-machinery.com\/es\/\",\"name\":\"Itib Machinery\",\"description\":\"\",\"potentialAction\":[{\"@type\":\"SearchAction\",\"target\":{\"@type\":\"EntryPoint\",\"urlTemplate\":\"https:\/\/itib-machinery.com\/es\/?s={search_term_string}\"},\"query-input\":{\"@type\":\"PropertyValueSpecification\",\"valueRequired\":true,\"valueName\":\"search_term_string\"}}],\"inLanguage\":\"es\"}]}<\/script>\n<!-- \/ Yoast SEO plugin. -->","yoast_head_json":{"title":"FV32 \/ 112HP - Itib Machinery","description":"ITIB Machinery corrugator for pipe production. High performance and customization. For info: imac@itib-machinery.com","robots":{"index":"index","follow":"follow","max-snippet":"max-snippet:-1","max-image-preview":"max-image-preview:large","max-video-preview":"max-video-preview:-1"},"canonical":"https:\/\/itib-machinery.com\/es\/productos\/corrugadoras\/fv32-112hp\/","og_locale":"es_ES","og_type":"article","og_title":"FV32 \/ 112HP - Itib Machinery","og_description":"ITIB Machinery corrugator for pipe production. High performance and customization. For info: imac@itib-machinery.com","og_url":"https:\/\/itib-machinery.com\/es\/productos\/corrugadoras\/fv32-112hp\/","og_site_name":"Itib Machinery","article_modified_time":"2025-10-01T12:23:37+00:00","og_image":[{"width":513,"height":285,"url":"https:\/\/itib-machinery.com\/wp-content\/uploads\/2025\/10\/FV32-112HP_miniatura.png","type":"image\/png"}],"twitter_card":"summary_large_image","schema":{"@context":"https:\/\/schema.org","@graph":[{"@type":"WebPage","@id":"https:\/\/itib-machinery.com\/es\/productos\/corrugadoras\/fv32-112hp\/","url":"https:\/\/itib-machinery.com\/es\/productos\/corrugadoras\/fv32-112hp\/","name":"FV32 \/ 112HP - Itib Machinery","isPartOf":{"@id":"https:\/\/itib-machinery.com\/es\/#website"},"primaryImageOfPage":{"@id":"https:\/\/itib-machinery.com\/es\/productos\/corrugadoras\/fv32-112hp\/#primaryimage"},"image":{"@id":"https:\/\/itib-machinery.com\/es\/productos\/corrugadoras\/fv32-112hp\/#primaryimage"},"thumbnailUrl":"https:\/\/itib-machinery.com\/wp-content\/uploads\/2025\/10\/FV32-112HP_miniatura.png","datePublished":"2022-10-07T13:56:22+00:00","dateModified":"2025-10-01T12:23:37+00:00","description":"ITIB Machinery corrugator for pipe production. High performance and customization. For info: imac@itib-machinery.com","breadcrumb":{"@id":"https:\/\/itib-machinery.com\/es\/productos\/corrugadoras\/fv32-112hp\/#breadcrumb"},"inLanguage":"es","potentialAction":[{"@type":"ReadAction","target":["https:\/\/itib-machinery.com\/es\/productos\/corrugadoras\/fv32-112hp\/"]}]},{"@type":"ImageObject","inLanguage":"es","@id":"https:\/\/itib-machinery.com\/es\/productos\/corrugadoras\/fv32-112hp\/#primaryimage","url":"https:\/\/itib-machinery.com\/wp-content\/uploads\/2025\/10\/FV32-112HP_miniatura.png","contentUrl":"https:\/\/itib-machinery.com\/wp-content\/uploads\/2025\/10\/FV32-112HP_miniatura.png","width":513,"height":285},{"@type":"BreadcrumbList","@id":"https:\/\/itib-machinery.com\/es\/productos\/corrugadoras\/fv32-112hp\/#breadcrumb","itemListElement":[{"@type":"ListItem","position":1,"name":"Home","item":"https:\/\/itib-machinery.com\/es\/"},{"@type":"ListItem","position":2,"name":"PRODUCTOS","item":"https:\/\/itib-machinery.com\/es\/productos\/"},{"@type":"ListItem","position":3,"name":"Corrugadoras","item":"https:\/\/itib-machinery.com\/es\/productos\/corrugadoras\/"},{"@type":"ListItem","position":4,"name":"FV32 \/ 112HP"}]},{"@type":"WebSite","@id":"https:\/\/itib-machinery.com\/es\/#website","url":"https:\/\/itib-machinery.com\/es\/","name":"Itib Machinery","description":"","potentialAction":[{"@type":"SearchAction","target":{"@type":"EntryPoint","urlTemplate":"https:\/\/itib-machinery.com\/es\/?s={search_term_string}"},"query-input":{"@type":"PropertyValueSpecification","valueRequired":true,"valueName":"search_term_string"}}],"inLanguage":"es"}]}},"_links":{"self":[{"href":"https:\/\/itib-machinery.com\/es\/wp-json\/wp\/v2\/pages\/1473","targetHints":{"allow":["GET"]}}],"collection":[{"href":"https:\/\/itib-machinery.com\/es\/wp-json\/wp\/v2\/pages"}],"about":[{"href":"https:\/\/itib-machinery.com\/es\/wp-json\/wp\/v2\/types\/page"}],"author":[{"embeddable":true,"href":"https:\/\/itib-machinery.com\/es\/wp-json\/wp\/v2\/users\/1"}],"replies":[{"embeddable":true,"href":"https:\/\/itib-machinery.com\/es\/wp-json\/wp\/v2\/comments?post=1473"}],"version-history":[{"count":6,"href":"https:\/\/itib-machinery.com\/es\/wp-json\/wp\/v2\/pages\/1473\/revisions"}],"predecessor-version":[{"id":1928,"href":"https:\/\/itib-machinery.com\/es\/wp-json\/wp\/v2\/pages\/1473\/revisions\/1928"}],"up":[{"embeddable":true,"href":"https:\/\/itib-machinery.com\/es\/wp-json\/wp\/v2\/pages\/1468"}],"wp:featuredmedia":[{"embeddable":true,"href":"https:\/\/itib-machinery.com\/es\/wp-json\/wp\/v2\/media\/1990"}],"wp:attachment":[{"href":"https:\/\/itib-machinery.com\/es\/wp-json\/wp\/v2\/media?parent=1473"}],"curies":[{"name":"wp","href":"https:\/\/api.w.org\/{rel}","templated":true}]}}