{"id":1484,"date":"2022-10-18T14:34:47","date_gmt":"2022-10-18T12:34:47","guid":{"rendered":"https:\/\/itib-machinery.com\/products\/corrugators\/f65\/"},"modified":"2025-10-01T14:17:36","modified_gmt":"2025-10-01T12:17:36","slug":"f65","status":"publish","type":"page","link":"https:\/\/itib-machinery.com\/es\/productos\/corrugadoras\/f65\/","title":{"rendered":"F<span>65<\/span>"},"content":{"rendered":"<p><img loading=\"lazy\" decoding=\"async\" class=\"aligncenter size-full wp-image-1971\" src=\"https:\/\/itib-machinery.com\/wp-content\/uploads\/2025\/10\/F65-94_cerchio.png\" alt=\"\" width=\"881\" height=\"638\" srcset=\"https:\/\/itib-machinery.com\/wp-content\/uploads\/2025\/10\/F65-94_cerchio.png 881w, https:\/\/itib-machinery.com\/wp-content\/uploads\/2025\/10\/F65-94_cerchio-300x217.png 300w, https:\/\/itib-machinery.com\/wp-content\/uploads\/2025\/10\/F65-94_cerchio-768x556.png 768w\" sizes=\"auto, (max-width: 881px) 100vw, 881px\" \/>Tiene su principal aplicaci\u00f3n en la fabricaci\u00f3n de conductos el\u00e9ctricos para la construcci\u00f3n.<\/p>\n<p>La gama completa de corrugadoras F65 se ha actualizado a una versi\u00f3n EVO.<\/p>\n<p>Combina <strong>nuevas e importantes soluciones t\u00e9cnicas<\/strong> con el dise\u00f1o cl\u00e1sico y robusto de la gama F65.<\/p>\n<p>La actualizaci\u00f3n repercute positivamente en el rendimiento, la facilidad de uso y el mantenimiento y consiste en:<\/p>\n<ul>\n<li>La mesa principal se desplaza sobre gu\u00edas de rodillos lineales de precisi\u00f3n<\/li>\n<li>Posibilidad de abrir el soporte del engranaje principal para una mejor accesibilidad a la zona de cierre de los moldes en caso de atasco<\/li>\n<li>Transmisi\u00f3n por engranajes en lugar de cadena<\/li>\n<li>Limitador de par en el eje de la caja de cambios<\/li>\n<li>Flujo de agua optimizado en los canales central y de retorno para una mejor transferencia de calor<\/li>\n<li>Curvas de entrada y salida enfriadas por agua<\/li>\n<li>Enfriamiento independiente de la cadena de moldes derecha\/izquierda con ajuste independiente de la temperatura<\/li>\n<li>Ajuste lateral arriba\/abajo, izquierda\/derecha para un centrado perfecto<\/li>\n<li>Lubricaci\u00f3n autom\u00e1tica con temporizador<\/li>\n<li>Pist\u00f3n de retroceso por aire de emergencia<\/li>\n<li>Protecci\u00f3n de seguridad para una manipulaci\u00f3n segura de la corrugadora<\/li>\n<li>Listo para la Industria 4.0<\/li>\n<li>El moldeo por vac\u00edo est\u00e1 disponible de forma opcional<\/li>\n<\/ul>\n<p>&nbsp;<\/p>\n<p><a href=\"https:\/\/itib-machinery.com\/wp-content\/uploads\/2022\/10\/ITIB_TABELLE6.jpg\" rel=\"lightbox-0\"><img loading=\"lazy\" decoding=\"async\" class=\"aligncenter wp-image-857 size-full\" src=\"https:\/\/itib-machinery.com\/wp-content\/uploads\/2022\/10\/ITIB_TABELLE6.jpg\" alt=\"\" width=\"2500\" height=\"625\" srcset=\"https:\/\/itib-machinery.com\/wp-content\/uploads\/2022\/10\/ITIB_TABELLE6.jpg 2500w, https:\/\/itib-machinery.com\/wp-content\/uploads\/2022\/10\/ITIB_TABELLE6-300x75.jpg 300w, https:\/\/itib-machinery.com\/wp-content\/uploads\/2022\/10\/ITIB_TABELLE6-1024x256.jpg 1024w, https:\/\/itib-machinery.com\/wp-content\/uploads\/2022\/10\/ITIB_TABELLE6-768x192.jpg 768w, https:\/\/itib-machinery.com\/wp-content\/uploads\/2022\/10\/ITIB_TABELLE6-1536x384.jpg 1536w, https:\/\/itib-machinery.com\/wp-content\/uploads\/2022\/10\/ITIB_TABELLE6-2048x512.jpg 2048w\" sizes=\"auto, (max-width: 2500px) 100vw, 2500px\" \/><\/a><\/p>\n","protected":false},"excerpt":{"rendered":"<p>Tiene su principal aplicaci\u00f3n en la fabricaci\u00f3n de conductos el\u00e9ctricos para la construcci\u00f3n. La gama completa de corrugadoras F65 se ha actualizado a una versi\u00f3n EVO. Combina nuevas e importantes soluciones t\u00e9cnicas con el dise\u00f1o cl\u00e1sico y robusto de la gama F65. La actualizaci\u00f3n repercute positivamente en el rendimiento, la facilidad de uso y el [&hellip;]<\/p>\n","protected":false},"author":1,"featured_media":1985,"parent":1468,"menu_order":83,"comment_status":"closed","ping_status":"closed","template":"singolo-prodotto.php","meta":{"footnotes":""},"class_list":["post-1484","page","type-page","status-publish","has-post-thumbnail","hentry"],"acf":[],"yoast_head":"<!-- This site is optimized with the Yoast SEO plugin v23.8 - https:\/\/yoast.com\/wordpress\/plugins\/seo\/ -->\n<title>F65 - Itib Machinery<\/title>\n<meta name=\"description\" content=\"ITIB Machinery corrugator for pipe production. High performance and customization. For info: imac@itib-machinery.com\" \/>\n<meta name=\"robots\" content=\"index, follow, max-snippet:-1, max-image-preview:large, max-video-preview:-1\" \/>\n<link rel=\"canonical\" href=\"https:\/\/itib-machinery.com\/es\/productos\/corrugadoras\/f65\/\" \/>\n<meta property=\"og:locale\" content=\"es_ES\" \/>\n<meta property=\"og:type\" content=\"article\" \/>\n<meta property=\"og:title\" content=\"F65 - Itib Machinery\" \/>\n<meta property=\"og:description\" content=\"ITIB Machinery corrugator for pipe production. High performance and customization. For info: imac@itib-machinery.com\" \/>\n<meta property=\"og:url\" content=\"https:\/\/itib-machinery.com\/es\/productos\/corrugadoras\/f65\/\" \/>\n<meta property=\"og:site_name\" content=\"Itib Machinery\" \/>\n<meta property=\"article:modified_time\" content=\"2025-10-01T12:17:36+00:00\" \/>\n<meta property=\"og:image\" content=\"https:\/\/itib-machinery.com\/wp-content\/uploads\/2025\/10\/F65-94EVO_miniatura.png\" \/>\n\t<meta property=\"og:image:width\" content=\"455\" \/>\n\t<meta property=\"og:image:height\" content=\"285\" \/>\n\t<meta property=\"og:image:type\" content=\"image\/png\" \/>\n<meta name=\"twitter:card\" content=\"summary_large_image\" \/>\n<script type=\"application\/ld+json\" class=\"yoast-schema-graph\">{\"@context\":\"https:\/\/schema.org\",\"@graph\":[{\"@type\":\"WebPage\",\"@id\":\"https:\/\/itib-machinery.com\/es\/productos\/corrugadoras\/f65\/\",\"url\":\"https:\/\/itib-machinery.com\/es\/productos\/corrugadoras\/f65\/\",\"name\":\"F65 - Itib Machinery\",\"isPartOf\":{\"@id\":\"https:\/\/itib-machinery.com\/es\/#website\"},\"primaryImageOfPage\":{\"@id\":\"https:\/\/itib-machinery.com\/es\/productos\/corrugadoras\/f65\/#primaryimage\"},\"image\":{\"@id\":\"https:\/\/itib-machinery.com\/es\/productos\/corrugadoras\/f65\/#primaryimage\"},\"thumbnailUrl\":\"https:\/\/itib-machinery.com\/wp-content\/uploads\/2025\/10\/F65-94EVO_miniatura.png\",\"datePublished\":\"2022-10-18T12:34:47+00:00\",\"dateModified\":\"2025-10-01T12:17:36+00:00\",\"description\":\"ITIB Machinery corrugator for pipe production. High performance and customization. For info: imac@itib-machinery.com\",\"breadcrumb\":{\"@id\":\"https:\/\/itib-machinery.com\/es\/productos\/corrugadoras\/f65\/#breadcrumb\"},\"inLanguage\":\"es\",\"potentialAction\":[{\"@type\":\"ReadAction\",\"target\":[\"https:\/\/itib-machinery.com\/es\/productos\/corrugadoras\/f65\/\"]}]},{\"@type\":\"ImageObject\",\"inLanguage\":\"es\",\"@id\":\"https:\/\/itib-machinery.com\/es\/productos\/corrugadoras\/f65\/#primaryimage\",\"url\":\"https:\/\/itib-machinery.com\/wp-content\/uploads\/2025\/10\/F65-94EVO_miniatura.png\",\"contentUrl\":\"https:\/\/itib-machinery.com\/wp-content\/uploads\/2025\/10\/F65-94EVO_miniatura.png\",\"width\":455,\"height\":285},{\"@type\":\"BreadcrumbList\",\"@id\":\"https:\/\/itib-machinery.com\/es\/productos\/corrugadoras\/f65\/#breadcrumb\",\"itemListElement\":[{\"@type\":\"ListItem\",\"position\":1,\"name\":\"Home\",\"item\":\"https:\/\/itib-machinery.com\/es\/\"},{\"@type\":\"ListItem\",\"position\":2,\"name\":\"PRODUCTOS\",\"item\":\"https:\/\/itib-machinery.com\/es\/productos\/\"},{\"@type\":\"ListItem\",\"position\":3,\"name\":\"Corrugadoras\",\"item\":\"https:\/\/itib-machinery.com\/es\/productos\/corrugadoras\/\"},{\"@type\":\"ListItem\",\"position\":4,\"name\":\"F65\"}]},{\"@type\":\"WebSite\",\"@id\":\"https:\/\/itib-machinery.com\/es\/#website\",\"url\":\"https:\/\/itib-machinery.com\/es\/\",\"name\":\"Itib Machinery\",\"description\":\"\",\"potentialAction\":[{\"@type\":\"SearchAction\",\"target\":{\"@type\":\"EntryPoint\",\"urlTemplate\":\"https:\/\/itib-machinery.com\/es\/?s={search_term_string}\"},\"query-input\":{\"@type\":\"PropertyValueSpecification\",\"valueRequired\":true,\"valueName\":\"search_term_string\"}}],\"inLanguage\":\"es\"}]}<\/script>\n<!-- \/ Yoast SEO plugin. -->","yoast_head_json":{"title":"F65 - Itib Machinery","description":"ITIB Machinery corrugator for pipe production. High performance and customization. For info: imac@itib-machinery.com","robots":{"index":"index","follow":"follow","max-snippet":"max-snippet:-1","max-image-preview":"max-image-preview:large","max-video-preview":"max-video-preview:-1"},"canonical":"https:\/\/itib-machinery.com\/es\/productos\/corrugadoras\/f65\/","og_locale":"es_ES","og_type":"article","og_title":"F65 - Itib Machinery","og_description":"ITIB Machinery corrugator for pipe production. High performance and customization. For info: imac@itib-machinery.com","og_url":"https:\/\/itib-machinery.com\/es\/productos\/corrugadoras\/f65\/","og_site_name":"Itib Machinery","article_modified_time":"2025-10-01T12:17:36+00:00","og_image":[{"width":455,"height":285,"url":"https:\/\/itib-machinery.com\/wp-content\/uploads\/2025\/10\/F65-94EVO_miniatura.png","type":"image\/png"}],"twitter_card":"summary_large_image","schema":{"@context":"https:\/\/schema.org","@graph":[{"@type":"WebPage","@id":"https:\/\/itib-machinery.com\/es\/productos\/corrugadoras\/f65\/","url":"https:\/\/itib-machinery.com\/es\/productos\/corrugadoras\/f65\/","name":"F65 - Itib Machinery","isPartOf":{"@id":"https:\/\/itib-machinery.com\/es\/#website"},"primaryImageOfPage":{"@id":"https:\/\/itib-machinery.com\/es\/productos\/corrugadoras\/f65\/#primaryimage"},"image":{"@id":"https:\/\/itib-machinery.com\/es\/productos\/corrugadoras\/f65\/#primaryimage"},"thumbnailUrl":"https:\/\/itib-machinery.com\/wp-content\/uploads\/2025\/10\/F65-94EVO_miniatura.png","datePublished":"2022-10-18T12:34:47+00:00","dateModified":"2025-10-01T12:17:36+00:00","description":"ITIB Machinery corrugator for pipe production. High performance and customization. For info: imac@itib-machinery.com","breadcrumb":{"@id":"https:\/\/itib-machinery.com\/es\/productos\/corrugadoras\/f65\/#breadcrumb"},"inLanguage":"es","potentialAction":[{"@type":"ReadAction","target":["https:\/\/itib-machinery.com\/es\/productos\/corrugadoras\/f65\/"]}]},{"@type":"ImageObject","inLanguage":"es","@id":"https:\/\/itib-machinery.com\/es\/productos\/corrugadoras\/f65\/#primaryimage","url":"https:\/\/itib-machinery.com\/wp-content\/uploads\/2025\/10\/F65-94EVO_miniatura.png","contentUrl":"https:\/\/itib-machinery.com\/wp-content\/uploads\/2025\/10\/F65-94EVO_miniatura.png","width":455,"height":285},{"@type":"BreadcrumbList","@id":"https:\/\/itib-machinery.com\/es\/productos\/corrugadoras\/f65\/#breadcrumb","itemListElement":[{"@type":"ListItem","position":1,"name":"Home","item":"https:\/\/itib-machinery.com\/es\/"},{"@type":"ListItem","position":2,"name":"PRODUCTOS","item":"https:\/\/itib-machinery.com\/es\/productos\/"},{"@type":"ListItem","position":3,"name":"Corrugadoras","item":"https:\/\/itib-machinery.com\/es\/productos\/corrugadoras\/"},{"@type":"ListItem","position":4,"name":"F65"}]},{"@type":"WebSite","@id":"https:\/\/itib-machinery.com\/es\/#website","url":"https:\/\/itib-machinery.com\/es\/","name":"Itib Machinery","description":"","potentialAction":[{"@type":"SearchAction","target":{"@type":"EntryPoint","urlTemplate":"https:\/\/itib-machinery.com\/es\/?s={search_term_string}"},"query-input":{"@type":"PropertyValueSpecification","valueRequired":true,"valueName":"search_term_string"}}],"inLanguage":"es"}]}},"_links":{"self":[{"href":"https:\/\/itib-machinery.com\/es\/wp-json\/wp\/v2\/pages\/1484","targetHints":{"allow":["GET"]}}],"collection":[{"href":"https:\/\/itib-machinery.com\/es\/wp-json\/wp\/v2\/pages"}],"about":[{"href":"https:\/\/itib-machinery.com\/es\/wp-json\/wp\/v2\/types\/page"}],"author":[{"embeddable":true,"href":"https:\/\/itib-machinery.com\/es\/wp-json\/wp\/v2\/users\/1"}],"replies":[{"embeddable":true,"href":"https:\/\/itib-machinery.com\/es\/wp-json\/wp\/v2\/comments?post=1484"}],"version-history":[{"count":4,"href":"https:\/\/itib-machinery.com\/es\/wp-json\/wp\/v2\/pages\/1484\/revisions"}],"predecessor-version":[{"id":1981,"href":"https:\/\/itib-machinery.com\/es\/wp-json\/wp\/v2\/pages\/1484\/revisions\/1981"}],"up":[{"embeddable":true,"href":"https:\/\/itib-machinery.com\/es\/wp-json\/wp\/v2\/pages\/1468"}],"wp:featuredmedia":[{"embeddable":true,"href":"https:\/\/itib-machinery.com\/es\/wp-json\/wp\/v2\/media\/1985"}],"wp:attachment":[{"href":"https:\/\/itib-machinery.com\/es\/wp-json\/wp\/v2\/media?parent=1484"}],"curies":[{"name":"wp","href":"https:\/\/api.w.org\/{rel}","templated":true}]}}