{"id":1491,"date":"2022-10-18T14:43:34","date_gmt":"2022-10-18T12:43:34","guid":{"rendered":"https:\/\/itib-machinery.com\/products\/corrugators\/fv200\/"},"modified":"2025-10-01T14:26:48","modified_gmt":"2025-10-01T12:26:48","slug":"fv200hp","status":"publish","type":"page","link":"https:\/\/itib-machinery.com\/es\/productos\/corrugadoras\/fv200hp\/","title":{"rendered":"FV<span>200HP<\/span>"},"content":{"rendered":"<p><img loading=\"lazy\" decoding=\"async\" class=\"aligncenter size-full wp-image-1931\" src=\"https:\/\/itib-machinery.com\/wp-content\/uploads\/2025\/10\/FV200HP_cerchio.png\" alt=\"\" width=\"893\" height=\"638\" srcset=\"https:\/\/itib-machinery.com\/wp-content\/uploads\/2025\/10\/FV200HP_cerchio.png 893w, https:\/\/itib-machinery.com\/wp-content\/uploads\/2025\/10\/FV200HP_cerchio-300x214.png 300w, https:\/\/itib-machinery.com\/wp-content\/uploads\/2025\/10\/FV200HP_cerchio-768x549.png 768w\" sizes=\"auto, (max-width: 893px) 100vw, 893px\" \/><\/p>\n<p>Tiene su principal aplicaci\u00f3n en la producci\u00f3n de <strong>tuber\u00edas de doble pared para canalizaci\u00f3n de cables subterr\u00e1neos destinados a infraestructuras<\/strong>, pero tambi\u00e9n de <strong>tuber\u00edas de PVC de pared simple para drenaje en la agricultura<\/strong>.<\/p>\n<p>Modelo m\u00e1s r\u00e1pido y avanzado del hist\u00f3rico modelo FV250 de ITIB Machinery, a\u00fan en la gama de m\u00e1quinas de ITIB machinery, de la que la FV200 mantiene algunas caracter\u00edsticas generales.<\/p>\n<p>Para alcanzar el alto rendimiento que exige hoy un mercado muy competitivo, se han adoptado varias soluciones nuevas.<\/p>\n<p>Las caracter\u00edsticas comunes de las corrugadoras FV250 son:<\/p>\n<ul>\n<li>Dise\u00f1o abierto para facilitar el acceso a las piezas<\/li>\n<li>Enfriamiento directo con agua que fluye por el interior de los moldes<\/li>\n<li>Moldes de aluminio de alta transferencia t\u00e9rmica<\/li>\n<li>Moldes fijados a soportes de acero templado<\/li>\n<li>Molde fijado al soporte con un solo perno para un cambio r\u00e1pido<\/li>\n<li>Accionamiento \u00fanico para ambas cadenas izquierda\/derecha para una alineaci\u00f3n perfecta de los moldes<\/li>\n<li>Sistema de formaci\u00f3n al vac\u00edo de serie con bomba de velocidad variable para ahorrar energ\u00eda<\/li>\n<li>Lubricaci\u00f3n autom\u00e1tica con temporizador<\/li>\n<li>La corrugadora se desliza sobre ra\u00edles para facilitar el acceso a los troqueles durante la puesta en marcha<\/li>\n<li>Ajuste lateral arriba\/abajo, izquierda\/derecha para un centrado perfecto<\/li>\n<li>Protecciones de seguridad para una manipulaci\u00f3n segura de la corrugadora<\/li>\n<\/ul>\n<p>&nbsp;<\/p>\n<p>Las nuevas caracter\u00edsticas de la FV200 son:<\/p>\n<ul>\n<li>Velocidad mec\u00e1nica m\u00e1xima de hasta 35 m\/min<\/li>\n<li>Longitud optimizada de los canales de enfriamiento para un rendimiento m\u00e1ximo<\/li>\n<li>\u00c1rea de cierre del molde reducida para troqueles cortos<\/li>\n<li>Amplia gama de tubos desde 30 mm de di\u00e1metro interior hasta 200 mm de di\u00e1metro exterior.<\/li>\n<li>Moldes de doble cavidad de entre 40 y 75 di\u00e1metros<\/li>\n<li>Accionamiento \u00fanico para ambas cadenas izquierda\/derecha para una alineaci\u00f3n perfecta de los moldes<\/li>\n<li>Doble limitador de par en el eje de la caja de cambios<\/li>\n<li>Mangueras de agua de enfriamiento accesibles para un mantenimiento limitado<\/li>\n<li>Motor el\u00e9ctrico de retroceso de emergencia con husillo de bolas<\/li>\n<li>Unidad SAI para hacer frente a cortes de electricidad y permitir el movimiento de piezas clave<\/li>\n<li>Interfaz de f\u00e1cil uso para el ajuste de par\u00e1metros y el control de la producci\u00f3n<\/li>\n<li>Ajuste autom\u00e1tico de la posici\u00f3n de la barra de vac\u00edo superior en funci\u00f3n del tama\u00f1o de los moldes<\/li>\n<li>El ajuste y control de la temperatura de los moldes est\u00e1 disponible de forma opcional<\/li>\n<li>El dispositivo de control de posici\u00f3n de la corrugadora est\u00e1 disponible de forma opcional<\/li>\n<li>Listo para la Industria 4.0<\/li>\n<\/ul>\n<p>&nbsp;<\/p>\n<p><a href=\"https:\/\/itib-machinery.com\/wp-content\/uploads\/2022\/10\/ITIB_TABELLE4.jpg\" rel=\"lightbox-0\"><img loading=\"lazy\" decoding=\"async\" class=\"aligncenter wp-image-849 size-full\" src=\"https:\/\/itib-machinery.com\/wp-content\/uploads\/2022\/10\/ITIB_TABELLE4.jpg\" alt=\"\" width=\"2500\" height=\"521\" srcset=\"https:\/\/itib-machinery.com\/wp-content\/uploads\/2022\/10\/ITIB_TABELLE4.jpg 2500w, https:\/\/itib-machinery.com\/wp-content\/uploads\/2022\/10\/ITIB_TABELLE4-300x63.jpg 300w, https:\/\/itib-machinery.com\/wp-content\/uploads\/2022\/10\/ITIB_TABELLE4-1024x213.jpg 1024w, https:\/\/itib-machinery.com\/wp-content\/uploads\/2022\/10\/ITIB_TABELLE4-768x160.jpg 768w, https:\/\/itib-machinery.com\/wp-content\/uploads\/2022\/10\/ITIB_TABELLE4-1536x320.jpg 1536w, https:\/\/itib-machinery.com\/wp-content\/uploads\/2022\/10\/ITIB_TABELLE4-2048x427.jpg 2048w\" sizes=\"auto, (max-width: 2500px) 100vw, 2500px\" \/><\/a><\/p>\n","protected":false},"excerpt":{"rendered":"<p>Tiene su principal aplicaci\u00f3n en la producci\u00f3n de tuber\u00edas de doble pared para canalizaci\u00f3n de cables subterr\u00e1neos destinados a infraestructuras, pero tambi\u00e9n de tuber\u00edas de PVC de pared simple para drenaje en la agricultura. Modelo m\u00e1s r\u00e1pido y avanzado del hist\u00f3rico modelo FV250 de ITIB Machinery, a\u00fan en la gama de m\u00e1quinas de ITIB machinery, [&hellip;]<\/p>\n","protected":false},"author":1,"featured_media":1994,"parent":1468,"menu_order":99,"comment_status":"closed","ping_status":"closed","template":"singolo-prodotto.php","meta":{"footnotes":""},"class_list":["post-1491","page","type-page","status-publish","has-post-thumbnail","hentry"],"acf":[],"yoast_head":"<!-- This site is optimized with the Yoast SEO plugin v23.8 - https:\/\/yoast.com\/wordpress\/plugins\/seo\/ -->\n<title>FV200HP - Itib Machinery<\/title>\n<meta name=\"description\" content=\"ITIB Machinery corrugator for pipe production. High performance and customization. For info: imac@itib-machinery.com\" \/>\n<meta name=\"robots\" content=\"index, follow, max-snippet:-1, max-image-preview:large, max-video-preview:-1\" \/>\n<link rel=\"canonical\" href=\"https:\/\/itib-machinery.com\/es\/productos\/corrugadoras\/fv200hp\/\" \/>\n<meta property=\"og:locale\" content=\"es_ES\" \/>\n<meta property=\"og:type\" content=\"article\" \/>\n<meta property=\"og:title\" content=\"FV200HP - Itib Machinery\" \/>\n<meta property=\"og:description\" content=\"ITIB Machinery corrugator for pipe production. High performance and customization. For info: imac@itib-machinery.com\" \/>\n<meta property=\"og:url\" content=\"https:\/\/itib-machinery.com\/es\/productos\/corrugadoras\/fv200hp\/\" \/>\n<meta property=\"og:site_name\" content=\"Itib Machinery\" \/>\n<meta property=\"article:modified_time\" content=\"2025-10-01T12:26:48+00:00\" \/>\n<meta property=\"og:image\" content=\"https:\/\/itib-machinery.com\/wp-content\/uploads\/2025\/10\/FV200-50HP_miniatura.png\" \/>\n\t<meta property=\"og:image:width\" content=\"480\" \/>\n\t<meta property=\"og:image:height\" content=\"285\" \/>\n\t<meta property=\"og:image:type\" content=\"image\/png\" \/>\n<meta name=\"twitter:card\" content=\"summary_large_image\" \/>\n<script type=\"application\/ld+json\" class=\"yoast-schema-graph\">{\"@context\":\"https:\/\/schema.org\",\"@graph\":[{\"@type\":\"WebPage\",\"@id\":\"https:\/\/itib-machinery.com\/es\/productos\/corrugadoras\/fv200hp\/\",\"url\":\"https:\/\/itib-machinery.com\/es\/productos\/corrugadoras\/fv200hp\/\",\"name\":\"FV200HP - Itib Machinery\",\"isPartOf\":{\"@id\":\"https:\/\/itib-machinery.com\/es\/#website\"},\"primaryImageOfPage\":{\"@id\":\"https:\/\/itib-machinery.com\/es\/productos\/corrugadoras\/fv200hp\/#primaryimage\"},\"image\":{\"@id\":\"https:\/\/itib-machinery.com\/es\/productos\/corrugadoras\/fv200hp\/#primaryimage\"},\"thumbnailUrl\":\"https:\/\/itib-machinery.com\/wp-content\/uploads\/2025\/10\/FV200-50HP_miniatura.png\",\"datePublished\":\"2022-10-18T12:43:34+00:00\",\"dateModified\":\"2025-10-01T12:26:48+00:00\",\"description\":\"ITIB Machinery corrugator for pipe production. High performance and customization. For info: imac@itib-machinery.com\",\"breadcrumb\":{\"@id\":\"https:\/\/itib-machinery.com\/es\/productos\/corrugadoras\/fv200hp\/#breadcrumb\"},\"inLanguage\":\"es\",\"potentialAction\":[{\"@type\":\"ReadAction\",\"target\":[\"https:\/\/itib-machinery.com\/es\/productos\/corrugadoras\/fv200hp\/\"]}]},{\"@type\":\"ImageObject\",\"inLanguage\":\"es\",\"@id\":\"https:\/\/itib-machinery.com\/es\/productos\/corrugadoras\/fv200hp\/#primaryimage\",\"url\":\"https:\/\/itib-machinery.com\/wp-content\/uploads\/2025\/10\/FV200-50HP_miniatura.png\",\"contentUrl\":\"https:\/\/itib-machinery.com\/wp-content\/uploads\/2025\/10\/FV200-50HP_miniatura.png\",\"width\":480,\"height\":285},{\"@type\":\"BreadcrumbList\",\"@id\":\"https:\/\/itib-machinery.com\/es\/productos\/corrugadoras\/fv200hp\/#breadcrumb\",\"itemListElement\":[{\"@type\":\"ListItem\",\"position\":1,\"name\":\"Home\",\"item\":\"https:\/\/itib-machinery.com\/es\/\"},{\"@type\":\"ListItem\",\"position\":2,\"name\":\"PRODUCTOS\",\"item\":\"https:\/\/itib-machinery.com\/es\/productos\/\"},{\"@type\":\"ListItem\",\"position\":3,\"name\":\"Corrugadoras\",\"item\":\"https:\/\/itib-machinery.com\/es\/productos\/corrugadoras\/\"},{\"@type\":\"ListItem\",\"position\":4,\"name\":\"FV200HP\"}]},{\"@type\":\"WebSite\",\"@id\":\"https:\/\/itib-machinery.com\/es\/#website\",\"url\":\"https:\/\/itib-machinery.com\/es\/\",\"name\":\"Itib Machinery\",\"description\":\"\",\"potentialAction\":[{\"@type\":\"SearchAction\",\"target\":{\"@type\":\"EntryPoint\",\"urlTemplate\":\"https:\/\/itib-machinery.com\/es\/?s={search_term_string}\"},\"query-input\":{\"@type\":\"PropertyValueSpecification\",\"valueRequired\":true,\"valueName\":\"search_term_string\"}}],\"inLanguage\":\"es\"}]}<\/script>\n<!-- \/ Yoast SEO plugin. -->","yoast_head_json":{"title":"FV200HP - Itib Machinery","description":"ITIB Machinery corrugator for pipe production. High performance and customization. For info: imac@itib-machinery.com","robots":{"index":"index","follow":"follow","max-snippet":"max-snippet:-1","max-image-preview":"max-image-preview:large","max-video-preview":"max-video-preview:-1"},"canonical":"https:\/\/itib-machinery.com\/es\/productos\/corrugadoras\/fv200hp\/","og_locale":"es_ES","og_type":"article","og_title":"FV200HP - Itib Machinery","og_description":"ITIB Machinery corrugator for pipe production. High performance and customization. For info: imac@itib-machinery.com","og_url":"https:\/\/itib-machinery.com\/es\/productos\/corrugadoras\/fv200hp\/","og_site_name":"Itib Machinery","article_modified_time":"2025-10-01T12:26:48+00:00","og_image":[{"width":480,"height":285,"url":"https:\/\/itib-machinery.com\/wp-content\/uploads\/2025\/10\/FV200-50HP_miniatura.png","type":"image\/png"}],"twitter_card":"summary_large_image","schema":{"@context":"https:\/\/schema.org","@graph":[{"@type":"WebPage","@id":"https:\/\/itib-machinery.com\/es\/productos\/corrugadoras\/fv200hp\/","url":"https:\/\/itib-machinery.com\/es\/productos\/corrugadoras\/fv200hp\/","name":"FV200HP - Itib Machinery","isPartOf":{"@id":"https:\/\/itib-machinery.com\/es\/#website"},"primaryImageOfPage":{"@id":"https:\/\/itib-machinery.com\/es\/productos\/corrugadoras\/fv200hp\/#primaryimage"},"image":{"@id":"https:\/\/itib-machinery.com\/es\/productos\/corrugadoras\/fv200hp\/#primaryimage"},"thumbnailUrl":"https:\/\/itib-machinery.com\/wp-content\/uploads\/2025\/10\/FV200-50HP_miniatura.png","datePublished":"2022-10-18T12:43:34+00:00","dateModified":"2025-10-01T12:26:48+00:00","description":"ITIB Machinery corrugator for pipe production. High performance and customization. For info: imac@itib-machinery.com","breadcrumb":{"@id":"https:\/\/itib-machinery.com\/es\/productos\/corrugadoras\/fv200hp\/#breadcrumb"},"inLanguage":"es","potentialAction":[{"@type":"ReadAction","target":["https:\/\/itib-machinery.com\/es\/productos\/corrugadoras\/fv200hp\/"]}]},{"@type":"ImageObject","inLanguage":"es","@id":"https:\/\/itib-machinery.com\/es\/productos\/corrugadoras\/fv200hp\/#primaryimage","url":"https:\/\/itib-machinery.com\/wp-content\/uploads\/2025\/10\/FV200-50HP_miniatura.png","contentUrl":"https:\/\/itib-machinery.com\/wp-content\/uploads\/2025\/10\/FV200-50HP_miniatura.png","width":480,"height":285},{"@type":"BreadcrumbList","@id":"https:\/\/itib-machinery.com\/es\/productos\/corrugadoras\/fv200hp\/#breadcrumb","itemListElement":[{"@type":"ListItem","position":1,"name":"Home","item":"https:\/\/itib-machinery.com\/es\/"},{"@type":"ListItem","position":2,"name":"PRODUCTOS","item":"https:\/\/itib-machinery.com\/es\/productos\/"},{"@type":"ListItem","position":3,"name":"Corrugadoras","item":"https:\/\/itib-machinery.com\/es\/productos\/corrugadoras\/"},{"@type":"ListItem","position":4,"name":"FV200HP"}]},{"@type":"WebSite","@id":"https:\/\/itib-machinery.com\/es\/#website","url":"https:\/\/itib-machinery.com\/es\/","name":"Itib Machinery","description":"","potentialAction":[{"@type":"SearchAction","target":{"@type":"EntryPoint","urlTemplate":"https:\/\/itib-machinery.com\/es\/?s={search_term_string}"},"query-input":{"@type":"PropertyValueSpecification","valueRequired":true,"valueName":"search_term_string"}}],"inLanguage":"es"}]}},"_links":{"self":[{"href":"https:\/\/itib-machinery.com\/es\/wp-json\/wp\/v2\/pages\/1491","targetHints":{"allow":["GET"]}}],"collection":[{"href":"https:\/\/itib-machinery.com\/es\/wp-json\/wp\/v2\/pages"}],"about":[{"href":"https:\/\/itib-machinery.com\/es\/wp-json\/wp\/v2\/types\/page"}],"author":[{"embeddable":true,"href":"https:\/\/itib-machinery.com\/es\/wp-json\/wp\/v2\/users\/1"}],"replies":[{"embeddable":true,"href":"https:\/\/itib-machinery.com\/es\/wp-json\/wp\/v2\/comments?post=1491"}],"version-history":[{"count":6,"href":"https:\/\/itib-machinery.com\/es\/wp-json\/wp\/v2\/pages\/1491\/revisions"}],"predecessor-version":[{"id":1944,"href":"https:\/\/itib-machinery.com\/es\/wp-json\/wp\/v2\/pages\/1491\/revisions\/1944"}],"up":[{"embeddable":true,"href":"https:\/\/itib-machinery.com\/es\/wp-json\/wp\/v2\/pages\/1468"}],"wp:featuredmedia":[{"embeddable":true,"href":"https:\/\/itib-machinery.com\/es\/wp-json\/wp\/v2\/media\/1994"}],"wp:attachment":[{"href":"https:\/\/itib-machinery.com\/es\/wp-json\/wp\/v2\/media?parent=1491"}],"curies":[{"name":"wp","href":"https:\/\/api.w.org\/{rel}","templated":true}]}}