{"id":1496,"date":"2022-10-18T14:46:12","date_gmt":"2022-10-18T12:46:12","guid":{"rendered":"https:\/\/itib-machinery.com\/products\/corrugators\/fv800sh9\/"},"modified":"2025-10-01T16:44:26","modified_gmt":"2025-10-01T14:44:26","slug":"fv800sh9","status":"publish","type":"page","link":"https:\/\/itib-machinery.com\/es\/productos\/corrugadoras\/fv800sh9\/","title":{"rendered":"FV<span>800<\/span>SH9"},"content":{"rendered":"<p><img loading=\"lazy\" decoding=\"async\" class=\"aligncenter wp-image-2006 size-full\" src=\"https:\/\/itib-machinery.com\/wp-content\/uploads\/2025\/10\/FV800SH9_cerchio.png\" alt=\"\" width=\"1045\" height=\"658\" srcset=\"https:\/\/itib-machinery.com\/wp-content\/uploads\/2025\/10\/FV800SH9_cerchio.png 1045w, https:\/\/itib-machinery.com\/wp-content\/uploads\/2025\/10\/FV800SH9_cerchio-300x189.png 300w, https:\/\/itib-machinery.com\/wp-content\/uploads\/2025\/10\/FV800SH9_cerchio-1024x645.png 1024w, https:\/\/itib-machinery.com\/wp-content\/uploads\/2025\/10\/FV800SH9_cerchio-768x484.png 768w\" sizes=\"auto, (max-width: 1045px) 100vw, 1045px\" \/><\/p>\n<p>Tiene su principal aplicaci\u00f3n en la producci\u00f3n de <strong>tuber\u00edas subterr\u00e1neas de doble pared para drenaje y alcantarillado de infraestructuras<\/strong>.<\/p>\n<p>Sustituye al modelo FV700, a\u00f1adiendo a la gama de tubos el estrat\u00e9gico tama\u00f1o de 800 mm.<\/p>\n<p>Las principales caracter\u00edsticas del FV800 son:<\/p>\n<ul>\n<li>Sistema de lanzadera para movimiento de moldes<\/li>\n<li>Velocidad mec\u00e1nica m\u00e1xima de hasta 3,5 m\/min<\/li>\n<li>Longitud del canal de enfriamiento optimizado para un mejor rendimiento<\/li>\n<li>Enfriamiento directo con agua que fluye por el interior de los moldes<\/li>\n<li>Moldes de aluminio de alta transferencia t\u00e9rmica<\/li>\n<li>Amplia gama de tubos desde 150 mm de di\u00e1metro interior hasta 800 mm de di\u00e1metro exterior.<\/li>\n<li>Moldes fijados a soportes de acero templado<\/li>\n<li>Molde fijado al soporte para un cambio r\u00e1pido<\/li>\n<li>Accionamiento \u00fanico para ambas cadenas izquierda\/derecha para una alineaci\u00f3n perfecta de los moldes<\/li>\n<li>Sistema de formaci\u00f3n al vac\u00edo de serie con bomba de velocidad variable para ahorrar energ\u00eda<\/li>\n<li>Lubricaci\u00f3n autom\u00e1tica de aceite\/grasa con temporizador<\/li>\n<li>La corrugadora se desliza sobre ra\u00edles para facilitar el acceso a los troqueles durante la puesta en marcha<\/li>\n<li>Ajuste el\u00e9ctrico arriba\/abajo, izquierda\/derecha para un centrado perfecto<\/li>\n<li>Motor el\u00e9ctrico de retroceso de emergencia con husillo de bolas<\/li>\n<li>Unidad SAI para hacer frente a cortes de electricidad y permitir el movimiento de piezas clave<\/li>\n<li>Interfaz de f\u00e1cil uso para el ajuste de par\u00e1metros y el control de la producci\u00f3n<\/li>\n<li>Ajuste autom\u00e1tico de la posici\u00f3n de la barra de vac\u00edo superior en funci\u00f3n del tama\u00f1o de los moldes<\/li>\n<li>El ajuste y control de la temperatura de los moldes est\u00e1 disponible de forma opcional<\/li>\n<li>El dispositivo de control de posici\u00f3n de la corrugadora est\u00e1 disponible de forma opcional<\/li>\n<li>Protecciones de seguridad para una manipulaci\u00f3n segura de la corrugadora<\/li>\n<li>Preparado para estaci\u00f3n de estacionamiento de moldes para acoplamiento en l\u00ednea<\/li>\n<li>Listo para la Industria 4.0<\/li>\n<\/ul>\n<p>&nbsp;<\/p>\n<p><a href=\"https:\/\/itib-machinery.com\/wp-content\/uploads\/2022\/10\/ITIB_TABELLE5.jpg\" rel=\"lightbox-0\"><img loading=\"lazy\" decoding=\"async\" class=\"aligncenter wp-image-853 size-full\" src=\"https:\/\/itib-machinery.com\/wp-content\/uploads\/2022\/10\/ITIB_TABELLE5.jpg\" alt=\"\" width=\"2500\" height=\"521\" srcset=\"https:\/\/itib-machinery.com\/wp-content\/uploads\/2022\/10\/ITIB_TABELLE5.jpg 2500w, https:\/\/itib-machinery.com\/wp-content\/uploads\/2022\/10\/ITIB_TABELLE5-300x63.jpg 300w, https:\/\/itib-machinery.com\/wp-content\/uploads\/2022\/10\/ITIB_TABELLE5-1024x213.jpg 1024w, https:\/\/itib-machinery.com\/wp-content\/uploads\/2022\/10\/ITIB_TABELLE5-768x160.jpg 768w, https:\/\/itib-machinery.com\/wp-content\/uploads\/2022\/10\/ITIB_TABELLE5-1536x320.jpg 1536w, https:\/\/itib-machinery.com\/wp-content\/uploads\/2022\/10\/ITIB_TABELLE5-2048x427.jpg 2048w\" sizes=\"auto, (max-width: 2500px) 100vw, 2500px\" \/><\/a><\/p>\n<div style=\"text-align: center;\"><iframe loading=\"lazy\" style=\"padding: 2px; border: 1px solid #ED7003;\" title=\"ITIB MACHINERY - corrugadora FV800SH9\" src=\"https:\/\/www.youtube.com\/embed\/P6DUUEyH3ZI\" width=\"560\" height=\"315\" frameborder=\"0\" allowfullscreen=\"allowfullscreen\"><\/iframe><\/div>\n","protected":false},"excerpt":{"rendered":"<p>Tiene su principal aplicaci\u00f3n en la producci\u00f3n de tuber\u00edas subterr\u00e1neas de doble pared para drenaje y alcantarillado de infraestructuras. Sustituye al modelo FV700, a\u00f1adiendo a la gama de tubos el estrat\u00e9gico tama\u00f1o de 800 mm. Las principales caracter\u00edsticas del FV800 son: Sistema de lanzadera para movimiento de moldes Velocidad mec\u00e1nica m\u00e1xima de hasta 3,5 m\/min [&hellip;]<\/p>\n","protected":false},"author":1,"featured_media":2027,"parent":1468,"menu_order":88,"comment_status":"closed","ping_status":"closed","template":"singolo-prodotto.php","meta":{"footnotes":""},"class_list":["post-1496","page","type-page","status-publish","has-post-thumbnail","hentry"],"acf":[],"yoast_head":"<!-- This site is optimized with the Yoast SEO plugin v23.8 - https:\/\/yoast.com\/wordpress\/plugins\/seo\/ -->\n<title>FV800SH9 - Itib Machinery<\/title>\n<meta name=\"description\" content=\"ITIB Machinery corrugator for pipe production. High performance and customization. For info: imac@itib-machinery.com\" \/>\n<meta name=\"robots\" content=\"index, follow, max-snippet:-1, max-image-preview:large, max-video-preview:-1\" \/>\n<link rel=\"canonical\" href=\"https:\/\/itib-machinery.com\/es\/productos\/corrugadoras\/fv800sh9\/\" \/>\n<meta property=\"og:locale\" content=\"es_ES\" \/>\n<meta property=\"og:type\" content=\"article\" \/>\n<meta property=\"og:title\" content=\"FV800SH9 - Itib Machinery\" \/>\n<meta property=\"og:description\" content=\"ITIB Machinery corrugator for pipe production. High performance and customization. For info: imac@itib-machinery.com\" \/>\n<meta property=\"og:url\" content=\"https:\/\/itib-machinery.com\/es\/productos\/corrugadoras\/fv800sh9\/\" \/>\n<meta property=\"og:site_name\" content=\"Itib Machinery\" \/>\n<meta property=\"article:modified_time\" content=\"2025-10-01T14:44:26+00:00\" \/>\n<meta property=\"og:image\" content=\"https:\/\/itib-machinery.com\/wp-content\/uploads\/2025\/10\/FV800_miniatura2-e1759329860841.png\" \/>\n\t<meta property=\"og:image:width\" content=\"462\" \/>\n\t<meta property=\"og:image:height\" content=\"320\" \/>\n\t<meta property=\"og:image:type\" content=\"image\/png\" \/>\n<meta name=\"twitter:card\" content=\"summary_large_image\" \/>\n<script type=\"application\/ld+json\" class=\"yoast-schema-graph\">{\"@context\":\"https:\/\/schema.org\",\"@graph\":[{\"@type\":\"WebPage\",\"@id\":\"https:\/\/itib-machinery.com\/es\/productos\/corrugadoras\/fv800sh9\/\",\"url\":\"https:\/\/itib-machinery.com\/es\/productos\/corrugadoras\/fv800sh9\/\",\"name\":\"FV800SH9 - Itib Machinery\",\"isPartOf\":{\"@id\":\"https:\/\/itib-machinery.com\/es\/#website\"},\"primaryImageOfPage\":{\"@id\":\"https:\/\/itib-machinery.com\/es\/productos\/corrugadoras\/fv800sh9\/#primaryimage\"},\"image\":{\"@id\":\"https:\/\/itib-machinery.com\/es\/productos\/corrugadoras\/fv800sh9\/#primaryimage\"},\"thumbnailUrl\":\"https:\/\/itib-machinery.com\/wp-content\/uploads\/2025\/10\/FV800_miniatura2-e1759329860841.png\",\"datePublished\":\"2022-10-18T12:46:12+00:00\",\"dateModified\":\"2025-10-01T14:44:26+00:00\",\"description\":\"ITIB Machinery corrugator for pipe production. High performance and customization. For info: imac@itib-machinery.com\",\"breadcrumb\":{\"@id\":\"https:\/\/itib-machinery.com\/es\/productos\/corrugadoras\/fv800sh9\/#breadcrumb\"},\"inLanguage\":\"es\",\"potentialAction\":[{\"@type\":\"ReadAction\",\"target\":[\"https:\/\/itib-machinery.com\/es\/productos\/corrugadoras\/fv800sh9\/\"]}]},{\"@type\":\"ImageObject\",\"inLanguage\":\"es\",\"@id\":\"https:\/\/itib-machinery.com\/es\/productos\/corrugadoras\/fv800sh9\/#primaryimage\",\"url\":\"https:\/\/itib-machinery.com\/wp-content\/uploads\/2025\/10\/FV800_miniatura2-e1759329860841.png\",\"contentUrl\":\"https:\/\/itib-machinery.com\/wp-content\/uploads\/2025\/10\/FV800_miniatura2-e1759329860841.png\",\"width\":462,\"height\":320},{\"@type\":\"BreadcrumbList\",\"@id\":\"https:\/\/itib-machinery.com\/es\/productos\/corrugadoras\/fv800sh9\/#breadcrumb\",\"itemListElement\":[{\"@type\":\"ListItem\",\"position\":1,\"name\":\"Home\",\"item\":\"https:\/\/itib-machinery.com\/es\/\"},{\"@type\":\"ListItem\",\"position\":2,\"name\":\"PRODUCTOS\",\"item\":\"https:\/\/itib-machinery.com\/es\/productos\/\"},{\"@type\":\"ListItem\",\"position\":3,\"name\":\"Corrugadoras\",\"item\":\"https:\/\/itib-machinery.com\/es\/productos\/corrugadoras\/\"},{\"@type\":\"ListItem\",\"position\":4,\"name\":\"FV800SH9\"}]},{\"@type\":\"WebSite\",\"@id\":\"https:\/\/itib-machinery.com\/es\/#website\",\"url\":\"https:\/\/itib-machinery.com\/es\/\",\"name\":\"Itib Machinery\",\"description\":\"\",\"potentialAction\":[{\"@type\":\"SearchAction\",\"target\":{\"@type\":\"EntryPoint\",\"urlTemplate\":\"https:\/\/itib-machinery.com\/es\/?s={search_term_string}\"},\"query-input\":{\"@type\":\"PropertyValueSpecification\",\"valueRequired\":true,\"valueName\":\"search_term_string\"}}],\"inLanguage\":\"es\"}]}<\/script>\n<!-- \/ Yoast SEO plugin. -->","yoast_head_json":{"title":"FV800SH9 - Itib Machinery","description":"ITIB Machinery corrugator for pipe production. High performance and customization. For info: imac@itib-machinery.com","robots":{"index":"index","follow":"follow","max-snippet":"max-snippet:-1","max-image-preview":"max-image-preview:large","max-video-preview":"max-video-preview:-1"},"canonical":"https:\/\/itib-machinery.com\/es\/productos\/corrugadoras\/fv800sh9\/","og_locale":"es_ES","og_type":"article","og_title":"FV800SH9 - Itib Machinery","og_description":"ITIB Machinery corrugator for pipe production. High performance and customization. For info: imac@itib-machinery.com","og_url":"https:\/\/itib-machinery.com\/es\/productos\/corrugadoras\/fv800sh9\/","og_site_name":"Itib Machinery","article_modified_time":"2025-10-01T14:44:26+00:00","og_image":[{"width":462,"height":320,"url":"https:\/\/itib-machinery.com\/wp-content\/uploads\/2025\/10\/FV800_miniatura2-e1759329860841.png","type":"image\/png"}],"twitter_card":"summary_large_image","schema":{"@context":"https:\/\/schema.org","@graph":[{"@type":"WebPage","@id":"https:\/\/itib-machinery.com\/es\/productos\/corrugadoras\/fv800sh9\/","url":"https:\/\/itib-machinery.com\/es\/productos\/corrugadoras\/fv800sh9\/","name":"FV800SH9 - Itib Machinery","isPartOf":{"@id":"https:\/\/itib-machinery.com\/es\/#website"},"primaryImageOfPage":{"@id":"https:\/\/itib-machinery.com\/es\/productos\/corrugadoras\/fv800sh9\/#primaryimage"},"image":{"@id":"https:\/\/itib-machinery.com\/es\/productos\/corrugadoras\/fv800sh9\/#primaryimage"},"thumbnailUrl":"https:\/\/itib-machinery.com\/wp-content\/uploads\/2025\/10\/FV800_miniatura2-e1759329860841.png","datePublished":"2022-10-18T12:46:12+00:00","dateModified":"2025-10-01T14:44:26+00:00","description":"ITIB Machinery corrugator for pipe production. High performance and customization. For info: imac@itib-machinery.com","breadcrumb":{"@id":"https:\/\/itib-machinery.com\/es\/productos\/corrugadoras\/fv800sh9\/#breadcrumb"},"inLanguage":"es","potentialAction":[{"@type":"ReadAction","target":["https:\/\/itib-machinery.com\/es\/productos\/corrugadoras\/fv800sh9\/"]}]},{"@type":"ImageObject","inLanguage":"es","@id":"https:\/\/itib-machinery.com\/es\/productos\/corrugadoras\/fv800sh9\/#primaryimage","url":"https:\/\/itib-machinery.com\/wp-content\/uploads\/2025\/10\/FV800_miniatura2-e1759329860841.png","contentUrl":"https:\/\/itib-machinery.com\/wp-content\/uploads\/2025\/10\/FV800_miniatura2-e1759329860841.png","width":462,"height":320},{"@type":"BreadcrumbList","@id":"https:\/\/itib-machinery.com\/es\/productos\/corrugadoras\/fv800sh9\/#breadcrumb","itemListElement":[{"@type":"ListItem","position":1,"name":"Home","item":"https:\/\/itib-machinery.com\/es\/"},{"@type":"ListItem","position":2,"name":"PRODUCTOS","item":"https:\/\/itib-machinery.com\/es\/productos\/"},{"@type":"ListItem","position":3,"name":"Corrugadoras","item":"https:\/\/itib-machinery.com\/es\/productos\/corrugadoras\/"},{"@type":"ListItem","position":4,"name":"FV800SH9"}]},{"@type":"WebSite","@id":"https:\/\/itib-machinery.com\/es\/#website","url":"https:\/\/itib-machinery.com\/es\/","name":"Itib Machinery","description":"","potentialAction":[{"@type":"SearchAction","target":{"@type":"EntryPoint","urlTemplate":"https:\/\/itib-machinery.com\/es\/?s={search_term_string}"},"query-input":{"@type":"PropertyValueSpecification","valueRequired":true,"valueName":"search_term_string"}}],"inLanguage":"es"}]}},"_links":{"self":[{"href":"https:\/\/itib-machinery.com\/es\/wp-json\/wp\/v2\/pages\/1496","targetHints":{"allow":["GET"]}}],"collection":[{"href":"https:\/\/itib-machinery.com\/es\/wp-json\/wp\/v2\/pages"}],"about":[{"href":"https:\/\/itib-machinery.com\/es\/wp-json\/wp\/v2\/types\/page"}],"author":[{"embeddable":true,"href":"https:\/\/itib-machinery.com\/es\/wp-json\/wp\/v2\/users\/1"}],"replies":[{"embeddable":true,"href":"https:\/\/itib-machinery.com\/es\/wp-json\/wp\/v2\/comments?post=1496"}],"version-history":[{"count":6,"href":"https:\/\/itib-machinery.com\/es\/wp-json\/wp\/v2\/pages\/1496\/revisions"}],"predecessor-version":[{"id":2019,"href":"https:\/\/itib-machinery.com\/es\/wp-json\/wp\/v2\/pages\/1496\/revisions\/2019"}],"up":[{"embeddable":true,"href":"https:\/\/itib-machinery.com\/es\/wp-json\/wp\/v2\/pages\/1468"}],"wp:featuredmedia":[{"embeddable":true,"href":"https:\/\/itib-machinery.com\/es\/wp-json\/wp\/v2\/media\/2027"}],"wp:attachment":[{"href":"https:\/\/itib-machinery.com\/es\/wp-json\/wp\/v2\/media?parent=1496"}],"curies":[{"name":"wp","href":"https:\/\/api.w.org\/{rel}","templated":true}]}}