{"id":1508,"date":"2022-10-18T14:54:06","date_gmt":"2022-10-18T12:54:06","guid":{"rendered":"https:\/\/itib-machinery.com\/products\/downstream-and-ancillary-equipment\/cooling-tank-and-pullers\/"},"modified":"2023-06-22T14:13:39","modified_gmt":"2023-06-22T12:13:39","slug":"tanque-de-enfriamiento-y-extractores","status":"publish","type":"page","link":"https:\/\/itib-machinery.com\/es\/productos\/equipos-linea-abajo-y-auxiliares\/tanque-de-enfriamiento-y-extractores\/","title":{"rendered":"Tanque de enfriamiento y extractores"},"content":{"rendered":"<p><img loading=\"lazy\" decoding=\"async\" class=\"aligncenter size-full wp-image-651\" src=\"https:\/\/itib-machinery.com\/wp-content\/uploads\/2022\/10\/VASCA-RAFFREDDAMENTO.jpg\" alt=\"\" width=\"1200\" height=\"716\" srcset=\"https:\/\/itib-machinery.com\/wp-content\/uploads\/2022\/10\/VASCA-RAFFREDDAMENTO.jpg 1200w, https:\/\/itib-machinery.com\/wp-content\/uploads\/2022\/10\/VASCA-RAFFREDDAMENTO-300x179.jpg 300w, https:\/\/itib-machinery.com\/wp-content\/uploads\/2022\/10\/VASCA-RAFFREDDAMENTO-1024x611.jpg 1024w, https:\/\/itib-machinery.com\/wp-content\/uploads\/2022\/10\/VASCA-RAFFREDDAMENTO-768x458.jpg 768w\" sizes=\"auto, (max-width: 1200px) 100vw, 1200px\" \/><\/p>\n<p>El <strong>tanque de enfriamiento<\/strong> se coloca despu\u00e9s del corrugador y se utiliza <strong>para aumentar la velocidad de producci\u00f3n de una l\u00ednea de extrusi\u00f3n hasta un 25%<\/strong>.<\/p>\n<p>La principal aplicaci\u00f3n es en l\u00edneas de extrusi\u00f3n para producir conductos de pared simple de PE, PP para la construcci\u00f3n y tuber\u00edas de doble pared de PE, PP en infraestructuras.<\/p>\n<p>En general, puede utilizarse en todas las circunstancias en las que sea necesario aumentar el rendimiento.<\/p>\n<p>El tanque de enfriamiento es de <strong>acero inoxidable y las boquillas de pulverizaci\u00f3n de<\/strong> <strong>agua <\/strong>est\u00e1n colocadas a lo largo del canal.<\/p>\n<p>Se presenta en longitudes de tres, cuatro y seis metros, seg\u00fan la aplicaci\u00f3n, y tambi\u00e9n en diferentes tama\u00f1os, en funci\u00f3n de la gama de tubos a enfriar.<\/p>\n<p>Posee:<\/p>\n<ul>\n<li>bomba de recirculaci\u00f3n de agua,<\/li>\n<li>intercambiador de calor para trabajar en un circuito cerrado de enfriamiento<\/li>\n<li>soplador de aire para eliminar el agua y secar la tuber\u00eda.<\/li>\n<\/ul>\n<p>Normalmente se suministra un juego de anillos de estanquidad para cada di\u00e1metro.<\/p>\n<p>El <strong>extractor<\/strong> se <strong>coloca despu\u00e9s del dep\u00f3sito de<\/strong> <strong>enfriamiento<\/strong> y tira de la tuber\u00eda a trav\u00e9s de \u00e9l.<\/p>\n<p>Puede montarse en el bastidor del dep\u00f3sito o suministrarse en configuraci\u00f3n independiente.<\/p>\n<p>Se compone de cintas de arrastre verticales u horizontales, movidas por motor de c.a. con inversor.<\/p>\n<p>La longitud de tracci\u00f3n depende del tama\u00f1o de los tubos.<\/p>\n<p>Las correas pueden abrirse y cerrarse para ajustarse al di\u00e1metro del tubo.<\/p>\n<p>Normalmente se suministra un juego de casquillos gu\u00eda para cada di\u00e1metro.<\/p>\n<p>Se suministra con protecciones de seguridad.<\/p>\n<p>&nbsp;<\/p>\n","protected":false},"excerpt":{"rendered":"<p>El tanque de enfriamiento se coloca despu\u00e9s del corrugador y se utiliza para aumentar la velocidad de producci\u00f3n de una l\u00ednea de extrusi\u00f3n hasta un 25%. La principal aplicaci\u00f3n es en l\u00edneas de extrusi\u00f3n para producir conductos de pared simple de PE, PP para la construcci\u00f3n y tuber\u00edas de doble pared de PE, PP en [&hellip;]<\/p>\n","protected":false},"author":1,"featured_media":1145,"parent":1499,"menu_order":114,"comment_status":"closed","ping_status":"closed","template":"singolo-prodotto.php","meta":{"footnotes":""},"class_list":["post-1508","page","type-page","status-publish","has-post-thumbnail","hentry"],"acf":[],"yoast_head":"<!-- This site is optimized with the Yoast SEO plugin v23.8 - https:\/\/yoast.com\/wordpress\/plugins\/seo\/ -->\n<title>Tanque de enfriamiento y extractores - Itib Machinery<\/title>\n<meta name=\"description\" content=\"ITIB Machinery designs cooling tanks to speed up production by up to 25%. For info: imac@itib-machinery.com\" \/>\n<meta name=\"robots\" content=\"index, follow, max-snippet:-1, max-image-preview:large, max-video-preview:-1\" \/>\n<link rel=\"canonical\" href=\"https:\/\/itib-machinery.com\/es\/productos\/equipos-linea-abajo-y-auxiliares\/tanque-de-enfriamiento-y-extractores\/\" \/>\n<meta property=\"og:locale\" content=\"es_ES\" \/>\n<meta property=\"og:type\" content=\"article\" \/>\n<meta property=\"og:title\" content=\"Tanque de enfriamiento y extractores - Itib Machinery\" \/>\n<meta property=\"og:description\" content=\"ITIB Machinery designs cooling tanks to speed up production by up to 25%. For info: imac@itib-machinery.com\" \/>\n<meta property=\"og:url\" content=\"https:\/\/itib-machinery.com\/es\/productos\/equipos-linea-abajo-y-auxiliares\/tanque-de-enfriamiento-y-extractores\/\" \/>\n<meta property=\"og:site_name\" content=\"Itib Machinery\" \/>\n<meta property=\"article:modified_time\" content=\"2023-06-22T12:13:39+00:00\" \/>\n<meta property=\"og:image\" content=\"https:\/\/itib-machinery.com\/wp-content\/uploads\/2022\/10\/VASCA-RAFFREDDAMENTO.png\" \/>\n\t<meta property=\"og:image:width\" content=\"591\" \/>\n\t<meta property=\"og:image:height\" content=\"285\" \/>\n\t<meta property=\"og:image:type\" content=\"image\/png\" \/>\n<meta name=\"twitter:card\" content=\"summary_large_image\" \/>\n<script type=\"application\/ld+json\" class=\"yoast-schema-graph\">{\"@context\":\"https:\/\/schema.org\",\"@graph\":[{\"@type\":\"WebPage\",\"@id\":\"https:\/\/itib-machinery.com\/es\/productos\/equipos-linea-abajo-y-auxiliares\/tanque-de-enfriamiento-y-extractores\/\",\"url\":\"https:\/\/itib-machinery.com\/es\/productos\/equipos-linea-abajo-y-auxiliares\/tanque-de-enfriamiento-y-extractores\/\",\"name\":\"Tanque de enfriamiento y extractores - Itib Machinery\",\"isPartOf\":{\"@id\":\"https:\/\/itib-machinery.com\/es\/#website\"},\"primaryImageOfPage\":{\"@id\":\"https:\/\/itib-machinery.com\/es\/productos\/equipos-linea-abajo-y-auxiliares\/tanque-de-enfriamiento-y-extractores\/#primaryimage\"},\"image\":{\"@id\":\"https:\/\/itib-machinery.com\/es\/productos\/equipos-linea-abajo-y-auxiliares\/tanque-de-enfriamiento-y-extractores\/#primaryimage\"},\"thumbnailUrl\":\"https:\/\/itib-machinery.com\/wp-content\/uploads\/2022\/10\/VASCA-RAFFREDDAMENTO.png\",\"datePublished\":\"2022-10-18T12:54:06+00:00\",\"dateModified\":\"2023-06-22T12:13:39+00:00\",\"description\":\"ITIB Machinery designs cooling tanks to speed up production by up to 25%. For info: imac@itib-machinery.com\",\"breadcrumb\":{\"@id\":\"https:\/\/itib-machinery.com\/es\/productos\/equipos-linea-abajo-y-auxiliares\/tanque-de-enfriamiento-y-extractores\/#breadcrumb\"},\"inLanguage\":\"es\",\"potentialAction\":[{\"@type\":\"ReadAction\",\"target\":[\"https:\/\/itib-machinery.com\/es\/productos\/equipos-linea-abajo-y-auxiliares\/tanque-de-enfriamiento-y-extractores\/\"]}]},{\"@type\":\"ImageObject\",\"inLanguage\":\"es\",\"@id\":\"https:\/\/itib-machinery.com\/es\/productos\/equipos-linea-abajo-y-auxiliares\/tanque-de-enfriamiento-y-extractores\/#primaryimage\",\"url\":\"https:\/\/itib-machinery.com\/wp-content\/uploads\/2022\/10\/VASCA-RAFFREDDAMENTO.png\",\"contentUrl\":\"https:\/\/itib-machinery.com\/wp-content\/uploads\/2022\/10\/VASCA-RAFFREDDAMENTO.png\",\"width\":591,\"height\":285},{\"@type\":\"BreadcrumbList\",\"@id\":\"https:\/\/itib-machinery.com\/es\/productos\/equipos-linea-abajo-y-auxiliares\/tanque-de-enfriamiento-y-extractores\/#breadcrumb\",\"itemListElement\":[{\"@type\":\"ListItem\",\"position\":1,\"name\":\"Home\",\"item\":\"https:\/\/itib-machinery.com\/es\/\"},{\"@type\":\"ListItem\",\"position\":2,\"name\":\"PRODUCTOS\",\"item\":\"https:\/\/itib-machinery.com\/es\/productos\/\"},{\"@type\":\"ListItem\",\"position\":3,\"name\":\"EQUIPOS L\u00cdNEA ABAJO Y AUXILIARES\",\"item\":\"https:\/\/itib-machinery.com\/es\/productos\/equipos-linea-abajo-y-auxiliares\/\"},{\"@type\":\"ListItem\",\"position\":4,\"name\":\"Tanque de enfriamiento y extractores\"}]},{\"@type\":\"WebSite\",\"@id\":\"https:\/\/itib-machinery.com\/es\/#website\",\"url\":\"https:\/\/itib-machinery.com\/es\/\",\"name\":\"Itib Machinery\",\"description\":\"\",\"potentialAction\":[{\"@type\":\"SearchAction\",\"target\":{\"@type\":\"EntryPoint\",\"urlTemplate\":\"https:\/\/itib-machinery.com\/es\/?s={search_term_string}\"},\"query-input\":{\"@type\":\"PropertyValueSpecification\",\"valueRequired\":true,\"valueName\":\"search_term_string\"}}],\"inLanguage\":\"es\"}]}<\/script>\n<!-- \/ Yoast SEO plugin. -->","yoast_head_json":{"title":"Tanque de enfriamiento y extractores - Itib Machinery","description":"ITIB Machinery designs cooling tanks to speed up production by up to 25%. For info: imac@itib-machinery.com","robots":{"index":"index","follow":"follow","max-snippet":"max-snippet:-1","max-image-preview":"max-image-preview:large","max-video-preview":"max-video-preview:-1"},"canonical":"https:\/\/itib-machinery.com\/es\/productos\/equipos-linea-abajo-y-auxiliares\/tanque-de-enfriamiento-y-extractores\/","og_locale":"es_ES","og_type":"article","og_title":"Tanque de enfriamiento y extractores - Itib Machinery","og_description":"ITIB Machinery designs cooling tanks to speed up production by up to 25%. For info: imac@itib-machinery.com","og_url":"https:\/\/itib-machinery.com\/es\/productos\/equipos-linea-abajo-y-auxiliares\/tanque-de-enfriamiento-y-extractores\/","og_site_name":"Itib Machinery","article_modified_time":"2023-06-22T12:13:39+00:00","og_image":[{"width":591,"height":285,"url":"https:\/\/itib-machinery.com\/wp-content\/uploads\/2022\/10\/VASCA-RAFFREDDAMENTO.png","type":"image\/png"}],"twitter_card":"summary_large_image","schema":{"@context":"https:\/\/schema.org","@graph":[{"@type":"WebPage","@id":"https:\/\/itib-machinery.com\/es\/productos\/equipos-linea-abajo-y-auxiliares\/tanque-de-enfriamiento-y-extractores\/","url":"https:\/\/itib-machinery.com\/es\/productos\/equipos-linea-abajo-y-auxiliares\/tanque-de-enfriamiento-y-extractores\/","name":"Tanque de enfriamiento y extractores - Itib Machinery","isPartOf":{"@id":"https:\/\/itib-machinery.com\/es\/#website"},"primaryImageOfPage":{"@id":"https:\/\/itib-machinery.com\/es\/productos\/equipos-linea-abajo-y-auxiliares\/tanque-de-enfriamiento-y-extractores\/#primaryimage"},"image":{"@id":"https:\/\/itib-machinery.com\/es\/productos\/equipos-linea-abajo-y-auxiliares\/tanque-de-enfriamiento-y-extractores\/#primaryimage"},"thumbnailUrl":"https:\/\/itib-machinery.com\/wp-content\/uploads\/2022\/10\/VASCA-RAFFREDDAMENTO.png","datePublished":"2022-10-18T12:54:06+00:00","dateModified":"2023-06-22T12:13:39+00:00","description":"ITIB Machinery designs cooling tanks to speed up production by up to 25%. For info: imac@itib-machinery.com","breadcrumb":{"@id":"https:\/\/itib-machinery.com\/es\/productos\/equipos-linea-abajo-y-auxiliares\/tanque-de-enfriamiento-y-extractores\/#breadcrumb"},"inLanguage":"es","potentialAction":[{"@type":"ReadAction","target":["https:\/\/itib-machinery.com\/es\/productos\/equipos-linea-abajo-y-auxiliares\/tanque-de-enfriamiento-y-extractores\/"]}]},{"@type":"ImageObject","inLanguage":"es","@id":"https:\/\/itib-machinery.com\/es\/productos\/equipos-linea-abajo-y-auxiliares\/tanque-de-enfriamiento-y-extractores\/#primaryimage","url":"https:\/\/itib-machinery.com\/wp-content\/uploads\/2022\/10\/VASCA-RAFFREDDAMENTO.png","contentUrl":"https:\/\/itib-machinery.com\/wp-content\/uploads\/2022\/10\/VASCA-RAFFREDDAMENTO.png","width":591,"height":285},{"@type":"BreadcrumbList","@id":"https:\/\/itib-machinery.com\/es\/productos\/equipos-linea-abajo-y-auxiliares\/tanque-de-enfriamiento-y-extractores\/#breadcrumb","itemListElement":[{"@type":"ListItem","position":1,"name":"Home","item":"https:\/\/itib-machinery.com\/es\/"},{"@type":"ListItem","position":2,"name":"PRODUCTOS","item":"https:\/\/itib-machinery.com\/es\/productos\/"},{"@type":"ListItem","position":3,"name":"EQUIPOS L\u00cdNEA ABAJO Y AUXILIARES","item":"https:\/\/itib-machinery.com\/es\/productos\/equipos-linea-abajo-y-auxiliares\/"},{"@type":"ListItem","position":4,"name":"Tanque de enfriamiento y extractores"}]},{"@type":"WebSite","@id":"https:\/\/itib-machinery.com\/es\/#website","url":"https:\/\/itib-machinery.com\/es\/","name":"Itib Machinery","description":"","potentialAction":[{"@type":"SearchAction","target":{"@type":"EntryPoint","urlTemplate":"https:\/\/itib-machinery.com\/es\/?s={search_term_string}"},"query-input":{"@type":"PropertyValueSpecification","valueRequired":true,"valueName":"search_term_string"}}],"inLanguage":"es"}]}},"_links":{"self":[{"href":"https:\/\/itib-machinery.com\/es\/wp-json\/wp\/v2\/pages\/1508","targetHints":{"allow":["GET"]}}],"collection":[{"href":"https:\/\/itib-machinery.com\/es\/wp-json\/wp\/v2\/pages"}],"about":[{"href":"https:\/\/itib-machinery.com\/es\/wp-json\/wp\/v2\/types\/page"}],"author":[{"embeddable":true,"href":"https:\/\/itib-machinery.com\/es\/wp-json\/wp\/v2\/users\/1"}],"replies":[{"embeddable":true,"href":"https:\/\/itib-machinery.com\/es\/wp-json\/wp\/v2\/comments?post=1508"}],"version-history":[{"count":3,"href":"https:\/\/itib-machinery.com\/es\/wp-json\/wp\/v2\/pages\/1508\/revisions"}],"predecessor-version":[{"id":1627,"href":"https:\/\/itib-machinery.com\/es\/wp-json\/wp\/v2\/pages\/1508\/revisions\/1627"}],"up":[{"embeddable":true,"href":"https:\/\/itib-machinery.com\/es\/wp-json\/wp\/v2\/pages\/1499"}],"wp:featuredmedia":[{"embeddable":true,"href":"https:\/\/itib-machinery.com\/es\/wp-json\/wp\/v2\/media\/1145"}],"wp:attachment":[{"href":"https:\/\/itib-machinery.com\/es\/wp-json\/wp\/v2\/media?parent=1508"}],"curies":[{"name":"wp","href":"https:\/\/api.w.org\/{rel}","templated":true}]}}