{"id":1511,"date":"2022-10-18T14:55:19","date_gmt":"2022-10-18T12:55:19","guid":{"rendered":"https:\/\/itib-machinery.com\/products\/downstream-and-ancillary-equipment\/extrusion-die-heads-and-die-sets\/"},"modified":"2023-06-22T14:15:54","modified_gmt":"2023-06-22T12:15:54","slug":"cabezales-de-troquelado-y-conjuntos-de-troquelado-de-extrusion","status":"publish","type":"page","link":"https:\/\/itib-machinery.com\/es\/productos\/equipos-linea-abajo-y-auxiliares\/cabezales-de-troquelado-y-conjuntos-de-troquelado-de-extrusion\/","title":{"rendered":"Cabezales de troquelado y conjuntos de troquelado de extrusi\u00f3n"},"content":{"rendered":"<p><img loading=\"lazy\" decoding=\"async\" class=\"aligncenter size-full wp-image-657\" src=\"https:\/\/itib-machinery.com\/wp-content\/uploads\/2022\/10\/220925-TESTA-1.jpg\" alt=\"\" width=\"1200\" height=\"716\" srcset=\"https:\/\/itib-machinery.com\/wp-content\/uploads\/2022\/10\/220925-TESTA-1.jpg 1200w, https:\/\/itib-machinery.com\/wp-content\/uploads\/2022\/10\/220925-TESTA-1-300x179.jpg 300w, https:\/\/itib-machinery.com\/wp-content\/uploads\/2022\/10\/220925-TESTA-1-1024x611.jpg 1024w, https:\/\/itib-machinery.com\/wp-content\/uploads\/2022\/10\/220925-TESTA-1-768x458.jpg 768w\" sizes=\"auto, (max-width: 1200px) 100vw, 1200px\" \/><\/p>\n<p>El <strong>cabezal de troquelado<\/strong> est\u00e1 conectado a la extrusora mediante un adaptador y <strong>transporta el material pl\u00e1stico al conjunto de troquelado<\/strong>.<\/p>\n<p>Seg\u00fan el tipo de tuber\u00eda y la aplicaci\u00f3n, pueden dividirse en:<\/p>\n<ul>\n<li>cabezal para tubos de pared simple<\/li>\n<li>cabezal para tubos de doble pared<\/li>\n<li>cabezal para tubos multicapa<\/li>\n<li>cabezal en cruz para revestimiento de tubos<\/li>\n<li>cruceta para inserci\u00f3n de cables y tuber\u00edas en l\u00ednea.<\/li>\n<\/ul>\n<p>Son de acero niquelado para PE, PP, PA y de acero cromado para PVC.<\/p>\n<p>En caso de tuber\u00edas de doble pared o multicapa, se necesita un adaptador para cada pared\/capa.<\/p>\n<p>Tambi\u00e9n pueden conectarse a peque\u00f1as coextrusoras para l\u00edneas de identificaci\u00f3n o recubrimiento de capas finas.<\/p>\n<p>En funci\u00f3n de la gama de tubos, se utilizan cabezales de diferentes tama\u00f1os.<\/p>\n<p>Se suministran con cintas calefactoras cer\u00e1micas<\/p>\n<p>El conjunto de troquelado est\u00e1 conectado al cabezal y su tama\u00f1o y forma dependen del tama\u00f1o del tubo y de la aplicaci\u00f3n.<\/p>\n<p>En general, se <strong>necesita un conjunto de troquelado para cada di\u00e1metro de tubo<\/strong>.<\/p>\n<p>En el caso de tama\u00f1os medio-grandes y dimensiones de tubo cercanas, es posible cambiar solo las puntas del conjunto de troquelado (matrices terminales), para reducir el tiempo de cambio.<\/p>\n<p>Lo mismo que para el cabezal de troquelado, los hay:<\/p>\n<ul>\n<li>conjunto de troquelado para tubos de pared simple<\/li>\n<li>conjunto de troquelado para tubos de doble pared<\/li>\n<li>conjunto de troquelado para tubos ovalados de pared simple\/doble.<\/li>\n<\/ul>\n<p>En caso de doble pared, un mandril de enfriamiento para la capa interior completa el conjunto de la matriz.<\/p>\n","protected":false},"excerpt":{"rendered":"<p>El cabezal de troquelado est\u00e1 conectado a la extrusora mediante un adaptador y transporta el material pl\u00e1stico al conjunto de troquelado. Seg\u00fan el tipo de tuber\u00eda y la aplicaci\u00f3n, pueden dividirse en: cabezal para tubos de pared simple cabezal para tubos de doble pared cabezal para tubos multicapa cabezal en cruz para revestimiento de tubos [&hellip;]<\/p>\n","protected":false},"author":1,"featured_media":1149,"parent":1499,"menu_order":118,"comment_status":"closed","ping_status":"closed","template":"singolo-prodotto.php","meta":{"footnotes":""},"class_list":["post-1511","page","type-page","status-publish","has-post-thumbnail","hentry"],"acf":[],"yoast_head":"<!-- This site is optimized with the Yoast SEO plugin v23.8 - https:\/\/yoast.com\/wordpress\/plugins\/seo\/ -->\n<title>Cabezales de troquelado y conjuntos de troquelado de extrusi\u00f3n - Itib Machinery<\/title>\n<meta name=\"description\" content=\"Production of heads to be connected to the ITIB Machinery extruder. Markets USA, Europe, Asia. For info: imac@itib-machinery.com\" \/>\n<meta name=\"robots\" content=\"index, follow, max-snippet:-1, max-image-preview:large, max-video-preview:-1\" \/>\n<link rel=\"canonical\" href=\"https:\/\/itib-machinery.com\/es\/productos\/equipos-linea-abajo-y-auxiliares\/cabezales-de-troquelado-y-conjuntos-de-troquelado-de-extrusion\/\" \/>\n<meta property=\"og:locale\" content=\"es_ES\" \/>\n<meta property=\"og:type\" content=\"article\" \/>\n<meta property=\"og:title\" content=\"Cabezales de troquelado y conjuntos de troquelado de extrusi\u00f3n - Itib Machinery\" \/>\n<meta property=\"og:description\" content=\"Production of heads to be connected to the ITIB Machinery extruder. Markets USA, Europe, Asia. For info: imac@itib-machinery.com\" \/>\n<meta property=\"og:url\" content=\"https:\/\/itib-machinery.com\/es\/productos\/equipos-linea-abajo-y-auxiliares\/cabezales-de-troquelado-y-conjuntos-de-troquelado-de-extrusion\/\" \/>\n<meta property=\"og:site_name\" content=\"Itib Machinery\" \/>\n<meta property=\"article:modified_time\" content=\"2023-06-22T12:15:54+00:00\" \/>\n<meta property=\"og:image\" content=\"https:\/\/itib-machinery.com\/wp-content\/uploads\/2022\/10\/TESTA.png\" \/>\n\t<meta property=\"og:image:width\" content=\"591\" \/>\n\t<meta property=\"og:image:height\" content=\"285\" \/>\n\t<meta property=\"og:image:type\" content=\"image\/png\" \/>\n<meta name=\"twitter:card\" content=\"summary_large_image\" \/>\n<script type=\"application\/ld+json\" class=\"yoast-schema-graph\">{\"@context\":\"https:\/\/schema.org\",\"@graph\":[{\"@type\":\"WebPage\",\"@id\":\"https:\/\/itib-machinery.com\/es\/productos\/equipos-linea-abajo-y-auxiliares\/cabezales-de-troquelado-y-conjuntos-de-troquelado-de-extrusion\/\",\"url\":\"https:\/\/itib-machinery.com\/es\/productos\/equipos-linea-abajo-y-auxiliares\/cabezales-de-troquelado-y-conjuntos-de-troquelado-de-extrusion\/\",\"name\":\"Cabezales de troquelado y conjuntos de troquelado de extrusi\u00f3n - Itib Machinery\",\"isPartOf\":{\"@id\":\"https:\/\/itib-machinery.com\/es\/#website\"},\"primaryImageOfPage\":{\"@id\":\"https:\/\/itib-machinery.com\/es\/productos\/equipos-linea-abajo-y-auxiliares\/cabezales-de-troquelado-y-conjuntos-de-troquelado-de-extrusion\/#primaryimage\"},\"image\":{\"@id\":\"https:\/\/itib-machinery.com\/es\/productos\/equipos-linea-abajo-y-auxiliares\/cabezales-de-troquelado-y-conjuntos-de-troquelado-de-extrusion\/#primaryimage\"},\"thumbnailUrl\":\"https:\/\/itib-machinery.com\/wp-content\/uploads\/2022\/10\/TESTA.png\",\"datePublished\":\"2022-10-18T12:55:19+00:00\",\"dateModified\":\"2023-06-22T12:15:54+00:00\",\"description\":\"Production of heads to be connected to the ITIB Machinery extruder. Markets USA, Europe, Asia. For info: imac@itib-machinery.com\",\"breadcrumb\":{\"@id\":\"https:\/\/itib-machinery.com\/es\/productos\/equipos-linea-abajo-y-auxiliares\/cabezales-de-troquelado-y-conjuntos-de-troquelado-de-extrusion\/#breadcrumb\"},\"inLanguage\":\"es\",\"potentialAction\":[{\"@type\":\"ReadAction\",\"target\":[\"https:\/\/itib-machinery.com\/es\/productos\/equipos-linea-abajo-y-auxiliares\/cabezales-de-troquelado-y-conjuntos-de-troquelado-de-extrusion\/\"]}]},{\"@type\":\"ImageObject\",\"inLanguage\":\"es\",\"@id\":\"https:\/\/itib-machinery.com\/es\/productos\/equipos-linea-abajo-y-auxiliares\/cabezales-de-troquelado-y-conjuntos-de-troquelado-de-extrusion\/#primaryimage\",\"url\":\"https:\/\/itib-machinery.com\/wp-content\/uploads\/2022\/10\/TESTA.png\",\"contentUrl\":\"https:\/\/itib-machinery.com\/wp-content\/uploads\/2022\/10\/TESTA.png\",\"width\":591,\"height\":285},{\"@type\":\"BreadcrumbList\",\"@id\":\"https:\/\/itib-machinery.com\/es\/productos\/equipos-linea-abajo-y-auxiliares\/cabezales-de-troquelado-y-conjuntos-de-troquelado-de-extrusion\/#breadcrumb\",\"itemListElement\":[{\"@type\":\"ListItem\",\"position\":1,\"name\":\"Home\",\"item\":\"https:\/\/itib-machinery.com\/es\/\"},{\"@type\":\"ListItem\",\"position\":2,\"name\":\"PRODUCTOS\",\"item\":\"https:\/\/itib-machinery.com\/es\/productos\/\"},{\"@type\":\"ListItem\",\"position\":3,\"name\":\"EQUIPOS L\u00cdNEA ABAJO Y AUXILIARES\",\"item\":\"https:\/\/itib-machinery.com\/es\/productos\/equipos-linea-abajo-y-auxiliares\/\"},{\"@type\":\"ListItem\",\"position\":4,\"name\":\"Cabezales de troquelado y conjuntos de troquelado de extrusi\u00f3n\"}]},{\"@type\":\"WebSite\",\"@id\":\"https:\/\/itib-machinery.com\/es\/#website\",\"url\":\"https:\/\/itib-machinery.com\/es\/\",\"name\":\"Itib Machinery\",\"description\":\"\",\"potentialAction\":[{\"@type\":\"SearchAction\",\"target\":{\"@type\":\"EntryPoint\",\"urlTemplate\":\"https:\/\/itib-machinery.com\/es\/?s={search_term_string}\"},\"query-input\":{\"@type\":\"PropertyValueSpecification\",\"valueRequired\":true,\"valueName\":\"search_term_string\"}}],\"inLanguage\":\"es\"}]}<\/script>\n<!-- \/ Yoast SEO plugin. -->","yoast_head_json":{"title":"Cabezales de troquelado y conjuntos de troquelado de extrusi\u00f3n - Itib Machinery","description":"Production of heads to be connected to the ITIB Machinery extruder. Markets USA, Europe, Asia. For info: imac@itib-machinery.com","robots":{"index":"index","follow":"follow","max-snippet":"max-snippet:-1","max-image-preview":"max-image-preview:large","max-video-preview":"max-video-preview:-1"},"canonical":"https:\/\/itib-machinery.com\/es\/productos\/equipos-linea-abajo-y-auxiliares\/cabezales-de-troquelado-y-conjuntos-de-troquelado-de-extrusion\/","og_locale":"es_ES","og_type":"article","og_title":"Cabezales de troquelado y conjuntos de troquelado de extrusi\u00f3n - Itib Machinery","og_description":"Production of heads to be connected to the ITIB Machinery extruder. Markets USA, Europe, Asia. For info: imac@itib-machinery.com","og_url":"https:\/\/itib-machinery.com\/es\/productos\/equipos-linea-abajo-y-auxiliares\/cabezales-de-troquelado-y-conjuntos-de-troquelado-de-extrusion\/","og_site_name":"Itib Machinery","article_modified_time":"2023-06-22T12:15:54+00:00","og_image":[{"width":591,"height":285,"url":"https:\/\/itib-machinery.com\/wp-content\/uploads\/2022\/10\/TESTA.png","type":"image\/png"}],"twitter_card":"summary_large_image","schema":{"@context":"https:\/\/schema.org","@graph":[{"@type":"WebPage","@id":"https:\/\/itib-machinery.com\/es\/productos\/equipos-linea-abajo-y-auxiliares\/cabezales-de-troquelado-y-conjuntos-de-troquelado-de-extrusion\/","url":"https:\/\/itib-machinery.com\/es\/productos\/equipos-linea-abajo-y-auxiliares\/cabezales-de-troquelado-y-conjuntos-de-troquelado-de-extrusion\/","name":"Cabezales de troquelado y conjuntos de troquelado de extrusi\u00f3n - Itib Machinery","isPartOf":{"@id":"https:\/\/itib-machinery.com\/es\/#website"},"primaryImageOfPage":{"@id":"https:\/\/itib-machinery.com\/es\/productos\/equipos-linea-abajo-y-auxiliares\/cabezales-de-troquelado-y-conjuntos-de-troquelado-de-extrusion\/#primaryimage"},"image":{"@id":"https:\/\/itib-machinery.com\/es\/productos\/equipos-linea-abajo-y-auxiliares\/cabezales-de-troquelado-y-conjuntos-de-troquelado-de-extrusion\/#primaryimage"},"thumbnailUrl":"https:\/\/itib-machinery.com\/wp-content\/uploads\/2022\/10\/TESTA.png","datePublished":"2022-10-18T12:55:19+00:00","dateModified":"2023-06-22T12:15:54+00:00","description":"Production of heads to be connected to the ITIB Machinery extruder. Markets USA, Europe, Asia. For info: imac@itib-machinery.com","breadcrumb":{"@id":"https:\/\/itib-machinery.com\/es\/productos\/equipos-linea-abajo-y-auxiliares\/cabezales-de-troquelado-y-conjuntos-de-troquelado-de-extrusion\/#breadcrumb"},"inLanguage":"es","potentialAction":[{"@type":"ReadAction","target":["https:\/\/itib-machinery.com\/es\/productos\/equipos-linea-abajo-y-auxiliares\/cabezales-de-troquelado-y-conjuntos-de-troquelado-de-extrusion\/"]}]},{"@type":"ImageObject","inLanguage":"es","@id":"https:\/\/itib-machinery.com\/es\/productos\/equipos-linea-abajo-y-auxiliares\/cabezales-de-troquelado-y-conjuntos-de-troquelado-de-extrusion\/#primaryimage","url":"https:\/\/itib-machinery.com\/wp-content\/uploads\/2022\/10\/TESTA.png","contentUrl":"https:\/\/itib-machinery.com\/wp-content\/uploads\/2022\/10\/TESTA.png","width":591,"height":285},{"@type":"BreadcrumbList","@id":"https:\/\/itib-machinery.com\/es\/productos\/equipos-linea-abajo-y-auxiliares\/cabezales-de-troquelado-y-conjuntos-de-troquelado-de-extrusion\/#breadcrumb","itemListElement":[{"@type":"ListItem","position":1,"name":"Home","item":"https:\/\/itib-machinery.com\/es\/"},{"@type":"ListItem","position":2,"name":"PRODUCTOS","item":"https:\/\/itib-machinery.com\/es\/productos\/"},{"@type":"ListItem","position":3,"name":"EQUIPOS L\u00cdNEA ABAJO Y AUXILIARES","item":"https:\/\/itib-machinery.com\/es\/productos\/equipos-linea-abajo-y-auxiliares\/"},{"@type":"ListItem","position":4,"name":"Cabezales de troquelado y conjuntos de troquelado de extrusi\u00f3n"}]},{"@type":"WebSite","@id":"https:\/\/itib-machinery.com\/es\/#website","url":"https:\/\/itib-machinery.com\/es\/","name":"Itib Machinery","description":"","potentialAction":[{"@type":"SearchAction","target":{"@type":"EntryPoint","urlTemplate":"https:\/\/itib-machinery.com\/es\/?s={search_term_string}"},"query-input":{"@type":"PropertyValueSpecification","valueRequired":true,"valueName":"search_term_string"}}],"inLanguage":"es"}]}},"_links":{"self":[{"href":"https:\/\/itib-machinery.com\/es\/wp-json\/wp\/v2\/pages\/1511","targetHints":{"allow":["GET"]}}],"collection":[{"href":"https:\/\/itib-machinery.com\/es\/wp-json\/wp\/v2\/pages"}],"about":[{"href":"https:\/\/itib-machinery.com\/es\/wp-json\/wp\/v2\/types\/page"}],"author":[{"embeddable":true,"href":"https:\/\/itib-machinery.com\/es\/wp-json\/wp\/v2\/users\/1"}],"replies":[{"embeddable":true,"href":"https:\/\/itib-machinery.com\/es\/wp-json\/wp\/v2\/comments?post=1511"}],"version-history":[{"count":4,"href":"https:\/\/itib-machinery.com\/es\/wp-json\/wp\/v2\/pages\/1511\/revisions"}],"predecessor-version":[{"id":1513,"href":"https:\/\/itib-machinery.com\/es\/wp-json\/wp\/v2\/pages\/1511\/revisions\/1513"}],"up":[{"embeddable":true,"href":"https:\/\/itib-machinery.com\/es\/wp-json\/wp\/v2\/pages\/1499"}],"wp:featuredmedia":[{"embeddable":true,"href":"https:\/\/itib-machinery.com\/es\/wp-json\/wp\/v2\/media\/1149"}],"wp:attachment":[{"href":"https:\/\/itib-machinery.com\/es\/wp-json\/wp\/v2\/media?parent=1511"}],"curies":[{"name":"wp","href":"https:\/\/api.w.org\/{rel}","templated":true}]}}