{"id":1549,"date":"2022-10-07T14:51:14","date_gmt":"2022-10-07T12:51:14","guid":{"rendered":"https:\/\/itib-machinery.com\/applications\/automotive\/"},"modified":"2023-06-21T16:56:19","modified_gmt":"2023-06-21T14:56:19","slug":"automotive","status":"publish","type":"page","link":"https:\/\/itib-machinery.com\/es\/aplicaciones\/automotive\/","title":{"rendered":"Automoci\u00f3n"},"content":{"rendered":"","protected":false},"excerpt":{"rendered":"<p>Tubos monocapa y multicapa en PP, PE y PA a partir de 4,5 mm de di\u00e1metro interior para cableado y protecci\u00f3n de cables el\u00e9ctricos o para combustible y otros fluidos.<\/p>\n","protected":false},"author":1,"featured_media":1100,"parent":1462,"menu_order":50,"comment_status":"closed","ping_status":"closed","template":"","meta":{"footnotes":""},"class_list":["post-1549","page","type-page","status-publish","has-post-thumbnail","hentry"],"acf":[],"yoast_head":"<!-- This site is optimized with the Yoast SEO plugin v23.8 - https:\/\/yoast.com\/wordpress\/plugins\/seo\/ -->\n<title>Automoci\u00f3n - Itib Machinery<\/title>\n<meta name=\"robots\" content=\"noindex, nofollow\" \/>\n<meta property=\"og:locale\" content=\"es_ES\" \/>\n<meta property=\"og:type\" content=\"article\" \/>\n<meta property=\"og:title\" content=\"Automoci\u00f3n - Itib Machinery\" \/>\n<meta property=\"og:description\" content=\"Tubos monocapa y multicapa en PP, PE y PA a partir de 4,5 mm de di\u00e1metro interior para cableado y protecci\u00f3n de cables el\u00e9ctricos o para combustible y otros fluidos.\" \/>\n<meta property=\"og:url\" content=\"https:\/\/itib-machinery.com\/es\/aplicaciones\/automotive\/\" \/>\n<meta property=\"og:site_name\" content=\"Itib Machinery\" \/>\n<meta property=\"article:modified_time\" content=\"2023-06-21T14:56:19+00:00\" \/>\n<meta property=\"og:image\" content=\"https:\/\/itib-machinery.com\/wp-content\/uploads\/2022\/10\/itib-AUTOMOTIVE.jpg\" \/>\n\t<meta property=\"og:image:width\" content=\"484\" \/>\n\t<meta property=\"og:image:height\" content=\"532\" \/>\n\t<meta property=\"og:image:type\" content=\"image\/jpeg\" \/>\n<meta name=\"twitter:card\" content=\"summary_large_image\" \/>\n<script type=\"application\/ld+json\" class=\"yoast-schema-graph\">{\"@context\":\"https:\/\/schema.org\",\"@graph\":[{\"@type\":\"WebPage\",\"@id\":\"https:\/\/itib-machinery.com\/es\/aplicaciones\/automotive\/\",\"url\":\"https:\/\/itib-machinery.com\/es\/aplicaciones\/automotive\/\",\"name\":\"Automoci\u00f3n - Itib Machinery\",\"isPartOf\":{\"@id\":\"https:\/\/itib-machinery.com\/es\/#website\"},\"primaryImageOfPage\":{\"@id\":\"https:\/\/itib-machinery.com\/es\/aplicaciones\/automotive\/#primaryimage\"},\"image\":{\"@id\":\"https:\/\/itib-machinery.com\/es\/aplicaciones\/automotive\/#primaryimage\"},\"thumbnailUrl\":\"https:\/\/itib-machinery.com\/wp-content\/uploads\/2022\/10\/itib-AUTOMOTIVE.jpg\",\"datePublished\":\"2022-10-07T12:51:14+00:00\",\"dateModified\":\"2023-06-21T14:56:19+00:00\",\"breadcrumb\":{\"@id\":\"https:\/\/itib-machinery.com\/es\/aplicaciones\/automotive\/#breadcrumb\"},\"inLanguage\":\"es\",\"potentialAction\":[{\"@type\":\"ReadAction\",\"target\":[\"https:\/\/itib-machinery.com\/es\/aplicaciones\/automotive\/\"]}]},{\"@type\":\"ImageObject\",\"inLanguage\":\"es\",\"@id\":\"https:\/\/itib-machinery.com\/es\/aplicaciones\/automotive\/#primaryimage\",\"url\":\"https:\/\/itib-machinery.com\/wp-content\/uploads\/2022\/10\/itib-AUTOMOTIVE.jpg\",\"contentUrl\":\"https:\/\/itib-machinery.com\/wp-content\/uploads\/2022\/10\/itib-AUTOMOTIVE.jpg\",\"width\":484,\"height\":532},{\"@type\":\"BreadcrumbList\",\"@id\":\"https:\/\/itib-machinery.com\/es\/aplicaciones\/automotive\/#breadcrumb\",\"itemListElement\":[{\"@type\":\"ListItem\",\"position\":1,\"name\":\"Home\",\"item\":\"https:\/\/itib-machinery.com\/es\/\"},{\"@type\":\"ListItem\",\"position\":2,\"name\":\"APLICACIONES\",\"item\":\"https:\/\/itib-machinery.com\/es\/aplicaciones\/\"},{\"@type\":\"ListItem\",\"position\":3,\"name\":\"Automoci\u00f3n\"}]},{\"@type\":\"WebSite\",\"@id\":\"https:\/\/itib-machinery.com\/es\/#website\",\"url\":\"https:\/\/itib-machinery.com\/es\/\",\"name\":\"Itib Machinery\",\"description\":\"\",\"potentialAction\":[{\"@type\":\"SearchAction\",\"target\":{\"@type\":\"EntryPoint\",\"urlTemplate\":\"https:\/\/itib-machinery.com\/es\/?s={search_term_string}\"},\"query-input\":{\"@type\":\"PropertyValueSpecification\",\"valueRequired\":true,\"valueName\":\"search_term_string\"}}],\"inLanguage\":\"es\"}]}<\/script>\n<!-- \/ Yoast SEO plugin. -->","yoast_head_json":{"title":"Automoci\u00f3n - Itib Machinery","robots":{"index":"noindex","follow":"nofollow"},"og_locale":"es_ES","og_type":"article","og_title":"Automoci\u00f3n - Itib Machinery","og_description":"Tubos monocapa y multicapa en PP, PE y PA a partir de 4,5 mm de di\u00e1metro interior para cableado y protecci\u00f3n de cables el\u00e9ctricos o para combustible y otros fluidos.","og_url":"https:\/\/itib-machinery.com\/es\/aplicaciones\/automotive\/","og_site_name":"Itib Machinery","article_modified_time":"2023-06-21T14:56:19+00:00","og_image":[{"width":484,"height":532,"url":"https:\/\/itib-machinery.com\/wp-content\/uploads\/2022\/10\/itib-AUTOMOTIVE.jpg","type":"image\/jpeg"}],"twitter_card":"summary_large_image","schema":{"@context":"https:\/\/schema.org","@graph":[{"@type":"WebPage","@id":"https:\/\/itib-machinery.com\/es\/aplicaciones\/automotive\/","url":"https:\/\/itib-machinery.com\/es\/aplicaciones\/automotive\/","name":"Automoci\u00f3n - Itib Machinery","isPartOf":{"@id":"https:\/\/itib-machinery.com\/es\/#website"},"primaryImageOfPage":{"@id":"https:\/\/itib-machinery.com\/es\/aplicaciones\/automotive\/#primaryimage"},"image":{"@id":"https:\/\/itib-machinery.com\/es\/aplicaciones\/automotive\/#primaryimage"},"thumbnailUrl":"https:\/\/itib-machinery.com\/wp-content\/uploads\/2022\/10\/itib-AUTOMOTIVE.jpg","datePublished":"2022-10-07T12:51:14+00:00","dateModified":"2023-06-21T14:56:19+00:00","breadcrumb":{"@id":"https:\/\/itib-machinery.com\/es\/aplicaciones\/automotive\/#breadcrumb"},"inLanguage":"es","potentialAction":[{"@type":"ReadAction","target":["https:\/\/itib-machinery.com\/es\/aplicaciones\/automotive\/"]}]},{"@type":"ImageObject","inLanguage":"es","@id":"https:\/\/itib-machinery.com\/es\/aplicaciones\/automotive\/#primaryimage","url":"https:\/\/itib-machinery.com\/wp-content\/uploads\/2022\/10\/itib-AUTOMOTIVE.jpg","contentUrl":"https:\/\/itib-machinery.com\/wp-content\/uploads\/2022\/10\/itib-AUTOMOTIVE.jpg","width":484,"height":532},{"@type":"BreadcrumbList","@id":"https:\/\/itib-machinery.com\/es\/aplicaciones\/automotive\/#breadcrumb","itemListElement":[{"@type":"ListItem","position":1,"name":"Home","item":"https:\/\/itib-machinery.com\/es\/"},{"@type":"ListItem","position":2,"name":"APLICACIONES","item":"https:\/\/itib-machinery.com\/es\/aplicaciones\/"},{"@type":"ListItem","position":3,"name":"Automoci\u00f3n"}]},{"@type":"WebSite","@id":"https:\/\/itib-machinery.com\/es\/#website","url":"https:\/\/itib-machinery.com\/es\/","name":"Itib Machinery","description":"","potentialAction":[{"@type":"SearchAction","target":{"@type":"EntryPoint","urlTemplate":"https:\/\/itib-machinery.com\/es\/?s={search_term_string}"},"query-input":{"@type":"PropertyValueSpecification","valueRequired":true,"valueName":"search_term_string"}}],"inLanguage":"es"}]}},"_links":{"self":[{"href":"https:\/\/itib-machinery.com\/es\/wp-json\/wp\/v2\/pages\/1549","targetHints":{"allow":["GET"]}}],"collection":[{"href":"https:\/\/itib-machinery.com\/es\/wp-json\/wp\/v2\/pages"}],"about":[{"href":"https:\/\/itib-machinery.com\/es\/wp-json\/wp\/v2\/types\/page"}],"author":[{"embeddable":true,"href":"https:\/\/itib-machinery.com\/es\/wp-json\/wp\/v2\/users\/1"}],"replies":[{"embeddable":true,"href":"https:\/\/itib-machinery.com\/es\/wp-json\/wp\/v2\/comments?post=1549"}],"version-history":[{"count":2,"href":"https:\/\/itib-machinery.com\/es\/wp-json\/wp\/v2\/pages\/1549\/revisions"}],"predecessor-version":[{"id":1551,"href":"https:\/\/itib-machinery.com\/es\/wp-json\/wp\/v2\/pages\/1549\/revisions\/1551"}],"up":[{"embeddable":true,"href":"https:\/\/itib-machinery.com\/es\/wp-json\/wp\/v2\/pages\/1462"}],"wp:featuredmedia":[{"embeddable":true,"href":"https:\/\/itib-machinery.com\/es\/wp-json\/wp\/v2\/media\/1100"}],"wp:attachment":[{"href":"https:\/\/itib-machinery.com\/es\/wp-json\/wp\/v2\/media?parent=1549"}],"curies":[{"name":"wp","href":"https:\/\/api.w.org\/{rel}","templated":true}]}}