{"id":1561,"date":"2022-10-07T17:22:32","date_gmt":"2022-10-07T15:22:32","guid":{"rendered":"https:\/\/itib-machinery.com\/applications\/special-applications\/"},"modified":"2023-06-21T17:01:06","modified_gmt":"2023-06-21T15:01:06","slug":"special-applications","status":"publish","type":"page","link":"https:\/\/itib-machinery.com\/es\/aplicaciones\/special-applications\/","title":{"rendered":"Aplicaciones especiales"},"content":{"rendered":"","protected":false},"excerpt":{"rendered":"<p>Tubos de varios di\u00e1metros en diferentes termopl\u00e1sticos (PP, PE, EVA, etc.), de pared simple o doble, redondos u ovalados, para aplicaciones especiales como sistemas de purificaci\u00f3n de agua, sistemas de ventilaci\u00f3n, tubos flexibles para sanitarios y piscinas, l\u00edneas de calefacci\u00f3n urbana.<\/p>\n","protected":false},"author":1,"featured_media":1104,"parent":1462,"menu_order":58,"comment_status":"closed","ping_status":"closed","template":"","meta":{"footnotes":""},"class_list":["post-1561","page","type-page","status-publish","has-post-thumbnail","hentry"],"acf":[],"yoast_head":"<!-- This site is optimized with the Yoast SEO plugin v23.8 - https:\/\/yoast.com\/wordpress\/plugins\/seo\/ -->\n<title>Aplicaciones especiales - Itib Machinery<\/title>\n<meta name=\"robots\" content=\"noindex, nofollow\" \/>\n<meta property=\"og:locale\" content=\"es_ES\" \/>\n<meta property=\"og:type\" content=\"article\" \/>\n<meta property=\"og:title\" content=\"Aplicaciones especiales - Itib Machinery\" \/>\n<meta property=\"og:description\" content=\"Tubos de varios di\u00e1metros en diferentes termopl\u00e1sticos (PP, PE, EVA, etc.), de pared simple o doble, redondos u ovalados, para aplicaciones especiales como sistemas de purificaci\u00f3n de agua, sistemas de ventilaci\u00f3n, tubos flexibles para sanitarios y piscinas, l\u00edneas de calefacci\u00f3n urbana.\" \/>\n<meta property=\"og:url\" content=\"https:\/\/itib-machinery.com\/es\/aplicaciones\/special-applications\/\" \/>\n<meta property=\"og:site_name\" content=\"Itib Machinery\" \/>\n<meta property=\"article:modified_time\" content=\"2023-06-21T15:01:06+00:00\" \/>\n<meta property=\"og:image\" content=\"https:\/\/itib-machinery.com\/wp-content\/uploads\/2022\/10\/itib-SPECIALI.jpg\" \/>\n\t<meta property=\"og:image:width\" content=\"484\" \/>\n\t<meta property=\"og:image:height\" content=\"532\" \/>\n\t<meta property=\"og:image:type\" content=\"image\/jpeg\" \/>\n<meta name=\"twitter:card\" content=\"summary_large_image\" \/>\n<script type=\"application\/ld+json\" class=\"yoast-schema-graph\">{\"@context\":\"https:\/\/schema.org\",\"@graph\":[{\"@type\":\"WebPage\",\"@id\":\"https:\/\/itib-machinery.com\/es\/aplicaciones\/special-applications\/\",\"url\":\"https:\/\/itib-machinery.com\/es\/aplicaciones\/special-applications\/\",\"name\":\"Aplicaciones especiales - Itib Machinery\",\"isPartOf\":{\"@id\":\"https:\/\/itib-machinery.com\/es\/#website\"},\"primaryImageOfPage\":{\"@id\":\"https:\/\/itib-machinery.com\/es\/aplicaciones\/special-applications\/#primaryimage\"},\"image\":{\"@id\":\"https:\/\/itib-machinery.com\/es\/aplicaciones\/special-applications\/#primaryimage\"},\"thumbnailUrl\":\"https:\/\/itib-machinery.com\/wp-content\/uploads\/2022\/10\/itib-SPECIALI.jpg\",\"datePublished\":\"2022-10-07T15:22:32+00:00\",\"dateModified\":\"2023-06-21T15:01:06+00:00\",\"breadcrumb\":{\"@id\":\"https:\/\/itib-machinery.com\/es\/aplicaciones\/special-applications\/#breadcrumb\"},\"inLanguage\":\"es\",\"potentialAction\":[{\"@type\":\"ReadAction\",\"target\":[\"https:\/\/itib-machinery.com\/es\/aplicaciones\/special-applications\/\"]}]},{\"@type\":\"ImageObject\",\"inLanguage\":\"es\",\"@id\":\"https:\/\/itib-machinery.com\/es\/aplicaciones\/special-applications\/#primaryimage\",\"url\":\"https:\/\/itib-machinery.com\/wp-content\/uploads\/2022\/10\/itib-SPECIALI.jpg\",\"contentUrl\":\"https:\/\/itib-machinery.com\/wp-content\/uploads\/2022\/10\/itib-SPECIALI.jpg\",\"width\":484,\"height\":532},{\"@type\":\"BreadcrumbList\",\"@id\":\"https:\/\/itib-machinery.com\/es\/aplicaciones\/special-applications\/#breadcrumb\",\"itemListElement\":[{\"@type\":\"ListItem\",\"position\":1,\"name\":\"Home\",\"item\":\"https:\/\/itib-machinery.com\/es\/\"},{\"@type\":\"ListItem\",\"position\":2,\"name\":\"APLICACIONES\",\"item\":\"https:\/\/itib-machinery.com\/es\/aplicaciones\/\"},{\"@type\":\"ListItem\",\"position\":3,\"name\":\"Aplicaciones especiales\"}]},{\"@type\":\"WebSite\",\"@id\":\"https:\/\/itib-machinery.com\/es\/#website\",\"url\":\"https:\/\/itib-machinery.com\/es\/\",\"name\":\"Itib Machinery\",\"description\":\"\",\"potentialAction\":[{\"@type\":\"SearchAction\",\"target\":{\"@type\":\"EntryPoint\",\"urlTemplate\":\"https:\/\/itib-machinery.com\/es\/?s={search_term_string}\"},\"query-input\":{\"@type\":\"PropertyValueSpecification\",\"valueRequired\":true,\"valueName\":\"search_term_string\"}}],\"inLanguage\":\"es\"}]}<\/script>\n<!-- \/ Yoast SEO plugin. -->","yoast_head_json":{"title":"Aplicaciones especiales - Itib Machinery","robots":{"index":"noindex","follow":"nofollow"},"og_locale":"es_ES","og_type":"article","og_title":"Aplicaciones especiales - Itib Machinery","og_description":"Tubos de varios di\u00e1metros en diferentes termopl\u00e1sticos (PP, PE, EVA, etc.), de pared simple o doble, redondos u ovalados, para aplicaciones especiales como sistemas de purificaci\u00f3n de agua, sistemas de ventilaci\u00f3n, tubos flexibles para sanitarios y piscinas, l\u00edneas de calefacci\u00f3n urbana.","og_url":"https:\/\/itib-machinery.com\/es\/aplicaciones\/special-applications\/","og_site_name":"Itib Machinery","article_modified_time":"2023-06-21T15:01:06+00:00","og_image":[{"width":484,"height":532,"url":"https:\/\/itib-machinery.com\/wp-content\/uploads\/2022\/10\/itib-SPECIALI.jpg","type":"image\/jpeg"}],"twitter_card":"summary_large_image","schema":{"@context":"https:\/\/schema.org","@graph":[{"@type":"WebPage","@id":"https:\/\/itib-machinery.com\/es\/aplicaciones\/special-applications\/","url":"https:\/\/itib-machinery.com\/es\/aplicaciones\/special-applications\/","name":"Aplicaciones especiales - Itib Machinery","isPartOf":{"@id":"https:\/\/itib-machinery.com\/es\/#website"},"primaryImageOfPage":{"@id":"https:\/\/itib-machinery.com\/es\/aplicaciones\/special-applications\/#primaryimage"},"image":{"@id":"https:\/\/itib-machinery.com\/es\/aplicaciones\/special-applications\/#primaryimage"},"thumbnailUrl":"https:\/\/itib-machinery.com\/wp-content\/uploads\/2022\/10\/itib-SPECIALI.jpg","datePublished":"2022-10-07T15:22:32+00:00","dateModified":"2023-06-21T15:01:06+00:00","breadcrumb":{"@id":"https:\/\/itib-machinery.com\/es\/aplicaciones\/special-applications\/#breadcrumb"},"inLanguage":"es","potentialAction":[{"@type":"ReadAction","target":["https:\/\/itib-machinery.com\/es\/aplicaciones\/special-applications\/"]}]},{"@type":"ImageObject","inLanguage":"es","@id":"https:\/\/itib-machinery.com\/es\/aplicaciones\/special-applications\/#primaryimage","url":"https:\/\/itib-machinery.com\/wp-content\/uploads\/2022\/10\/itib-SPECIALI.jpg","contentUrl":"https:\/\/itib-machinery.com\/wp-content\/uploads\/2022\/10\/itib-SPECIALI.jpg","width":484,"height":532},{"@type":"BreadcrumbList","@id":"https:\/\/itib-machinery.com\/es\/aplicaciones\/special-applications\/#breadcrumb","itemListElement":[{"@type":"ListItem","position":1,"name":"Home","item":"https:\/\/itib-machinery.com\/es\/"},{"@type":"ListItem","position":2,"name":"APLICACIONES","item":"https:\/\/itib-machinery.com\/es\/aplicaciones\/"},{"@type":"ListItem","position":3,"name":"Aplicaciones especiales"}]},{"@type":"WebSite","@id":"https:\/\/itib-machinery.com\/es\/#website","url":"https:\/\/itib-machinery.com\/es\/","name":"Itib Machinery","description":"","potentialAction":[{"@type":"SearchAction","target":{"@type":"EntryPoint","urlTemplate":"https:\/\/itib-machinery.com\/es\/?s={search_term_string}"},"query-input":{"@type":"PropertyValueSpecification","valueRequired":true,"valueName":"search_term_string"}}],"inLanguage":"es"}]}},"_links":{"self":[{"href":"https:\/\/itib-machinery.com\/es\/wp-json\/wp\/v2\/pages\/1561","targetHints":{"allow":["GET"]}}],"collection":[{"href":"https:\/\/itib-machinery.com\/es\/wp-json\/wp\/v2\/pages"}],"about":[{"href":"https:\/\/itib-machinery.com\/es\/wp-json\/wp\/v2\/types\/page"}],"author":[{"embeddable":true,"href":"https:\/\/itib-machinery.com\/es\/wp-json\/wp\/v2\/users\/1"}],"replies":[{"embeddable":true,"href":"https:\/\/itib-machinery.com\/es\/wp-json\/wp\/v2\/comments?post=1561"}],"version-history":[{"count":2,"href":"https:\/\/itib-machinery.com\/es\/wp-json\/wp\/v2\/pages\/1561\/revisions"}],"predecessor-version":[{"id":1563,"href":"https:\/\/itib-machinery.com\/es\/wp-json\/wp\/v2\/pages\/1561\/revisions\/1563"}],"up":[{"embeddable":true,"href":"https:\/\/itib-machinery.com\/es\/wp-json\/wp\/v2\/pages\/1462"}],"wp:featuredmedia":[{"embeddable":true,"href":"https:\/\/itib-machinery.com\/es\/wp-json\/wp\/v2\/media\/1104"}],"wp:attachment":[{"href":"https:\/\/itib-machinery.com\/es\/wp-json\/wp\/v2\/media?parent=1561"}],"curies":[{"name":"wp","href":"https:\/\/api.w.org\/{rel}","templated":true}]}}