{"id":2029,"date":"2025-08-07T16:17:29","date_gmt":"2025-08-07T14:17:29","guid":{"rendered":"https:\/\/itib-machinery.com\/?page_id=2029"},"modified":"2025-10-09T14:54:18","modified_gmt":"2025-10-09T12:54:18","slug":"fv400hp","status":"publish","type":"page","link":"https:\/\/itib-machinery.com\/es\/productos\/corrugadoras\/fv400hp\/","title":{"rendered":"FV<span>400<\/span>+<span>HP<\/span>"},"content":{"rendered":"<p><img loading=\"lazy\" decoding=\"async\" class=\"aligncenter size-full wp-image-1916\" src=\"https:\/\/itib-machinery.com\/wp-content\/uploads\/2025\/10\/FV400HP_cerchio.png\" alt=\"\" width=\"1000\" height=\"638\" srcset=\"https:\/\/itib-machinery.com\/wp-content\/uploads\/2025\/10\/FV400HP_cerchio.png 1000w, https:\/\/itib-machinery.com\/wp-content\/uploads\/2025\/10\/FV400HP_cerchio-300x191.png 300w, https:\/\/itib-machinery.com\/wp-content\/uploads\/2025\/10\/FV400HP_cerchio-768x490.png 768w\" sizes=\"auto, (max-width: 1000px) 100vw, 1000px\" \/><\/p>\n<p data-start=\"121\" data-end=\"357\">El corrugador FV400+HP nace con el objetivo de cubrir tanto <strong>conductos<\/strong> para<strong> cables como tuber\u00edas de drenaje<\/strong>, abarcando una amplia gama de tama\u00f1os desde 90 mm de di\u00e1metro exterior (OD) hasta 400 mm de di\u00e1metro interior (ID).<\/p>\n<p data-start=\"359\" data-end=\"699\">La decisi\u00f3n de incluir el <strong>di\u00e1metro interior de 400 mm<\/strong> est\u00e1 destacada con el signo <strong data-start=\"441\" data-end=\"448\">\u201c+\u201d<\/strong>. Adem\u00e1s, el dise\u00f1o de los moldes ofrece espacio adicional que permite tambi\u00e9n <strong>la producci\u00f3n de tuber\u00edas con enchufe en l\u00ednea<\/strong>. La gama va desde <strong data-start=\"596\" data-end=\"618\">3\u201d ID hasta 15\u201d ID<\/strong>, pensada para los pa\u00edses que utilizan medidas imperiales, como Estados Unidos.<\/p>\n<p data-start=\"701\" data-end=\"1040\">Una de las caracter\u00edsticas t\u00e9cnicas principales de este nuevo equipo es la posibilidad de utilizar los <strong data-start=\"804\" data-end=\"848\">mismos moldes y herramientas del <a href=\"https:\/\/itib-machinery.com\/es\/productos\/corrugadoras\/fv200hp\/\" target=\"_blank\" rel=\"noopener\">FV200HP<\/a><\/strong>, ofreciendo as\u00ed a los clientes una gran flexibilidad de producci\u00f3n. Todas las soluciones m\u00e1s avanzadas ya aplicadas en el modelo m\u00e1s peque\u00f1o est\u00e1n igualmente disponibles en el FV400+HP.<\/p>\n<p data-start=\"1042\" data-end=\"1288\">De hecho, la creciente demanda de tuber\u00edas de doble pared en di\u00e1metros peque\u00f1os justifica y requiere un corrugador dedicado, capaz de funcionar a la m\u00e1xima velocidad, reduciendo los costes de producci\u00f3n y optimizando las l\u00edneas productivas.<\/p>\n<p>Principales caracter\u00edsticas t\u00e9cnicas:<\/p>\n<ul>\n<li data-start=\"1336\" data-end=\"1367\">Control totalmente motorizadoControl integrado de la temperatura de los moldes<\/li>\n<li data-start=\"1336\" data-end=\"1367\">Refrigeraci\u00f3n individual de los moldes<\/li>\n<li data-start=\"1336\" data-end=\"1367\">Protecci\u00f3n del accionamiento con limitaci\u00f3n de par<\/li>\n<li data-start=\"1336\" data-end=\"1367\">Succi\u00f3n superior en moldes de vac\u00edo<\/li>\n<li data-start=\"1336\" data-end=\"1367\">Total compatibilidad de moldes con la serie FV200\/50 HP (OD 90+)<\/li>\n<\/ul>\n<p><img loading=\"lazy\" decoding=\"async\" class=\"aligncenter size-large wp-image-2038\" src=\"https:\/\/itib-machinery.com\/wp-content\/uploads\/2025\/10\/particolareFlyer-1024x674.png\" alt=\"\" width=\"640\" height=\"421\" srcset=\"https:\/\/itib-machinery.com\/wp-content\/uploads\/2025\/10\/particolareFlyer-1024x674.png 1024w, https:\/\/itib-machinery.com\/wp-content\/uploads\/2025\/10\/particolareFlyer-300x197.png 300w, https:\/\/itib-machinery.com\/wp-content\/uploads\/2025\/10\/particolareFlyer-768x505.png 768w, https:\/\/itib-machinery.com\/wp-content\/uploads\/2025\/10\/particolareFlyer-1536x1011.png 1536w, https:\/\/itib-machinery.com\/wp-content\/uploads\/2025\/10\/particolareFlyer-2048x1348.png 2048w\" sizes=\"auto, (max-width: 640px) 100vw, 640px\" \/><\/p>\n<p><img loading=\"lazy\" decoding=\"async\" class=\"aligncenter size-full wp-image-2042\" src=\"https:\/\/itib-machinery.com\/wp-content\/uploads\/2025\/10\/tabellaFlyer.png\" alt=\"\" width=\"1996\" height=\"355\" srcset=\"https:\/\/itib-machinery.com\/wp-content\/uploads\/2025\/10\/tabellaFlyer.png 1996w, https:\/\/itib-machinery.com\/wp-content\/uploads\/2025\/10\/tabellaFlyer-300x53.png 300w, https:\/\/itib-machinery.com\/wp-content\/uploads\/2025\/10\/tabellaFlyer-1024x182.png 1024w, https:\/\/itib-machinery.com\/wp-content\/uploads\/2025\/10\/tabellaFlyer-768x137.png 768w, https:\/\/itib-machinery.com\/wp-content\/uploads\/2025\/10\/tabellaFlyer-1536x273.png 1536w\" sizes=\"auto, (max-width: 1996px) 100vw, 1996px\" \/><\/p>\n<p>\u00a1Mantente atento y nos vemos muy pronto en la K2025 \u2013 D\u00fcsseldorf, pabell\u00f3n 15, stand D37!<\/p>\n<div id='gallery-1' class='gallery galleryid-2029 gallery-columns-3 gallery-size-large'><figure class='gallery-item'>\n\t\t\t<div class='gallery-icon landscape'>\n\t\t\t\t<a href='https:\/\/itib-machinery.com\/wp-content\/uploads\/2025\/10\/20250924_122524-scaled.jpg' rel=\"lightbox[gallery-0]\"><img loading=\"lazy\" decoding=\"async\" width=\"640\" height=\"480\" src=\"https:\/\/itib-machinery.com\/wp-content\/uploads\/2025\/10\/20250924_122524-1024x768.jpg\" class=\"attachment-large size-large\" alt=\"\" srcset=\"https:\/\/itib-machinery.com\/wp-content\/uploads\/2025\/10\/20250924_122524-1024x768.jpg 1024w, https:\/\/itib-machinery.com\/wp-content\/uploads\/2025\/10\/20250924_122524-300x225.jpg 300w, https:\/\/itib-machinery.com\/wp-content\/uploads\/2025\/10\/20250924_122524-768x576.jpg 768w, https:\/\/itib-machinery.com\/wp-content\/uploads\/2025\/10\/20250924_122524-1536x1152.jpg 1536w, https:\/\/itib-machinery.com\/wp-content\/uploads\/2025\/10\/20250924_122524-2048x1536.jpg 2048w\" sizes=\"auto, (max-width: 640px) 100vw, 640px\" \/><\/a>\n\t\t\t<\/div><\/figure><figure class='gallery-item'>\n\t\t\t<div class='gallery-icon landscape'>\n\t\t\t\t<a href='https:\/\/itib-machinery.com\/wp-content\/uploads\/2025\/10\/20250924_144454-scaled.jpg' rel=\"lightbox[gallery-0]\"><img loading=\"lazy\" decoding=\"async\" width=\"640\" height=\"480\" src=\"https:\/\/itib-machinery.com\/wp-content\/uploads\/2025\/10\/20250924_144454-1024x768.jpg\" class=\"attachment-large size-large\" alt=\"\" srcset=\"https:\/\/itib-machinery.com\/wp-content\/uploads\/2025\/10\/20250924_144454-1024x768.jpg 1024w, https:\/\/itib-machinery.com\/wp-content\/uploads\/2025\/10\/20250924_144454-300x225.jpg 300w, https:\/\/itib-machinery.com\/wp-content\/uploads\/2025\/10\/20250924_144454-768x576.jpg 768w, https:\/\/itib-machinery.com\/wp-content\/uploads\/2025\/10\/20250924_144454-1536x1152.jpg 1536w, https:\/\/itib-machinery.com\/wp-content\/uploads\/2025\/10\/20250924_144454-2048x1536.jpg 2048w\" sizes=\"auto, (max-width: 640px) 100vw, 640px\" \/><\/a>\n\t\t\t<\/div><\/figure><figure class='gallery-item'>\n\t\t\t<div class='gallery-icon landscape'>\n\t\t\t\t<a href='https:\/\/itib-machinery.com\/wp-content\/uploads\/2025\/10\/20250924_144633-scaled.jpg' rel=\"lightbox[gallery-0]\"><img loading=\"lazy\" decoding=\"async\" width=\"640\" height=\"480\" src=\"https:\/\/itib-machinery.com\/wp-content\/uploads\/2025\/10\/20250924_144633-1024x768.jpg\" class=\"attachment-large size-large\" alt=\"\" srcset=\"https:\/\/itib-machinery.com\/wp-content\/uploads\/2025\/10\/20250924_144633-1024x768.jpg 1024w, https:\/\/itib-machinery.com\/wp-content\/uploads\/2025\/10\/20250924_144633-300x225.jpg 300w, https:\/\/itib-machinery.com\/wp-content\/uploads\/2025\/10\/20250924_144633-768x576.jpg 768w, https:\/\/itib-machinery.com\/wp-content\/uploads\/2025\/10\/20250924_144633-1536x1152.jpg 1536w, https:\/\/itib-machinery.com\/wp-content\/uploads\/2025\/10\/20250924_144633-2048x1536.jpg 2048w\" sizes=\"auto, (max-width: 640px) 100vw, 640px\" \/><\/a>\n\t\t\t<\/div><\/figure>\n\t\t<\/div>\n\n","protected":false},"excerpt":{"rendered":"<p>El corrugador FV400+HP nace con el objetivo de cubrir tanto conductos para cables como tuber\u00edas de drenaje, abarcando una amplia gama de tama\u00f1os desde 90 mm de di\u00e1metro exterior (OD) hasta 400 mm de di\u00e1metro interior (ID). La decisi\u00f3n de incluir el di\u00e1metro interior de 400 mm est\u00e1 destacada con el signo \u201c+\u201d. Adem\u00e1s, el [&hellip;]<\/p>\n","protected":false},"author":3,"featured_media":2023,"parent":1468,"menu_order":99,"comment_status":"closed","ping_status":"closed","template":"singolo-prodotto.php","meta":{"footnotes":""},"class_list":["post-2029","page","type-page","status-publish","has-post-thumbnail","hentry"],"acf":[],"yoast_head":"<!-- This site is optimized with the Yoast SEO plugin v23.8 - https:\/\/yoast.com\/wordpress\/plugins\/seo\/ -->\n<title>FV400+HP - Itib Machinery<\/title>\n<meta name=\"robots\" content=\"index, follow, max-snippet:-1, max-image-preview:large, max-video-preview:-1\" \/>\n<link rel=\"canonical\" href=\"https:\/\/itib-machinery.com\/es\/productos\/corrugadoras\/fv400hp\/\" \/>\n<meta property=\"og:locale\" content=\"es_ES\" \/>\n<meta property=\"og:type\" content=\"article\" \/>\n<meta property=\"og:title\" content=\"FV400+HP - Itib Machinery\" \/>\n<meta property=\"og:description\" content=\"El corrugador FV400+HP nace con el objetivo de cubrir tanto conductos para cables como tuber\u00edas de drenaje, abarcando una amplia gama de tama\u00f1os desde 90 mm de di\u00e1metro exterior (OD) hasta 400 mm de di\u00e1metro interior (ID). La decisi\u00f3n de incluir el di\u00e1metro interior de 400 mm est\u00e1 destacada con el signo \u201c+\u201d. Adem\u00e1s, el [&hellip;]\" \/>\n<meta property=\"og:url\" content=\"https:\/\/itib-machinery.com\/es\/productos\/corrugadoras\/fv400hp\/\" \/>\n<meta property=\"og:site_name\" content=\"Itib Machinery\" \/>\n<meta property=\"article:modified_time\" content=\"2025-10-09T12:54:18+00:00\" \/>\n<meta property=\"og:image\" content=\"https:\/\/itib-machinery.com\/wp-content\/uploads\/2025\/10\/FV400HP_miniatura2-e1759323348671.png\" \/>\n\t<meta property=\"og:image:width\" content=\"564\" \/>\n\t<meta property=\"og:image:height\" content=\"400\" \/>\n\t<meta property=\"og:image:type\" content=\"image\/png\" \/>\n<meta name=\"twitter:card\" content=\"summary_large_image\" \/>\n<script type=\"application\/ld+json\" class=\"yoast-schema-graph\">{\"@context\":\"https:\/\/schema.org\",\"@graph\":[{\"@type\":\"WebPage\",\"@id\":\"https:\/\/itib-machinery.com\/es\/productos\/corrugadoras\/fv400hp\/\",\"url\":\"https:\/\/itib-machinery.com\/es\/productos\/corrugadoras\/fv400hp\/\",\"name\":\"FV400+HP - Itib Machinery\",\"isPartOf\":{\"@id\":\"https:\/\/itib-machinery.com\/es\/#website\"},\"primaryImageOfPage\":{\"@id\":\"https:\/\/itib-machinery.com\/es\/productos\/corrugadoras\/fv400hp\/#primaryimage\"},\"image\":{\"@id\":\"https:\/\/itib-machinery.com\/es\/productos\/corrugadoras\/fv400hp\/#primaryimage\"},\"thumbnailUrl\":\"https:\/\/itib-machinery.com\/wp-content\/uploads\/2025\/10\/FV400HP_miniatura2-e1759323348671.png\",\"datePublished\":\"2025-08-07T14:17:29+00:00\",\"dateModified\":\"2025-10-09T12:54:18+00:00\",\"breadcrumb\":{\"@id\":\"https:\/\/itib-machinery.com\/es\/productos\/corrugadoras\/fv400hp\/#breadcrumb\"},\"inLanguage\":\"es\",\"potentialAction\":[{\"@type\":\"ReadAction\",\"target\":[\"https:\/\/itib-machinery.com\/es\/productos\/corrugadoras\/fv400hp\/\"]}]},{\"@type\":\"ImageObject\",\"inLanguage\":\"es\",\"@id\":\"https:\/\/itib-machinery.com\/es\/productos\/corrugadoras\/fv400hp\/#primaryimage\",\"url\":\"https:\/\/itib-machinery.com\/wp-content\/uploads\/2025\/10\/FV400HP_miniatura2-e1759323348671.png\",\"contentUrl\":\"https:\/\/itib-machinery.com\/wp-content\/uploads\/2025\/10\/FV400HP_miniatura2-e1759323348671.png\",\"width\":564,\"height\":400},{\"@type\":\"BreadcrumbList\",\"@id\":\"https:\/\/itib-machinery.com\/es\/productos\/corrugadoras\/fv400hp\/#breadcrumb\",\"itemListElement\":[{\"@type\":\"ListItem\",\"position\":1,\"name\":\"Home\",\"item\":\"https:\/\/itib-machinery.com\/es\/\"},{\"@type\":\"ListItem\",\"position\":2,\"name\":\"PRODUCTOS\",\"item\":\"https:\/\/itib-machinery.com\/es\/productos\/\"},{\"@type\":\"ListItem\",\"position\":3,\"name\":\"Corrugadoras\",\"item\":\"https:\/\/itib-machinery.com\/es\/productos\/corrugadoras\/\"},{\"@type\":\"ListItem\",\"position\":4,\"name\":\"FV400+HP\"}]},{\"@type\":\"WebSite\",\"@id\":\"https:\/\/itib-machinery.com\/es\/#website\",\"url\":\"https:\/\/itib-machinery.com\/es\/\",\"name\":\"Itib Machinery\",\"description\":\"\",\"potentialAction\":[{\"@type\":\"SearchAction\",\"target\":{\"@type\":\"EntryPoint\",\"urlTemplate\":\"https:\/\/itib-machinery.com\/es\/?s={search_term_string}\"},\"query-input\":{\"@type\":\"PropertyValueSpecification\",\"valueRequired\":true,\"valueName\":\"search_term_string\"}}],\"inLanguage\":\"es\"}]}<\/script>\n<!-- \/ Yoast SEO plugin. -->","yoast_head_json":{"title":"FV400+HP - Itib Machinery","robots":{"index":"index","follow":"follow","max-snippet":"max-snippet:-1","max-image-preview":"max-image-preview:large","max-video-preview":"max-video-preview:-1"},"canonical":"https:\/\/itib-machinery.com\/es\/productos\/corrugadoras\/fv400hp\/","og_locale":"es_ES","og_type":"article","og_title":"FV400+HP - Itib Machinery","og_description":"El corrugador FV400+HP nace con el objetivo de cubrir tanto conductos para cables como tuber\u00edas de drenaje, abarcando una amplia gama de tama\u00f1os desde 90 mm de di\u00e1metro exterior (OD) hasta 400 mm de di\u00e1metro interior (ID). La decisi\u00f3n de incluir el di\u00e1metro interior de 400 mm est\u00e1 destacada con el signo \u201c+\u201d. Adem\u00e1s, el [&hellip;]","og_url":"https:\/\/itib-machinery.com\/es\/productos\/corrugadoras\/fv400hp\/","og_site_name":"Itib Machinery","article_modified_time":"2025-10-09T12:54:18+00:00","og_image":[{"width":564,"height":400,"url":"https:\/\/itib-machinery.com\/wp-content\/uploads\/2025\/10\/FV400HP_miniatura2-e1759323348671.png","type":"image\/png"}],"twitter_card":"summary_large_image","schema":{"@context":"https:\/\/schema.org","@graph":[{"@type":"WebPage","@id":"https:\/\/itib-machinery.com\/es\/productos\/corrugadoras\/fv400hp\/","url":"https:\/\/itib-machinery.com\/es\/productos\/corrugadoras\/fv400hp\/","name":"FV400+HP - Itib Machinery","isPartOf":{"@id":"https:\/\/itib-machinery.com\/es\/#website"},"primaryImageOfPage":{"@id":"https:\/\/itib-machinery.com\/es\/productos\/corrugadoras\/fv400hp\/#primaryimage"},"image":{"@id":"https:\/\/itib-machinery.com\/es\/productos\/corrugadoras\/fv400hp\/#primaryimage"},"thumbnailUrl":"https:\/\/itib-machinery.com\/wp-content\/uploads\/2025\/10\/FV400HP_miniatura2-e1759323348671.png","datePublished":"2025-08-07T14:17:29+00:00","dateModified":"2025-10-09T12:54:18+00:00","breadcrumb":{"@id":"https:\/\/itib-machinery.com\/es\/productos\/corrugadoras\/fv400hp\/#breadcrumb"},"inLanguage":"es","potentialAction":[{"@type":"ReadAction","target":["https:\/\/itib-machinery.com\/es\/productos\/corrugadoras\/fv400hp\/"]}]},{"@type":"ImageObject","inLanguage":"es","@id":"https:\/\/itib-machinery.com\/es\/productos\/corrugadoras\/fv400hp\/#primaryimage","url":"https:\/\/itib-machinery.com\/wp-content\/uploads\/2025\/10\/FV400HP_miniatura2-e1759323348671.png","contentUrl":"https:\/\/itib-machinery.com\/wp-content\/uploads\/2025\/10\/FV400HP_miniatura2-e1759323348671.png","width":564,"height":400},{"@type":"BreadcrumbList","@id":"https:\/\/itib-machinery.com\/es\/productos\/corrugadoras\/fv400hp\/#breadcrumb","itemListElement":[{"@type":"ListItem","position":1,"name":"Home","item":"https:\/\/itib-machinery.com\/es\/"},{"@type":"ListItem","position":2,"name":"PRODUCTOS","item":"https:\/\/itib-machinery.com\/es\/productos\/"},{"@type":"ListItem","position":3,"name":"Corrugadoras","item":"https:\/\/itib-machinery.com\/es\/productos\/corrugadoras\/"},{"@type":"ListItem","position":4,"name":"FV400+HP"}]},{"@type":"WebSite","@id":"https:\/\/itib-machinery.com\/es\/#website","url":"https:\/\/itib-machinery.com\/es\/","name":"Itib Machinery","description":"","potentialAction":[{"@type":"SearchAction","target":{"@type":"EntryPoint","urlTemplate":"https:\/\/itib-machinery.com\/es\/?s={search_term_string}"},"query-input":{"@type":"PropertyValueSpecification","valueRequired":true,"valueName":"search_term_string"}}],"inLanguage":"es"}]}},"_links":{"self":[{"href":"https:\/\/itib-machinery.com\/es\/wp-json\/wp\/v2\/pages\/2029","targetHints":{"allow":["GET"]}}],"collection":[{"href":"https:\/\/itib-machinery.com\/es\/wp-json\/wp\/v2\/pages"}],"about":[{"href":"https:\/\/itib-machinery.com\/es\/wp-json\/wp\/v2\/types\/page"}],"author":[{"embeddable":true,"href":"https:\/\/itib-machinery.com\/es\/wp-json\/wp\/v2\/users\/3"}],"replies":[{"embeddable":true,"href":"https:\/\/itib-machinery.com\/es\/wp-json\/wp\/v2\/comments?post=2029"}],"version-history":[{"count":5,"href":"https:\/\/itib-machinery.com\/es\/wp-json\/wp\/v2\/pages\/2029\/revisions"}],"predecessor-version":[{"id":2102,"href":"https:\/\/itib-machinery.com\/es\/wp-json\/wp\/v2\/pages\/2029\/revisions\/2102"}],"up":[{"embeddable":true,"href":"https:\/\/itib-machinery.com\/es\/wp-json\/wp\/v2\/pages\/1468"}],"wp:featuredmedia":[{"embeddable":true,"href":"https:\/\/itib-machinery.com\/es\/wp-json\/wp\/v2\/media\/2023"}],"wp:attachment":[{"href":"https:\/\/itib-machinery.com\/es\/wp-json\/wp\/v2\/media?parent=2029"}],"curies":[{"name":"wp","href":"https:\/\/api.w.org\/{rel}","templated":true}]}}