{"id":1234,"date":"2022-10-12T15:48:29","date_gmt":"2022-10-12T13:48:29","guid":{"rendered":"https:\/\/itib-machinery.com\/?page_id=1234"},"modified":"2023-06-22T15:58:28","modified_gmt":"2023-06-22T13:58:28","slug":"lignes-de-production-cles-en-main","status":"publish","type":"page","link":"https:\/\/itib-machinery.com\/fr\/produits\/lignes-de-production-cles-en-main\/","title":{"rendered":"Lignes de production cl\u00e9s en main"},"content":{"rendered":"<p>Un service de conseil est \u00e9galement propos\u00e9 pour la s\u00e9lection des \u00e9l\u00e9ments destin\u00e9s \u00e0 compl\u00e9ter la ligne d&rsquo;extrusion, ainsi que la possibilit\u00e9 de confier \u00e0 ITIB Machinery la fourniture et la gestion de l&rsquo;ensemble de l&rsquo;installation selon la formule \u00ab\u00a0cl\u00e9s en main \u00bb.<\/p>\n","protected":false},"excerpt":{"rendered":"<p>Un service de conseil est \u00e9galement propos\u00e9 pour la s\u00e9lection des \u00e9l\u00e9ments destin\u00e9s \u00e0 compl\u00e9ter la ligne d&rsquo;extrusion, ainsi que la possibilit\u00e9 de confier \u00e0 ITIB Machinery la fourniture et la gestion de l&rsquo;ensemble de l&rsquo;installation selon la formule \u00abcl\u00e9s en main\u00bb.<\/p>\n","protected":false},"author":3,"featured_media":1067,"parent":1318,"menu_order":121,"comment_status":"closed","ping_status":"closed","template":"categoria-prodotto.php","meta":{"footnotes":""},"class_list":["post-1234","page","type-page","status-publish","has-post-thumbnail","hentry"],"acf":[],"yoast_head":"<!-- This site is optimized with the Yoast SEO plugin v23.8 - https:\/\/yoast.com\/wordpress\/plugins\/seo\/ -->\n<title>Lignes de production cl\u00e9s en main - Itib Machinery<\/title>\n<meta name=\"robots\" content=\"index, follow, max-snippet:-1, max-image-preview:large, max-video-preview:-1\" \/>\n<link rel=\"canonical\" href=\"https:\/\/itib-machinery.com\/fr\/produits\/lignes-de-production-cles-en-main\/\" \/>\n<meta property=\"og:locale\" content=\"fr_FR\" \/>\n<meta property=\"og:type\" content=\"article\" \/>\n<meta property=\"og:title\" content=\"Lignes de production cl\u00e9s en main - Itib Machinery\" \/>\n<meta property=\"og:description\" content=\"Un service de conseil est \u00e9galement propos\u00e9 pour la s\u00e9lection des \u00e9l\u00e9ments destin\u00e9s \u00e0 compl\u00e9ter la ligne d&#039;extrusion, ainsi que la possibilit\u00e9 de confier \u00e0 ITIB Machinery la fourniture et la gestion de l&#039;ensemble de l&#039;installation selon la formule \u00abcl\u00e9s en main\u00bb.\" \/>\n<meta property=\"og:url\" content=\"https:\/\/itib-machinery.com\/fr\/produits\/lignes-de-production-cles-en-main\/\" \/>\n<meta property=\"og:site_name\" content=\"Itib Machinery\" \/>\n<meta property=\"article:modified_time\" content=\"2023-06-22T13:58:28+00:00\" \/>\n<meta property=\"og:image\" content=\"https:\/\/itib-machinery.com\/wp-content\/uploads\/2022\/10\/copertina-linee-complete-1.jpg\" \/>\n\t<meta property=\"og:image:width\" content=\"690\" \/>\n\t<meta property=\"og:image:height\" content=\"333\" \/>\n\t<meta property=\"og:image:type\" content=\"image\/jpeg\" \/>\n<meta name=\"twitter:card\" content=\"summary_large_image\" \/>\n<script type=\"application\/ld+json\" class=\"yoast-schema-graph\">{\"@context\":\"https:\/\/schema.org\",\"@graph\":[{\"@type\":\"WebPage\",\"@id\":\"https:\/\/itib-machinery.com\/fr\/produits\/lignes-de-production-cles-en-main\/\",\"url\":\"https:\/\/itib-machinery.com\/fr\/produits\/lignes-de-production-cles-en-main\/\",\"name\":\"Lignes de production cl\u00e9s en main - Itib Machinery\",\"isPartOf\":{\"@id\":\"https:\/\/itib-machinery.com\/fr\/#website\"},\"primaryImageOfPage\":{\"@id\":\"https:\/\/itib-machinery.com\/fr\/produits\/lignes-de-production-cles-en-main\/#primaryimage\"},\"image\":{\"@id\":\"https:\/\/itib-machinery.com\/fr\/produits\/lignes-de-production-cles-en-main\/#primaryimage\"},\"thumbnailUrl\":\"https:\/\/itib-machinery.com\/wp-content\/uploads\/2022\/10\/copertina-linee-complete-1.jpg\",\"datePublished\":\"2022-10-12T13:48:29+00:00\",\"dateModified\":\"2023-06-22T13:58:28+00:00\",\"breadcrumb\":{\"@id\":\"https:\/\/itib-machinery.com\/fr\/produits\/lignes-de-production-cles-en-main\/#breadcrumb\"},\"inLanguage\":\"fr-FR\",\"potentialAction\":[{\"@type\":\"ReadAction\",\"target\":[\"https:\/\/itib-machinery.com\/fr\/produits\/lignes-de-production-cles-en-main\/\"]}]},{\"@type\":\"ImageObject\",\"inLanguage\":\"fr-FR\",\"@id\":\"https:\/\/itib-machinery.com\/fr\/produits\/lignes-de-production-cles-en-main\/#primaryimage\",\"url\":\"https:\/\/itib-machinery.com\/wp-content\/uploads\/2022\/10\/copertina-linee-complete-1.jpg\",\"contentUrl\":\"https:\/\/itib-machinery.com\/wp-content\/uploads\/2022\/10\/copertina-linee-complete-1.jpg\",\"width\":690,\"height\":333},{\"@type\":\"BreadcrumbList\",\"@id\":\"https:\/\/itib-machinery.com\/fr\/produits\/lignes-de-production-cles-en-main\/#breadcrumb\",\"itemListElement\":[{\"@type\":\"ListItem\",\"position\":1,\"name\":\"Home\",\"item\":\"https:\/\/itib-machinery.com\/fr\/\"},{\"@type\":\"ListItem\",\"position\":2,\"name\":\"PRODUITS\",\"item\":\"https:\/\/itib-machinery.com\/fr\/produits\/\"},{\"@type\":\"ListItem\",\"position\":3,\"name\":\"Lignes de production cl\u00e9s en main\"}]},{\"@type\":\"WebSite\",\"@id\":\"https:\/\/itib-machinery.com\/fr\/#website\",\"url\":\"https:\/\/itib-machinery.com\/fr\/\",\"name\":\"Itib Machinery\",\"description\":\"\",\"potentialAction\":[{\"@type\":\"SearchAction\",\"target\":{\"@type\":\"EntryPoint\",\"urlTemplate\":\"https:\/\/itib-machinery.com\/fr\/?s={search_term_string}\"},\"query-input\":{\"@type\":\"PropertyValueSpecification\",\"valueRequired\":true,\"valueName\":\"search_term_string\"}}],\"inLanguage\":\"fr-FR\"}]}<\/script>\n<!-- \/ Yoast SEO plugin. -->","yoast_head_json":{"title":"Lignes de production cl\u00e9s en main - Itib Machinery","robots":{"index":"index","follow":"follow","max-snippet":"max-snippet:-1","max-image-preview":"max-image-preview:large","max-video-preview":"max-video-preview:-1"},"canonical":"https:\/\/itib-machinery.com\/fr\/produits\/lignes-de-production-cles-en-main\/","og_locale":"fr_FR","og_type":"article","og_title":"Lignes de production cl\u00e9s en main - Itib Machinery","og_description":"Un service de conseil est \u00e9galement propos\u00e9 pour la s\u00e9lection des \u00e9l\u00e9ments destin\u00e9s \u00e0 compl\u00e9ter la ligne d'extrusion, ainsi que la possibilit\u00e9 de confier \u00e0 ITIB Machinery la fourniture et la gestion de l'ensemble de l'installation selon la formule \u00abcl\u00e9s en main\u00bb.","og_url":"https:\/\/itib-machinery.com\/fr\/produits\/lignes-de-production-cles-en-main\/","og_site_name":"Itib Machinery","article_modified_time":"2023-06-22T13:58:28+00:00","og_image":[{"width":690,"height":333,"url":"https:\/\/itib-machinery.com\/wp-content\/uploads\/2022\/10\/copertina-linee-complete-1.jpg","type":"image\/jpeg"}],"twitter_card":"summary_large_image","schema":{"@context":"https:\/\/schema.org","@graph":[{"@type":"WebPage","@id":"https:\/\/itib-machinery.com\/fr\/produits\/lignes-de-production-cles-en-main\/","url":"https:\/\/itib-machinery.com\/fr\/produits\/lignes-de-production-cles-en-main\/","name":"Lignes de production cl\u00e9s en main - Itib Machinery","isPartOf":{"@id":"https:\/\/itib-machinery.com\/fr\/#website"},"primaryImageOfPage":{"@id":"https:\/\/itib-machinery.com\/fr\/produits\/lignes-de-production-cles-en-main\/#primaryimage"},"image":{"@id":"https:\/\/itib-machinery.com\/fr\/produits\/lignes-de-production-cles-en-main\/#primaryimage"},"thumbnailUrl":"https:\/\/itib-machinery.com\/wp-content\/uploads\/2022\/10\/copertina-linee-complete-1.jpg","datePublished":"2022-10-12T13:48:29+00:00","dateModified":"2023-06-22T13:58:28+00:00","breadcrumb":{"@id":"https:\/\/itib-machinery.com\/fr\/produits\/lignes-de-production-cles-en-main\/#breadcrumb"},"inLanguage":"fr-FR","potentialAction":[{"@type":"ReadAction","target":["https:\/\/itib-machinery.com\/fr\/produits\/lignes-de-production-cles-en-main\/"]}]},{"@type":"ImageObject","inLanguage":"fr-FR","@id":"https:\/\/itib-machinery.com\/fr\/produits\/lignes-de-production-cles-en-main\/#primaryimage","url":"https:\/\/itib-machinery.com\/wp-content\/uploads\/2022\/10\/copertina-linee-complete-1.jpg","contentUrl":"https:\/\/itib-machinery.com\/wp-content\/uploads\/2022\/10\/copertina-linee-complete-1.jpg","width":690,"height":333},{"@type":"BreadcrumbList","@id":"https:\/\/itib-machinery.com\/fr\/produits\/lignes-de-production-cles-en-main\/#breadcrumb","itemListElement":[{"@type":"ListItem","position":1,"name":"Home","item":"https:\/\/itib-machinery.com\/fr\/"},{"@type":"ListItem","position":2,"name":"PRODUITS","item":"https:\/\/itib-machinery.com\/fr\/produits\/"},{"@type":"ListItem","position":3,"name":"Lignes de production cl\u00e9s en main"}]},{"@type":"WebSite","@id":"https:\/\/itib-machinery.com\/fr\/#website","url":"https:\/\/itib-machinery.com\/fr\/","name":"Itib Machinery","description":"","potentialAction":[{"@type":"SearchAction","target":{"@type":"EntryPoint","urlTemplate":"https:\/\/itib-machinery.com\/fr\/?s={search_term_string}"},"query-input":{"@type":"PropertyValueSpecification","valueRequired":true,"valueName":"search_term_string"}}],"inLanguage":"fr-FR"}]}},"_links":{"self":[{"href":"https:\/\/itib-machinery.com\/fr\/wp-json\/wp\/v2\/pages\/1234","targetHints":{"allow":["GET"]}}],"collection":[{"href":"https:\/\/itib-machinery.com\/fr\/wp-json\/wp\/v2\/pages"}],"about":[{"href":"https:\/\/itib-machinery.com\/fr\/wp-json\/wp\/v2\/types\/page"}],"author":[{"embeddable":true,"href":"https:\/\/itib-machinery.com\/fr\/wp-json\/wp\/v2\/users\/3"}],"replies":[{"embeddable":true,"href":"https:\/\/itib-machinery.com\/fr\/wp-json\/wp\/v2\/comments?post=1234"}],"version-history":[{"count":10,"href":"https:\/\/itib-machinery.com\/fr\/wp-json\/wp\/v2\/pages\/1234\/revisions"}],"predecessor-version":[{"id":1646,"href":"https:\/\/itib-machinery.com\/fr\/wp-json\/wp\/v2\/pages\/1234\/revisions\/1646"}],"up":[{"embeddable":true,"href":"https:\/\/itib-machinery.com\/fr\/wp-json\/wp\/v2\/pages\/1318"}],"wp:featuredmedia":[{"embeddable":true,"href":"https:\/\/itib-machinery.com\/fr\/wp-json\/wp\/v2\/media\/1067"}],"wp:attachment":[{"href":"https:\/\/itib-machinery.com\/fr\/wp-json\/wp\/v2\/media?parent=1234"}],"curies":[{"name":"wp","href":"https:\/\/api.w.org\/{rel}","templated":true}]}}