{"id":1309,"date":"2022-10-07T15:56:22","date_gmt":"2022-10-07T13:56:22","guid":{"rendered":"https:\/\/itib-machinery.com\/fv32-112hp\/"},"modified":"2025-10-01T14:23:23","modified_gmt":"2025-10-01T12:23:23","slug":"fv32-112hp","status":"publish","type":"page","link":"https:\/\/itib-machinery.com\/fr\/produits\/formeuses\/fv32-112hp\/","title":{"rendered":"FV<span>32<\/span> \/ 112<span>HP<\/span>"},"content":{"rendered":"<p><img loading=\"lazy\" decoding=\"async\" class=\"aligncenter size-full wp-image-1922\" src=\"https:\/\/itib-machinery.com\/wp-content\/uploads\/2025\/10\/FV32112HP_cerchio.png\" alt=\"\" width=\"893\" height=\"638\" srcset=\"https:\/\/itib-machinery.com\/wp-content\/uploads\/2025\/10\/FV32112HP_cerchio.png 893w, https:\/\/itib-machinery.com\/wp-content\/uploads\/2025\/10\/FV32112HP_cerchio-300x214.png 300w, https:\/\/itib-machinery.com\/wp-content\/uploads\/2025\/10\/FV32112HP_cerchio-768x549.png 768w\" sizes=\"auto, (max-width: 893px) 100vw, 893px\" \/>Formeuse haute performance infaillible pour la r\u00e9alisation de tubes en PP, PVC et PE de 10 mm de diam\u00e8tre int\u00e9rieur \u00e0 32 mm de diam\u00e8tre ext\u00e9rieur. Elle est principalement utilis\u00e9e dans la production de conduits \u00e9lectriques pour le secteur du b\u00e2timent et repr\u00e9sente la <strong>nouvelle version \u00e0 grande vitesse du c\u00e9l\u00e8bre mod\u00e8le F32\/112 ITIB Machinery<\/strong>. Pour satisfaire les exigences de performances \u00e9lev\u00e9es caract\u00e9risant aujourd&rsquo;hui un march\u00e9 tr\u00e8s concurrentiel, plusieurs nouvelles solutions ont \u00e9t\u00e9 adopt\u00e9es.<\/p>\n<p>Les principales nouveaut\u00e9s de la version HP sont les suivantes\u00a0:<\/p>\n<ul>\n<li>Conception totalement nouvelle des moules et des canaux<\/li>\n<li>Vitesse m\u00e9canique maximale jusqu&rsquo;\u00e0 <strong>80m\/min<\/strong><\/li>\n<li>L&rsquo;entra\u00eenement simple des cha\u00eenes gauche et droite permet un alignement parfait des moules<\/li>\n<li>La longueur des canaux de refroidissement est optimis\u00e9e pour une performance maximale<\/li>\n<li>Le refroidissement du moule dans le canal central s&rsquo;effectue sur les quatre c\u00f4t\u00e9s<\/li>\n<li>Les canaux d&rsquo;\u00e9coulement de l&rsquo;eau sont optimis\u00e9s pour une efficacit\u00e9 maximale du refroidissement<\/li>\n<li>Le syst\u00e8me de formage sous vide est livr\u00e9 de s\u00e9rie avec une pompe \u00e0 vitesse variable pour r\u00e9aliser des \u00e9conomies d&rsquo;\u00e9nergie<\/li>\n<li>L&rsquo;espace de fermeture du moule est r\u00e9duit pour les matrices de faible longueur<\/li>\n<li>Il est possible de retirer les plaques sup\u00e9rieures des zones d&rsquo;entr\u00e9e et de sortie pour faciliter l&rsquo;acc\u00e8s en cas de blocage<\/li>\n<li>La table principale se d\u00e9place sur des guides \u00e0 rouleaux lin\u00e9aires pr\u00e9cis<\/li>\n<li>La transmission s&rsquo;effectue par engrenages par engrenages<\/li>\n<li>L&rsquo;arbre de la bo\u00eete de vitesses est \u00e9quip\u00e9 d&rsquo;un limiteur de couple<\/li>\n<li>Le refroidissement de la cha\u00eene de moulage droite\/gauche est ind\u00e9pendant ainsi que le r\u00e9glage de la temp\u00e9rature<\/li>\n<li>Piston pneumatique \u00e0 rappel d&rsquo;urgence<\/li>\n<li>Acc\u00e8s confortable aux diff\u00e9rentes pi\u00e8ces pour faciliter la maintenance<\/li>\n<li>Compatible avec l&rsquo;industrie 4.0<\/li>\n<li>Un look moderne et \u00e9pur\u00e9<\/li>\n<\/ul>\n<p>&nbsp;<\/p>\n<p><img loading=\"lazy\" decoding=\"async\" class=\"aligncenter wp-image-252 size-large\" src=\"https:\/\/itib-machinery.com\/wp-content\/uploads\/2022\/10\/corrugatori-itib-fv32-accessori-1024x585.jpg\" alt=\"\" width=\"640\" height=\"366\" srcset=\"https:\/\/itib-machinery.com\/wp-content\/uploads\/2022\/10\/corrugatori-itib-fv32-accessori-1024x585.jpg 1024w, https:\/\/itib-machinery.com\/wp-content\/uploads\/2022\/10\/corrugatori-itib-fv32-accessori-300x171.jpg 300w, https:\/\/itib-machinery.com\/wp-content\/uploads\/2022\/10\/corrugatori-itib-fv32-accessori-768x438.jpg 768w, https:\/\/itib-machinery.com\/wp-content\/uploads\/2022\/10\/corrugatori-itib-fv32-accessori.jpg 1270w\" sizes=\"auto, (max-width: 640px) 100vw, 640px\" \/><\/p>\n<ol>\n<li>Longueur optimis\u00e9e du canal de formation pour un rendement maximal.<\/li>\n<li>Canal de fermeture optimis\u00e9 pour une longueur de matrice minimale.<\/li>\n<li>Refroidissement optimis\u00e9 des moules sur les quatre c\u00f4t\u00e9s.<\/li>\n<li>Canaux d&rsquo;entr\u00e9e\/sortie refroidis.<\/li>\n<li>Acc\u00e8s facilit\u00e9 au canal de fermeture en cas de blocage.<\/li>\n<li>Contr\u00f4le du couple de transmission pour un fonctionnement s\u00fbr.<\/li>\n<\/ol>\n<p>&nbsp;<\/p>\n<p><a href=\"https:\/\/itib-machinery.com\/wp-content\/uploads\/2022\/10\/ITIB_TABELLE2.jpg\" rel=\"lightbox-0\"><img loading=\"lazy\" decoding=\"async\" class=\"aligncenter wp-image-836 size-full\" src=\"https:\/\/itib-machinery.com\/wp-content\/uploads\/2022\/10\/ITIB_TABELLE2.jpg\" alt=\"\" width=\"2500\" height=\"521\" srcset=\"https:\/\/itib-machinery.com\/wp-content\/uploads\/2022\/10\/ITIB_TABELLE2.jpg 2500w, https:\/\/itib-machinery.com\/wp-content\/uploads\/2022\/10\/ITIB_TABELLE2-300x63.jpg 300w, https:\/\/itib-machinery.com\/wp-content\/uploads\/2022\/10\/ITIB_TABELLE2-1024x213.jpg 1024w, https:\/\/itib-machinery.com\/wp-content\/uploads\/2022\/10\/ITIB_TABELLE2-768x160.jpg 768w, https:\/\/itib-machinery.com\/wp-content\/uploads\/2022\/10\/ITIB_TABELLE2-1536x320.jpg 1536w, https:\/\/itib-machinery.com\/wp-content\/uploads\/2022\/10\/ITIB_TABELLE2-2048x427.jpg 2048w\" sizes=\"auto, (max-width: 2500px) 100vw, 2500px\" \/><\/a><\/p>\n<div id='gallery-1' class='gallery galleryid-1309 gallery-columns-3 gallery-size-large'><figure class='gallery-item'>\n\t\t\t<div class='gallery-icon landscape'>\n\t\t\t\t<a href='https:\/\/itib-machinery.com\/wp-content\/uploads\/2023\/05\/ITIB-Machinery-FV32112HP-corrugator-1.jpg' rel=\"lightbox[gallery-0]\"><img loading=\"lazy\" decoding=\"async\" width=\"640\" height=\"427\" src=\"https:\/\/itib-machinery.com\/wp-content\/uploads\/2023\/05\/ITIB-Machinery-FV32112HP-corrugator-1-1024x683.jpg\" class=\"attachment-large size-large\" alt=\"ITIB Machinery-FV32112HP-corrugator-1\" srcset=\"https:\/\/itib-machinery.com\/wp-content\/uploads\/2023\/05\/ITIB-Machinery-FV32112HP-corrugator-1-1024x683.jpg 1024w, https:\/\/itib-machinery.com\/wp-content\/uploads\/2023\/05\/ITIB-Machinery-FV32112HP-corrugator-1-300x200.jpg 300w, https:\/\/itib-machinery.com\/wp-content\/uploads\/2023\/05\/ITIB-Machinery-FV32112HP-corrugator-1-768x512.jpg 768w, https:\/\/itib-machinery.com\/wp-content\/uploads\/2023\/05\/ITIB-Machinery-FV32112HP-corrugator-1-1536x1025.jpg 1536w, https:\/\/itib-machinery.com\/wp-content\/uploads\/2023\/05\/ITIB-Machinery-FV32112HP-corrugator-1.jpg 2000w\" sizes=\"auto, (max-width: 640px) 100vw, 640px\" \/><\/a>\n\t\t\t<\/div><\/figure><figure class='gallery-item'>\n\t\t\t<div class='gallery-icon landscape'>\n\t\t\t\t<a href='https:\/\/itib-machinery.com\/wp-content\/uploads\/2023\/05\/ITIB-Machinery-FV32112HP-corrugator-2.jpg' rel=\"lightbox[gallery-0]\"><img loading=\"lazy\" decoding=\"async\" width=\"640\" height=\"426\" src=\"https:\/\/itib-machinery.com\/wp-content\/uploads\/2023\/05\/ITIB-Machinery-FV32112HP-corrugator-2-1024x682.jpg\" class=\"attachment-large size-large\" alt=\"ITIB Machinery-FV32112HP-corrugator-2\" srcset=\"https:\/\/itib-machinery.com\/wp-content\/uploads\/2023\/05\/ITIB-Machinery-FV32112HP-corrugator-2-1024x682.jpg 1024w, https:\/\/itib-machinery.com\/wp-content\/uploads\/2023\/05\/ITIB-Machinery-FV32112HP-corrugator-2-300x200.jpg 300w, https:\/\/itib-machinery.com\/wp-content\/uploads\/2023\/05\/ITIB-Machinery-FV32112HP-corrugator-2-768x512.jpg 768w, https:\/\/itib-machinery.com\/wp-content\/uploads\/2023\/05\/ITIB-Machinery-FV32112HP-corrugator-2-1536x1024.jpg 1536w, https:\/\/itib-machinery.com\/wp-content\/uploads\/2023\/05\/ITIB-Machinery-FV32112HP-corrugator-2.jpg 2000w\" sizes=\"auto, (max-width: 640px) 100vw, 640px\" \/><\/a>\n\t\t\t<\/div><\/figure><figure class='gallery-item'>\n\t\t\t<div class='gallery-icon landscape'>\n\t\t\t\t<a href='https:\/\/itib-machinery.com\/wp-content\/uploads\/2023\/05\/ITIB-Machinery-FV32112HP-corrugator-3.jpg' rel=\"lightbox[gallery-0]\"><img loading=\"lazy\" decoding=\"async\" width=\"640\" height=\"426\" src=\"https:\/\/itib-machinery.com\/wp-content\/uploads\/2023\/05\/ITIB-Machinery-FV32112HP-corrugator-3-1024x682.jpg\" class=\"attachment-large size-large\" alt=\"ITIB Machinery-FV32112HP-corrugator-3\" srcset=\"https:\/\/itib-machinery.com\/wp-content\/uploads\/2023\/05\/ITIB-Machinery-FV32112HP-corrugator-3-1024x682.jpg 1024w, https:\/\/itib-machinery.com\/wp-content\/uploads\/2023\/05\/ITIB-Machinery-FV32112HP-corrugator-3-300x200.jpg 300w, https:\/\/itib-machinery.com\/wp-content\/uploads\/2023\/05\/ITIB-Machinery-FV32112HP-corrugator-3-768x512.jpg 768w, https:\/\/itib-machinery.com\/wp-content\/uploads\/2023\/05\/ITIB-Machinery-FV32112HP-corrugator-3-1536x1024.jpg 1536w, https:\/\/itib-machinery.com\/wp-content\/uploads\/2023\/05\/ITIB-Machinery-FV32112HP-corrugator-3.jpg 2000w\" sizes=\"auto, (max-width: 640px) 100vw, 640px\" \/><\/a>\n\t\t\t<\/div><\/figure><figure class='gallery-item'>\n\t\t\t<div class='gallery-icon landscape'>\n\t\t\t\t<a href='https:\/\/itib-machinery.com\/wp-content\/uploads\/2023\/05\/ITIB-Machinery-FV32112HP-corrugator-4.jpg' rel=\"lightbox[gallery-0]\"><img loading=\"lazy\" decoding=\"async\" width=\"640\" height=\"426\" src=\"https:\/\/itib-machinery.com\/wp-content\/uploads\/2023\/05\/ITIB-Machinery-FV32112HP-corrugator-4-1024x682.jpg\" class=\"attachment-large size-large\" alt=\"ITIB Machinery-FV32112HP-corrugator-4\" srcset=\"https:\/\/itib-machinery.com\/wp-content\/uploads\/2023\/05\/ITIB-Machinery-FV32112HP-corrugator-4-1024x682.jpg 1024w, https:\/\/itib-machinery.com\/wp-content\/uploads\/2023\/05\/ITIB-Machinery-FV32112HP-corrugator-4-300x200.jpg 300w, https:\/\/itib-machinery.com\/wp-content\/uploads\/2023\/05\/ITIB-Machinery-FV32112HP-corrugator-4-768x512.jpg 768w, https:\/\/itib-machinery.com\/wp-content\/uploads\/2023\/05\/ITIB-Machinery-FV32112HP-corrugator-4-1536x1024.jpg 1536w, https:\/\/itib-machinery.com\/wp-content\/uploads\/2023\/05\/ITIB-Machinery-FV32112HP-corrugator-4.jpg 2000w\" sizes=\"auto, (max-width: 640px) 100vw, 640px\" \/><\/a>\n\t\t\t<\/div><\/figure><figure class='gallery-item'>\n\t\t\t<div class='gallery-icon landscape'>\n\t\t\t\t<a href='https:\/\/itib-machinery.com\/wp-content\/uploads\/2023\/05\/ITIB-Machinery-FV32112HP-corrugator-5.jpg' rel=\"lightbox[gallery-0]\"><img loading=\"lazy\" decoding=\"async\" width=\"640\" height=\"426\" src=\"https:\/\/itib-machinery.com\/wp-content\/uploads\/2023\/05\/ITIB-Machinery-FV32112HP-corrugator-5-1024x682.jpg\" class=\"attachment-large size-large\" alt=\"ITIB Machinery-FV32112HP-corrugator-5\" srcset=\"https:\/\/itib-machinery.com\/wp-content\/uploads\/2023\/05\/ITIB-Machinery-FV32112HP-corrugator-5-1024x682.jpg 1024w, https:\/\/itib-machinery.com\/wp-content\/uploads\/2023\/05\/ITIB-Machinery-FV32112HP-corrugator-5-300x200.jpg 300w, https:\/\/itib-machinery.com\/wp-content\/uploads\/2023\/05\/ITIB-Machinery-FV32112HP-corrugator-5-768x512.jpg 768w, https:\/\/itib-machinery.com\/wp-content\/uploads\/2023\/05\/ITIB-Machinery-FV32112HP-corrugator-5-1536x1024.jpg 1536w, https:\/\/itib-machinery.com\/wp-content\/uploads\/2023\/05\/ITIB-Machinery-FV32112HP-corrugator-5.jpg 2000w\" sizes=\"auto, (max-width: 640px) 100vw, 640px\" \/><\/a>\n\t\t\t<\/div><\/figure><figure class='gallery-item'>\n\t\t\t<div class='gallery-icon landscape'>\n\t\t\t\t<a href='https:\/\/itib-machinery.com\/wp-content\/uploads\/2023\/05\/ITIB-Machinery-FV32112HP-corrugator-6.jpg' rel=\"lightbox[gallery-0]\"><img loading=\"lazy\" decoding=\"async\" width=\"640\" height=\"426\" src=\"https:\/\/itib-machinery.com\/wp-content\/uploads\/2023\/05\/ITIB-Machinery-FV32112HP-corrugator-6-1024x682.jpg\" class=\"attachment-large size-large\" alt=\"ITIB Machinery-FV32112HP-corrugator-6\" srcset=\"https:\/\/itib-machinery.com\/wp-content\/uploads\/2023\/05\/ITIB-Machinery-FV32112HP-corrugator-6-1024x682.jpg 1024w, https:\/\/itib-machinery.com\/wp-content\/uploads\/2023\/05\/ITIB-Machinery-FV32112HP-corrugator-6-300x200.jpg 300w, https:\/\/itib-machinery.com\/wp-content\/uploads\/2023\/05\/ITIB-Machinery-FV32112HP-corrugator-6-768x512.jpg 768w, https:\/\/itib-machinery.com\/wp-content\/uploads\/2023\/05\/ITIB-Machinery-FV32112HP-corrugator-6-1536x1024.jpg 1536w, https:\/\/itib-machinery.com\/wp-content\/uploads\/2023\/05\/ITIB-Machinery-FV32112HP-corrugator-6.jpg 2000w\" sizes=\"auto, (max-width: 640px) 100vw, 640px\" \/><\/a>\n\t\t\t<\/div><\/figure>\n\t\t<\/div>\n\n<p>&nbsp;<\/p>\n","protected":false},"excerpt":{"rendered":"<p>Formeuse haute performance infaillible pour la r\u00e9alisation de tubes en PP, PVC et PE de 10 mm de diam\u00e8tre int\u00e9rieur \u00e0 32 mm de diam\u00e8tre ext\u00e9rieur. Elle est principalement utilis\u00e9e dans la production de conduits \u00e9lectriques pour le secteur du b\u00e2timent et repr\u00e9sente la nouvelle version \u00e0 grande vitesse du c\u00e9l\u00e8bre mod\u00e8le F32\/112 ITIB Machinery. [&hellip;]<\/p>\n","protected":false},"author":1,"featured_media":1988,"parent":1314,"menu_order":94,"comment_status":"closed","ping_status":"closed","template":"singolo-prodotto.php","meta":{"footnotes":""},"class_list":["post-1309","page","type-page","status-publish","has-post-thumbnail","hentry"],"acf":[],"yoast_head":"<!-- This site is optimized with the Yoast SEO plugin v23.8 - https:\/\/yoast.com\/wordpress\/plugins\/seo\/ -->\n<title>FV32 \/ 112HP - Itib Machinery<\/title>\n<meta name=\"description\" content=\"Formeuse haute performance infaillible pour la r\u00e9alisation de tubes \u00e0 32 mm de diam\u00e8tre ext\u00e9rieur. Pour information: imac@itib-machinery.com\" \/>\n<meta name=\"robots\" content=\"index, follow, max-snippet:-1, max-image-preview:large, max-video-preview:-1\" \/>\n<link rel=\"canonical\" href=\"https:\/\/itib-machinery.com\/fr\/produits\/formeuses\/fv32-112hp\/\" \/>\n<meta property=\"og:locale\" content=\"fr_FR\" \/>\n<meta property=\"og:type\" content=\"article\" \/>\n<meta property=\"og:title\" content=\"FV32 \/ 112HP - Itib Machinery\" \/>\n<meta property=\"og:description\" content=\"Formeuse haute performance infaillible pour la r\u00e9alisation de tubes \u00e0 32 mm de diam\u00e8tre ext\u00e9rieur. Pour information: imac@itib-machinery.com\" \/>\n<meta property=\"og:url\" content=\"https:\/\/itib-machinery.com\/fr\/produits\/formeuses\/fv32-112hp\/\" \/>\n<meta property=\"og:site_name\" content=\"Itib Machinery\" \/>\n<meta property=\"article:modified_time\" content=\"2025-10-01T12:23:23+00:00\" \/>\n<meta property=\"og:image\" content=\"https:\/\/itib-machinery.com\/wp-content\/uploads\/2025\/10\/FV32-112HP_miniatura.png\" \/>\n\t<meta property=\"og:image:width\" content=\"513\" \/>\n\t<meta property=\"og:image:height\" content=\"285\" \/>\n\t<meta property=\"og:image:type\" content=\"image\/png\" \/>\n<meta name=\"twitter:card\" content=\"summary_large_image\" \/>\n<script type=\"application\/ld+json\" class=\"yoast-schema-graph\">{\"@context\":\"https:\/\/schema.org\",\"@graph\":[{\"@type\":\"WebPage\",\"@id\":\"https:\/\/itib-machinery.com\/fr\/produits\/formeuses\/fv32-112hp\/\",\"url\":\"https:\/\/itib-machinery.com\/fr\/produits\/formeuses\/fv32-112hp\/\",\"name\":\"FV32 \/ 112HP - Itib Machinery\",\"isPartOf\":{\"@id\":\"https:\/\/itib-machinery.com\/fr\/#website\"},\"primaryImageOfPage\":{\"@id\":\"https:\/\/itib-machinery.com\/fr\/produits\/formeuses\/fv32-112hp\/#primaryimage\"},\"image\":{\"@id\":\"https:\/\/itib-machinery.com\/fr\/produits\/formeuses\/fv32-112hp\/#primaryimage\"},\"thumbnailUrl\":\"https:\/\/itib-machinery.com\/wp-content\/uploads\/2025\/10\/FV32-112HP_miniatura.png\",\"datePublished\":\"2022-10-07T13:56:22+00:00\",\"dateModified\":\"2025-10-01T12:23:23+00:00\",\"description\":\"Formeuse haute performance infaillible pour la r\u00e9alisation de tubes \u00e0 32 mm de diam\u00e8tre ext\u00e9rieur. Pour information: imac@itib-machinery.com\",\"breadcrumb\":{\"@id\":\"https:\/\/itib-machinery.com\/fr\/produits\/formeuses\/fv32-112hp\/#breadcrumb\"},\"inLanguage\":\"fr-FR\",\"potentialAction\":[{\"@type\":\"ReadAction\",\"target\":[\"https:\/\/itib-machinery.com\/fr\/produits\/formeuses\/fv32-112hp\/\"]}]},{\"@type\":\"ImageObject\",\"inLanguage\":\"fr-FR\",\"@id\":\"https:\/\/itib-machinery.com\/fr\/produits\/formeuses\/fv32-112hp\/#primaryimage\",\"url\":\"https:\/\/itib-machinery.com\/wp-content\/uploads\/2025\/10\/FV32-112HP_miniatura.png\",\"contentUrl\":\"https:\/\/itib-machinery.com\/wp-content\/uploads\/2025\/10\/FV32-112HP_miniatura.png\",\"width\":513,\"height\":285},{\"@type\":\"BreadcrumbList\",\"@id\":\"https:\/\/itib-machinery.com\/fr\/produits\/formeuses\/fv32-112hp\/#breadcrumb\",\"itemListElement\":[{\"@type\":\"ListItem\",\"position\":1,\"name\":\"Home\",\"item\":\"https:\/\/itib-machinery.com\/fr\/\"},{\"@type\":\"ListItem\",\"position\":2,\"name\":\"PRODUITS\",\"item\":\"https:\/\/itib-machinery.com\/fr\/produits\/\"},{\"@type\":\"ListItem\",\"position\":3,\"name\":\"Formeuses\",\"item\":\"https:\/\/itib-machinery.com\/fr\/produits\/formeuses\/\"},{\"@type\":\"ListItem\",\"position\":4,\"name\":\"FV32 \/ 112HP\"}]},{\"@type\":\"WebSite\",\"@id\":\"https:\/\/itib-machinery.com\/fr\/#website\",\"url\":\"https:\/\/itib-machinery.com\/fr\/\",\"name\":\"Itib Machinery\",\"description\":\"\",\"potentialAction\":[{\"@type\":\"SearchAction\",\"target\":{\"@type\":\"EntryPoint\",\"urlTemplate\":\"https:\/\/itib-machinery.com\/fr\/?s={search_term_string}\"},\"query-input\":{\"@type\":\"PropertyValueSpecification\",\"valueRequired\":true,\"valueName\":\"search_term_string\"}}],\"inLanguage\":\"fr-FR\"}]}<\/script>\n<!-- \/ Yoast SEO plugin. -->","yoast_head_json":{"title":"FV32 \/ 112HP - Itib Machinery","description":"Formeuse haute performance infaillible pour la r\u00e9alisation de tubes \u00e0 32 mm de diam\u00e8tre ext\u00e9rieur. Pour information: imac@itib-machinery.com","robots":{"index":"index","follow":"follow","max-snippet":"max-snippet:-1","max-image-preview":"max-image-preview:large","max-video-preview":"max-video-preview:-1"},"canonical":"https:\/\/itib-machinery.com\/fr\/produits\/formeuses\/fv32-112hp\/","og_locale":"fr_FR","og_type":"article","og_title":"FV32 \/ 112HP - Itib Machinery","og_description":"Formeuse haute performance infaillible pour la r\u00e9alisation de tubes \u00e0 32 mm de diam\u00e8tre ext\u00e9rieur. Pour information: imac@itib-machinery.com","og_url":"https:\/\/itib-machinery.com\/fr\/produits\/formeuses\/fv32-112hp\/","og_site_name":"Itib Machinery","article_modified_time":"2025-10-01T12:23:23+00:00","og_image":[{"width":513,"height":285,"url":"https:\/\/itib-machinery.com\/wp-content\/uploads\/2025\/10\/FV32-112HP_miniatura.png","type":"image\/png"}],"twitter_card":"summary_large_image","schema":{"@context":"https:\/\/schema.org","@graph":[{"@type":"WebPage","@id":"https:\/\/itib-machinery.com\/fr\/produits\/formeuses\/fv32-112hp\/","url":"https:\/\/itib-machinery.com\/fr\/produits\/formeuses\/fv32-112hp\/","name":"FV32 \/ 112HP - Itib Machinery","isPartOf":{"@id":"https:\/\/itib-machinery.com\/fr\/#website"},"primaryImageOfPage":{"@id":"https:\/\/itib-machinery.com\/fr\/produits\/formeuses\/fv32-112hp\/#primaryimage"},"image":{"@id":"https:\/\/itib-machinery.com\/fr\/produits\/formeuses\/fv32-112hp\/#primaryimage"},"thumbnailUrl":"https:\/\/itib-machinery.com\/wp-content\/uploads\/2025\/10\/FV32-112HP_miniatura.png","datePublished":"2022-10-07T13:56:22+00:00","dateModified":"2025-10-01T12:23:23+00:00","description":"Formeuse haute performance infaillible pour la r\u00e9alisation de tubes \u00e0 32 mm de diam\u00e8tre ext\u00e9rieur. Pour information: imac@itib-machinery.com","breadcrumb":{"@id":"https:\/\/itib-machinery.com\/fr\/produits\/formeuses\/fv32-112hp\/#breadcrumb"},"inLanguage":"fr-FR","potentialAction":[{"@type":"ReadAction","target":["https:\/\/itib-machinery.com\/fr\/produits\/formeuses\/fv32-112hp\/"]}]},{"@type":"ImageObject","inLanguage":"fr-FR","@id":"https:\/\/itib-machinery.com\/fr\/produits\/formeuses\/fv32-112hp\/#primaryimage","url":"https:\/\/itib-machinery.com\/wp-content\/uploads\/2025\/10\/FV32-112HP_miniatura.png","contentUrl":"https:\/\/itib-machinery.com\/wp-content\/uploads\/2025\/10\/FV32-112HP_miniatura.png","width":513,"height":285},{"@type":"BreadcrumbList","@id":"https:\/\/itib-machinery.com\/fr\/produits\/formeuses\/fv32-112hp\/#breadcrumb","itemListElement":[{"@type":"ListItem","position":1,"name":"Home","item":"https:\/\/itib-machinery.com\/fr\/"},{"@type":"ListItem","position":2,"name":"PRODUITS","item":"https:\/\/itib-machinery.com\/fr\/produits\/"},{"@type":"ListItem","position":3,"name":"Formeuses","item":"https:\/\/itib-machinery.com\/fr\/produits\/formeuses\/"},{"@type":"ListItem","position":4,"name":"FV32 \/ 112HP"}]},{"@type":"WebSite","@id":"https:\/\/itib-machinery.com\/fr\/#website","url":"https:\/\/itib-machinery.com\/fr\/","name":"Itib Machinery","description":"","potentialAction":[{"@type":"SearchAction","target":{"@type":"EntryPoint","urlTemplate":"https:\/\/itib-machinery.com\/fr\/?s={search_term_string}"},"query-input":{"@type":"PropertyValueSpecification","valueRequired":true,"valueName":"search_term_string"}}],"inLanguage":"fr-FR"}]}},"_links":{"self":[{"href":"https:\/\/itib-machinery.com\/fr\/wp-json\/wp\/v2\/pages\/1309","targetHints":{"allow":["GET"]}}],"collection":[{"href":"https:\/\/itib-machinery.com\/fr\/wp-json\/wp\/v2\/pages"}],"about":[{"href":"https:\/\/itib-machinery.com\/fr\/wp-json\/wp\/v2\/types\/page"}],"author":[{"embeddable":true,"href":"https:\/\/itib-machinery.com\/fr\/wp-json\/wp\/v2\/users\/1"}],"replies":[{"embeddable":true,"href":"https:\/\/itib-machinery.com\/fr\/wp-json\/wp\/v2\/comments?post=1309"}],"version-history":[{"count":9,"href":"https:\/\/itib-machinery.com\/fr\/wp-json\/wp\/v2\/pages\/1309\/revisions"}],"predecessor-version":[{"id":1927,"href":"https:\/\/itib-machinery.com\/fr\/wp-json\/wp\/v2\/pages\/1309\/revisions\/1927"}],"up":[{"embeddable":true,"href":"https:\/\/itib-machinery.com\/fr\/wp-json\/wp\/v2\/pages\/1314"}],"wp:featuredmedia":[{"embeddable":true,"href":"https:\/\/itib-machinery.com\/fr\/wp-json\/wp\/v2\/media\/1988"}],"wp:attachment":[{"href":"https:\/\/itib-machinery.com\/fr\/wp-json\/wp\/v2\/media?parent=1309"}],"curies":[{"name":"wp","href":"https:\/\/api.w.org\/{rel}","templated":true}]}}