{"id":1314,"date":"2022-10-10T10:27:51","date_gmt":"2022-10-10T08:27:51","guid":{"rendered":"https:\/\/itib-machinery.com\/corrugatori\/"},"modified":"2023-06-22T15:57:08","modified_gmt":"2023-06-22T13:57:08","slug":"formeuses","status":"publish","type":"page","link":"https:\/\/itib-machinery.com\/fr\/produits\/formeuses\/","title":{"rendered":"Formeuses"},"content":{"rendered":"<p>Les formeuses d&rsquo;ITIB Machinery sont toutes refroidies \u00e0 l&rsquo;eau. En fonction de la taille, de la forme et de l&rsquo;application du tube \u00e0 extruder, les machines peuvent fournir deux syst\u00e8mes de formage diff\u00e9rents :<\/p>\n<p>&#8211; syst\u00e8me de formage utilisant de l&rsquo;air \u00e0 basse pression qui est introduit par la t\u00eate d&rsquo;extrusion, poussant le mat\u00e9riau vers les moules<\/p>\n<p>&#8211; syst\u00e8me de formage par vide, gr\u00e2ce auquel le mat\u00e9riau est aspir\u00e9 vers le plissement par la d\u00e9pression appliqu\u00e9e \u00e0 travers des passages sp\u00e9ciaux r\u00e9alis\u00e9s dans les moules et les guides dans lesquels ils glissent.<\/p>\n<p>La large gamme de formeuses d&rsquo;ITIB Machinery International permet la production de tubes en PE, PP, PVC, PA, EVA, PVDF \u00e0 simple paroi et de tubes en PE, PP et PVC \u00e0 double et triple paroi, d&rsquo;un diam\u00e8tre int\u00e9rieur de 4,5 mm \u00e0 un diam\u00e8tre ext\u00e9rieur de 800 mm.<br \/>\nLes mod\u00e8les plus petits pr\u00e9voient l&rsquo;utilisation de moules en acier nitrur\u00e9, \u00e9quip\u00e9s d&rsquo;une cr\u00e9maill\u00e8re sup\u00e9rieure et entra\u00een\u00e9s par un engrenage \u00e0 l&rsquo;int\u00e9rieur de guides refroidis ; les mod\u00e8les de taille moyenne et grande utilisent \u00e0 la place des moules en aluminium avec un syst\u00e8me de refroidissement \u00e0 eau r\u00e9frig\u00e9r\u00e9e qui coule directement \u00e0 l&rsquo;int\u00e9rieur, en combinaison avec le syst\u00e8me de formage sous vide.<\/p>\n<p>Ces solutions techniques favorisent l&rsquo;augmentation de la productivit\u00e9 et s&rsquo;accompagnent de caract\u00e9ristiques sp\u00e9ciales con\u00e7ues pour optimiser les temps de changement de format, minimiser l\u2019entretien et faciliter l&rsquo;utilisation de la machine gr\u00e2ce \u00e0 une interface op\u00e9rateur simple et intuitive. Il est possible d&rsquo;int\u00e9grer la ligne de production au sein de l&rsquo;entreprise gr\u00e2ce \u00e0 l&rsquo;\u00e9change de donn\u00e9es de l&rsquo;industrie 4.0 et \u00e0 la supervision de la machines via l&rsquo;assistance \u00e0 distance.<\/p>\n","protected":false},"excerpt":{"rendered":"<p>La large gamme de formeuses d&rsquo;ITIB Machinery permet la production de tubes en PE, PP, PVC, PA, EVA, PVDF \u00e0 simple paroi, ainsi que de tubes en PE, PP et PVC \u00e0 double et triple paroi, d&rsquo;un diam\u00e8tre int\u00e9rieur de 4,5 mm jusqu&rsquo;\u00e0 un diam\u00e8tre ext\u00e9rieur de 800 mm.<\/p>\n","protected":false},"author":1,"featured_media":2119,"parent":1318,"menu_order":69,"comment_status":"closed","ping_status":"closed","template":"categoria-prodotto.php","meta":{"footnotes":""},"class_list":["post-1314","page","type-page","status-publish","has-post-thumbnail","hentry"],"acf":[],"yoast_head":"<!-- This site is optimized with the Yoast SEO plugin v23.8 - https:\/\/yoast.com\/wordpress\/plugins\/seo\/ -->\n<title>Formeuses - Itib Machinery<\/title>\n<meta name=\"description\" content=\"La large gamme de formeuses d&#039;ITIB Machinery permet la production de tubes \u00e0 simple paroi et \u00e0 double et triple paroi imac@itib-machinery.com\" \/>\n<meta name=\"robots\" content=\"index, follow, max-snippet:-1, max-image-preview:large, max-video-preview:-1\" \/>\n<link rel=\"canonical\" href=\"https:\/\/itib-machinery.com\/fr\/produits\/formeuses\/\" \/>\n<meta property=\"og:locale\" content=\"fr_FR\" \/>\n<meta property=\"og:type\" content=\"article\" \/>\n<meta property=\"og:title\" content=\"Formeuses - Itib Machinery\" \/>\n<meta property=\"og:description\" content=\"La large gamme de formeuses d&#039;ITIB Machinery permet la production de tubes \u00e0 simple paroi et \u00e0 double et triple paroi imac@itib-machinery.com\" \/>\n<meta property=\"og:url\" content=\"https:\/\/itib-machinery.com\/fr\/produits\/formeuses\/\" \/>\n<meta property=\"og:site_name\" content=\"Itib Machinery\" \/>\n<meta property=\"article:modified_time\" content=\"2023-06-22T13:57:08+00:00\" \/>\n<meta property=\"og:image\" content=\"https:\/\/itib-machinery.com\/wp-content\/uploads\/2022\/10\/FV32.png\" \/>\n\t<meta property=\"og:image:width\" content=\"591\" \/>\n\t<meta property=\"og:image:height\" content=\"285\" \/>\n\t<meta property=\"og:image:type\" content=\"image\/png\" \/>\n<meta name=\"twitter:card\" content=\"summary_large_image\" \/>\n<script type=\"application\/ld+json\" class=\"yoast-schema-graph\">{\"@context\":\"https:\/\/schema.org\",\"@graph\":[{\"@type\":\"WebPage\",\"@id\":\"https:\/\/itib-machinery.com\/fr\/produits\/formeuses\/\",\"url\":\"https:\/\/itib-machinery.com\/fr\/produits\/formeuses\/\",\"name\":\"Formeuses - Itib Machinery\",\"isPartOf\":{\"@id\":\"https:\/\/itib-machinery.com\/fr\/#website\"},\"primaryImageOfPage\":{\"@id\":\"https:\/\/itib-machinery.com\/fr\/produits\/formeuses\/#primaryimage\"},\"image\":{\"@id\":\"https:\/\/itib-machinery.com\/fr\/produits\/formeuses\/#primaryimage\"},\"thumbnailUrl\":\"https:\/\/itib-machinery.com\/wp-content\/uploads\/2025\/11\/corrugator-copertina.png\",\"datePublished\":\"2022-10-10T08:27:51+00:00\",\"dateModified\":\"2023-06-22T13:57:08+00:00\",\"description\":\"La large gamme de formeuses d'ITIB Machinery permet la production de tubes \u00e0 simple paroi et \u00e0 double et triple paroi imac@itib-machinery.com\",\"breadcrumb\":{\"@id\":\"https:\/\/itib-machinery.com\/fr\/produits\/formeuses\/#breadcrumb\"},\"inLanguage\":\"fr-FR\",\"potentialAction\":[{\"@type\":\"ReadAction\",\"target\":[\"https:\/\/itib-machinery.com\/fr\/produits\/formeuses\/\"]}]},{\"@type\":\"ImageObject\",\"inLanguage\":\"fr-FR\",\"@id\":\"https:\/\/itib-machinery.com\/fr\/produits\/formeuses\/#primaryimage\",\"url\":\"https:\/\/itib-machinery.com\/wp-content\/uploads\/2025\/11\/corrugator-copertina.png\",\"contentUrl\":\"https:\/\/itib-machinery.com\/wp-content\/uploads\/2025\/11\/corrugator-copertina.png\",\"width\":591,\"height\":285},{\"@type\":\"BreadcrumbList\",\"@id\":\"https:\/\/itib-machinery.com\/fr\/produits\/formeuses\/#breadcrumb\",\"itemListElement\":[{\"@type\":\"ListItem\",\"position\":1,\"name\":\"Home\",\"item\":\"https:\/\/itib-machinery.com\/fr\/\"},{\"@type\":\"ListItem\",\"position\":2,\"name\":\"PRODUITS\",\"item\":\"https:\/\/itib-machinery.com\/fr\/produits\/\"},{\"@type\":\"ListItem\",\"position\":3,\"name\":\"Formeuses\"}]},{\"@type\":\"WebSite\",\"@id\":\"https:\/\/itib-machinery.com\/fr\/#website\",\"url\":\"https:\/\/itib-machinery.com\/fr\/\",\"name\":\"Itib Machinery\",\"description\":\"\",\"potentialAction\":[{\"@type\":\"SearchAction\",\"target\":{\"@type\":\"EntryPoint\",\"urlTemplate\":\"https:\/\/itib-machinery.com\/fr\/?s={search_term_string}\"},\"query-input\":{\"@type\":\"PropertyValueSpecification\",\"valueRequired\":true,\"valueName\":\"search_term_string\"}}],\"inLanguage\":\"fr-FR\"}]}<\/script>\n<!-- \/ Yoast SEO plugin. -->","yoast_head_json":{"title":"Formeuses - Itib Machinery","description":"La large gamme de formeuses d'ITIB Machinery permet la production de tubes \u00e0 simple paroi et \u00e0 double et triple paroi imac@itib-machinery.com","robots":{"index":"index","follow":"follow","max-snippet":"max-snippet:-1","max-image-preview":"max-image-preview:large","max-video-preview":"max-video-preview:-1"},"canonical":"https:\/\/itib-machinery.com\/fr\/produits\/formeuses\/","og_locale":"fr_FR","og_type":"article","og_title":"Formeuses - Itib Machinery","og_description":"La large gamme de formeuses d'ITIB Machinery permet la production de tubes \u00e0 simple paroi et \u00e0 double et triple paroi imac@itib-machinery.com","og_url":"https:\/\/itib-machinery.com\/fr\/produits\/formeuses\/","og_site_name":"Itib Machinery","article_modified_time":"2023-06-22T13:57:08+00:00","og_image":[{"width":591,"height":285,"url":"https:\/\/itib-machinery.com\/wp-content\/uploads\/2022\/10\/FV32.png","type":"image\/png"}],"twitter_card":"summary_large_image","schema":{"@context":"https:\/\/schema.org","@graph":[{"@type":"WebPage","@id":"https:\/\/itib-machinery.com\/fr\/produits\/formeuses\/","url":"https:\/\/itib-machinery.com\/fr\/produits\/formeuses\/","name":"Formeuses - Itib Machinery","isPartOf":{"@id":"https:\/\/itib-machinery.com\/fr\/#website"},"primaryImageOfPage":{"@id":"https:\/\/itib-machinery.com\/fr\/produits\/formeuses\/#primaryimage"},"image":{"@id":"https:\/\/itib-machinery.com\/fr\/produits\/formeuses\/#primaryimage"},"thumbnailUrl":"https:\/\/itib-machinery.com\/wp-content\/uploads\/2025\/11\/corrugator-copertina.png","datePublished":"2022-10-10T08:27:51+00:00","dateModified":"2023-06-22T13:57:08+00:00","description":"La large gamme de formeuses d'ITIB Machinery permet la production de tubes \u00e0 simple paroi et \u00e0 double et triple paroi imac@itib-machinery.com","breadcrumb":{"@id":"https:\/\/itib-machinery.com\/fr\/produits\/formeuses\/#breadcrumb"},"inLanguage":"fr-FR","potentialAction":[{"@type":"ReadAction","target":["https:\/\/itib-machinery.com\/fr\/produits\/formeuses\/"]}]},{"@type":"ImageObject","inLanguage":"fr-FR","@id":"https:\/\/itib-machinery.com\/fr\/produits\/formeuses\/#primaryimage","url":"https:\/\/itib-machinery.com\/wp-content\/uploads\/2025\/11\/corrugator-copertina.png","contentUrl":"https:\/\/itib-machinery.com\/wp-content\/uploads\/2025\/11\/corrugator-copertina.png","width":591,"height":285},{"@type":"BreadcrumbList","@id":"https:\/\/itib-machinery.com\/fr\/produits\/formeuses\/#breadcrumb","itemListElement":[{"@type":"ListItem","position":1,"name":"Home","item":"https:\/\/itib-machinery.com\/fr\/"},{"@type":"ListItem","position":2,"name":"PRODUITS","item":"https:\/\/itib-machinery.com\/fr\/produits\/"},{"@type":"ListItem","position":3,"name":"Formeuses"}]},{"@type":"WebSite","@id":"https:\/\/itib-machinery.com\/fr\/#website","url":"https:\/\/itib-machinery.com\/fr\/","name":"Itib Machinery","description":"","potentialAction":[{"@type":"SearchAction","target":{"@type":"EntryPoint","urlTemplate":"https:\/\/itib-machinery.com\/fr\/?s={search_term_string}"},"query-input":{"@type":"PropertyValueSpecification","valueRequired":true,"valueName":"search_term_string"}}],"inLanguage":"fr-FR"}]}},"_links":{"self":[{"href":"https:\/\/itib-machinery.com\/fr\/wp-json\/wp\/v2\/pages\/1314","targetHints":{"allow":["GET"]}}],"collection":[{"href":"https:\/\/itib-machinery.com\/fr\/wp-json\/wp\/v2\/pages"}],"about":[{"href":"https:\/\/itib-machinery.com\/fr\/wp-json\/wp\/v2\/types\/page"}],"author":[{"embeddable":true,"href":"https:\/\/itib-machinery.com\/fr\/wp-json\/wp\/v2\/users\/1"}],"replies":[{"embeddable":true,"href":"https:\/\/itib-machinery.com\/fr\/wp-json\/wp\/v2\/comments?post=1314"}],"version-history":[{"count":4,"href":"https:\/\/itib-machinery.com\/fr\/wp-json\/wp\/v2\/pages\/1314\/revisions"}],"predecessor-version":[{"id":1644,"href":"https:\/\/itib-machinery.com\/fr\/wp-json\/wp\/v2\/pages\/1314\/revisions\/1644"}],"up":[{"embeddable":true,"href":"https:\/\/itib-machinery.com\/fr\/wp-json\/wp\/v2\/pages\/1318"}],"wp:featuredmedia":[{"embeddable":true,"href":"https:\/\/itib-machinery.com\/fr\/wp-json\/wp\/v2\/media\/2119"}],"wp:attachment":[{"href":"https:\/\/itib-machinery.com\/fr\/wp-json\/wp\/v2\/media?parent=1314"}],"curies":[{"name":"wp","href":"https:\/\/api.w.org\/{rel}","templated":true}]}}