{"id":1321,"date":"2022-10-10T10:29:27","date_gmt":"2022-10-10T08:29:27","guid":{"rendered":"https:\/\/itib-machinery.com\/produits\/attrezzature-e-downstream\/"},"modified":"2023-06-22T15:57:44","modified_gmt":"2023-06-22T13:57:44","slug":"equipements-en-aval-equipements-auxiliaires","status":"publish","type":"page","link":"https:\/\/itib-machinery.com\/fr\/produits\/equipements-en-aval-equipements-auxiliaires\/","title":{"rendered":"\u00c9quipements en aval <br>et \u00e8quipements auxiliaires"},"content":{"rendered":"<p>ITIB Machinery compl\u00e8te sa gamme de formeuses par la production d&rsquo;\u00e9quipements, de machines et de dispositifs destin\u00e9s \u00e0 compl\u00e9ter la ligne d&rsquo;extrusion. Les premi\u00e8res comprennent diff\u00e9rents types de t\u00eates d&rsquo;extrusion et de fili\u00e8res, fabriqu\u00e9es en fonction des exigences sp\u00e9cifiques de chaque client : pour les tubes \u00e0 simple paroi, \u00e0 double paroi, ronds et ovales, \u00e0 triple paroi, multicouches et pour l&rsquo;insertion de c\u00e2bles et de tubes PEX. Les machines et dispositifs accessoires comprennent: cuves de refroidissement, tractions,\u00a0perforateurs,\u00a0coupeuses,\u00a0dispositifs d&rsquo;insertion de fils et de c\u00e2bles,\u00a0basculeurs pour barres,\u00a0compacteurs et enrouleurs.<\/p>\n","protected":false},"excerpt":{"rendered":"<p>ITIB Machinery compl\u00e8te sa gamme de formeuses par la production d&rsquo;\u00e9quipements, de machines et de dispositifs destin\u00e9s \u00e0 compl\u00e9ter la ligne d&rsquo;extrusion.<\/p>\n","protected":false},"author":1,"featured_media":1005,"parent":1318,"menu_order":105,"comment_status":"closed","ping_status":"closed","template":"categoria-prodotto.php","meta":{"footnotes":""},"class_list":["post-1321","page","type-page","status-publish","has-post-thumbnail","hentry"],"acf":[],"yoast_head":"<!-- This site is optimized with the Yoast SEO plugin v23.8 - https:\/\/yoast.com\/wordpress\/plugins\/seo\/ -->\n<title>\u00c9quipements en aval et \u00e8quipements auxiliaires - Itib Machinery<\/title>\n<meta name=\"description\" content=\"ITIB Machinery compl\u00e8te sa gamme de formeuses par la production d&#039;\u00e9quipements, de machines et de dispositifs destin\u00e9s \u00e0 compl\u00e9ter la ligne\" \/>\n<meta name=\"robots\" content=\"index, follow, max-snippet:-1, max-image-preview:large, max-video-preview:-1\" \/>\n<link rel=\"canonical\" href=\"https:\/\/itib-machinery.com\/fr\/produits\/equipements-en-aval-equipements-auxiliaires\/\" \/>\n<meta property=\"og:locale\" content=\"fr_FR\" \/>\n<meta property=\"og:type\" content=\"article\" \/>\n<meta property=\"og:title\" content=\"\u00c9quipements en aval et \u00e8quipements auxiliaires - Itib Machinery\" \/>\n<meta property=\"og:description\" content=\"ITIB Machinery compl\u00e8te sa gamme de formeuses par la production d&#039;\u00e9quipements, de machines et de dispositifs destin\u00e9s \u00e0 compl\u00e9ter la ligne\" \/>\n<meta property=\"og:url\" content=\"https:\/\/itib-machinery.com\/fr\/produits\/equipements-en-aval-equipements-auxiliaires\/\" \/>\n<meta property=\"og:site_name\" content=\"Itib Machinery\" \/>\n<meta property=\"article:modified_time\" content=\"2023-06-22T13:57:44+00:00\" \/>\n<meta property=\"og:image\" content=\"https:\/\/itib-machinery.com\/wp-content\/uploads\/2022\/10\/copertina-accessori.jpg\" \/>\n\t<meta property=\"og:image:width\" content=\"690\" \/>\n\t<meta property=\"og:image:height\" content=\"333\" \/>\n\t<meta property=\"og:image:type\" content=\"image\/jpeg\" \/>\n<meta name=\"twitter:card\" content=\"summary_large_image\" \/>\n<script type=\"application\/ld+json\" class=\"yoast-schema-graph\">{\"@context\":\"https:\/\/schema.org\",\"@graph\":[{\"@type\":\"WebPage\",\"@id\":\"https:\/\/itib-machinery.com\/fr\/produits\/equipements-en-aval-equipements-auxiliaires\/\",\"url\":\"https:\/\/itib-machinery.com\/fr\/produits\/equipements-en-aval-equipements-auxiliaires\/\",\"name\":\"\u00c9quipements en aval et \u00e8quipements auxiliaires - Itib Machinery\",\"isPartOf\":{\"@id\":\"https:\/\/itib-machinery.com\/fr\/#website\"},\"primaryImageOfPage\":{\"@id\":\"https:\/\/itib-machinery.com\/fr\/produits\/equipements-en-aval-equipements-auxiliaires\/#primaryimage\"},\"image\":{\"@id\":\"https:\/\/itib-machinery.com\/fr\/produits\/equipements-en-aval-equipements-auxiliaires\/#primaryimage\"},\"thumbnailUrl\":\"https:\/\/itib-machinery.com\/wp-content\/uploads\/2022\/10\/copertina-accessori.jpg\",\"datePublished\":\"2022-10-10T08:29:27+00:00\",\"dateModified\":\"2023-06-22T13:57:44+00:00\",\"description\":\"ITIB Machinery compl\u00e8te sa gamme de formeuses par la production d'\u00e9quipements, de machines et de dispositifs destin\u00e9s \u00e0 compl\u00e9ter la ligne\",\"breadcrumb\":{\"@id\":\"https:\/\/itib-machinery.com\/fr\/produits\/equipements-en-aval-equipements-auxiliaires\/#breadcrumb\"},\"inLanguage\":\"fr-FR\",\"potentialAction\":[{\"@type\":\"ReadAction\",\"target\":[\"https:\/\/itib-machinery.com\/fr\/produits\/equipements-en-aval-equipements-auxiliaires\/\"]}]},{\"@type\":\"ImageObject\",\"inLanguage\":\"fr-FR\",\"@id\":\"https:\/\/itib-machinery.com\/fr\/produits\/equipements-en-aval-equipements-auxiliaires\/#primaryimage\",\"url\":\"https:\/\/itib-machinery.com\/wp-content\/uploads\/2022\/10\/copertina-accessori.jpg\",\"contentUrl\":\"https:\/\/itib-machinery.com\/wp-content\/uploads\/2022\/10\/copertina-accessori.jpg\",\"width\":690,\"height\":333},{\"@type\":\"BreadcrumbList\",\"@id\":\"https:\/\/itib-machinery.com\/fr\/produits\/equipements-en-aval-equipements-auxiliaires\/#breadcrumb\",\"itemListElement\":[{\"@type\":\"ListItem\",\"position\":1,\"name\":\"Home\",\"item\":\"https:\/\/itib-machinery.com\/fr\/\"},{\"@type\":\"ListItem\",\"position\":2,\"name\":\"PRODUITS\",\"item\":\"https:\/\/itib-machinery.com\/fr\/produits\/\"},{\"@type\":\"ListItem\",\"position\":3,\"name\":\"\u00c9quipements en aval et \u00e8quipements auxiliaires\"}]},{\"@type\":\"WebSite\",\"@id\":\"https:\/\/itib-machinery.com\/fr\/#website\",\"url\":\"https:\/\/itib-machinery.com\/fr\/\",\"name\":\"Itib Machinery\",\"description\":\"\",\"potentialAction\":[{\"@type\":\"SearchAction\",\"target\":{\"@type\":\"EntryPoint\",\"urlTemplate\":\"https:\/\/itib-machinery.com\/fr\/?s={search_term_string}\"},\"query-input\":{\"@type\":\"PropertyValueSpecification\",\"valueRequired\":true,\"valueName\":\"search_term_string\"}}],\"inLanguage\":\"fr-FR\"}]}<\/script>\n<!-- \/ Yoast SEO plugin. -->","yoast_head_json":{"title":"\u00c9quipements en aval et \u00e8quipements auxiliaires - Itib Machinery","description":"ITIB Machinery compl\u00e8te sa gamme de formeuses par la production d'\u00e9quipements, de machines et de dispositifs destin\u00e9s \u00e0 compl\u00e9ter la ligne","robots":{"index":"index","follow":"follow","max-snippet":"max-snippet:-1","max-image-preview":"max-image-preview:large","max-video-preview":"max-video-preview:-1"},"canonical":"https:\/\/itib-machinery.com\/fr\/produits\/equipements-en-aval-equipements-auxiliaires\/","og_locale":"fr_FR","og_type":"article","og_title":"\u00c9quipements en aval et \u00e8quipements auxiliaires - Itib Machinery","og_description":"ITIB Machinery compl\u00e8te sa gamme de formeuses par la production d'\u00e9quipements, de machines et de dispositifs destin\u00e9s \u00e0 compl\u00e9ter la ligne","og_url":"https:\/\/itib-machinery.com\/fr\/produits\/equipements-en-aval-equipements-auxiliaires\/","og_site_name":"Itib Machinery","article_modified_time":"2023-06-22T13:57:44+00:00","og_image":[{"width":690,"height":333,"url":"https:\/\/itib-machinery.com\/wp-content\/uploads\/2022\/10\/copertina-accessori.jpg","type":"image\/jpeg"}],"twitter_card":"summary_large_image","schema":{"@context":"https:\/\/schema.org","@graph":[{"@type":"WebPage","@id":"https:\/\/itib-machinery.com\/fr\/produits\/equipements-en-aval-equipements-auxiliaires\/","url":"https:\/\/itib-machinery.com\/fr\/produits\/equipements-en-aval-equipements-auxiliaires\/","name":"\u00c9quipements en aval et \u00e8quipements auxiliaires - Itib Machinery","isPartOf":{"@id":"https:\/\/itib-machinery.com\/fr\/#website"},"primaryImageOfPage":{"@id":"https:\/\/itib-machinery.com\/fr\/produits\/equipements-en-aval-equipements-auxiliaires\/#primaryimage"},"image":{"@id":"https:\/\/itib-machinery.com\/fr\/produits\/equipements-en-aval-equipements-auxiliaires\/#primaryimage"},"thumbnailUrl":"https:\/\/itib-machinery.com\/wp-content\/uploads\/2022\/10\/copertina-accessori.jpg","datePublished":"2022-10-10T08:29:27+00:00","dateModified":"2023-06-22T13:57:44+00:00","description":"ITIB Machinery compl\u00e8te sa gamme de formeuses par la production d'\u00e9quipements, de machines et de dispositifs destin\u00e9s \u00e0 compl\u00e9ter la ligne","breadcrumb":{"@id":"https:\/\/itib-machinery.com\/fr\/produits\/equipements-en-aval-equipements-auxiliaires\/#breadcrumb"},"inLanguage":"fr-FR","potentialAction":[{"@type":"ReadAction","target":["https:\/\/itib-machinery.com\/fr\/produits\/equipements-en-aval-equipements-auxiliaires\/"]}]},{"@type":"ImageObject","inLanguage":"fr-FR","@id":"https:\/\/itib-machinery.com\/fr\/produits\/equipements-en-aval-equipements-auxiliaires\/#primaryimage","url":"https:\/\/itib-machinery.com\/wp-content\/uploads\/2022\/10\/copertina-accessori.jpg","contentUrl":"https:\/\/itib-machinery.com\/wp-content\/uploads\/2022\/10\/copertina-accessori.jpg","width":690,"height":333},{"@type":"BreadcrumbList","@id":"https:\/\/itib-machinery.com\/fr\/produits\/equipements-en-aval-equipements-auxiliaires\/#breadcrumb","itemListElement":[{"@type":"ListItem","position":1,"name":"Home","item":"https:\/\/itib-machinery.com\/fr\/"},{"@type":"ListItem","position":2,"name":"PRODUITS","item":"https:\/\/itib-machinery.com\/fr\/produits\/"},{"@type":"ListItem","position":3,"name":"\u00c9quipements en aval et \u00e8quipements auxiliaires"}]},{"@type":"WebSite","@id":"https:\/\/itib-machinery.com\/fr\/#website","url":"https:\/\/itib-machinery.com\/fr\/","name":"Itib Machinery","description":"","potentialAction":[{"@type":"SearchAction","target":{"@type":"EntryPoint","urlTemplate":"https:\/\/itib-machinery.com\/fr\/?s={search_term_string}"},"query-input":{"@type":"PropertyValueSpecification","valueRequired":true,"valueName":"search_term_string"}}],"inLanguage":"fr-FR"}]}},"_links":{"self":[{"href":"https:\/\/itib-machinery.com\/fr\/wp-json\/wp\/v2\/pages\/1321","targetHints":{"allow":["GET"]}}],"collection":[{"href":"https:\/\/itib-machinery.com\/fr\/wp-json\/wp\/v2\/pages"}],"about":[{"href":"https:\/\/itib-machinery.com\/fr\/wp-json\/wp\/v2\/types\/page"}],"author":[{"embeddable":true,"href":"https:\/\/itib-machinery.com\/fr\/wp-json\/wp\/v2\/users\/1"}],"replies":[{"embeddable":true,"href":"https:\/\/itib-machinery.com\/fr\/wp-json\/wp\/v2\/comments?post=1321"}],"version-history":[{"count":3,"href":"https:\/\/itib-machinery.com\/fr\/wp-json\/wp\/v2\/pages\/1321\/revisions"}],"predecessor-version":[{"id":1645,"href":"https:\/\/itib-machinery.com\/fr\/wp-json\/wp\/v2\/pages\/1321\/revisions\/1645"}],"up":[{"embeddable":true,"href":"https:\/\/itib-machinery.com\/fr\/wp-json\/wp\/v2\/pages\/1318"}],"wp:featuredmedia":[{"embeddable":true,"href":"https:\/\/itib-machinery.com\/fr\/wp-json\/wp\/v2\/media\/1005"}],"wp:attachment":[{"href":"https:\/\/itib-machinery.com\/fr\/wp-json\/wp\/v2\/media?parent=1321"}],"curies":[{"name":"wp","href":"https:\/\/api.w.org\/{rel}","templated":true}]}}