{"id":1402,"date":"2022-10-18T14:20:49","date_gmt":"2022-10-18T12:20:49","guid":{"rendered":"https:\/\/itib-machinery.com\/produits\/formeuses\/f32evo\/"},"modified":"2026-03-05T11:25:58","modified_gmt":"2026-03-05T10:25:58","slug":"f32evo","status":"publish","type":"page","link":"https:\/\/itib-machinery.com\/fr\/produits\/formeuses\/f32evo\/","title":{"rendered":"F<span>32<\/span>EVO"},"content":{"rendered":"<p><img loading=\"lazy\" decoding=\"async\" class=\"aligncenter size-full wp-image-1959\" src=\"https:\/\/itib-machinery.com\/wp-content\/uploads\/2025\/10\/F32-112-EVO_cerchio-1.png\" alt=\"\" width=\"871\" height=\"638\" srcset=\"https:\/\/itib-machinery.com\/wp-content\/uploads\/2025\/10\/F32-112-EVO_cerchio-1.png 871w, https:\/\/itib-machinery.com\/wp-content\/uploads\/2025\/10\/F32-112-EVO_cerchio-1-300x220.png 300w, https:\/\/itib-machinery.com\/wp-content\/uploads\/2025\/10\/F32-112-EVO_cerchio-1-768x563.png 768w\" sizes=\"auto, (max-width: 871px) 100vw, 871px\" \/><\/p>\n<p>Son application principale consiste en la production de conduits \u00e9lectriques pour le b\u00e2timent.<\/p>\n<p>La gamme compl\u00e8te des formeuses F32 a \u00e9t\u00e9 mise \u00e0 jour en version EVO.<\/p>\n<p>Elle combine de <strong>nouvelles solutions techniques importantes<\/strong> avec le design classique et robuste de la gamme F32.<\/p>\n<p>Cette am\u00e9lioration a un impact positif sur les performances, la facilit\u00e9 d&rsquo;utilisation et d&rsquo;entretien, avec les avantages suivants\u202f:<\/p>\n<ul>\n<li>La table principale se d\u00e9place sur des guides \u00e0 rouleaux lin\u00e9aires pr\u00e9cis<\/li>\n<li>Il est possible d&rsquo;ouvrir le support de l&rsquo;engrenage principal pour une meilleure accessibilit\u00e9 \u00e0 la zone de fermeture des moules en cas de blocage<\/li>\n<li>La transmission se fait par engrenages et non pas par cha\u00eene<\/li>\n<li>L&rsquo;arbre de la bo\u00eete de vitesses est \u00e9quip\u00e9 d&rsquo;un limiteur de couple<\/li>\n<li>La circulation de l&rsquo;eau est optimis\u00e9e dans les canaux centraux et de retour pour un meilleur transfert de chaleur<\/li>\n<li>Coudes d&rsquo;entr\u00e9e et de sortie refroidis \u00e0 l&rsquo;eau<\/li>\n<li>Le refroidissement de la cha\u00eene de moulage droite\/gauche est ind\u00e9pendant ainsi que le r\u00e9glage de la temp\u00e9rature<\/li>\n<li>R\u00e9glage lat\u00e9ral haut\/bas, gauche\/droite pour un centrage parfait<\/li>\n<li>Lubrification automatique avec minuterie<\/li>\n<li>Piston pneumatique \u00e0 rappel d&rsquo;urgence<\/li>\n<li>Protection pour une manipulation s\u00fbre de la formeuse<\/li>\n<li>Compatible avec l&rsquo;industrie 4.0<\/li>\n<li>Le formage sous vide est disponible en option<\/li>\n<\/ul>\n<p>&nbsp;<\/p>\n<p><a href=\"https:\/\/itib-machinery.com\/wp-content\/uploads\/2022\/10\/ITIB_TABELLE.jpg\" rel=\"lightbox-0\"><img loading=\"lazy\" decoding=\"async\" class=\"aligncenter wp-image-834 size-full\" src=\"https:\/\/itib-machinery.com\/wp-content\/uploads\/2022\/10\/ITIB_TABELLE.jpg\" alt=\"\" width=\"2500\" height=\"625\" srcset=\"https:\/\/itib-machinery.com\/wp-content\/uploads\/2022\/10\/ITIB_TABELLE.jpg 2500w, https:\/\/itib-machinery.com\/wp-content\/uploads\/2022\/10\/ITIB_TABELLE-300x75.jpg 300w, https:\/\/itib-machinery.com\/wp-content\/uploads\/2022\/10\/ITIB_TABELLE-1024x256.jpg 1024w, https:\/\/itib-machinery.com\/wp-content\/uploads\/2022\/10\/ITIB_TABELLE-768x192.jpg 768w, https:\/\/itib-machinery.com\/wp-content\/uploads\/2022\/10\/ITIB_TABELLE-1536x384.jpg 1536w, https:\/\/itib-machinery.com\/wp-content\/uploads\/2022\/10\/ITIB_TABELLE-2048x512.jpg 2048w\" sizes=\"auto, (max-width: 2500px) 100vw, 2500px\" \/><\/a><\/p>\n","protected":false},"excerpt":{"rendered":"<p>Son application principale consiste en la production de conduits \u00e9lectriques pour le b\u00e2timent. La gamme compl\u00e8te des formeuses F32 a \u00e9t\u00e9 mise \u00e0 jour en version EVO. Elle combine de nouvelles solutions techniques importantes avec le design classique et robuste de la gamme F32. Cette am\u00e9lioration a un impact positif sur les performances, la facilit\u00e9 [&hellip;]<\/p>\n","protected":false},"author":1,"featured_media":2000,"parent":1314,"menu_order":76,"comment_status":"closed","ping_status":"closed","template":"singolo-prodotto.php","meta":{"footnotes":""},"class_list":["post-1402","page","type-page","status-publish","has-post-thumbnail","hentry"],"acf":[],"yoast_head":"<!-- This site is optimized with the Yoast SEO plugin v23.8 - https:\/\/yoast.com\/wordpress\/plugins\/seo\/ -->\n<title>F32EVO - Itib Machinery<\/title>\n<meta name=\"description\" content=\"ITIB Machinery corrugator for pipe production. High performance and customization. For info: imac@itib-machinery.com\" \/>\n<meta name=\"robots\" content=\"index, follow, max-snippet:-1, max-image-preview:large, max-video-preview:-1\" \/>\n<link rel=\"canonical\" href=\"https:\/\/itib-machinery.com\/fr\/produits\/formeuses\/f32evo\/\" \/>\n<meta property=\"og:locale\" content=\"fr_FR\" \/>\n<meta property=\"og:type\" content=\"article\" \/>\n<meta property=\"og:title\" content=\"F32EVO - Itib Machinery\" \/>\n<meta property=\"og:description\" content=\"ITIB Machinery corrugator for pipe production. High performance and customization. For info: imac@itib-machinery.com\" \/>\n<meta property=\"og:url\" content=\"https:\/\/itib-machinery.com\/fr\/produits\/formeuses\/f32evo\/\" \/>\n<meta property=\"og:site_name\" content=\"Itib Machinery\" \/>\n<meta property=\"article:modified_time\" content=\"2026-03-05T10:25:58+00:00\" \/>\n<meta property=\"og:image\" content=\"https:\/\/itib-machinery.com\/wp-content\/uploads\/2025\/10\/F32-112EVO_miniatura.png\" \/>\n\t<meta property=\"og:image:width\" content=\"506\" \/>\n\t<meta property=\"og:image:height\" content=\"285\" \/>\n\t<meta property=\"og:image:type\" content=\"image\/png\" \/>\n<meta name=\"twitter:card\" content=\"summary_large_image\" \/>\n<script type=\"application\/ld+json\" class=\"yoast-schema-graph\">{\"@context\":\"https:\/\/schema.org\",\"@graph\":[{\"@type\":\"WebPage\",\"@id\":\"https:\/\/itib-machinery.com\/fr\/produits\/formeuses\/f32evo\/\",\"url\":\"https:\/\/itib-machinery.com\/fr\/produits\/formeuses\/f32evo\/\",\"name\":\"F32EVO - Itib Machinery\",\"isPartOf\":{\"@id\":\"https:\/\/itib-machinery.com\/fr\/#website\"},\"primaryImageOfPage\":{\"@id\":\"https:\/\/itib-machinery.com\/fr\/produits\/formeuses\/f32evo\/#primaryimage\"},\"image\":{\"@id\":\"https:\/\/itib-machinery.com\/fr\/produits\/formeuses\/f32evo\/#primaryimage\"},\"thumbnailUrl\":\"https:\/\/itib-machinery.com\/wp-content\/uploads\/2025\/10\/F32-112EVO_miniatura.png\",\"datePublished\":\"2022-10-18T12:20:49+00:00\",\"dateModified\":\"2026-03-05T10:25:58+00:00\",\"description\":\"ITIB Machinery corrugator for pipe production. High performance and customization. For info: imac@itib-machinery.com\",\"breadcrumb\":{\"@id\":\"https:\/\/itib-machinery.com\/fr\/produits\/formeuses\/f32evo\/#breadcrumb\"},\"inLanguage\":\"fr-FR\",\"potentialAction\":[{\"@type\":\"ReadAction\",\"target\":[\"https:\/\/itib-machinery.com\/fr\/produits\/formeuses\/f32evo\/\"]}]},{\"@type\":\"ImageObject\",\"inLanguage\":\"fr-FR\",\"@id\":\"https:\/\/itib-machinery.com\/fr\/produits\/formeuses\/f32evo\/#primaryimage\",\"url\":\"https:\/\/itib-machinery.com\/wp-content\/uploads\/2025\/10\/F32-112EVO_miniatura.png\",\"contentUrl\":\"https:\/\/itib-machinery.com\/wp-content\/uploads\/2025\/10\/F32-112EVO_miniatura.png\",\"width\":506,\"height\":285},{\"@type\":\"BreadcrumbList\",\"@id\":\"https:\/\/itib-machinery.com\/fr\/produits\/formeuses\/f32evo\/#breadcrumb\",\"itemListElement\":[{\"@type\":\"ListItem\",\"position\":1,\"name\":\"Home\",\"item\":\"https:\/\/itib-machinery.com\/fr\/\"},{\"@type\":\"ListItem\",\"position\":2,\"name\":\"PRODUITS\",\"item\":\"https:\/\/itib-machinery.com\/fr\/produits\/\"},{\"@type\":\"ListItem\",\"position\":3,\"name\":\"Formeuses\",\"item\":\"https:\/\/itib-machinery.com\/fr\/produits\/formeuses\/\"},{\"@type\":\"ListItem\",\"position\":4,\"name\":\"F32EVO\"}]},{\"@type\":\"WebSite\",\"@id\":\"https:\/\/itib-machinery.com\/fr\/#website\",\"url\":\"https:\/\/itib-machinery.com\/fr\/\",\"name\":\"Itib Machinery\",\"description\":\"\",\"potentialAction\":[{\"@type\":\"SearchAction\",\"target\":{\"@type\":\"EntryPoint\",\"urlTemplate\":\"https:\/\/itib-machinery.com\/fr\/?s={search_term_string}\"},\"query-input\":{\"@type\":\"PropertyValueSpecification\",\"valueRequired\":true,\"valueName\":\"search_term_string\"}}],\"inLanguage\":\"fr-FR\"}]}<\/script>\n<!-- \/ Yoast SEO plugin. -->","yoast_head_json":{"title":"F32EVO - Itib Machinery","description":"ITIB Machinery corrugator for pipe production. High performance and customization. For info: imac@itib-machinery.com","robots":{"index":"index","follow":"follow","max-snippet":"max-snippet:-1","max-image-preview":"max-image-preview:large","max-video-preview":"max-video-preview:-1"},"canonical":"https:\/\/itib-machinery.com\/fr\/produits\/formeuses\/f32evo\/","og_locale":"fr_FR","og_type":"article","og_title":"F32EVO - Itib Machinery","og_description":"ITIB Machinery corrugator for pipe production. High performance and customization. For info: imac@itib-machinery.com","og_url":"https:\/\/itib-machinery.com\/fr\/produits\/formeuses\/f32evo\/","og_site_name":"Itib Machinery","article_modified_time":"2026-03-05T10:25:58+00:00","og_image":[{"width":506,"height":285,"url":"https:\/\/itib-machinery.com\/wp-content\/uploads\/2025\/10\/F32-112EVO_miniatura.png","type":"image\/png"}],"twitter_card":"summary_large_image","schema":{"@context":"https:\/\/schema.org","@graph":[{"@type":"WebPage","@id":"https:\/\/itib-machinery.com\/fr\/produits\/formeuses\/f32evo\/","url":"https:\/\/itib-machinery.com\/fr\/produits\/formeuses\/f32evo\/","name":"F32EVO - Itib Machinery","isPartOf":{"@id":"https:\/\/itib-machinery.com\/fr\/#website"},"primaryImageOfPage":{"@id":"https:\/\/itib-machinery.com\/fr\/produits\/formeuses\/f32evo\/#primaryimage"},"image":{"@id":"https:\/\/itib-machinery.com\/fr\/produits\/formeuses\/f32evo\/#primaryimage"},"thumbnailUrl":"https:\/\/itib-machinery.com\/wp-content\/uploads\/2025\/10\/F32-112EVO_miniatura.png","datePublished":"2022-10-18T12:20:49+00:00","dateModified":"2026-03-05T10:25:58+00:00","description":"ITIB Machinery corrugator for pipe production. High performance and customization. For info: imac@itib-machinery.com","breadcrumb":{"@id":"https:\/\/itib-machinery.com\/fr\/produits\/formeuses\/f32evo\/#breadcrumb"},"inLanguage":"fr-FR","potentialAction":[{"@type":"ReadAction","target":["https:\/\/itib-machinery.com\/fr\/produits\/formeuses\/f32evo\/"]}]},{"@type":"ImageObject","inLanguage":"fr-FR","@id":"https:\/\/itib-machinery.com\/fr\/produits\/formeuses\/f32evo\/#primaryimage","url":"https:\/\/itib-machinery.com\/wp-content\/uploads\/2025\/10\/F32-112EVO_miniatura.png","contentUrl":"https:\/\/itib-machinery.com\/wp-content\/uploads\/2025\/10\/F32-112EVO_miniatura.png","width":506,"height":285},{"@type":"BreadcrumbList","@id":"https:\/\/itib-machinery.com\/fr\/produits\/formeuses\/f32evo\/#breadcrumb","itemListElement":[{"@type":"ListItem","position":1,"name":"Home","item":"https:\/\/itib-machinery.com\/fr\/"},{"@type":"ListItem","position":2,"name":"PRODUITS","item":"https:\/\/itib-machinery.com\/fr\/produits\/"},{"@type":"ListItem","position":3,"name":"Formeuses","item":"https:\/\/itib-machinery.com\/fr\/produits\/formeuses\/"},{"@type":"ListItem","position":4,"name":"F32EVO"}]},{"@type":"WebSite","@id":"https:\/\/itib-machinery.com\/fr\/#website","url":"https:\/\/itib-machinery.com\/fr\/","name":"Itib Machinery","description":"","potentialAction":[{"@type":"SearchAction","target":{"@type":"EntryPoint","urlTemplate":"https:\/\/itib-machinery.com\/fr\/?s={search_term_string}"},"query-input":{"@type":"PropertyValueSpecification","valueRequired":true,"valueName":"search_term_string"}}],"inLanguage":"fr-FR"}]}},"_links":{"self":[{"href":"https:\/\/itib-machinery.com\/fr\/wp-json\/wp\/v2\/pages\/1402","targetHints":{"allow":["GET"]}}],"collection":[{"href":"https:\/\/itib-machinery.com\/fr\/wp-json\/wp\/v2\/pages"}],"about":[{"href":"https:\/\/itib-machinery.com\/fr\/wp-json\/wp\/v2\/types\/page"}],"author":[{"embeddable":true,"href":"https:\/\/itib-machinery.com\/fr\/wp-json\/wp\/v2\/users\/1"}],"replies":[{"embeddable":true,"href":"https:\/\/itib-machinery.com\/fr\/wp-json\/wp\/v2\/comments?post=1402"}],"version-history":[{"count":8,"href":"https:\/\/itib-machinery.com\/fr\/wp-json\/wp\/v2\/pages\/1402\/revisions"}],"predecessor-version":[{"id":2124,"href":"https:\/\/itib-machinery.com\/fr\/wp-json\/wp\/v2\/pages\/1402\/revisions\/2124"}],"up":[{"embeddable":true,"href":"https:\/\/itib-machinery.com\/fr\/wp-json\/wp\/v2\/pages\/1314"}],"wp:featuredmedia":[{"embeddable":true,"href":"https:\/\/itib-machinery.com\/fr\/wp-json\/wp\/v2\/media\/2000"}],"wp:attachment":[{"href":"https:\/\/itib-machinery.com\/fr\/wp-json\/wp\/v2\/media?parent=1402"}],"curies":[{"name":"wp","href":"https:\/\/api.w.org\/{rel}","templated":true}]}}