{"id":1426,"date":"2022-10-18T14:43:34","date_gmt":"2022-10-18T12:43:34","guid":{"rendered":"https:\/\/itib-machinery.com\/produits\/formeuses\/fv200\/"},"modified":"2025-10-01T14:26:39","modified_gmt":"2025-10-01T12:26:39","slug":"fv200hp","status":"publish","type":"page","link":"https:\/\/itib-machinery.com\/fr\/produits\/formeuses\/fv200hp\/","title":{"rendered":"FV<span>200HP<\/span>"},"content":{"rendered":"<p><img loading=\"lazy\" decoding=\"async\" class=\"aligncenter size-full wp-image-1933\" src=\"https:\/\/itib-machinery.com\/wp-content\/uploads\/2025\/10\/FV200HP_cerchio.png\" alt=\"\" width=\"893\" height=\"638\" srcset=\"https:\/\/itib-machinery.com\/wp-content\/uploads\/2025\/10\/FV200HP_cerchio.png 893w, https:\/\/itib-machinery.com\/wp-content\/uploads\/2025\/10\/FV200HP_cerchio-300x214.png 300w, https:\/\/itib-machinery.com\/wp-content\/uploads\/2025\/10\/FV200HP_cerchio-768x549.png 768w\" sizes=\"auto, (max-width: 893px) 100vw, 893px\" \/><\/p>\n<p>Il trouve sa principale application dans la production de <strong>tuyaux de canalisation de c\u00e2bles souterrains \u00e0 double paroi pour les infrastructures<\/strong>, mais aussi dans les <strong>tuyaux en PVC \u00e0 simple paroi pour le drainage dans l&rsquo;agriculture<\/strong>.<\/p>\n<p>C\u2019est un mod\u00e8le plus rapide et plus avanc\u00e9 que le mod\u00e8le historique FV250 d&rsquo;ITIB Machinery, toujours dans la gamme de machines d&rsquo;ITIB Machinery, dont le FV200 conserve certaines caract\u00e9ristiques g\u00e9n\u00e9rales.<\/p>\n<p>Pour satisfaire les exigences de performances \u00e9lev\u00e9es caract\u00e9risant aujourd&rsquo;hui un march\u00e9 tr\u00e8s concurrentiel, plusieurs nouvelles solutions ont \u00e9t\u00e9 adopt\u00e9es.<\/p>\n<p>Les caract\u00e9ristiques communes aux Formeuses FV250 sont les suivantes\u00a0:<\/p>\n<ul>\n<li>Conception ouverte pour un acc\u00e8s facilit\u00e9 aux pi\u00e8ces<\/li>\n<li>Refroidissement direct par circulation d&rsquo;eau \u00e0 l&rsquo;int\u00e9rieur des moules<\/li>\n<li>Moules en aluminium pour un transfert de chaleur \u00e9lev\u00e9<\/li>\n<li>Moules fix\u00e9s sur des supports en acier tremp\u00e9<\/li>\n<li>Moule fix\u00e9 au support avec un seul boulon pour un changement rapide<\/li>\n<li>L&rsquo;entra\u00eenement simple des cha\u00eenes gauche et droite permet un alignement parfait des moules<\/li>\n<li>Le syst\u00e8me de formage sous vide est livr\u00e9 de s\u00e9rie avec une pompe \u00e0 vitesse variable pour r\u00e9aliser des \u00e9conomies d&rsquo;\u00e9nergie<\/li>\n<li>Lubrification automatique avec minuterie<\/li>\n<li>Formeuse coulissant sur rails pour faciliter l&rsquo;acc\u00e8s au jeu de matrices lors de la mise en route<\/li>\n<li>R\u00e9glage lat\u00e9ral haut\/bas, gauche\/droite pour un centrage parfait<\/li>\n<li>Protections de s\u00e9curit\u00e9 pour une manipulation s\u00fbre de la formeuse<\/li>\n<\/ul>\n<p>&nbsp;<\/p>\n<p>Les nouvelles caract\u00e9ristiques du FV200 sont les suivantes\u00a0:<\/p>\n<ul>\n<li>Vitesse m\u00e9canique maximale jusqu&rsquo;\u00e0 35m\/min<\/li>\n<li>La longueur des canaux de refroidissement est optimis\u00e9e pour une performance maximale<\/li>\n<li>L&rsquo;espace de fermeture du moule est r\u00e9duit pour les matrices de faible longueur<\/li>\n<li>Large gamme de tubes de 30 mm de diam\u00e8tre int\u00e9rieur \u00e0 200 mm de diam\u00e8tre ext\u00e9rieur.<\/li>\n<li>Moules \u00e0 double cavit\u00e9 dans la gamme des 40-75 diam\u00e8tres<\/li>\n<li>L&rsquo;entra\u00eenement simple des cha\u00eenes gauche et droite permet un alignement parfait des moules<\/li>\n<li>Double limiteur de couple sur l&rsquo;arbre du r\u00e9ducteur<\/li>\n<li>Tuyaux d&rsquo;eau de refroidissement accessibles pour une maintenance limit\u00e9e<\/li>\n<li>Moteur \u00e9lectrique d\u2019urgence avec vis \u00e0 billes<\/li>\n<li>L&rsquo;unit\u00e9 UPS doit \u00eatre en mesure de faire face \u00e0 une panne de courant et permettre le d\u00e9placement des pi\u00e8ces cl\u00e9s<\/li>\n<li>Interface conviviale pour le r\u00e9glage des param\u00e8tres et le contr\u00f4le de la production<\/li>\n<li>Positionnement automatique de la barre de vide sup\u00e9rieure en fonction de la taille des moules<\/li>\n<li>Le r\u00e9glage et le contr\u00f4le de la temp\u00e9rature des moules sont disponibles en option<\/li>\n<li>Le dispositif de contr\u00f4le de la position de la formeuse est disponible en option<\/li>\n<li>Compatible avec l&rsquo;industrie 4.0<\/li>\n<\/ul>\n<p>&nbsp;<\/p>\n<p><a href=\"https:\/\/itib-machinery.com\/wp-content\/uploads\/2022\/10\/ITIB_TABELLE4.jpg\" rel=\"lightbox-0\"><img loading=\"lazy\" decoding=\"async\" class=\"aligncenter wp-image-849 size-full\" src=\"https:\/\/itib-machinery.com\/wp-content\/uploads\/2022\/10\/ITIB_TABELLE4.jpg\" alt=\"\" width=\"2500\" height=\"521\" srcset=\"https:\/\/itib-machinery.com\/wp-content\/uploads\/2022\/10\/ITIB_TABELLE4.jpg 2500w, https:\/\/itib-machinery.com\/wp-content\/uploads\/2022\/10\/ITIB_TABELLE4-300x63.jpg 300w, https:\/\/itib-machinery.com\/wp-content\/uploads\/2022\/10\/ITIB_TABELLE4-1024x213.jpg 1024w, https:\/\/itib-machinery.com\/wp-content\/uploads\/2022\/10\/ITIB_TABELLE4-768x160.jpg 768w, https:\/\/itib-machinery.com\/wp-content\/uploads\/2022\/10\/ITIB_TABELLE4-1536x320.jpg 1536w, https:\/\/itib-machinery.com\/wp-content\/uploads\/2022\/10\/ITIB_TABELLE4-2048x427.jpg 2048w\" sizes=\"auto, (max-width: 2500px) 100vw, 2500px\" \/><\/a><\/p>\n","protected":false},"excerpt":{"rendered":"<p>Il trouve sa principale application dans la production de tuyaux de canalisation de c\u00e2bles souterrains \u00e0 double paroi pour les infrastructures, mais aussi dans les tuyaux en PVC \u00e0 simple paroi pour le drainage dans l&rsquo;agriculture. C\u2019est un mod\u00e8le plus rapide et plus avanc\u00e9 que le mod\u00e8le historique FV250 d&rsquo;ITIB Machinery, toujours dans la gamme [&hellip;]<\/p>\n","protected":false},"author":1,"featured_media":1992,"parent":1314,"menu_order":98,"comment_status":"closed","ping_status":"closed","template":"singolo-prodotto.php","meta":{"footnotes":""},"class_list":["post-1426","page","type-page","status-publish","has-post-thumbnail","hentry"],"acf":[],"yoast_head":"<!-- This site is optimized with the Yoast SEO plugin v23.8 - https:\/\/yoast.com\/wordpress\/plugins\/seo\/ -->\n<title>FV200HP - Itib Machinery<\/title>\n<meta name=\"description\" content=\"ITIB Machinery corrugator for pipe production. High performance and customization. For info: imac@itib-machinery.com\" \/>\n<meta name=\"robots\" content=\"index, follow, max-snippet:-1, max-image-preview:large, max-video-preview:-1\" \/>\n<link rel=\"canonical\" href=\"https:\/\/itib-machinery.com\/fr\/produits\/formeuses\/fv200hp\/\" \/>\n<meta property=\"og:locale\" content=\"fr_FR\" \/>\n<meta property=\"og:type\" content=\"article\" \/>\n<meta property=\"og:title\" content=\"FV200HP - Itib Machinery\" \/>\n<meta property=\"og:description\" content=\"ITIB Machinery corrugator for pipe production. High performance and customization. For info: imac@itib-machinery.com\" \/>\n<meta property=\"og:url\" content=\"https:\/\/itib-machinery.com\/fr\/produits\/formeuses\/fv200hp\/\" \/>\n<meta property=\"og:site_name\" content=\"Itib Machinery\" \/>\n<meta property=\"article:modified_time\" content=\"2025-10-01T12:26:39+00:00\" \/>\n<meta property=\"og:image\" content=\"https:\/\/itib-machinery.com\/wp-content\/uploads\/2025\/10\/FV200-50HP_miniatura.png\" \/>\n\t<meta property=\"og:image:width\" content=\"480\" \/>\n\t<meta property=\"og:image:height\" content=\"285\" \/>\n\t<meta property=\"og:image:type\" content=\"image\/png\" \/>\n<meta name=\"twitter:card\" content=\"summary_large_image\" \/>\n<script type=\"application\/ld+json\" class=\"yoast-schema-graph\">{\"@context\":\"https:\/\/schema.org\",\"@graph\":[{\"@type\":\"WebPage\",\"@id\":\"https:\/\/itib-machinery.com\/fr\/produits\/formeuses\/fv200hp\/\",\"url\":\"https:\/\/itib-machinery.com\/fr\/produits\/formeuses\/fv200hp\/\",\"name\":\"FV200HP - Itib Machinery\",\"isPartOf\":{\"@id\":\"https:\/\/itib-machinery.com\/fr\/#website\"},\"primaryImageOfPage\":{\"@id\":\"https:\/\/itib-machinery.com\/fr\/produits\/formeuses\/fv200hp\/#primaryimage\"},\"image\":{\"@id\":\"https:\/\/itib-machinery.com\/fr\/produits\/formeuses\/fv200hp\/#primaryimage\"},\"thumbnailUrl\":\"https:\/\/itib-machinery.com\/wp-content\/uploads\/2025\/10\/FV200-50HP_miniatura.png\",\"datePublished\":\"2022-10-18T12:43:34+00:00\",\"dateModified\":\"2025-10-01T12:26:39+00:00\",\"description\":\"ITIB Machinery corrugator for pipe production. High performance and customization. For info: imac@itib-machinery.com\",\"breadcrumb\":{\"@id\":\"https:\/\/itib-machinery.com\/fr\/produits\/formeuses\/fv200hp\/#breadcrumb\"},\"inLanguage\":\"fr-FR\",\"potentialAction\":[{\"@type\":\"ReadAction\",\"target\":[\"https:\/\/itib-machinery.com\/fr\/produits\/formeuses\/fv200hp\/\"]}]},{\"@type\":\"ImageObject\",\"inLanguage\":\"fr-FR\",\"@id\":\"https:\/\/itib-machinery.com\/fr\/produits\/formeuses\/fv200hp\/#primaryimage\",\"url\":\"https:\/\/itib-machinery.com\/wp-content\/uploads\/2025\/10\/FV200-50HP_miniatura.png\",\"contentUrl\":\"https:\/\/itib-machinery.com\/wp-content\/uploads\/2025\/10\/FV200-50HP_miniatura.png\",\"width\":480,\"height\":285},{\"@type\":\"BreadcrumbList\",\"@id\":\"https:\/\/itib-machinery.com\/fr\/produits\/formeuses\/fv200hp\/#breadcrumb\",\"itemListElement\":[{\"@type\":\"ListItem\",\"position\":1,\"name\":\"Home\",\"item\":\"https:\/\/itib-machinery.com\/fr\/\"},{\"@type\":\"ListItem\",\"position\":2,\"name\":\"PRODUITS\",\"item\":\"https:\/\/itib-machinery.com\/fr\/produits\/\"},{\"@type\":\"ListItem\",\"position\":3,\"name\":\"Formeuses\",\"item\":\"https:\/\/itib-machinery.com\/fr\/produits\/formeuses\/\"},{\"@type\":\"ListItem\",\"position\":4,\"name\":\"FV200HP\"}]},{\"@type\":\"WebSite\",\"@id\":\"https:\/\/itib-machinery.com\/fr\/#website\",\"url\":\"https:\/\/itib-machinery.com\/fr\/\",\"name\":\"Itib Machinery\",\"description\":\"\",\"potentialAction\":[{\"@type\":\"SearchAction\",\"target\":{\"@type\":\"EntryPoint\",\"urlTemplate\":\"https:\/\/itib-machinery.com\/fr\/?s={search_term_string}\"},\"query-input\":{\"@type\":\"PropertyValueSpecification\",\"valueRequired\":true,\"valueName\":\"search_term_string\"}}],\"inLanguage\":\"fr-FR\"}]}<\/script>\n<!-- \/ Yoast SEO plugin. -->","yoast_head_json":{"title":"FV200HP - Itib Machinery","description":"ITIB Machinery corrugator for pipe production. High performance and customization. For info: imac@itib-machinery.com","robots":{"index":"index","follow":"follow","max-snippet":"max-snippet:-1","max-image-preview":"max-image-preview:large","max-video-preview":"max-video-preview:-1"},"canonical":"https:\/\/itib-machinery.com\/fr\/produits\/formeuses\/fv200hp\/","og_locale":"fr_FR","og_type":"article","og_title":"FV200HP - Itib Machinery","og_description":"ITIB Machinery corrugator for pipe production. High performance and customization. For info: imac@itib-machinery.com","og_url":"https:\/\/itib-machinery.com\/fr\/produits\/formeuses\/fv200hp\/","og_site_name":"Itib Machinery","article_modified_time":"2025-10-01T12:26:39+00:00","og_image":[{"width":480,"height":285,"url":"https:\/\/itib-machinery.com\/wp-content\/uploads\/2025\/10\/FV200-50HP_miniatura.png","type":"image\/png"}],"twitter_card":"summary_large_image","schema":{"@context":"https:\/\/schema.org","@graph":[{"@type":"WebPage","@id":"https:\/\/itib-machinery.com\/fr\/produits\/formeuses\/fv200hp\/","url":"https:\/\/itib-machinery.com\/fr\/produits\/formeuses\/fv200hp\/","name":"FV200HP - Itib Machinery","isPartOf":{"@id":"https:\/\/itib-machinery.com\/fr\/#website"},"primaryImageOfPage":{"@id":"https:\/\/itib-machinery.com\/fr\/produits\/formeuses\/fv200hp\/#primaryimage"},"image":{"@id":"https:\/\/itib-machinery.com\/fr\/produits\/formeuses\/fv200hp\/#primaryimage"},"thumbnailUrl":"https:\/\/itib-machinery.com\/wp-content\/uploads\/2025\/10\/FV200-50HP_miniatura.png","datePublished":"2022-10-18T12:43:34+00:00","dateModified":"2025-10-01T12:26:39+00:00","description":"ITIB Machinery corrugator for pipe production. High performance and customization. For info: imac@itib-machinery.com","breadcrumb":{"@id":"https:\/\/itib-machinery.com\/fr\/produits\/formeuses\/fv200hp\/#breadcrumb"},"inLanguage":"fr-FR","potentialAction":[{"@type":"ReadAction","target":["https:\/\/itib-machinery.com\/fr\/produits\/formeuses\/fv200hp\/"]}]},{"@type":"ImageObject","inLanguage":"fr-FR","@id":"https:\/\/itib-machinery.com\/fr\/produits\/formeuses\/fv200hp\/#primaryimage","url":"https:\/\/itib-machinery.com\/wp-content\/uploads\/2025\/10\/FV200-50HP_miniatura.png","contentUrl":"https:\/\/itib-machinery.com\/wp-content\/uploads\/2025\/10\/FV200-50HP_miniatura.png","width":480,"height":285},{"@type":"BreadcrumbList","@id":"https:\/\/itib-machinery.com\/fr\/produits\/formeuses\/fv200hp\/#breadcrumb","itemListElement":[{"@type":"ListItem","position":1,"name":"Home","item":"https:\/\/itib-machinery.com\/fr\/"},{"@type":"ListItem","position":2,"name":"PRODUITS","item":"https:\/\/itib-machinery.com\/fr\/produits\/"},{"@type":"ListItem","position":3,"name":"Formeuses","item":"https:\/\/itib-machinery.com\/fr\/produits\/formeuses\/"},{"@type":"ListItem","position":4,"name":"FV200HP"}]},{"@type":"WebSite","@id":"https:\/\/itib-machinery.com\/fr\/#website","url":"https:\/\/itib-machinery.com\/fr\/","name":"Itib Machinery","description":"","potentialAction":[{"@type":"SearchAction","target":{"@type":"EntryPoint","urlTemplate":"https:\/\/itib-machinery.com\/fr\/?s={search_term_string}"},"query-input":{"@type":"PropertyValueSpecification","valueRequired":true,"valueName":"search_term_string"}}],"inLanguage":"fr-FR"}]}},"_links":{"self":[{"href":"https:\/\/itib-machinery.com\/fr\/wp-json\/wp\/v2\/pages\/1426","targetHints":{"allow":["GET"]}}],"collection":[{"href":"https:\/\/itib-machinery.com\/fr\/wp-json\/wp\/v2\/pages"}],"about":[{"href":"https:\/\/itib-machinery.com\/fr\/wp-json\/wp\/v2\/types\/page"}],"author":[{"embeddable":true,"href":"https:\/\/itib-machinery.com\/fr\/wp-json\/wp\/v2\/users\/1"}],"replies":[{"embeddable":true,"href":"https:\/\/itib-machinery.com\/fr\/wp-json\/wp\/v2\/comments?post=1426"}],"version-history":[{"count":6,"href":"https:\/\/itib-machinery.com\/fr\/wp-json\/wp\/v2\/pages\/1426\/revisions"}],"predecessor-version":[{"id":1943,"href":"https:\/\/itib-machinery.com\/fr\/wp-json\/wp\/v2\/pages\/1426\/revisions\/1943"}],"up":[{"embeddable":true,"href":"https:\/\/itib-machinery.com\/fr\/wp-json\/wp\/v2\/pages\/1314"}],"wp:featuredmedia":[{"embeddable":true,"href":"https:\/\/itib-machinery.com\/fr\/wp-json\/wp\/v2\/media\/1992"}],"wp:attachment":[{"href":"https:\/\/itib-machinery.com\/fr\/wp-json\/wp\/v2\/media?parent=1426"}],"curies":[{"name":"wp","href":"https:\/\/api.w.org\/{rel}","templated":true}]}}