{"id":1431,"date":"2022-10-18T14:46:12","date_gmt":"2022-10-18T12:46:12","guid":{"rendered":"https:\/\/itib-machinery.com\/produits\/formeuses\/fv800sh9\/"},"modified":"2025-10-01T16:44:03","modified_gmt":"2025-10-01T14:44:03","slug":"fv800sh9","status":"publish","type":"page","link":"https:\/\/itib-machinery.com\/fr\/produits\/formeuses\/fv800sh9\/","title":{"rendered":"FV<span>800<\/span>SH9"},"content":{"rendered":"<p><img loading=\"lazy\" decoding=\"async\" class=\"aligncenter wp-image-2004 size-full\" src=\"https:\/\/itib-machinery.com\/wp-content\/uploads\/2025\/10\/FV800SH9_cerchio.png\" alt=\"\" width=\"1045\" height=\"658\" srcset=\"https:\/\/itib-machinery.com\/wp-content\/uploads\/2025\/10\/FV800SH9_cerchio.png 1045w, https:\/\/itib-machinery.com\/wp-content\/uploads\/2025\/10\/FV800SH9_cerchio-300x189.png 300w, https:\/\/itib-machinery.com\/wp-content\/uploads\/2025\/10\/FV800SH9_cerchio-1024x645.png 1024w, https:\/\/itib-machinery.com\/wp-content\/uploads\/2025\/10\/FV800SH9_cerchio-768x484.png 768w\" sizes=\"auto, (max-width: 1045px) 100vw, 1045px\" \/><\/p>\n<p>Il trouve sa principale application dans la production de tuyaux souterrains \u00e0 double paroi pour le drainage et l&rsquo;\u00e9vacuation des eaux us\u00e9es dans les infrastructures.<\/p>\n<p>Il remplace le mod\u00e8le FV700, ajoutant \u00e0 la gamme de tuyaux la taille strat\u00e9gique de 800 mm.<\/p>\n<p>Les principales caract\u00e9ristiques du FV800 sont les suivantes\u00a0:<\/p>\n<ul>\n<li>Syst\u00e8me de navette pour le d\u00e9placement des moules<\/li>\n<li>Vitesse m\u00e9canique maximale jusqu&rsquo;\u00e0 3,5 m\/min<\/li>\n<li>Longueur optimis\u00e9e des canaux de refroidissement pour de meilleures performances<\/li>\n<li>Refroidissement direct par circulation d&rsquo;eau \u00e0 l&rsquo;int\u00e9rieur des moules<\/li>\n<li>Moules en aluminium pour un transfert de chaleur \u00e9lev\u00e9<\/li>\n<li>Large gamme de tubes de 150 mm de diam\u00e8tre int\u00e9rieur \u00e0 800 mm de diam\u00e8tre ext\u00e9rieur.<\/li>\n<li>Moules fix\u00e9s sur des supports en acier tremp\u00e9<\/li>\n<li>Moule fix\u00e9 au support pour un changement rapide<\/li>\n<li>L&rsquo;entra\u00eenement simple des cha\u00eenes gauche et droite permet un alignement parfait des moules<\/li>\n<li>Le syst\u00e8me de formage sous vide est livr\u00e9 de s\u00e9rie avec une pompe \u00e0 vitesse variable pour r\u00e9aliser des \u00e9conomies d&rsquo;\u00e9nergie<\/li>\n<li>Lubrification automatique \u00e0 l&rsquo;huile\/\u00e0 la graisse avec timer<\/li>\n<li>Formeuse coulissant sur rails pour faciliter l&rsquo;acc\u00e8s au jeu de matrices lors de la mise en route<\/li>\n<li>R\u00e9glage \u00e9lectrique haut\/bas, gauche\/droite pour un centrage parfait<\/li>\n<li>Moteur \u00e9lectrique d\u2019urgence avec vis \u00e0 billes<\/li>\n<li>L&rsquo;unit\u00e9 UPS doit \u00eatre en mesure de faire face \u00e0 une panne de courant et permettre le d\u00e9placement des pi\u00e8ces cl\u00e9s<\/li>\n<li>Interface conviviale pour le r\u00e9glage des param\u00e8tres et le contr\u00f4le de la production<\/li>\n<li>Positionnement automatique de la barre de vide sup\u00e9rieure en fonction de la taille des moules<\/li>\n<li>Le r\u00e9glage et le contr\u00f4le de la temp\u00e9rature des moules sont disponibles en option<\/li>\n<li>Le dispositif de contr\u00f4le de la position de la formeuse est disponible en option<\/li>\n<li>Protections de s\u00e9curit\u00e9 pour une manipulation s\u00fbre de la formeuse<\/li>\n<li>Pr\u00e9vu avec espace de stationnement des moules pour l&rsquo;accouplement en ligne<\/li>\n<li>Compatible avec l&rsquo;industrie 4.0<\/li>\n<\/ul>\n<p>&nbsp;<\/p>\n<p><a href=\"https:\/\/itib-machinery.com\/wp-content\/uploads\/2022\/10\/ITIB_TABELLE5.jpg\" rel=\"lightbox-0\"><img loading=\"lazy\" decoding=\"async\" class=\"aligncenter wp-image-853 size-full\" src=\"https:\/\/itib-machinery.com\/wp-content\/uploads\/2022\/10\/ITIB_TABELLE5.jpg\" alt=\"\" width=\"2500\" height=\"521\" srcset=\"https:\/\/itib-machinery.com\/wp-content\/uploads\/2022\/10\/ITIB_TABELLE5.jpg 2500w, https:\/\/itib-machinery.com\/wp-content\/uploads\/2022\/10\/ITIB_TABELLE5-300x63.jpg 300w, https:\/\/itib-machinery.com\/wp-content\/uploads\/2022\/10\/ITIB_TABELLE5-1024x213.jpg 1024w, https:\/\/itib-machinery.com\/wp-content\/uploads\/2022\/10\/ITIB_TABELLE5-768x160.jpg 768w, https:\/\/itib-machinery.com\/wp-content\/uploads\/2022\/10\/ITIB_TABELLE5-1536x320.jpg 1536w, https:\/\/itib-machinery.com\/wp-content\/uploads\/2022\/10\/ITIB_TABELLE5-2048x427.jpg 2048w\" sizes=\"auto, (max-width: 2500px) 100vw, 2500px\" \/><\/a><\/p>\n<div style=\"text-align: center;\"><iframe loading=\"lazy\" style=\"padding: 2px; border: 1px solid #ED7003;\" title=\"ITIB MACHINERY - formeuse FV800SH9\" src=\"https:\/\/www.youtube.com\/embed\/P6DUUEyH3ZI\" width=\"560\" height=\"315\" frameborder=\"0\" allowfullscreen=\"allowfullscreen\"><\/iframe><\/div>\n","protected":false},"excerpt":{"rendered":"<p>Il trouve sa principale application dans la production de tuyaux souterrains \u00e0 double paroi pour le drainage et l&rsquo;\u00e9vacuation des eaux us\u00e9es dans les infrastructures. Il remplace le mod\u00e8le FV700, ajoutant \u00e0 la gamme de tuyaux la taille strat\u00e9gique de 800 mm. Les principales caract\u00e9ristiques du FV800 sont les suivantes\u00a0: Syst\u00e8me de navette pour le [&hellip;]<\/p>\n","protected":false},"author":1,"featured_media":2025,"parent":1314,"menu_order":88,"comment_status":"closed","ping_status":"closed","template":"singolo-prodotto.php","meta":{"footnotes":""},"class_list":["post-1431","page","type-page","status-publish","has-post-thumbnail","hentry"],"acf":[],"yoast_head":"<!-- This site is optimized with the Yoast SEO plugin v23.8 - https:\/\/yoast.com\/wordpress\/plugins\/seo\/ -->\n<title>FV800SH9 - Itib Machinery<\/title>\n<meta name=\"description\" content=\"ITIB Machinery corrugator for pipe production. High performance and customization. For info: imac@itib-machinery.com\" \/>\n<meta name=\"robots\" content=\"index, follow, max-snippet:-1, max-image-preview:large, max-video-preview:-1\" \/>\n<link rel=\"canonical\" href=\"https:\/\/itib-machinery.com\/fr\/produits\/formeuses\/fv800sh9\/\" \/>\n<meta property=\"og:locale\" content=\"fr_FR\" \/>\n<meta property=\"og:type\" content=\"article\" \/>\n<meta property=\"og:title\" content=\"FV800SH9 - Itib Machinery\" \/>\n<meta property=\"og:description\" content=\"ITIB Machinery corrugator for pipe production. High performance and customization. For info: imac@itib-machinery.com\" \/>\n<meta property=\"og:url\" content=\"https:\/\/itib-machinery.com\/fr\/produits\/formeuses\/fv800sh9\/\" \/>\n<meta property=\"og:site_name\" content=\"Itib Machinery\" \/>\n<meta property=\"article:modified_time\" content=\"2025-10-01T14:44:03+00:00\" \/>\n<meta property=\"og:image\" content=\"https:\/\/itib-machinery.com\/wp-content\/uploads\/2025\/10\/FV800_miniatura2-e1759329836140.png\" \/>\n\t<meta property=\"og:image:width\" content=\"462\" \/>\n\t<meta property=\"og:image:height\" content=\"320\" \/>\n\t<meta property=\"og:image:type\" content=\"image\/png\" \/>\n<meta name=\"twitter:card\" content=\"summary_large_image\" \/>\n<script type=\"application\/ld+json\" class=\"yoast-schema-graph\">{\"@context\":\"https:\/\/schema.org\",\"@graph\":[{\"@type\":\"WebPage\",\"@id\":\"https:\/\/itib-machinery.com\/fr\/produits\/formeuses\/fv800sh9\/\",\"url\":\"https:\/\/itib-machinery.com\/fr\/produits\/formeuses\/fv800sh9\/\",\"name\":\"FV800SH9 - Itib Machinery\",\"isPartOf\":{\"@id\":\"https:\/\/itib-machinery.com\/fr\/#website\"},\"primaryImageOfPage\":{\"@id\":\"https:\/\/itib-machinery.com\/fr\/produits\/formeuses\/fv800sh9\/#primaryimage\"},\"image\":{\"@id\":\"https:\/\/itib-machinery.com\/fr\/produits\/formeuses\/fv800sh9\/#primaryimage\"},\"thumbnailUrl\":\"https:\/\/itib-machinery.com\/wp-content\/uploads\/2025\/10\/FV800_miniatura2-e1759329836140.png\",\"datePublished\":\"2022-10-18T12:46:12+00:00\",\"dateModified\":\"2025-10-01T14:44:03+00:00\",\"description\":\"ITIB Machinery corrugator for pipe production. High performance and customization. For info: imac@itib-machinery.com\",\"breadcrumb\":{\"@id\":\"https:\/\/itib-machinery.com\/fr\/produits\/formeuses\/fv800sh9\/#breadcrumb\"},\"inLanguage\":\"fr-FR\",\"potentialAction\":[{\"@type\":\"ReadAction\",\"target\":[\"https:\/\/itib-machinery.com\/fr\/produits\/formeuses\/fv800sh9\/\"]}]},{\"@type\":\"ImageObject\",\"inLanguage\":\"fr-FR\",\"@id\":\"https:\/\/itib-machinery.com\/fr\/produits\/formeuses\/fv800sh9\/#primaryimage\",\"url\":\"https:\/\/itib-machinery.com\/wp-content\/uploads\/2025\/10\/FV800_miniatura2-e1759329836140.png\",\"contentUrl\":\"https:\/\/itib-machinery.com\/wp-content\/uploads\/2025\/10\/FV800_miniatura2-e1759329836140.png\",\"width\":462,\"height\":320},{\"@type\":\"BreadcrumbList\",\"@id\":\"https:\/\/itib-machinery.com\/fr\/produits\/formeuses\/fv800sh9\/#breadcrumb\",\"itemListElement\":[{\"@type\":\"ListItem\",\"position\":1,\"name\":\"Home\",\"item\":\"https:\/\/itib-machinery.com\/fr\/\"},{\"@type\":\"ListItem\",\"position\":2,\"name\":\"PRODUITS\",\"item\":\"https:\/\/itib-machinery.com\/fr\/produits\/\"},{\"@type\":\"ListItem\",\"position\":3,\"name\":\"Formeuses\",\"item\":\"https:\/\/itib-machinery.com\/fr\/produits\/formeuses\/\"},{\"@type\":\"ListItem\",\"position\":4,\"name\":\"FV800SH9\"}]},{\"@type\":\"WebSite\",\"@id\":\"https:\/\/itib-machinery.com\/fr\/#website\",\"url\":\"https:\/\/itib-machinery.com\/fr\/\",\"name\":\"Itib Machinery\",\"description\":\"\",\"potentialAction\":[{\"@type\":\"SearchAction\",\"target\":{\"@type\":\"EntryPoint\",\"urlTemplate\":\"https:\/\/itib-machinery.com\/fr\/?s={search_term_string}\"},\"query-input\":{\"@type\":\"PropertyValueSpecification\",\"valueRequired\":true,\"valueName\":\"search_term_string\"}}],\"inLanguage\":\"fr-FR\"}]}<\/script>\n<!-- \/ Yoast SEO plugin. -->","yoast_head_json":{"title":"FV800SH9 - Itib Machinery","description":"ITIB Machinery corrugator for pipe production. High performance and customization. For info: imac@itib-machinery.com","robots":{"index":"index","follow":"follow","max-snippet":"max-snippet:-1","max-image-preview":"max-image-preview:large","max-video-preview":"max-video-preview:-1"},"canonical":"https:\/\/itib-machinery.com\/fr\/produits\/formeuses\/fv800sh9\/","og_locale":"fr_FR","og_type":"article","og_title":"FV800SH9 - Itib Machinery","og_description":"ITIB Machinery corrugator for pipe production. High performance and customization. For info: imac@itib-machinery.com","og_url":"https:\/\/itib-machinery.com\/fr\/produits\/formeuses\/fv800sh9\/","og_site_name":"Itib Machinery","article_modified_time":"2025-10-01T14:44:03+00:00","og_image":[{"width":462,"height":320,"url":"https:\/\/itib-machinery.com\/wp-content\/uploads\/2025\/10\/FV800_miniatura2-e1759329836140.png","type":"image\/png"}],"twitter_card":"summary_large_image","schema":{"@context":"https:\/\/schema.org","@graph":[{"@type":"WebPage","@id":"https:\/\/itib-machinery.com\/fr\/produits\/formeuses\/fv800sh9\/","url":"https:\/\/itib-machinery.com\/fr\/produits\/formeuses\/fv800sh9\/","name":"FV800SH9 - Itib Machinery","isPartOf":{"@id":"https:\/\/itib-machinery.com\/fr\/#website"},"primaryImageOfPage":{"@id":"https:\/\/itib-machinery.com\/fr\/produits\/formeuses\/fv800sh9\/#primaryimage"},"image":{"@id":"https:\/\/itib-machinery.com\/fr\/produits\/formeuses\/fv800sh9\/#primaryimage"},"thumbnailUrl":"https:\/\/itib-machinery.com\/wp-content\/uploads\/2025\/10\/FV800_miniatura2-e1759329836140.png","datePublished":"2022-10-18T12:46:12+00:00","dateModified":"2025-10-01T14:44:03+00:00","description":"ITIB Machinery corrugator for pipe production. High performance and customization. For info: imac@itib-machinery.com","breadcrumb":{"@id":"https:\/\/itib-machinery.com\/fr\/produits\/formeuses\/fv800sh9\/#breadcrumb"},"inLanguage":"fr-FR","potentialAction":[{"@type":"ReadAction","target":["https:\/\/itib-machinery.com\/fr\/produits\/formeuses\/fv800sh9\/"]}]},{"@type":"ImageObject","inLanguage":"fr-FR","@id":"https:\/\/itib-machinery.com\/fr\/produits\/formeuses\/fv800sh9\/#primaryimage","url":"https:\/\/itib-machinery.com\/wp-content\/uploads\/2025\/10\/FV800_miniatura2-e1759329836140.png","contentUrl":"https:\/\/itib-machinery.com\/wp-content\/uploads\/2025\/10\/FV800_miniatura2-e1759329836140.png","width":462,"height":320},{"@type":"BreadcrumbList","@id":"https:\/\/itib-machinery.com\/fr\/produits\/formeuses\/fv800sh9\/#breadcrumb","itemListElement":[{"@type":"ListItem","position":1,"name":"Home","item":"https:\/\/itib-machinery.com\/fr\/"},{"@type":"ListItem","position":2,"name":"PRODUITS","item":"https:\/\/itib-machinery.com\/fr\/produits\/"},{"@type":"ListItem","position":3,"name":"Formeuses","item":"https:\/\/itib-machinery.com\/fr\/produits\/formeuses\/"},{"@type":"ListItem","position":4,"name":"FV800SH9"}]},{"@type":"WebSite","@id":"https:\/\/itib-machinery.com\/fr\/#website","url":"https:\/\/itib-machinery.com\/fr\/","name":"Itib Machinery","description":"","potentialAction":[{"@type":"SearchAction","target":{"@type":"EntryPoint","urlTemplate":"https:\/\/itib-machinery.com\/fr\/?s={search_term_string}"},"query-input":{"@type":"PropertyValueSpecification","valueRequired":true,"valueName":"search_term_string"}}],"inLanguage":"fr-FR"}]}},"_links":{"self":[{"href":"https:\/\/itib-machinery.com\/fr\/wp-json\/wp\/v2\/pages\/1431","targetHints":{"allow":["GET"]}}],"collection":[{"href":"https:\/\/itib-machinery.com\/fr\/wp-json\/wp\/v2\/pages"}],"about":[{"href":"https:\/\/itib-machinery.com\/fr\/wp-json\/wp\/v2\/types\/page"}],"author":[{"embeddable":true,"href":"https:\/\/itib-machinery.com\/fr\/wp-json\/wp\/v2\/users\/1"}],"replies":[{"embeddable":true,"href":"https:\/\/itib-machinery.com\/fr\/wp-json\/wp\/v2\/comments?post=1431"}],"version-history":[{"count":7,"href":"https:\/\/itib-machinery.com\/fr\/wp-json\/wp\/v2\/pages\/1431\/revisions"}],"predecessor-version":[{"id":2018,"href":"https:\/\/itib-machinery.com\/fr\/wp-json\/wp\/v2\/pages\/1431\/revisions\/2018"}],"up":[{"embeddable":true,"href":"https:\/\/itib-machinery.com\/fr\/wp-json\/wp\/v2\/pages\/1314"}],"wp:featuredmedia":[{"embeddable":true,"href":"https:\/\/itib-machinery.com\/fr\/wp-json\/wp\/v2\/media\/2025"}],"wp:attachment":[{"href":"https:\/\/itib-machinery.com\/fr\/wp-json\/wp\/v2\/media?parent=1431"}],"curies":[{"name":"wp","href":"https:\/\/api.w.org\/{rel}","templated":true}]}}