{"id":1436,"date":"2022-10-18T14:52:40","date_gmt":"2022-10-18T12:52:40","guid":{"rendered":"https:\/\/itib-machinery.com\/produits\/equipements-en-aval-equipements-auxiliaires\/perforators\/"},"modified":"2023-06-22T14:11:53","modified_gmt":"2023-06-22T12:11:53","slug":"perforateurs","status":"publish","type":"page","link":"https:\/\/itib-machinery.com\/fr\/produits\/equipements-en-aval-equipements-auxiliaires\/perforateurs\/","title":{"rendered":"Perforateurs"},"content":{"rendered":"<p><img loading=\"lazy\" decoding=\"async\" class=\"aligncenter size-full wp-image-645\" src=\"https:\/\/itib-machinery.com\/wp-content\/uploads\/2022\/10\/HG200.jpg\" alt=\"\" width=\"1200\" height=\"716\" srcset=\"https:\/\/itib-machinery.com\/wp-content\/uploads\/2022\/10\/HG200.jpg 1200w, https:\/\/itib-machinery.com\/wp-content\/uploads\/2022\/10\/HG200-300x179.jpg 300w, https:\/\/itib-machinery.com\/wp-content\/uploads\/2022\/10\/HG200-1024x611.jpg 1024w, https:\/\/itib-machinery.com\/wp-content\/uploads\/2022\/10\/HG200-768x458.jpg 768w\" sizes=\"auto, (max-width: 1200px) 100vw, 1200px\" \/><\/p>\n<p>L&rsquo;unit\u00e9 de perforation est plac\u00e9e entre la formeuse et le coupeur dans une ligne d&rsquo;extrusion destin\u00e9e \u00e0 la production de tuyaux en PE, PP ou PVC \u00e0 simple ou double paroi pour le drainage dans l&rsquo;agriculture.<\/p>\n<p>Elle se compose d&rsquo;une t\u00eate de rainurage se d\u00e9pla\u00e7ant sur des rails, fix\u00e9e \u00e0 un ch\u00e2ssis.<\/p>\n<p>La t\u00eate porte <strong>six roues rotatives<\/strong> dont le profil est con\u00e7u en fonction du diam\u00e8tre et du pas du tuyau.<\/p>\n<p>La vitesse de rotation des roues est fonction de la vitesse de la ligne.<\/p>\n<p>Sur chaque roue, un <strong>couteau \u00e0 fente<\/strong> est plac\u00e9 et extrait une puce en plastique \u00e0 chaque tour, laissant un trou dans le tuyau.<\/p>\n<p>Diff\u00e9rentes combinaisons de fentes peuvent \u00eatre choisies en fonction du diam\u00e8tre du tuyau et de la surface de drainage souhait\u00e9e.<\/p>\n<p>Il est n\u00e9cessaire de disposer d&rsquo;un jeu de roues pour chaque diam\u00e8tre et chaque pas de tuyau.<\/p>\n<p>Dans le cas de tuyaux flexibles \u00e0 simple paroi, un bras dansant peut \u00eatre utilis\u00e9 pour synchroniser l&rsquo;unit\u00e9 avec la vitesse de la ligne.<\/p>\n<p>Dans le cas de tuyaux en barres ou de profils plus rigides, la fonction de danseur est remplac\u00e9e par un potentiom\u00e8tre lin\u00e9aire connect\u00e9 \u00e0 la t\u00eate mobile.<\/p>\n<p>Les copeaux de plastique sont collect\u00e9s et achemin\u00e9s \u00e0 l&rsquo;ext\u00e9rieur de l&rsquo;unit\u00e9.<\/p>\n","protected":false},"excerpt":{"rendered":"<p>L&rsquo;unit\u00e9 de perforation est plac\u00e9e entre la formeuse et le coupeur dans une ligne d&rsquo;extrusion destin\u00e9e \u00e0 la production de tuyaux en PE, PP ou PVC \u00e0 simple ou double paroi pour le drainage dans l&rsquo;agriculture. Elle se compose d&rsquo;une t\u00eate de rainurage se d\u00e9pla\u00e7ant sur des rails, fix\u00e9e \u00e0 un ch\u00e2ssis. La t\u00eate porte [&hellip;]<\/p>\n","protected":false},"author":1,"featured_media":1140,"parent":1321,"menu_order":109,"comment_status":"closed","ping_status":"closed","template":"singolo-prodotto.php","meta":{"footnotes":""},"class_list":["post-1436","page","type-page","status-publish","has-post-thumbnail","hentry"],"acf":[],"yoast_head":"<!-- This site is optimized with the Yoast SEO plugin v23.8 - https:\/\/yoast.com\/wordpress\/plugins\/seo\/ -->\n<title>Perforateurs - Itib Machinery<\/title>\n<meta name=\"description\" content=\"ITIB Machinery produces perforators for extrusion lines with single and double wall pipes in PE, PP, PVC. For info: imac@itib-machinery.com\" \/>\n<meta name=\"robots\" content=\"index, follow, max-snippet:-1, max-image-preview:large, max-video-preview:-1\" \/>\n<link rel=\"canonical\" href=\"https:\/\/itib-machinery.com\/fr\/produits\/equipements-en-aval-equipements-auxiliaires\/perforateurs\/\" \/>\n<meta property=\"og:locale\" content=\"fr_FR\" \/>\n<meta property=\"og:type\" content=\"article\" \/>\n<meta property=\"og:title\" content=\"Perforateurs - Itib Machinery\" \/>\n<meta property=\"og:description\" content=\"ITIB Machinery produces perforators for extrusion lines with single and double wall pipes in PE, PP, PVC. For info: imac@itib-machinery.com\" \/>\n<meta property=\"og:url\" content=\"https:\/\/itib-machinery.com\/fr\/produits\/equipements-en-aval-equipements-auxiliaires\/perforateurs\/\" \/>\n<meta property=\"og:site_name\" content=\"Itib Machinery\" \/>\n<meta property=\"article:modified_time\" content=\"2023-06-22T12:11:53+00:00\" \/>\n<meta property=\"og:image\" content=\"https:\/\/itib-machinery.com\/wp-content\/uploads\/2022\/10\/HG200.png\" \/>\n\t<meta property=\"og:image:width\" content=\"591\" \/>\n\t<meta property=\"og:image:height\" content=\"285\" \/>\n\t<meta property=\"og:image:type\" content=\"image\/png\" \/>\n<meta name=\"twitter:card\" content=\"summary_large_image\" \/>\n<script type=\"application\/ld+json\" class=\"yoast-schema-graph\">{\"@context\":\"https:\/\/schema.org\",\"@graph\":[{\"@type\":\"WebPage\",\"@id\":\"https:\/\/itib-machinery.com\/fr\/produits\/equipements-en-aval-equipements-auxiliaires\/perforateurs\/\",\"url\":\"https:\/\/itib-machinery.com\/fr\/produits\/equipements-en-aval-equipements-auxiliaires\/perforateurs\/\",\"name\":\"Perforateurs - Itib Machinery\",\"isPartOf\":{\"@id\":\"https:\/\/itib-machinery.com\/fr\/#website\"},\"primaryImageOfPage\":{\"@id\":\"https:\/\/itib-machinery.com\/fr\/produits\/equipements-en-aval-equipements-auxiliaires\/perforateurs\/#primaryimage\"},\"image\":{\"@id\":\"https:\/\/itib-machinery.com\/fr\/produits\/equipements-en-aval-equipements-auxiliaires\/perforateurs\/#primaryimage\"},\"thumbnailUrl\":\"https:\/\/itib-machinery.com\/wp-content\/uploads\/2022\/10\/HG200.png\",\"datePublished\":\"2022-10-18T12:52:40+00:00\",\"dateModified\":\"2023-06-22T12:11:53+00:00\",\"description\":\"ITIB Machinery produces perforators for extrusion lines with single and double wall pipes in PE, PP, PVC. For info: imac@itib-machinery.com\",\"breadcrumb\":{\"@id\":\"https:\/\/itib-machinery.com\/fr\/produits\/equipements-en-aval-equipements-auxiliaires\/perforateurs\/#breadcrumb\"},\"inLanguage\":\"fr-FR\",\"potentialAction\":[{\"@type\":\"ReadAction\",\"target\":[\"https:\/\/itib-machinery.com\/fr\/produits\/equipements-en-aval-equipements-auxiliaires\/perforateurs\/\"]}]},{\"@type\":\"ImageObject\",\"inLanguage\":\"fr-FR\",\"@id\":\"https:\/\/itib-machinery.com\/fr\/produits\/equipements-en-aval-equipements-auxiliaires\/perforateurs\/#primaryimage\",\"url\":\"https:\/\/itib-machinery.com\/wp-content\/uploads\/2022\/10\/HG200.png\",\"contentUrl\":\"https:\/\/itib-machinery.com\/wp-content\/uploads\/2022\/10\/HG200.png\",\"width\":591,\"height\":285},{\"@type\":\"BreadcrumbList\",\"@id\":\"https:\/\/itib-machinery.com\/fr\/produits\/equipements-en-aval-equipements-auxiliaires\/perforateurs\/#breadcrumb\",\"itemListElement\":[{\"@type\":\"ListItem\",\"position\":1,\"name\":\"Home\",\"item\":\"https:\/\/itib-machinery.com\/fr\/\"},{\"@type\":\"ListItem\",\"position\":2,\"name\":\"PRODUITS\",\"item\":\"https:\/\/itib-machinery.com\/fr\/produits\/\"},{\"@type\":\"ListItem\",\"position\":3,\"name\":\"\u00c9quipements en aval et \u00e8quipements auxiliaires\",\"item\":\"https:\/\/itib-machinery.com\/fr\/produits\/equipements-en-aval-equipements-auxiliaires\/\"},{\"@type\":\"ListItem\",\"position\":4,\"name\":\"Perforateurs\"}]},{\"@type\":\"WebSite\",\"@id\":\"https:\/\/itib-machinery.com\/fr\/#website\",\"url\":\"https:\/\/itib-machinery.com\/fr\/\",\"name\":\"Itib Machinery\",\"description\":\"\",\"potentialAction\":[{\"@type\":\"SearchAction\",\"target\":{\"@type\":\"EntryPoint\",\"urlTemplate\":\"https:\/\/itib-machinery.com\/fr\/?s={search_term_string}\"},\"query-input\":{\"@type\":\"PropertyValueSpecification\",\"valueRequired\":true,\"valueName\":\"search_term_string\"}}],\"inLanguage\":\"fr-FR\"}]}<\/script>\n<!-- \/ Yoast SEO plugin. -->","yoast_head_json":{"title":"Perforateurs - Itib Machinery","description":"ITIB Machinery produces perforators for extrusion lines with single and double wall pipes in PE, PP, PVC. For info: imac@itib-machinery.com","robots":{"index":"index","follow":"follow","max-snippet":"max-snippet:-1","max-image-preview":"max-image-preview:large","max-video-preview":"max-video-preview:-1"},"canonical":"https:\/\/itib-machinery.com\/fr\/produits\/equipements-en-aval-equipements-auxiliaires\/perforateurs\/","og_locale":"fr_FR","og_type":"article","og_title":"Perforateurs - Itib Machinery","og_description":"ITIB Machinery produces perforators for extrusion lines with single and double wall pipes in PE, PP, PVC. For info: imac@itib-machinery.com","og_url":"https:\/\/itib-machinery.com\/fr\/produits\/equipements-en-aval-equipements-auxiliaires\/perforateurs\/","og_site_name":"Itib Machinery","article_modified_time":"2023-06-22T12:11:53+00:00","og_image":[{"width":591,"height":285,"url":"https:\/\/itib-machinery.com\/wp-content\/uploads\/2022\/10\/HG200.png","type":"image\/png"}],"twitter_card":"summary_large_image","schema":{"@context":"https:\/\/schema.org","@graph":[{"@type":"WebPage","@id":"https:\/\/itib-machinery.com\/fr\/produits\/equipements-en-aval-equipements-auxiliaires\/perforateurs\/","url":"https:\/\/itib-machinery.com\/fr\/produits\/equipements-en-aval-equipements-auxiliaires\/perforateurs\/","name":"Perforateurs - Itib Machinery","isPartOf":{"@id":"https:\/\/itib-machinery.com\/fr\/#website"},"primaryImageOfPage":{"@id":"https:\/\/itib-machinery.com\/fr\/produits\/equipements-en-aval-equipements-auxiliaires\/perforateurs\/#primaryimage"},"image":{"@id":"https:\/\/itib-machinery.com\/fr\/produits\/equipements-en-aval-equipements-auxiliaires\/perforateurs\/#primaryimage"},"thumbnailUrl":"https:\/\/itib-machinery.com\/wp-content\/uploads\/2022\/10\/HG200.png","datePublished":"2022-10-18T12:52:40+00:00","dateModified":"2023-06-22T12:11:53+00:00","description":"ITIB Machinery produces perforators for extrusion lines with single and double wall pipes in PE, PP, PVC. For info: imac@itib-machinery.com","breadcrumb":{"@id":"https:\/\/itib-machinery.com\/fr\/produits\/equipements-en-aval-equipements-auxiliaires\/perforateurs\/#breadcrumb"},"inLanguage":"fr-FR","potentialAction":[{"@type":"ReadAction","target":["https:\/\/itib-machinery.com\/fr\/produits\/equipements-en-aval-equipements-auxiliaires\/perforateurs\/"]}]},{"@type":"ImageObject","inLanguage":"fr-FR","@id":"https:\/\/itib-machinery.com\/fr\/produits\/equipements-en-aval-equipements-auxiliaires\/perforateurs\/#primaryimage","url":"https:\/\/itib-machinery.com\/wp-content\/uploads\/2022\/10\/HG200.png","contentUrl":"https:\/\/itib-machinery.com\/wp-content\/uploads\/2022\/10\/HG200.png","width":591,"height":285},{"@type":"BreadcrumbList","@id":"https:\/\/itib-machinery.com\/fr\/produits\/equipements-en-aval-equipements-auxiliaires\/perforateurs\/#breadcrumb","itemListElement":[{"@type":"ListItem","position":1,"name":"Home","item":"https:\/\/itib-machinery.com\/fr\/"},{"@type":"ListItem","position":2,"name":"PRODUITS","item":"https:\/\/itib-machinery.com\/fr\/produits\/"},{"@type":"ListItem","position":3,"name":"\u00c9quipements en aval et \u00e8quipements auxiliaires","item":"https:\/\/itib-machinery.com\/fr\/produits\/equipements-en-aval-equipements-auxiliaires\/"},{"@type":"ListItem","position":4,"name":"Perforateurs"}]},{"@type":"WebSite","@id":"https:\/\/itib-machinery.com\/fr\/#website","url":"https:\/\/itib-machinery.com\/fr\/","name":"Itib Machinery","description":"","potentialAction":[{"@type":"SearchAction","target":{"@type":"EntryPoint","urlTemplate":"https:\/\/itib-machinery.com\/fr\/?s={search_term_string}"},"query-input":{"@type":"PropertyValueSpecification","valueRequired":true,"valueName":"search_term_string"}}],"inLanguage":"fr-FR"}]}},"_links":{"self":[{"href":"https:\/\/itib-machinery.com\/fr\/wp-json\/wp\/v2\/pages\/1436","targetHints":{"allow":["GET"]}}],"collection":[{"href":"https:\/\/itib-machinery.com\/fr\/wp-json\/wp\/v2\/pages"}],"about":[{"href":"https:\/\/itib-machinery.com\/fr\/wp-json\/wp\/v2\/types\/page"}],"author":[{"embeddable":true,"href":"https:\/\/itib-machinery.com\/fr\/wp-json\/wp\/v2\/users\/1"}],"replies":[{"embeddable":true,"href":"https:\/\/itib-machinery.com\/fr\/wp-json\/wp\/v2\/comments?post=1436"}],"version-history":[{"count":3,"href":"https:\/\/itib-machinery.com\/fr\/wp-json\/wp\/v2\/pages\/1436\/revisions"}],"predecessor-version":[{"id":1624,"href":"https:\/\/itib-machinery.com\/fr\/wp-json\/wp\/v2\/pages\/1436\/revisions\/1624"}],"up":[{"embeddable":true,"href":"https:\/\/itib-machinery.com\/fr\/wp-json\/wp\/v2\/pages\/1321"}],"wp:featuredmedia":[{"embeddable":true,"href":"https:\/\/itib-machinery.com\/fr\/wp-json\/wp\/v2\/media\/1140"}],"wp:attachment":[{"href":"https:\/\/itib-machinery.com\/fr\/wp-json\/wp\/v2\/media?parent=1436"}],"curies":[{"name":"wp","href":"https:\/\/api.w.org\/{rel}","templated":true}]}}