{"id":1441,"date":"2022-10-18T14:54:06","date_gmt":"2022-10-18T12:54:06","guid":{"rendered":"https:\/\/itib-machinery.com\/produits\/equipements-en-aval-equipements-auxiliaires\/cooling-tank-and-pullers\/"},"modified":"2023-06-22T14:13:10","modified_gmt":"2023-06-22T12:13:10","slug":"reservoir-de-refroidissement-et-extracteurs","status":"publish","type":"page","link":"https:\/\/itib-machinery.com\/fr\/produits\/equipements-en-aval-equipements-auxiliaires\/reservoir-de-refroidissement-et-extracteurs\/","title":{"rendered":"R\u00e9servoir de refroidissement et extracteurs"},"content":{"rendered":"<p><img loading=\"lazy\" decoding=\"async\" class=\"aligncenter size-full wp-image-651\" src=\"https:\/\/itib-machinery.com\/wp-content\/uploads\/2022\/10\/VASCA-RAFFREDDAMENTO.jpg\" alt=\"\" width=\"1200\" height=\"716\" srcset=\"https:\/\/itib-machinery.com\/wp-content\/uploads\/2022\/10\/VASCA-RAFFREDDAMENTO.jpg 1200w, https:\/\/itib-machinery.com\/wp-content\/uploads\/2022\/10\/VASCA-RAFFREDDAMENTO-300x179.jpg 300w, https:\/\/itib-machinery.com\/wp-content\/uploads\/2022\/10\/VASCA-RAFFREDDAMENTO-1024x611.jpg 1024w, https:\/\/itib-machinery.com\/wp-content\/uploads\/2022\/10\/VASCA-RAFFREDDAMENTO-768x458.jpg 768w\" sizes=\"auto, (max-width: 1200px) 100vw, 1200px\" \/><\/p>\n<p>Le <strong>r\u00e9servoir de refroidissement<\/strong> est plac\u00e9 apr\u00e8s l&rsquo;onduleuse et <strong>permet d&rsquo;augmenter la vitesse de production d&rsquo;une ligne d&rsquo;extrusion jusqu&rsquo;\u00e0 25%<\/strong>.<\/p>\n<p>Son application principale r\u00e9side dans les lignes d&rsquo;extrusion pour la production de conduits en PE, PP \u00e0 simple paroi pour le b\u00e2timent et de tuyaux en PE, PP \u00e0 double paroi pour l&rsquo;infrastructure.<\/p>\n<p>De mani\u00e8re g\u00e9n\u00e9rale, il peut \u00eatre utilis\u00e9 dans tous les cas o\u00f9 il est n\u00e9cessaire d&rsquo;augmenter le rendement.<\/p>\n<p>Le r\u00e9servoir de refroidissement est en <strong>acier inoxydable et des buses de pulv\u00e9risation d&rsquo;eau<\/strong> sont plac\u00e9es le long du canal.<\/p>\n<p>Il est disponible en trois, quatre ou six m\u00e8tres de long, selon l&rsquo;application, et en diff\u00e9rentes tailles, selon la gamme de tuyaux \u00e0 refroidir.<\/p>\n<p>Il est compos\u00e9 des \u00e9l\u00e9ments suivants\u00a0:<\/p>\n<ul>\n<li>une pompe de recirculation d&rsquo;eau,<\/li>\n<li>un \u00e9changeur de chaleur pour travailler en boucle de refroidissement ferm\u00e9e<\/li>\n<li>une soufflerie d&rsquo;air pour \u00e9liminer l&rsquo;eau et s\u00e9cher le tuyau.<\/li>\n<\/ul>\n<p>Un jeu de bagues d&rsquo;\u00e9tanch\u00e9it\u00e9 est g\u00e9n\u00e9ralement fourni pour chaque diam\u00e8tre.<\/p>\n<p>L&rsquo;<strong>extracteur<\/strong> est <strong>plac\u00e9 apr\u00e8s le r\u00e9servoir de refroidissement<\/strong> et tire le tuyau \u00e0 travers celui-ci.<\/p>\n<p>Il peut \u00eatre assembl\u00e9 sur le cadre du r\u00e9servoir ou fourni dans une configuration autonome.<\/p>\n<p>Il est compos\u00e9 de courroies de traction verticales ou horizontales, actionn\u00e9es par un moteur \u00e0 courant alternatif avec inverseur.<\/p>\n<p>La longueur de tirage d\u00e9pend de la taille des tuyaux.<\/p>\n<p>Les courroies peuvent s&rsquo;ouvrir et se fermer pour s&rsquo;adapter au diam\u00e8tre du tuyau.<\/p>\n<p>Un jeu de manchons de guidage est normalement fourni pour chaque diam\u00e8tre.<\/p>\n<p>Il est fourni avec des protections de s\u00e9curit\u00e9.<\/p>\n<p>&nbsp;<\/p>\n","protected":false},"excerpt":{"rendered":"<p>Le r\u00e9servoir de refroidissement est plac\u00e9 apr\u00e8s l&rsquo;onduleuse et permet d&rsquo;augmenter la vitesse de production d&rsquo;une ligne d&rsquo;extrusion jusqu&rsquo;\u00e0 25%. Son application principale r\u00e9side dans les lignes d&rsquo;extrusion pour la production de conduits en PE, PP \u00e0 simple paroi pour le b\u00e2timent et de tuyaux en PE, PP \u00e0 double paroi pour l&rsquo;infrastructure. De mani\u00e8re [&hellip;]<\/p>\n","protected":false},"author":1,"featured_media":1144,"parent":1321,"menu_order":113,"comment_status":"closed","ping_status":"closed","template":"singolo-prodotto.php","meta":{"footnotes":""},"class_list":["post-1441","page","type-page","status-publish","has-post-thumbnail","hentry"],"acf":[],"yoast_head":"<!-- This site is optimized with the Yoast SEO plugin v23.8 - https:\/\/yoast.com\/wordpress\/plugins\/seo\/ -->\n<title>R\u00e9servoir de refroidissement et extracteurs - Itib Machinery<\/title>\n<meta name=\"description\" content=\"ITIB Machinery designs cooling tanks to speed up production by up to 25%. For info: imac@itib-machinery.com\" \/>\n<meta name=\"robots\" content=\"index, follow, max-snippet:-1, max-image-preview:large, max-video-preview:-1\" \/>\n<link rel=\"canonical\" href=\"https:\/\/itib-machinery.com\/fr\/produits\/equipements-en-aval-equipements-auxiliaires\/reservoir-de-refroidissement-et-extracteurs\/\" \/>\n<meta property=\"og:locale\" content=\"fr_FR\" \/>\n<meta property=\"og:type\" content=\"article\" \/>\n<meta property=\"og:title\" content=\"R\u00e9servoir de refroidissement et extracteurs - Itib Machinery\" \/>\n<meta property=\"og:description\" content=\"ITIB Machinery designs cooling tanks to speed up production by up to 25%. For info: imac@itib-machinery.com\" \/>\n<meta property=\"og:url\" content=\"https:\/\/itib-machinery.com\/fr\/produits\/equipements-en-aval-equipements-auxiliaires\/reservoir-de-refroidissement-et-extracteurs\/\" \/>\n<meta property=\"og:site_name\" content=\"Itib Machinery\" \/>\n<meta property=\"article:modified_time\" content=\"2023-06-22T12:13:10+00:00\" \/>\n<meta property=\"og:image\" content=\"https:\/\/itib-machinery.com\/wp-content\/uploads\/2022\/10\/VASCA-RAFFREDDAMENTO.png\" \/>\n\t<meta property=\"og:image:width\" content=\"591\" \/>\n\t<meta property=\"og:image:height\" content=\"285\" \/>\n\t<meta property=\"og:image:type\" content=\"image\/png\" \/>\n<meta name=\"twitter:card\" content=\"summary_large_image\" \/>\n<script type=\"application\/ld+json\" class=\"yoast-schema-graph\">{\"@context\":\"https:\/\/schema.org\",\"@graph\":[{\"@type\":\"WebPage\",\"@id\":\"https:\/\/itib-machinery.com\/fr\/produits\/equipements-en-aval-equipements-auxiliaires\/reservoir-de-refroidissement-et-extracteurs\/\",\"url\":\"https:\/\/itib-machinery.com\/fr\/produits\/equipements-en-aval-equipements-auxiliaires\/reservoir-de-refroidissement-et-extracteurs\/\",\"name\":\"R\u00e9servoir de refroidissement et extracteurs - Itib Machinery\",\"isPartOf\":{\"@id\":\"https:\/\/itib-machinery.com\/fr\/#website\"},\"primaryImageOfPage\":{\"@id\":\"https:\/\/itib-machinery.com\/fr\/produits\/equipements-en-aval-equipements-auxiliaires\/reservoir-de-refroidissement-et-extracteurs\/#primaryimage\"},\"image\":{\"@id\":\"https:\/\/itib-machinery.com\/fr\/produits\/equipements-en-aval-equipements-auxiliaires\/reservoir-de-refroidissement-et-extracteurs\/#primaryimage\"},\"thumbnailUrl\":\"https:\/\/itib-machinery.com\/wp-content\/uploads\/2022\/10\/VASCA-RAFFREDDAMENTO.png\",\"datePublished\":\"2022-10-18T12:54:06+00:00\",\"dateModified\":\"2023-06-22T12:13:10+00:00\",\"description\":\"ITIB Machinery designs cooling tanks to speed up production by up to 25%. For info: imac@itib-machinery.com\",\"breadcrumb\":{\"@id\":\"https:\/\/itib-machinery.com\/fr\/produits\/equipements-en-aval-equipements-auxiliaires\/reservoir-de-refroidissement-et-extracteurs\/#breadcrumb\"},\"inLanguage\":\"fr-FR\",\"potentialAction\":[{\"@type\":\"ReadAction\",\"target\":[\"https:\/\/itib-machinery.com\/fr\/produits\/equipements-en-aval-equipements-auxiliaires\/reservoir-de-refroidissement-et-extracteurs\/\"]}]},{\"@type\":\"ImageObject\",\"inLanguage\":\"fr-FR\",\"@id\":\"https:\/\/itib-machinery.com\/fr\/produits\/equipements-en-aval-equipements-auxiliaires\/reservoir-de-refroidissement-et-extracteurs\/#primaryimage\",\"url\":\"https:\/\/itib-machinery.com\/wp-content\/uploads\/2022\/10\/VASCA-RAFFREDDAMENTO.png\",\"contentUrl\":\"https:\/\/itib-machinery.com\/wp-content\/uploads\/2022\/10\/VASCA-RAFFREDDAMENTO.png\",\"width\":591,\"height\":285},{\"@type\":\"BreadcrumbList\",\"@id\":\"https:\/\/itib-machinery.com\/fr\/produits\/equipements-en-aval-equipements-auxiliaires\/reservoir-de-refroidissement-et-extracteurs\/#breadcrumb\",\"itemListElement\":[{\"@type\":\"ListItem\",\"position\":1,\"name\":\"Home\",\"item\":\"https:\/\/itib-machinery.com\/fr\/\"},{\"@type\":\"ListItem\",\"position\":2,\"name\":\"PRODUITS\",\"item\":\"https:\/\/itib-machinery.com\/fr\/produits\/\"},{\"@type\":\"ListItem\",\"position\":3,\"name\":\"\u00c9quipements en aval et \u00e8quipements auxiliaires\",\"item\":\"https:\/\/itib-machinery.com\/fr\/produits\/equipements-en-aval-equipements-auxiliaires\/\"},{\"@type\":\"ListItem\",\"position\":4,\"name\":\"R\u00e9servoir de refroidissement et extracteurs\"}]},{\"@type\":\"WebSite\",\"@id\":\"https:\/\/itib-machinery.com\/fr\/#website\",\"url\":\"https:\/\/itib-machinery.com\/fr\/\",\"name\":\"Itib Machinery\",\"description\":\"\",\"potentialAction\":[{\"@type\":\"SearchAction\",\"target\":{\"@type\":\"EntryPoint\",\"urlTemplate\":\"https:\/\/itib-machinery.com\/fr\/?s={search_term_string}\"},\"query-input\":{\"@type\":\"PropertyValueSpecification\",\"valueRequired\":true,\"valueName\":\"search_term_string\"}}],\"inLanguage\":\"fr-FR\"}]}<\/script>\n<!-- \/ Yoast SEO plugin. -->","yoast_head_json":{"title":"R\u00e9servoir de refroidissement et extracteurs - Itib Machinery","description":"ITIB Machinery designs cooling tanks to speed up production by up to 25%. For info: imac@itib-machinery.com","robots":{"index":"index","follow":"follow","max-snippet":"max-snippet:-1","max-image-preview":"max-image-preview:large","max-video-preview":"max-video-preview:-1"},"canonical":"https:\/\/itib-machinery.com\/fr\/produits\/equipements-en-aval-equipements-auxiliaires\/reservoir-de-refroidissement-et-extracteurs\/","og_locale":"fr_FR","og_type":"article","og_title":"R\u00e9servoir de refroidissement et extracteurs - Itib Machinery","og_description":"ITIB Machinery designs cooling tanks to speed up production by up to 25%. For info: imac@itib-machinery.com","og_url":"https:\/\/itib-machinery.com\/fr\/produits\/equipements-en-aval-equipements-auxiliaires\/reservoir-de-refroidissement-et-extracteurs\/","og_site_name":"Itib Machinery","article_modified_time":"2023-06-22T12:13:10+00:00","og_image":[{"width":591,"height":285,"url":"https:\/\/itib-machinery.com\/wp-content\/uploads\/2022\/10\/VASCA-RAFFREDDAMENTO.png","type":"image\/png"}],"twitter_card":"summary_large_image","schema":{"@context":"https:\/\/schema.org","@graph":[{"@type":"WebPage","@id":"https:\/\/itib-machinery.com\/fr\/produits\/equipements-en-aval-equipements-auxiliaires\/reservoir-de-refroidissement-et-extracteurs\/","url":"https:\/\/itib-machinery.com\/fr\/produits\/equipements-en-aval-equipements-auxiliaires\/reservoir-de-refroidissement-et-extracteurs\/","name":"R\u00e9servoir de refroidissement et extracteurs - Itib Machinery","isPartOf":{"@id":"https:\/\/itib-machinery.com\/fr\/#website"},"primaryImageOfPage":{"@id":"https:\/\/itib-machinery.com\/fr\/produits\/equipements-en-aval-equipements-auxiliaires\/reservoir-de-refroidissement-et-extracteurs\/#primaryimage"},"image":{"@id":"https:\/\/itib-machinery.com\/fr\/produits\/equipements-en-aval-equipements-auxiliaires\/reservoir-de-refroidissement-et-extracteurs\/#primaryimage"},"thumbnailUrl":"https:\/\/itib-machinery.com\/wp-content\/uploads\/2022\/10\/VASCA-RAFFREDDAMENTO.png","datePublished":"2022-10-18T12:54:06+00:00","dateModified":"2023-06-22T12:13:10+00:00","description":"ITIB Machinery designs cooling tanks to speed up production by up to 25%. For info: imac@itib-machinery.com","breadcrumb":{"@id":"https:\/\/itib-machinery.com\/fr\/produits\/equipements-en-aval-equipements-auxiliaires\/reservoir-de-refroidissement-et-extracteurs\/#breadcrumb"},"inLanguage":"fr-FR","potentialAction":[{"@type":"ReadAction","target":["https:\/\/itib-machinery.com\/fr\/produits\/equipements-en-aval-equipements-auxiliaires\/reservoir-de-refroidissement-et-extracteurs\/"]}]},{"@type":"ImageObject","inLanguage":"fr-FR","@id":"https:\/\/itib-machinery.com\/fr\/produits\/equipements-en-aval-equipements-auxiliaires\/reservoir-de-refroidissement-et-extracteurs\/#primaryimage","url":"https:\/\/itib-machinery.com\/wp-content\/uploads\/2022\/10\/VASCA-RAFFREDDAMENTO.png","contentUrl":"https:\/\/itib-machinery.com\/wp-content\/uploads\/2022\/10\/VASCA-RAFFREDDAMENTO.png","width":591,"height":285},{"@type":"BreadcrumbList","@id":"https:\/\/itib-machinery.com\/fr\/produits\/equipements-en-aval-equipements-auxiliaires\/reservoir-de-refroidissement-et-extracteurs\/#breadcrumb","itemListElement":[{"@type":"ListItem","position":1,"name":"Home","item":"https:\/\/itib-machinery.com\/fr\/"},{"@type":"ListItem","position":2,"name":"PRODUITS","item":"https:\/\/itib-machinery.com\/fr\/produits\/"},{"@type":"ListItem","position":3,"name":"\u00c9quipements en aval et \u00e8quipements auxiliaires","item":"https:\/\/itib-machinery.com\/fr\/produits\/equipements-en-aval-equipements-auxiliaires\/"},{"@type":"ListItem","position":4,"name":"R\u00e9servoir de refroidissement et extracteurs"}]},{"@type":"WebSite","@id":"https:\/\/itib-machinery.com\/fr\/#website","url":"https:\/\/itib-machinery.com\/fr\/","name":"Itib Machinery","description":"","potentialAction":[{"@type":"SearchAction","target":{"@type":"EntryPoint","urlTemplate":"https:\/\/itib-machinery.com\/fr\/?s={search_term_string}"},"query-input":{"@type":"PropertyValueSpecification","valueRequired":true,"valueName":"search_term_string"}}],"inLanguage":"fr-FR"}]}},"_links":{"self":[{"href":"https:\/\/itib-machinery.com\/fr\/wp-json\/wp\/v2\/pages\/1441","targetHints":{"allow":["GET"]}}],"collection":[{"href":"https:\/\/itib-machinery.com\/fr\/wp-json\/wp\/v2\/pages"}],"about":[{"href":"https:\/\/itib-machinery.com\/fr\/wp-json\/wp\/v2\/types\/page"}],"author":[{"embeddable":true,"href":"https:\/\/itib-machinery.com\/fr\/wp-json\/wp\/v2\/users\/1"}],"replies":[{"embeddable":true,"href":"https:\/\/itib-machinery.com\/fr\/wp-json\/wp\/v2\/comments?post=1441"}],"version-history":[{"count":5,"href":"https:\/\/itib-machinery.com\/fr\/wp-json\/wp\/v2\/pages\/1441\/revisions"}],"predecessor-version":[{"id":1626,"href":"https:\/\/itib-machinery.com\/fr\/wp-json\/wp\/v2\/pages\/1441\/revisions\/1626"}],"up":[{"embeddable":true,"href":"https:\/\/itib-machinery.com\/fr\/wp-json\/wp\/v2\/pages\/1321"}],"wp:featuredmedia":[{"embeddable":true,"href":"https:\/\/itib-machinery.com\/fr\/wp-json\/wp\/v2\/media\/1144"}],"wp:attachment":[{"href":"https:\/\/itib-machinery.com\/fr\/wp-json\/wp\/v2\/media?parent=1441"}],"curies":[{"name":"wp","href":"https:\/\/api.w.org\/{rel}","templated":true}]}}