{"id":1523,"date":"2022-10-07T10:50:18","date_gmt":"2022-10-07T08:50:18","guid":{"rendered":"https:\/\/itib-machinery.com\/applications\/building\/"},"modified":"2023-06-21T16:32:37","modified_gmt":"2023-06-21T14:32:37","slug":"construction","status":"publish","type":"page","link":"https:\/\/itib-machinery.com\/fr\/applications\/construction\/","title":{"rendered":"Construction"},"content":{"rendered":"","protected":false},"excerpt":{"rendered":"<p>Tubes monocouches et multicouches PP, PVC, PE pour la protection des c\u00e2bles \u00e9lectriques et tubes PEX ou multicouches pour l&rsquo;\u00e9coulement de l&rsquo;eau chaude et froide dans les syst\u00e8mes thermo-sanitaires domestiques.<\/p>\n","protected":false},"author":1,"featured_media":1107,"parent":1303,"menu_order":35,"comment_status":"closed","ping_status":"closed","template":"","meta":{"footnotes":""},"class_list":["post-1523","page","type-page","status-publish","has-post-thumbnail","hentry"],"acf":[],"yoast_head":"<!-- This site is optimized with the Yoast SEO plugin v23.8 - https:\/\/yoast.com\/wordpress\/plugins\/seo\/ -->\n<title>Construction - Itib Machinery<\/title>\n<meta name=\"robots\" content=\"noindex, nofollow\" \/>\n<meta property=\"og:locale\" content=\"fr_FR\" \/>\n<meta property=\"og:type\" content=\"article\" \/>\n<meta property=\"og:title\" content=\"Construction - Itib Machinery\" \/>\n<meta property=\"og:description\" content=\"Tubes monocouches et multicouches PP, PVC, PE pour la protection des c\u00e2bles \u00e9lectriques et tubes PEX ou multicouches pour l&#039;\u00e9coulement de l&#039;eau chaude et froide dans les syst\u00e8mes thermo-sanitaires domestiques.\" \/>\n<meta property=\"og:url\" content=\"https:\/\/itib-machinery.com\/fr\/applications\/construction\/\" \/>\n<meta property=\"og:site_name\" content=\"Itib Machinery\" \/>\n<meta property=\"article:modified_time\" content=\"2023-06-21T14:32:37+00:00\" \/>\n<meta property=\"og:image\" content=\"https:\/\/itib-machinery.com\/wp-content\/uploads\/2022\/10\/itib-EDILIZIA-2.jpg\" \/>\n\t<meta property=\"og:image:width\" content=\"484\" \/>\n\t<meta property=\"og:image:height\" content=\"532\" \/>\n\t<meta property=\"og:image:type\" content=\"image\/jpeg\" \/>\n<meta name=\"twitter:card\" content=\"summary_large_image\" \/>\n<script type=\"application\/ld+json\" class=\"yoast-schema-graph\">{\"@context\":\"https:\/\/schema.org\",\"@graph\":[{\"@type\":\"WebPage\",\"@id\":\"https:\/\/itib-machinery.com\/fr\/applications\/construction\/\",\"url\":\"https:\/\/itib-machinery.com\/fr\/applications\/construction\/\",\"name\":\"Construction - Itib Machinery\",\"isPartOf\":{\"@id\":\"https:\/\/itib-machinery.com\/fr\/#website\"},\"primaryImageOfPage\":{\"@id\":\"https:\/\/itib-machinery.com\/fr\/applications\/construction\/#primaryimage\"},\"image\":{\"@id\":\"https:\/\/itib-machinery.com\/fr\/applications\/construction\/#primaryimage\"},\"thumbnailUrl\":\"https:\/\/itib-machinery.com\/wp-content\/uploads\/2022\/10\/itib-EDILIZIA-2.jpg\",\"datePublished\":\"2022-10-07T08:50:18+00:00\",\"dateModified\":\"2023-06-21T14:32:37+00:00\",\"breadcrumb\":{\"@id\":\"https:\/\/itib-machinery.com\/fr\/applications\/construction\/#breadcrumb\"},\"inLanguage\":\"fr-FR\",\"potentialAction\":[{\"@type\":\"ReadAction\",\"target\":[\"https:\/\/itib-machinery.com\/fr\/applications\/construction\/\"]}]},{\"@type\":\"ImageObject\",\"inLanguage\":\"fr-FR\",\"@id\":\"https:\/\/itib-machinery.com\/fr\/applications\/construction\/#primaryimage\",\"url\":\"https:\/\/itib-machinery.com\/wp-content\/uploads\/2022\/10\/itib-EDILIZIA-2.jpg\",\"contentUrl\":\"https:\/\/itib-machinery.com\/wp-content\/uploads\/2022\/10\/itib-EDILIZIA-2.jpg\",\"width\":484,\"height\":532},{\"@type\":\"BreadcrumbList\",\"@id\":\"https:\/\/itib-machinery.com\/fr\/applications\/construction\/#breadcrumb\",\"itemListElement\":[{\"@type\":\"ListItem\",\"position\":1,\"name\":\"Home\",\"item\":\"https:\/\/itib-machinery.com\/fr\/\"},{\"@type\":\"ListItem\",\"position\":2,\"name\":\"Applications\",\"item\":\"https:\/\/itib-machinery.com\/fr\/applications\/\"},{\"@type\":\"ListItem\",\"position\":3,\"name\":\"Construction\"}]},{\"@type\":\"WebSite\",\"@id\":\"https:\/\/itib-machinery.com\/fr\/#website\",\"url\":\"https:\/\/itib-machinery.com\/fr\/\",\"name\":\"Itib Machinery\",\"description\":\"\",\"potentialAction\":[{\"@type\":\"SearchAction\",\"target\":{\"@type\":\"EntryPoint\",\"urlTemplate\":\"https:\/\/itib-machinery.com\/fr\/?s={search_term_string}\"},\"query-input\":{\"@type\":\"PropertyValueSpecification\",\"valueRequired\":true,\"valueName\":\"search_term_string\"}}],\"inLanguage\":\"fr-FR\"}]}<\/script>\n<!-- \/ Yoast SEO plugin. -->","yoast_head_json":{"title":"Construction - Itib Machinery","robots":{"index":"noindex","follow":"nofollow"},"og_locale":"fr_FR","og_type":"article","og_title":"Construction - Itib Machinery","og_description":"Tubes monocouches et multicouches PP, PVC, PE pour la protection des c\u00e2bles \u00e9lectriques et tubes PEX ou multicouches pour l'\u00e9coulement de l'eau chaude et froide dans les syst\u00e8mes thermo-sanitaires domestiques.","og_url":"https:\/\/itib-machinery.com\/fr\/applications\/construction\/","og_site_name":"Itib Machinery","article_modified_time":"2023-06-21T14:32:37+00:00","og_image":[{"width":484,"height":532,"url":"https:\/\/itib-machinery.com\/wp-content\/uploads\/2022\/10\/itib-EDILIZIA-2.jpg","type":"image\/jpeg"}],"twitter_card":"summary_large_image","schema":{"@context":"https:\/\/schema.org","@graph":[{"@type":"WebPage","@id":"https:\/\/itib-machinery.com\/fr\/applications\/construction\/","url":"https:\/\/itib-machinery.com\/fr\/applications\/construction\/","name":"Construction - Itib Machinery","isPartOf":{"@id":"https:\/\/itib-machinery.com\/fr\/#website"},"primaryImageOfPage":{"@id":"https:\/\/itib-machinery.com\/fr\/applications\/construction\/#primaryimage"},"image":{"@id":"https:\/\/itib-machinery.com\/fr\/applications\/construction\/#primaryimage"},"thumbnailUrl":"https:\/\/itib-machinery.com\/wp-content\/uploads\/2022\/10\/itib-EDILIZIA-2.jpg","datePublished":"2022-10-07T08:50:18+00:00","dateModified":"2023-06-21T14:32:37+00:00","breadcrumb":{"@id":"https:\/\/itib-machinery.com\/fr\/applications\/construction\/#breadcrumb"},"inLanguage":"fr-FR","potentialAction":[{"@type":"ReadAction","target":["https:\/\/itib-machinery.com\/fr\/applications\/construction\/"]}]},{"@type":"ImageObject","inLanguage":"fr-FR","@id":"https:\/\/itib-machinery.com\/fr\/applications\/construction\/#primaryimage","url":"https:\/\/itib-machinery.com\/wp-content\/uploads\/2022\/10\/itib-EDILIZIA-2.jpg","contentUrl":"https:\/\/itib-machinery.com\/wp-content\/uploads\/2022\/10\/itib-EDILIZIA-2.jpg","width":484,"height":532},{"@type":"BreadcrumbList","@id":"https:\/\/itib-machinery.com\/fr\/applications\/construction\/#breadcrumb","itemListElement":[{"@type":"ListItem","position":1,"name":"Home","item":"https:\/\/itib-machinery.com\/fr\/"},{"@type":"ListItem","position":2,"name":"Applications","item":"https:\/\/itib-machinery.com\/fr\/applications\/"},{"@type":"ListItem","position":3,"name":"Construction"}]},{"@type":"WebSite","@id":"https:\/\/itib-machinery.com\/fr\/#website","url":"https:\/\/itib-machinery.com\/fr\/","name":"Itib Machinery","description":"","potentialAction":[{"@type":"SearchAction","target":{"@type":"EntryPoint","urlTemplate":"https:\/\/itib-machinery.com\/fr\/?s={search_term_string}"},"query-input":{"@type":"PropertyValueSpecification","valueRequired":true,"valueName":"search_term_string"}}],"inLanguage":"fr-FR"}]}},"_links":{"self":[{"href":"https:\/\/itib-machinery.com\/fr\/wp-json\/wp\/v2\/pages\/1523","targetHints":{"allow":["GET"]}}],"collection":[{"href":"https:\/\/itib-machinery.com\/fr\/wp-json\/wp\/v2\/pages"}],"about":[{"href":"https:\/\/itib-machinery.com\/fr\/wp-json\/wp\/v2\/types\/page"}],"author":[{"embeddable":true,"href":"https:\/\/itib-machinery.com\/fr\/wp-json\/wp\/v2\/users\/1"}],"replies":[{"embeddable":true,"href":"https:\/\/itib-machinery.com\/fr\/wp-json\/wp\/v2\/comments?post=1523"}],"version-history":[{"count":3,"href":"https:\/\/itib-machinery.com\/fr\/wp-json\/wp\/v2\/pages\/1523\/revisions"}],"predecessor-version":[{"id":1533,"href":"https:\/\/itib-machinery.com\/fr\/wp-json\/wp\/v2\/pages\/1523\/revisions\/1533"}],"up":[{"embeddable":true,"href":"https:\/\/itib-machinery.com\/fr\/wp-json\/wp\/v2\/pages\/1303"}],"wp:featuredmedia":[{"embeddable":true,"href":"https:\/\/itib-machinery.com\/fr\/wp-json\/wp\/v2\/media\/1107"}],"wp:attachment":[{"href":"https:\/\/itib-machinery.com\/fr\/wp-json\/wp\/v2\/media?parent=1523"}],"curies":[{"name":"wp","href":"https:\/\/api.w.org\/{rel}","templated":true}]}}