{"id":1535,"date":"2022-10-07T14:33:29","date_gmt":"2022-10-07T12:33:29","guid":{"rendered":"https:\/\/itib-machinery.com\/applications\/infrastructure\/"},"modified":"2023-06-21T16:50:58","modified_gmt":"2023-06-21T14:50:58","slug":"infrastructure","status":"publish","type":"page","link":"https:\/\/itib-machinery.com\/fr\/applications\/infrastructure\/","title":{"rendered":"Infrastructures"},"content":{"rendered":"","protected":false},"excerpt":{"rendered":"<p>Tubes \u00e0 double paroi en PE, PP et PVC d&rsquo;un diam\u00e8tre ext\u00e9rieur allant jusqu&rsquo;\u00e0 800 mm utilis\u00e9s dans les syst\u00e8mes d&rsquo;\u00e9gouts et de drainage des  eaux pluviales, ou double paroi en PE pour la protection des c\u00e2bles Internet et t\u00e9l\u00e9phoniques souterrains.<\/p>\n","protected":false},"author":1,"featured_media":1095,"parent":1303,"menu_order":39,"comment_status":"closed","ping_status":"closed","template":"","meta":{"footnotes":""},"class_list":["post-1535","page","type-page","status-publish","has-post-thumbnail","hentry"],"acf":[],"yoast_head":"<!-- This site is optimized with the Yoast SEO plugin v23.8 - https:\/\/yoast.com\/wordpress\/plugins\/seo\/ -->\n<title>Infrastructures - Itib Machinery<\/title>\n<meta name=\"robots\" content=\"noindex, nofollow\" \/>\n<meta property=\"og:locale\" content=\"fr_FR\" \/>\n<meta property=\"og:type\" content=\"article\" \/>\n<meta property=\"og:title\" content=\"Infrastructures - Itib Machinery\" \/>\n<meta property=\"og:description\" content=\"Tubes \u00e0 double paroi en PE, PP et PVC d&#039;un diam\u00e8tre ext\u00e9rieur allant jusqu&#039;\u00e0 800 mm utilis\u00e9s dans les syst\u00e8mes d&#039;\u00e9gouts et de drainage des eaux pluviales, ou double paroi en PE pour la protection des c\u00e2bles Internet et t\u00e9l\u00e9phoniques souterrains.\" \/>\n<meta property=\"og:url\" content=\"https:\/\/itib-machinery.com\/fr\/applications\/infrastructure\/\" \/>\n<meta property=\"og:site_name\" content=\"Itib Machinery\" \/>\n<meta property=\"article:modified_time\" content=\"2023-06-21T14:50:58+00:00\" \/>\n<meta property=\"og:image\" content=\"https:\/\/itib-machinery.com\/wp-content\/uploads\/2022\/10\/itib-INFRASTRUTTURE.jpg\" \/>\n\t<meta property=\"og:image:width\" content=\"484\" \/>\n\t<meta property=\"og:image:height\" content=\"532\" \/>\n\t<meta property=\"og:image:type\" content=\"image\/jpeg\" \/>\n<meta name=\"twitter:card\" content=\"summary_large_image\" \/>\n<script type=\"application\/ld+json\" class=\"yoast-schema-graph\">{\"@context\":\"https:\/\/schema.org\",\"@graph\":[{\"@type\":\"WebPage\",\"@id\":\"https:\/\/itib-machinery.com\/fr\/applications\/infrastructure\/\",\"url\":\"https:\/\/itib-machinery.com\/fr\/applications\/infrastructure\/\",\"name\":\"Infrastructures - Itib Machinery\",\"isPartOf\":{\"@id\":\"https:\/\/itib-machinery.com\/fr\/#website\"},\"primaryImageOfPage\":{\"@id\":\"https:\/\/itib-machinery.com\/fr\/applications\/infrastructure\/#primaryimage\"},\"image\":{\"@id\":\"https:\/\/itib-machinery.com\/fr\/applications\/infrastructure\/#primaryimage\"},\"thumbnailUrl\":\"https:\/\/itib-machinery.com\/wp-content\/uploads\/2022\/10\/itib-INFRASTRUTTURE.jpg\",\"datePublished\":\"2022-10-07T12:33:29+00:00\",\"dateModified\":\"2023-06-21T14:50:58+00:00\",\"breadcrumb\":{\"@id\":\"https:\/\/itib-machinery.com\/fr\/applications\/infrastructure\/#breadcrumb\"},\"inLanguage\":\"fr-FR\",\"potentialAction\":[{\"@type\":\"ReadAction\",\"target\":[\"https:\/\/itib-machinery.com\/fr\/applications\/infrastructure\/\"]}]},{\"@type\":\"ImageObject\",\"inLanguage\":\"fr-FR\",\"@id\":\"https:\/\/itib-machinery.com\/fr\/applications\/infrastructure\/#primaryimage\",\"url\":\"https:\/\/itib-machinery.com\/wp-content\/uploads\/2022\/10\/itib-INFRASTRUTTURE.jpg\",\"contentUrl\":\"https:\/\/itib-machinery.com\/wp-content\/uploads\/2022\/10\/itib-INFRASTRUTTURE.jpg\",\"width\":484,\"height\":532},{\"@type\":\"BreadcrumbList\",\"@id\":\"https:\/\/itib-machinery.com\/fr\/applications\/infrastructure\/#breadcrumb\",\"itemListElement\":[{\"@type\":\"ListItem\",\"position\":1,\"name\":\"Home\",\"item\":\"https:\/\/itib-machinery.com\/fr\/\"},{\"@type\":\"ListItem\",\"position\":2,\"name\":\"Applications\",\"item\":\"https:\/\/itib-machinery.com\/fr\/applications\/\"},{\"@type\":\"ListItem\",\"position\":3,\"name\":\"Infrastructures\"}]},{\"@type\":\"WebSite\",\"@id\":\"https:\/\/itib-machinery.com\/fr\/#website\",\"url\":\"https:\/\/itib-machinery.com\/fr\/\",\"name\":\"Itib Machinery\",\"description\":\"\",\"potentialAction\":[{\"@type\":\"SearchAction\",\"target\":{\"@type\":\"EntryPoint\",\"urlTemplate\":\"https:\/\/itib-machinery.com\/fr\/?s={search_term_string}\"},\"query-input\":{\"@type\":\"PropertyValueSpecification\",\"valueRequired\":true,\"valueName\":\"search_term_string\"}}],\"inLanguage\":\"fr-FR\"}]}<\/script>\n<!-- \/ Yoast SEO plugin. -->","yoast_head_json":{"title":"Infrastructures - Itib Machinery","robots":{"index":"noindex","follow":"nofollow"},"og_locale":"fr_FR","og_type":"article","og_title":"Infrastructures - Itib Machinery","og_description":"Tubes \u00e0 double paroi en PE, PP et PVC d'un diam\u00e8tre ext\u00e9rieur allant jusqu'\u00e0 800 mm utilis\u00e9s dans les syst\u00e8mes d'\u00e9gouts et de drainage des eaux pluviales, ou double paroi en PE pour la protection des c\u00e2bles Internet et t\u00e9l\u00e9phoniques souterrains.","og_url":"https:\/\/itib-machinery.com\/fr\/applications\/infrastructure\/","og_site_name":"Itib Machinery","article_modified_time":"2023-06-21T14:50:58+00:00","og_image":[{"width":484,"height":532,"url":"https:\/\/itib-machinery.com\/wp-content\/uploads\/2022\/10\/itib-INFRASTRUTTURE.jpg","type":"image\/jpeg"}],"twitter_card":"summary_large_image","schema":{"@context":"https:\/\/schema.org","@graph":[{"@type":"WebPage","@id":"https:\/\/itib-machinery.com\/fr\/applications\/infrastructure\/","url":"https:\/\/itib-machinery.com\/fr\/applications\/infrastructure\/","name":"Infrastructures - Itib Machinery","isPartOf":{"@id":"https:\/\/itib-machinery.com\/fr\/#website"},"primaryImageOfPage":{"@id":"https:\/\/itib-machinery.com\/fr\/applications\/infrastructure\/#primaryimage"},"image":{"@id":"https:\/\/itib-machinery.com\/fr\/applications\/infrastructure\/#primaryimage"},"thumbnailUrl":"https:\/\/itib-machinery.com\/wp-content\/uploads\/2022\/10\/itib-INFRASTRUTTURE.jpg","datePublished":"2022-10-07T12:33:29+00:00","dateModified":"2023-06-21T14:50:58+00:00","breadcrumb":{"@id":"https:\/\/itib-machinery.com\/fr\/applications\/infrastructure\/#breadcrumb"},"inLanguage":"fr-FR","potentialAction":[{"@type":"ReadAction","target":["https:\/\/itib-machinery.com\/fr\/applications\/infrastructure\/"]}]},{"@type":"ImageObject","inLanguage":"fr-FR","@id":"https:\/\/itib-machinery.com\/fr\/applications\/infrastructure\/#primaryimage","url":"https:\/\/itib-machinery.com\/wp-content\/uploads\/2022\/10\/itib-INFRASTRUTTURE.jpg","contentUrl":"https:\/\/itib-machinery.com\/wp-content\/uploads\/2022\/10\/itib-INFRASTRUTTURE.jpg","width":484,"height":532},{"@type":"BreadcrumbList","@id":"https:\/\/itib-machinery.com\/fr\/applications\/infrastructure\/#breadcrumb","itemListElement":[{"@type":"ListItem","position":1,"name":"Home","item":"https:\/\/itib-machinery.com\/fr\/"},{"@type":"ListItem","position":2,"name":"Applications","item":"https:\/\/itib-machinery.com\/fr\/applications\/"},{"@type":"ListItem","position":3,"name":"Infrastructures"}]},{"@type":"WebSite","@id":"https:\/\/itib-machinery.com\/fr\/#website","url":"https:\/\/itib-machinery.com\/fr\/","name":"Itib Machinery","description":"","potentialAction":[{"@type":"SearchAction","target":{"@type":"EntryPoint","urlTemplate":"https:\/\/itib-machinery.com\/fr\/?s={search_term_string}"},"query-input":{"@type":"PropertyValueSpecification","valueRequired":true,"valueName":"search_term_string"}}],"inLanguage":"fr-FR"}]}},"_links":{"self":[{"href":"https:\/\/itib-machinery.com\/fr\/wp-json\/wp\/v2\/pages\/1535","targetHints":{"allow":["GET"]}}],"collection":[{"href":"https:\/\/itib-machinery.com\/fr\/wp-json\/wp\/v2\/pages"}],"about":[{"href":"https:\/\/itib-machinery.com\/fr\/wp-json\/wp\/v2\/types\/page"}],"author":[{"embeddable":true,"href":"https:\/\/itib-machinery.com\/fr\/wp-json\/wp\/v2\/users\/1"}],"replies":[{"embeddable":true,"href":"https:\/\/itib-machinery.com\/fr\/wp-json\/wp\/v2\/comments?post=1535"}],"version-history":[{"count":2,"href":"https:\/\/itib-machinery.com\/fr\/wp-json\/wp\/v2\/pages\/1535\/revisions"}],"predecessor-version":[{"id":1540,"href":"https:\/\/itib-machinery.com\/fr\/wp-json\/wp\/v2\/pages\/1535\/revisions\/1540"}],"up":[{"embeddable":true,"href":"https:\/\/itib-machinery.com\/fr\/wp-json\/wp\/v2\/pages\/1303"}],"wp:featuredmedia":[{"embeddable":true,"href":"https:\/\/itib-machinery.com\/fr\/wp-json\/wp\/v2\/media\/1095"}],"wp:attachment":[{"href":"https:\/\/itib-machinery.com\/fr\/wp-json\/wp\/v2\/media?parent=1535"}],"curies":[{"name":"wp","href":"https:\/\/api.w.org\/{rel}","templated":true}]}}