{"id":1547,"date":"2022-10-07T14:51:14","date_gmt":"2022-10-07T12:51:14","guid":{"rendered":"https:\/\/itib-machinery.com\/applications\/automotive\/"},"modified":"2023-06-21T16:56:44","modified_gmt":"2023-06-21T14:56:44","slug":"automotive","status":"publish","type":"page","link":"https:\/\/itib-machinery.com\/fr\/applications\/automotive\/","title":{"rendered":"Automobile"},"content":{"rendered":"","protected":false},"excerpt":{"rendered":"<p>Tubes simples et multicouches en PP, PE et PA \u00e0 partir d&rsquo;un diam\u00e8tre int\u00e9rieur de 4,5 mm pour le c\u00e2blage et la protection des c\u00e2bles \u00e9lectriques ou pour l&rsquo;\u00e9coulement de carburant et d&rsquo;autres fluides.<\/p>\n","protected":false},"author":1,"featured_media":1099,"parent":1303,"menu_order":49,"comment_status":"closed","ping_status":"closed","template":"","meta":{"footnotes":""},"class_list":["post-1547","page","type-page","status-publish","has-post-thumbnail","hentry"],"acf":[],"yoast_head":"<!-- This site is optimized with the Yoast SEO plugin v23.8 - https:\/\/yoast.com\/wordpress\/plugins\/seo\/ -->\n<title>Automobile - Itib Machinery<\/title>\n<meta name=\"robots\" content=\"noindex, nofollow\" \/>\n<meta property=\"og:locale\" content=\"fr_FR\" \/>\n<meta property=\"og:type\" content=\"article\" \/>\n<meta property=\"og:title\" content=\"Automobile - Itib Machinery\" \/>\n<meta property=\"og:description\" content=\"Tubes simples et multicouches en PP, PE et PA \u00e0 partir d&#039;un diam\u00e8tre int\u00e9rieur de 4,5 mm pour le c\u00e2blage et la protection des c\u00e2bles \u00e9lectriques ou pour l&#039;\u00e9coulement de carburant et d&#039;autres fluides.\" \/>\n<meta property=\"og:url\" content=\"https:\/\/itib-machinery.com\/fr\/applications\/automotive\/\" \/>\n<meta property=\"og:site_name\" content=\"Itib Machinery\" \/>\n<meta property=\"article:modified_time\" content=\"2023-06-21T14:56:44+00:00\" \/>\n<meta property=\"og:image\" content=\"https:\/\/itib-machinery.com\/wp-content\/uploads\/2022\/10\/itib-AUTOMOTIVE.jpg\" \/>\n\t<meta property=\"og:image:width\" content=\"484\" \/>\n\t<meta property=\"og:image:height\" content=\"532\" \/>\n\t<meta property=\"og:image:type\" content=\"image\/jpeg\" \/>\n<meta name=\"twitter:card\" content=\"summary_large_image\" \/>\n<script type=\"application\/ld+json\" class=\"yoast-schema-graph\">{\"@context\":\"https:\/\/schema.org\",\"@graph\":[{\"@type\":\"WebPage\",\"@id\":\"https:\/\/itib-machinery.com\/fr\/applications\/automotive\/\",\"url\":\"https:\/\/itib-machinery.com\/fr\/applications\/automotive\/\",\"name\":\"Automobile - Itib Machinery\",\"isPartOf\":{\"@id\":\"https:\/\/itib-machinery.com\/fr\/#website\"},\"primaryImageOfPage\":{\"@id\":\"https:\/\/itib-machinery.com\/fr\/applications\/automotive\/#primaryimage\"},\"image\":{\"@id\":\"https:\/\/itib-machinery.com\/fr\/applications\/automotive\/#primaryimage\"},\"thumbnailUrl\":\"https:\/\/itib-machinery.com\/wp-content\/uploads\/2022\/10\/itib-AUTOMOTIVE.jpg\",\"datePublished\":\"2022-10-07T12:51:14+00:00\",\"dateModified\":\"2023-06-21T14:56:44+00:00\",\"breadcrumb\":{\"@id\":\"https:\/\/itib-machinery.com\/fr\/applications\/automotive\/#breadcrumb\"},\"inLanguage\":\"fr-FR\",\"potentialAction\":[{\"@type\":\"ReadAction\",\"target\":[\"https:\/\/itib-machinery.com\/fr\/applications\/automotive\/\"]}]},{\"@type\":\"ImageObject\",\"inLanguage\":\"fr-FR\",\"@id\":\"https:\/\/itib-machinery.com\/fr\/applications\/automotive\/#primaryimage\",\"url\":\"https:\/\/itib-machinery.com\/wp-content\/uploads\/2022\/10\/itib-AUTOMOTIVE.jpg\",\"contentUrl\":\"https:\/\/itib-machinery.com\/wp-content\/uploads\/2022\/10\/itib-AUTOMOTIVE.jpg\",\"width\":484,\"height\":532},{\"@type\":\"BreadcrumbList\",\"@id\":\"https:\/\/itib-machinery.com\/fr\/applications\/automotive\/#breadcrumb\",\"itemListElement\":[{\"@type\":\"ListItem\",\"position\":1,\"name\":\"Home\",\"item\":\"https:\/\/itib-machinery.com\/fr\/\"},{\"@type\":\"ListItem\",\"position\":2,\"name\":\"Applications\",\"item\":\"https:\/\/itib-machinery.com\/fr\/applications\/\"},{\"@type\":\"ListItem\",\"position\":3,\"name\":\"Automobile\"}]},{\"@type\":\"WebSite\",\"@id\":\"https:\/\/itib-machinery.com\/fr\/#website\",\"url\":\"https:\/\/itib-machinery.com\/fr\/\",\"name\":\"Itib Machinery\",\"description\":\"\",\"potentialAction\":[{\"@type\":\"SearchAction\",\"target\":{\"@type\":\"EntryPoint\",\"urlTemplate\":\"https:\/\/itib-machinery.com\/fr\/?s={search_term_string}\"},\"query-input\":{\"@type\":\"PropertyValueSpecification\",\"valueRequired\":true,\"valueName\":\"search_term_string\"}}],\"inLanguage\":\"fr-FR\"}]}<\/script>\n<!-- \/ Yoast SEO plugin. -->","yoast_head_json":{"title":"Automobile - Itib Machinery","robots":{"index":"noindex","follow":"nofollow"},"og_locale":"fr_FR","og_type":"article","og_title":"Automobile - Itib Machinery","og_description":"Tubes simples et multicouches en PP, PE et PA \u00e0 partir d'un diam\u00e8tre int\u00e9rieur de 4,5 mm pour le c\u00e2blage et la protection des c\u00e2bles \u00e9lectriques ou pour l'\u00e9coulement de carburant et d'autres fluides.","og_url":"https:\/\/itib-machinery.com\/fr\/applications\/automotive\/","og_site_name":"Itib Machinery","article_modified_time":"2023-06-21T14:56:44+00:00","og_image":[{"width":484,"height":532,"url":"https:\/\/itib-machinery.com\/wp-content\/uploads\/2022\/10\/itib-AUTOMOTIVE.jpg","type":"image\/jpeg"}],"twitter_card":"summary_large_image","schema":{"@context":"https:\/\/schema.org","@graph":[{"@type":"WebPage","@id":"https:\/\/itib-machinery.com\/fr\/applications\/automotive\/","url":"https:\/\/itib-machinery.com\/fr\/applications\/automotive\/","name":"Automobile - Itib Machinery","isPartOf":{"@id":"https:\/\/itib-machinery.com\/fr\/#website"},"primaryImageOfPage":{"@id":"https:\/\/itib-machinery.com\/fr\/applications\/automotive\/#primaryimage"},"image":{"@id":"https:\/\/itib-machinery.com\/fr\/applications\/automotive\/#primaryimage"},"thumbnailUrl":"https:\/\/itib-machinery.com\/wp-content\/uploads\/2022\/10\/itib-AUTOMOTIVE.jpg","datePublished":"2022-10-07T12:51:14+00:00","dateModified":"2023-06-21T14:56:44+00:00","breadcrumb":{"@id":"https:\/\/itib-machinery.com\/fr\/applications\/automotive\/#breadcrumb"},"inLanguage":"fr-FR","potentialAction":[{"@type":"ReadAction","target":["https:\/\/itib-machinery.com\/fr\/applications\/automotive\/"]}]},{"@type":"ImageObject","inLanguage":"fr-FR","@id":"https:\/\/itib-machinery.com\/fr\/applications\/automotive\/#primaryimage","url":"https:\/\/itib-machinery.com\/wp-content\/uploads\/2022\/10\/itib-AUTOMOTIVE.jpg","contentUrl":"https:\/\/itib-machinery.com\/wp-content\/uploads\/2022\/10\/itib-AUTOMOTIVE.jpg","width":484,"height":532},{"@type":"BreadcrumbList","@id":"https:\/\/itib-machinery.com\/fr\/applications\/automotive\/#breadcrumb","itemListElement":[{"@type":"ListItem","position":1,"name":"Home","item":"https:\/\/itib-machinery.com\/fr\/"},{"@type":"ListItem","position":2,"name":"Applications","item":"https:\/\/itib-machinery.com\/fr\/applications\/"},{"@type":"ListItem","position":3,"name":"Automobile"}]},{"@type":"WebSite","@id":"https:\/\/itib-machinery.com\/fr\/#website","url":"https:\/\/itib-machinery.com\/fr\/","name":"Itib Machinery","description":"","potentialAction":[{"@type":"SearchAction","target":{"@type":"EntryPoint","urlTemplate":"https:\/\/itib-machinery.com\/fr\/?s={search_term_string}"},"query-input":{"@type":"PropertyValueSpecification","valueRequired":true,"valueName":"search_term_string"}}],"inLanguage":"fr-FR"}]}},"_links":{"self":[{"href":"https:\/\/itib-machinery.com\/fr\/wp-json\/wp\/v2\/pages\/1547","targetHints":{"allow":["GET"]}}],"collection":[{"href":"https:\/\/itib-machinery.com\/fr\/wp-json\/wp\/v2\/pages"}],"about":[{"href":"https:\/\/itib-machinery.com\/fr\/wp-json\/wp\/v2\/types\/page"}],"author":[{"embeddable":true,"href":"https:\/\/itib-machinery.com\/fr\/wp-json\/wp\/v2\/users\/1"}],"replies":[{"embeddable":true,"href":"https:\/\/itib-machinery.com\/fr\/wp-json\/wp\/v2\/comments?post=1547"}],"version-history":[{"count":2,"href":"https:\/\/itib-machinery.com\/fr\/wp-json\/wp\/v2\/pages\/1547\/revisions"}],"predecessor-version":[{"id":1552,"href":"https:\/\/itib-machinery.com\/fr\/wp-json\/wp\/v2\/pages\/1547\/revisions\/1552"}],"up":[{"embeddable":true,"href":"https:\/\/itib-machinery.com\/fr\/wp-json\/wp\/v2\/pages\/1303"}],"wp:featuredmedia":[{"embeddable":true,"href":"https:\/\/itib-machinery.com\/fr\/wp-json\/wp\/v2\/media\/1099"}],"wp:attachment":[{"href":"https:\/\/itib-machinery.com\/fr\/wp-json\/wp\/v2\/media?parent=1547"}],"curies":[{"name":"wp","href":"https:\/\/api.w.org\/{rel}","templated":true}]}}