{"id":1559,"date":"2022-10-07T17:22:32","date_gmt":"2022-10-07T15:22:32","guid":{"rendered":"https:\/\/itib-machinery.com\/applications\/special-applications\/"},"modified":"2023-06-21T17:01:25","modified_gmt":"2023-06-21T15:01:25","slug":"special-applications","status":"publish","type":"page","link":"https:\/\/itib-machinery.com\/fr\/applications\/special-applications\/","title":{"rendered":"Applications sp\u00e9ciales"},"content":{"rendered":"","protected":false},"excerpt":{"rendered":"<p>Tubes de diff\u00e9rents diam\u00e8tres en diff\u00e9rents thermoplastiques (PP, PE, EVA, etc.), \u00e0 simple ou double paroi, ronds ou ovales, pour des applications sp\u00e9ciales telles que les syst\u00e8mes de purification de l&rsquo;eau, les syst\u00e8mes de ventilation, les tubes sanitaires et de piscine, les lignes de chauffage urbain.<\/p>\n","protected":false},"author":1,"featured_media":1103,"parent":1303,"menu_order":57,"comment_status":"closed","ping_status":"closed","template":"","meta":{"footnotes":""},"class_list":["post-1559","page","type-page","status-publish","has-post-thumbnail","hentry"],"acf":[],"yoast_head":"<!-- This site is optimized with the Yoast SEO plugin v23.8 - https:\/\/yoast.com\/wordpress\/plugins\/seo\/ -->\n<title>Applications sp\u00e9ciales - Itib Machinery<\/title>\n<meta name=\"robots\" content=\"noindex, nofollow\" \/>\n<meta property=\"og:locale\" content=\"fr_FR\" \/>\n<meta property=\"og:type\" content=\"article\" \/>\n<meta property=\"og:title\" content=\"Applications sp\u00e9ciales - Itib Machinery\" \/>\n<meta property=\"og:description\" content=\"Tubes de diff\u00e9rents diam\u00e8tres en diff\u00e9rents thermoplastiques (PP, PE, EVA, etc.), \u00e0 simple ou double paroi, ronds ou ovales, pour des applications sp\u00e9ciales telles que les syst\u00e8mes de purification de l&#039;eau, les syst\u00e8mes de ventilation, les tubes sanitaires et de piscine, les lignes de chauffage urbain.\" \/>\n<meta property=\"og:url\" content=\"https:\/\/itib-machinery.com\/fr\/applications\/special-applications\/\" \/>\n<meta property=\"og:site_name\" content=\"Itib Machinery\" \/>\n<meta property=\"article:modified_time\" content=\"2023-06-21T15:01:25+00:00\" \/>\n<meta property=\"og:image\" content=\"https:\/\/itib-machinery.com\/wp-content\/uploads\/2022\/10\/itib-SPECIALI.jpg\" \/>\n\t<meta property=\"og:image:width\" content=\"484\" \/>\n\t<meta property=\"og:image:height\" content=\"532\" \/>\n\t<meta property=\"og:image:type\" content=\"image\/jpeg\" \/>\n<meta name=\"twitter:card\" content=\"summary_large_image\" \/>\n<script type=\"application\/ld+json\" class=\"yoast-schema-graph\">{\"@context\":\"https:\/\/schema.org\",\"@graph\":[{\"@type\":\"WebPage\",\"@id\":\"https:\/\/itib-machinery.com\/fr\/applications\/special-applications\/\",\"url\":\"https:\/\/itib-machinery.com\/fr\/applications\/special-applications\/\",\"name\":\"Applications sp\u00e9ciales - Itib Machinery\",\"isPartOf\":{\"@id\":\"https:\/\/itib-machinery.com\/fr\/#website\"},\"primaryImageOfPage\":{\"@id\":\"https:\/\/itib-machinery.com\/fr\/applications\/special-applications\/#primaryimage\"},\"image\":{\"@id\":\"https:\/\/itib-machinery.com\/fr\/applications\/special-applications\/#primaryimage\"},\"thumbnailUrl\":\"https:\/\/itib-machinery.com\/wp-content\/uploads\/2022\/10\/itib-SPECIALI.jpg\",\"datePublished\":\"2022-10-07T15:22:32+00:00\",\"dateModified\":\"2023-06-21T15:01:25+00:00\",\"breadcrumb\":{\"@id\":\"https:\/\/itib-machinery.com\/fr\/applications\/special-applications\/#breadcrumb\"},\"inLanguage\":\"fr-FR\",\"potentialAction\":[{\"@type\":\"ReadAction\",\"target\":[\"https:\/\/itib-machinery.com\/fr\/applications\/special-applications\/\"]}]},{\"@type\":\"ImageObject\",\"inLanguage\":\"fr-FR\",\"@id\":\"https:\/\/itib-machinery.com\/fr\/applications\/special-applications\/#primaryimage\",\"url\":\"https:\/\/itib-machinery.com\/wp-content\/uploads\/2022\/10\/itib-SPECIALI.jpg\",\"contentUrl\":\"https:\/\/itib-machinery.com\/wp-content\/uploads\/2022\/10\/itib-SPECIALI.jpg\",\"width\":484,\"height\":532},{\"@type\":\"BreadcrumbList\",\"@id\":\"https:\/\/itib-machinery.com\/fr\/applications\/special-applications\/#breadcrumb\",\"itemListElement\":[{\"@type\":\"ListItem\",\"position\":1,\"name\":\"Home\",\"item\":\"https:\/\/itib-machinery.com\/fr\/\"},{\"@type\":\"ListItem\",\"position\":2,\"name\":\"Applications\",\"item\":\"https:\/\/itib-machinery.com\/fr\/applications\/\"},{\"@type\":\"ListItem\",\"position\":3,\"name\":\"Applications sp\u00e9ciales\"}]},{\"@type\":\"WebSite\",\"@id\":\"https:\/\/itib-machinery.com\/fr\/#website\",\"url\":\"https:\/\/itib-machinery.com\/fr\/\",\"name\":\"Itib Machinery\",\"description\":\"\",\"potentialAction\":[{\"@type\":\"SearchAction\",\"target\":{\"@type\":\"EntryPoint\",\"urlTemplate\":\"https:\/\/itib-machinery.com\/fr\/?s={search_term_string}\"},\"query-input\":{\"@type\":\"PropertyValueSpecification\",\"valueRequired\":true,\"valueName\":\"search_term_string\"}}],\"inLanguage\":\"fr-FR\"}]}<\/script>\n<!-- \/ Yoast SEO plugin. -->","yoast_head_json":{"title":"Applications sp\u00e9ciales - Itib Machinery","robots":{"index":"noindex","follow":"nofollow"},"og_locale":"fr_FR","og_type":"article","og_title":"Applications sp\u00e9ciales - Itib Machinery","og_description":"Tubes de diff\u00e9rents diam\u00e8tres en diff\u00e9rents thermoplastiques (PP, PE, EVA, etc.), \u00e0 simple ou double paroi, ronds ou ovales, pour des applications sp\u00e9ciales telles que les syst\u00e8mes de purification de l'eau, les syst\u00e8mes de ventilation, les tubes sanitaires et de piscine, les lignes de chauffage urbain.","og_url":"https:\/\/itib-machinery.com\/fr\/applications\/special-applications\/","og_site_name":"Itib Machinery","article_modified_time":"2023-06-21T15:01:25+00:00","og_image":[{"width":484,"height":532,"url":"https:\/\/itib-machinery.com\/wp-content\/uploads\/2022\/10\/itib-SPECIALI.jpg","type":"image\/jpeg"}],"twitter_card":"summary_large_image","schema":{"@context":"https:\/\/schema.org","@graph":[{"@type":"WebPage","@id":"https:\/\/itib-machinery.com\/fr\/applications\/special-applications\/","url":"https:\/\/itib-machinery.com\/fr\/applications\/special-applications\/","name":"Applications sp\u00e9ciales - Itib Machinery","isPartOf":{"@id":"https:\/\/itib-machinery.com\/fr\/#website"},"primaryImageOfPage":{"@id":"https:\/\/itib-machinery.com\/fr\/applications\/special-applications\/#primaryimage"},"image":{"@id":"https:\/\/itib-machinery.com\/fr\/applications\/special-applications\/#primaryimage"},"thumbnailUrl":"https:\/\/itib-machinery.com\/wp-content\/uploads\/2022\/10\/itib-SPECIALI.jpg","datePublished":"2022-10-07T15:22:32+00:00","dateModified":"2023-06-21T15:01:25+00:00","breadcrumb":{"@id":"https:\/\/itib-machinery.com\/fr\/applications\/special-applications\/#breadcrumb"},"inLanguage":"fr-FR","potentialAction":[{"@type":"ReadAction","target":["https:\/\/itib-machinery.com\/fr\/applications\/special-applications\/"]}]},{"@type":"ImageObject","inLanguage":"fr-FR","@id":"https:\/\/itib-machinery.com\/fr\/applications\/special-applications\/#primaryimage","url":"https:\/\/itib-machinery.com\/wp-content\/uploads\/2022\/10\/itib-SPECIALI.jpg","contentUrl":"https:\/\/itib-machinery.com\/wp-content\/uploads\/2022\/10\/itib-SPECIALI.jpg","width":484,"height":532},{"@type":"BreadcrumbList","@id":"https:\/\/itib-machinery.com\/fr\/applications\/special-applications\/#breadcrumb","itemListElement":[{"@type":"ListItem","position":1,"name":"Home","item":"https:\/\/itib-machinery.com\/fr\/"},{"@type":"ListItem","position":2,"name":"Applications","item":"https:\/\/itib-machinery.com\/fr\/applications\/"},{"@type":"ListItem","position":3,"name":"Applications sp\u00e9ciales"}]},{"@type":"WebSite","@id":"https:\/\/itib-machinery.com\/fr\/#website","url":"https:\/\/itib-machinery.com\/fr\/","name":"Itib Machinery","description":"","potentialAction":[{"@type":"SearchAction","target":{"@type":"EntryPoint","urlTemplate":"https:\/\/itib-machinery.com\/fr\/?s={search_term_string}"},"query-input":{"@type":"PropertyValueSpecification","valueRequired":true,"valueName":"search_term_string"}}],"inLanguage":"fr-FR"}]}},"_links":{"self":[{"href":"https:\/\/itib-machinery.com\/fr\/wp-json\/wp\/v2\/pages\/1559","targetHints":{"allow":["GET"]}}],"collection":[{"href":"https:\/\/itib-machinery.com\/fr\/wp-json\/wp\/v2\/pages"}],"about":[{"href":"https:\/\/itib-machinery.com\/fr\/wp-json\/wp\/v2\/types\/page"}],"author":[{"embeddable":true,"href":"https:\/\/itib-machinery.com\/fr\/wp-json\/wp\/v2\/users\/1"}],"replies":[{"embeddable":true,"href":"https:\/\/itib-machinery.com\/fr\/wp-json\/wp\/v2\/comments?post=1559"}],"version-history":[{"count":2,"href":"https:\/\/itib-machinery.com\/fr\/wp-json\/wp\/v2\/pages\/1559\/revisions"}],"predecessor-version":[{"id":1564,"href":"https:\/\/itib-machinery.com\/fr\/wp-json\/wp\/v2\/pages\/1559\/revisions\/1564"}],"up":[{"embeddable":true,"href":"https:\/\/itib-machinery.com\/fr\/wp-json\/wp\/v2\/pages\/1303"}],"wp:featuredmedia":[{"embeddable":true,"href":"https:\/\/itib-machinery.com\/fr\/wp-json\/wp\/v2\/media\/1103"}],"wp:attachment":[{"href":"https:\/\/itib-machinery.com\/fr\/wp-json\/wp\/v2\/media?parent=1559"}],"curies":[{"name":"wp","href":"https:\/\/api.w.org\/{rel}","templated":true}]}}