{"id":1850,"date":"2025-08-07T16:17:29","date_gmt":"2025-08-07T14:17:29","guid":{"rendered":"https:\/\/itib-machinery.com\/?page_id=1850"},"modified":"2025-10-09T14:54:21","modified_gmt":"2025-10-09T12:54:21","slug":"fv400hp","status":"publish","type":"page","link":"https:\/\/itib-machinery.com\/fr\/produits\/formeuses\/fv400hp\/","title":{"rendered":"FV<span>400<\/span>+<span>HP<\/span>"},"content":{"rendered":"<p><img loading=\"lazy\" decoding=\"async\" class=\"aligncenter size-full wp-image-1917\" src=\"https:\/\/itib-machinery.com\/wp-content\/uploads\/2025\/10\/FV400HP_cerchio.png\" alt=\"\" width=\"1000\" height=\"638\" srcset=\"https:\/\/itib-machinery.com\/wp-content\/uploads\/2025\/10\/FV400HP_cerchio.png 1000w, https:\/\/itib-machinery.com\/wp-content\/uploads\/2025\/10\/FV400HP_cerchio-300x191.png 300w, https:\/\/itib-machinery.com\/wp-content\/uploads\/2025\/10\/FV400HP_cerchio-768x490.png 768w\" sizes=\"auto, (max-width: 1000px) 100vw, 1000px\" \/><\/p>\n<p>La formeuse FV400+HP est con\u00e7ue pour relier <strong>les conduits de c\u00e2bles et les tuyaux d&rsquo;\u00e9vacuation<\/strong>, couvrant une large gamme de tailles allant de 90mm de diam\u00e8tre ext\u00e9rieur \u00e0 400mm de diam\u00e8tre int\u00e9rieur. Le choix d&rsquo;inclure le <strong>diam\u00e8tre int\u00e9rieur<\/strong>, <strong>400mm<\/strong>, est soulign\u00e9 par le signe \u00ab + \u00bb. Les dimensions du moule offrent un peu plus d&rsquo;espace pour permettre \u00e9galement la <strong>production de tuyaux avec embo\u00eetement en ligne<\/strong>. La gamme s&rsquo;\u00e9tend <strong>de 3\u201d \u00e0 15\u201d<\/strong> de diam\u00e8tre int\u00e9rieur pour les pays utilisant les mesures imp\u00e9riales, comme les \u00c9tats-Unis. L&rsquo;une des principales caract\u00e9ristiques techniques du nouvel \u00e9quipement est la possibilit\u00e9 d&rsquo;utiliser <strong>les m\u00eames moules et outils que ceux du <a href=\"https:\/\/itib-machinery.com\/fr\/produits\/formeuses\/fv200hp\/\" target=\"_blank\" rel=\"noopener\">FV200HP<\/a><\/strong>, ce qui offre aux clients une grande flexibilit\u00e9 de production. Toutes les solutions les plus r\u00e9centes d\u00e9j\u00e0 utilis\u00e9es dans le mod\u00e8le plus petit sont \u00e9galement disponibles dans le FV400+HP.<\/p>\n<p>&nbsp;<\/p>\n<p>En effet, la demande croissante de tuyaux \u00e0 double paroi de petites dimensions justifie l&rsquo;utilisation d&rsquo;une formeuse d\u00e9di\u00e9e fonctionnant \u00e0 la vitesse la plus rapide afin de r\u00e9duire les co\u00fbts de production et d&rsquo;optimiser les lignes de production.<\/p>\n<p>&nbsp;<\/p>\n<p>Les principales caract\u00e9ristiques techniques sont les suivantes :<\/p>\n<ul>\n<li>Commande enti\u00e8rement motoris\u00e9e<\/li>\n<li>Contr\u00f4le int\u00e9gr\u00e9 de la temp\u00e9rature des moules<\/li>\n<li>Refroidissement individuel des moules<\/li>\n<li>Protection de l&rsquo;entra\u00eenement \u00e0 couple limit\u00e9<\/li>\n<li>Aspiration par le haut des moules sous vide<\/li>\n<li>Compatibilit\u00e9 totale des moules avec les moules de la s\u00e9rie FV200\/50 HP (OD 90+)<\/li>\n<\/ul>\n<p><img loading=\"lazy\" decoding=\"async\" class=\"aligncenter wp-image-2036 size-large\" src=\"https:\/\/itib-machinery.com\/wp-content\/uploads\/2025\/10\/particolareFlyer-1024x674.png\" alt=\"\" width=\"640\" height=\"421\" srcset=\"https:\/\/itib-machinery.com\/wp-content\/uploads\/2025\/10\/particolareFlyer-1024x674.png 1024w, https:\/\/itib-machinery.com\/wp-content\/uploads\/2025\/10\/particolareFlyer-300x197.png 300w, https:\/\/itib-machinery.com\/wp-content\/uploads\/2025\/10\/particolareFlyer-768x505.png 768w, https:\/\/itib-machinery.com\/wp-content\/uploads\/2025\/10\/particolareFlyer-1536x1011.png 1536w, https:\/\/itib-machinery.com\/wp-content\/uploads\/2025\/10\/particolareFlyer-2048x1348.png 2048w\" sizes=\"auto, (max-width: 640px) 100vw, 640px\" \/><\/p>\n<p><img loading=\"lazy\" decoding=\"async\" class=\"aligncenter size-full wp-image-2040\" src=\"https:\/\/itib-machinery.com\/wp-content\/uploads\/2025\/10\/tabellaFlyer.png\" alt=\"\" width=\"1996\" height=\"355\" srcset=\"https:\/\/itib-machinery.com\/wp-content\/uploads\/2025\/10\/tabellaFlyer.png 1996w, https:\/\/itib-machinery.com\/wp-content\/uploads\/2025\/10\/tabellaFlyer-300x53.png 300w, https:\/\/itib-machinery.com\/wp-content\/uploads\/2025\/10\/tabellaFlyer-1024x182.png 1024w, https:\/\/itib-machinery.com\/wp-content\/uploads\/2025\/10\/tabellaFlyer-768x137.png 768w, https:\/\/itib-machinery.com\/wp-content\/uploads\/2025\/10\/tabellaFlyer-1536x273.png 1536w\" sizes=\"auto, (max-width: 1996px) 100vw, 1996px\" \/><\/p>\n<p>Restez \u00e0 l&rsquo;\u00e9coute et rendez-vous bient\u00f4t au salon <a href=\"https:\/\/itib-machinery.com\/fr\/k2025-dusseldorf-allemagne\/\" target=\"_blank\" rel=\"noopener\">K2025 &#8211; D\u00fcsseldorf<\/a>, hall 15, stand D37!<\/p>\n<div id='gallery-1' class='gallery galleryid-1850 gallery-columns-3 gallery-size-large'><figure class='gallery-item'>\n\t\t\t<div class='gallery-icon landscape'>\n\t\t\t\t<a href='https:\/\/itib-machinery.com\/wp-content\/uploads\/2025\/10\/20250924_122524-scaled.jpg' rel=\"lightbox[gallery-0]\"><img loading=\"lazy\" decoding=\"async\" width=\"640\" height=\"480\" src=\"https:\/\/itib-machinery.com\/wp-content\/uploads\/2025\/10\/20250924_122524-1024x768.jpg\" class=\"attachment-large size-large\" alt=\"\" srcset=\"https:\/\/itib-machinery.com\/wp-content\/uploads\/2025\/10\/20250924_122524-1024x768.jpg 1024w, https:\/\/itib-machinery.com\/wp-content\/uploads\/2025\/10\/20250924_122524-300x225.jpg 300w, https:\/\/itib-machinery.com\/wp-content\/uploads\/2025\/10\/20250924_122524-768x576.jpg 768w, https:\/\/itib-machinery.com\/wp-content\/uploads\/2025\/10\/20250924_122524-1536x1152.jpg 1536w, https:\/\/itib-machinery.com\/wp-content\/uploads\/2025\/10\/20250924_122524-2048x1536.jpg 2048w\" sizes=\"auto, (max-width: 640px) 100vw, 640px\" \/><\/a>\n\t\t\t<\/div><\/figure><figure class='gallery-item'>\n\t\t\t<div class='gallery-icon landscape'>\n\t\t\t\t<a href='https:\/\/itib-machinery.com\/wp-content\/uploads\/2025\/10\/20250924_144454-scaled.jpg' rel=\"lightbox[gallery-0]\"><img loading=\"lazy\" decoding=\"async\" width=\"640\" height=\"480\" src=\"https:\/\/itib-machinery.com\/wp-content\/uploads\/2025\/10\/20250924_144454-1024x768.jpg\" class=\"attachment-large size-large\" alt=\"\" srcset=\"https:\/\/itib-machinery.com\/wp-content\/uploads\/2025\/10\/20250924_144454-1024x768.jpg 1024w, https:\/\/itib-machinery.com\/wp-content\/uploads\/2025\/10\/20250924_144454-300x225.jpg 300w, https:\/\/itib-machinery.com\/wp-content\/uploads\/2025\/10\/20250924_144454-768x576.jpg 768w, https:\/\/itib-machinery.com\/wp-content\/uploads\/2025\/10\/20250924_144454-1536x1152.jpg 1536w, https:\/\/itib-machinery.com\/wp-content\/uploads\/2025\/10\/20250924_144454-2048x1536.jpg 2048w\" sizes=\"auto, (max-width: 640px) 100vw, 640px\" \/><\/a>\n\t\t\t<\/div><\/figure><figure class='gallery-item'>\n\t\t\t<div class='gallery-icon landscape'>\n\t\t\t\t<a href='https:\/\/itib-machinery.com\/wp-content\/uploads\/2025\/10\/20250924_144633-scaled.jpg' rel=\"lightbox[gallery-0]\"><img loading=\"lazy\" decoding=\"async\" width=\"640\" height=\"480\" src=\"https:\/\/itib-machinery.com\/wp-content\/uploads\/2025\/10\/20250924_144633-1024x768.jpg\" class=\"attachment-large size-large\" alt=\"\" srcset=\"https:\/\/itib-machinery.com\/wp-content\/uploads\/2025\/10\/20250924_144633-1024x768.jpg 1024w, https:\/\/itib-machinery.com\/wp-content\/uploads\/2025\/10\/20250924_144633-300x225.jpg 300w, https:\/\/itib-machinery.com\/wp-content\/uploads\/2025\/10\/20250924_144633-768x576.jpg 768w, https:\/\/itib-machinery.com\/wp-content\/uploads\/2025\/10\/20250924_144633-1536x1152.jpg 1536w, https:\/\/itib-machinery.com\/wp-content\/uploads\/2025\/10\/20250924_144633-2048x1536.jpg 2048w\" sizes=\"auto, (max-width: 640px) 100vw, 640px\" \/><\/a>\n\t\t\t<\/div><\/figure>\n\t\t<\/div>\n\n","protected":false},"excerpt":{"rendered":"<p>La formeuse FV400+HP est con\u00e7ue pour relier les conduits de c\u00e2bles et les tuyaux d&rsquo;\u00e9vacuation, couvrant une large gamme de tailles allant de 90mm de diam\u00e8tre ext\u00e9rieur \u00e0 400mm de diam\u00e8tre int\u00e9rieur. Le choix d&rsquo;inclure le diam\u00e8tre int\u00e9rieur, 400mm, est soulign\u00e9 par le signe \u00ab + \u00bb. Les dimensions du moule offrent un peu plus [&hellip;]<\/p>\n","protected":false},"author":3,"featured_media":2021,"parent":1314,"menu_order":99,"comment_status":"closed","ping_status":"closed","template":"singolo-prodotto.php","meta":{"footnotes":""},"class_list":["post-1850","page","type-page","status-publish","has-post-thumbnail","hentry"],"acf":[],"yoast_head":"<!-- This site is optimized with the Yoast SEO plugin v23.8 - https:\/\/yoast.com\/wordpress\/plugins\/seo\/ -->\n<title>FV400+HP - Itib Machinery<\/title>\n<meta name=\"description\" content=\"ITIB MACHINERY International - K2025 - D\u00fcsseldorf, hall 15, stand D37\" \/>\n<meta name=\"robots\" content=\"index, follow, max-snippet:-1, max-image-preview:large, max-video-preview:-1\" \/>\n<link rel=\"canonical\" href=\"https:\/\/itib-machinery.com\/fr\/produits\/formeuses\/fv400hp\/\" \/>\n<meta property=\"og:locale\" content=\"fr_FR\" \/>\n<meta property=\"og:type\" content=\"article\" \/>\n<meta property=\"og:title\" content=\"FV400+HP - Itib Machinery\" \/>\n<meta property=\"og:description\" content=\"ITIB MACHINERY International - K2025 - D\u00fcsseldorf, hall 15, stand D37\" \/>\n<meta property=\"og:url\" content=\"https:\/\/itib-machinery.com\/fr\/produits\/formeuses\/fv400hp\/\" \/>\n<meta property=\"og:site_name\" content=\"Itib Machinery\" \/>\n<meta property=\"article:modified_time\" content=\"2025-10-09T12:54:21+00:00\" \/>\n<meta property=\"og:image\" content=\"https:\/\/itib-machinery.com\/wp-content\/uploads\/2025\/10\/FV400HP_miniatura2-e1759323422919.png\" \/>\n\t<meta property=\"og:image:width\" content=\"494\" \/>\n\t<meta property=\"og:image:height\" content=\"350\" \/>\n\t<meta property=\"og:image:type\" content=\"image\/png\" \/>\n<meta name=\"twitter:card\" content=\"summary_large_image\" \/>\n<script type=\"application\/ld+json\" class=\"yoast-schema-graph\">{\"@context\":\"https:\/\/schema.org\",\"@graph\":[{\"@type\":\"WebPage\",\"@id\":\"https:\/\/itib-machinery.com\/fr\/produits\/formeuses\/fv400hp\/\",\"url\":\"https:\/\/itib-machinery.com\/fr\/produits\/formeuses\/fv400hp\/\",\"name\":\"FV400+HP - Itib Machinery\",\"isPartOf\":{\"@id\":\"https:\/\/itib-machinery.com\/fr\/#website\"},\"primaryImageOfPage\":{\"@id\":\"https:\/\/itib-machinery.com\/fr\/produits\/formeuses\/fv400hp\/#primaryimage\"},\"image\":{\"@id\":\"https:\/\/itib-machinery.com\/fr\/produits\/formeuses\/fv400hp\/#primaryimage\"},\"thumbnailUrl\":\"https:\/\/itib-machinery.com\/wp-content\/uploads\/2025\/10\/FV400HP_miniatura2-e1759323422919.png\",\"datePublished\":\"2025-08-07T14:17:29+00:00\",\"dateModified\":\"2025-10-09T12:54:21+00:00\",\"description\":\"ITIB MACHINERY International - K2025 - D\u00fcsseldorf, hall 15, stand D37\",\"breadcrumb\":{\"@id\":\"https:\/\/itib-machinery.com\/fr\/produits\/formeuses\/fv400hp\/#breadcrumb\"},\"inLanguage\":\"fr-FR\",\"potentialAction\":[{\"@type\":\"ReadAction\",\"target\":[\"https:\/\/itib-machinery.com\/fr\/produits\/formeuses\/fv400hp\/\"]}]},{\"@type\":\"ImageObject\",\"inLanguage\":\"fr-FR\",\"@id\":\"https:\/\/itib-machinery.com\/fr\/produits\/formeuses\/fv400hp\/#primaryimage\",\"url\":\"https:\/\/itib-machinery.com\/wp-content\/uploads\/2025\/10\/FV400HP_miniatura2-e1759323422919.png\",\"contentUrl\":\"https:\/\/itib-machinery.com\/wp-content\/uploads\/2025\/10\/FV400HP_miniatura2-e1759323422919.png\",\"width\":494,\"height\":350},{\"@type\":\"BreadcrumbList\",\"@id\":\"https:\/\/itib-machinery.com\/fr\/produits\/formeuses\/fv400hp\/#breadcrumb\",\"itemListElement\":[{\"@type\":\"ListItem\",\"position\":1,\"name\":\"Home\",\"item\":\"https:\/\/itib-machinery.com\/fr\/\"},{\"@type\":\"ListItem\",\"position\":2,\"name\":\"PRODUITS\",\"item\":\"https:\/\/itib-machinery.com\/fr\/produits\/\"},{\"@type\":\"ListItem\",\"position\":3,\"name\":\"Formeuses\",\"item\":\"https:\/\/itib-machinery.com\/fr\/produits\/formeuses\/\"},{\"@type\":\"ListItem\",\"position\":4,\"name\":\"FV400+HP\"}]},{\"@type\":\"WebSite\",\"@id\":\"https:\/\/itib-machinery.com\/fr\/#website\",\"url\":\"https:\/\/itib-machinery.com\/fr\/\",\"name\":\"Itib Machinery\",\"description\":\"\",\"potentialAction\":[{\"@type\":\"SearchAction\",\"target\":{\"@type\":\"EntryPoint\",\"urlTemplate\":\"https:\/\/itib-machinery.com\/fr\/?s={search_term_string}\"},\"query-input\":{\"@type\":\"PropertyValueSpecification\",\"valueRequired\":true,\"valueName\":\"search_term_string\"}}],\"inLanguage\":\"fr-FR\"}]}<\/script>\n<!-- \/ Yoast SEO plugin. -->","yoast_head_json":{"title":"FV400+HP - Itib Machinery","description":"ITIB MACHINERY International - K2025 - D\u00fcsseldorf, hall 15, stand D37","robots":{"index":"index","follow":"follow","max-snippet":"max-snippet:-1","max-image-preview":"max-image-preview:large","max-video-preview":"max-video-preview:-1"},"canonical":"https:\/\/itib-machinery.com\/fr\/produits\/formeuses\/fv400hp\/","og_locale":"fr_FR","og_type":"article","og_title":"FV400+HP - Itib Machinery","og_description":"ITIB MACHINERY International - K2025 - D\u00fcsseldorf, hall 15, stand D37","og_url":"https:\/\/itib-machinery.com\/fr\/produits\/formeuses\/fv400hp\/","og_site_name":"Itib Machinery","article_modified_time":"2025-10-09T12:54:21+00:00","og_image":[{"width":494,"height":350,"url":"https:\/\/itib-machinery.com\/wp-content\/uploads\/2025\/10\/FV400HP_miniatura2-e1759323422919.png","type":"image\/png"}],"twitter_card":"summary_large_image","schema":{"@context":"https:\/\/schema.org","@graph":[{"@type":"WebPage","@id":"https:\/\/itib-machinery.com\/fr\/produits\/formeuses\/fv400hp\/","url":"https:\/\/itib-machinery.com\/fr\/produits\/formeuses\/fv400hp\/","name":"FV400+HP - Itib Machinery","isPartOf":{"@id":"https:\/\/itib-machinery.com\/fr\/#website"},"primaryImageOfPage":{"@id":"https:\/\/itib-machinery.com\/fr\/produits\/formeuses\/fv400hp\/#primaryimage"},"image":{"@id":"https:\/\/itib-machinery.com\/fr\/produits\/formeuses\/fv400hp\/#primaryimage"},"thumbnailUrl":"https:\/\/itib-machinery.com\/wp-content\/uploads\/2025\/10\/FV400HP_miniatura2-e1759323422919.png","datePublished":"2025-08-07T14:17:29+00:00","dateModified":"2025-10-09T12:54:21+00:00","description":"ITIB MACHINERY International - K2025 - D\u00fcsseldorf, hall 15, stand D37","breadcrumb":{"@id":"https:\/\/itib-machinery.com\/fr\/produits\/formeuses\/fv400hp\/#breadcrumb"},"inLanguage":"fr-FR","potentialAction":[{"@type":"ReadAction","target":["https:\/\/itib-machinery.com\/fr\/produits\/formeuses\/fv400hp\/"]}]},{"@type":"ImageObject","inLanguage":"fr-FR","@id":"https:\/\/itib-machinery.com\/fr\/produits\/formeuses\/fv400hp\/#primaryimage","url":"https:\/\/itib-machinery.com\/wp-content\/uploads\/2025\/10\/FV400HP_miniatura2-e1759323422919.png","contentUrl":"https:\/\/itib-machinery.com\/wp-content\/uploads\/2025\/10\/FV400HP_miniatura2-e1759323422919.png","width":494,"height":350},{"@type":"BreadcrumbList","@id":"https:\/\/itib-machinery.com\/fr\/produits\/formeuses\/fv400hp\/#breadcrumb","itemListElement":[{"@type":"ListItem","position":1,"name":"Home","item":"https:\/\/itib-machinery.com\/fr\/"},{"@type":"ListItem","position":2,"name":"PRODUITS","item":"https:\/\/itib-machinery.com\/fr\/produits\/"},{"@type":"ListItem","position":3,"name":"Formeuses","item":"https:\/\/itib-machinery.com\/fr\/produits\/formeuses\/"},{"@type":"ListItem","position":4,"name":"FV400+HP"}]},{"@type":"WebSite","@id":"https:\/\/itib-machinery.com\/fr\/#website","url":"https:\/\/itib-machinery.com\/fr\/","name":"Itib Machinery","description":"","potentialAction":[{"@type":"SearchAction","target":{"@type":"EntryPoint","urlTemplate":"https:\/\/itib-machinery.com\/fr\/?s={search_term_string}"},"query-input":{"@type":"PropertyValueSpecification","valueRequired":true,"valueName":"search_term_string"}}],"inLanguage":"fr-FR"}]}},"_links":{"self":[{"href":"https:\/\/itib-machinery.com\/fr\/wp-json\/wp\/v2\/pages\/1850","targetHints":{"allow":["GET"]}}],"collection":[{"href":"https:\/\/itib-machinery.com\/fr\/wp-json\/wp\/v2\/pages"}],"about":[{"href":"https:\/\/itib-machinery.com\/fr\/wp-json\/wp\/v2\/types\/page"}],"author":[{"embeddable":true,"href":"https:\/\/itib-machinery.com\/fr\/wp-json\/wp\/v2\/users\/3"}],"replies":[{"embeddable":true,"href":"https:\/\/itib-machinery.com\/fr\/wp-json\/wp\/v2\/comments?post=1850"}],"version-history":[{"count":9,"href":"https:\/\/itib-machinery.com\/fr\/wp-json\/wp\/v2\/pages\/1850\/revisions"}],"predecessor-version":[{"id":2101,"href":"https:\/\/itib-machinery.com\/fr\/wp-json\/wp\/v2\/pages\/1850\/revisions\/2101"}],"up":[{"embeddable":true,"href":"https:\/\/itib-machinery.com\/fr\/wp-json\/wp\/v2\/pages\/1314"}],"wp:featuredmedia":[{"embeddable":true,"href":"https:\/\/itib-machinery.com\/fr\/wp-json\/wp\/v2\/media\/2021"}],"wp:attachment":[{"href":"https:\/\/itib-machinery.com\/fr\/wp-json\/wp\/v2\/media?parent=1850"}],"curies":[{"name":"wp","href":"https:\/\/api.w.org\/{rel}","templated":true}]}}