{"id":1845,"date":"2025-08-07T16:17:29","date_gmt":"2025-08-07T14:17:29","guid":{"rendered":"https:\/\/itib-machinery.com\/?page_id=1845"},"modified":"2025-10-09T14:54:24","modified_gmt":"2025-10-09T12:54:24","slug":"fv400hp","status":"publish","type":"page","link":"https:\/\/itib-machinery.com\/it\/prodotti\/corrugatori\/fv400hp\/","title":{"rendered":"FV<span>400<\/span>+<span>HP<\/span>"},"content":{"rendered":"<p><img loading=\"lazy\" decoding=\"async\" class=\"aligncenter size-full wp-image-1918\" src=\"https:\/\/itib-machinery.com\/wp-content\/uploads\/2025\/10\/FV400HP_cerchio.png\" alt=\"\" width=\"1000\" height=\"638\" srcset=\"https:\/\/itib-machinery.com\/wp-content\/uploads\/2025\/10\/FV400HP_cerchio.png 1000w, https:\/\/itib-machinery.com\/wp-content\/uploads\/2025\/10\/FV400HP_cerchio-300x191.png 300w, https:\/\/itib-machinery.com\/wp-content\/uploads\/2025\/10\/FV400HP_cerchio-768x490.png 768w\" sizes=\"auto, (max-width: 1000px) 100vw, 1000px\" \/><\/p>\n<p>Il corrugatore FV400+HP \u00e8 impiegato per la produzione di <strong>cavidotto e tubi per fognature<\/strong>, coprendo un&#8217;ampia gamma di dimensioni da 9mm di diametro esterno fino a 400mm di diametro interno.<br \/>\nLa scelta di includere il <strong>diametro interno<\/strong>, <strong>400mm<\/strong>, \u00e8 evidenziata dal segno \u201c+\u201d. Le dimensioni dello stampo sono leggermente pi\u00f9 ampie per consentire anche la produzione di <strong>tubi con manicotti in linea<\/strong>. La gamma va <strong>da 3\u201c fino a 15\u201d di diametro interno<\/strong>, per i paesi che utilizzano misure imperiali come gli Stati Uniti. Una delle principali caratteristiche tecniche \u00e8 la possibilit\u00e0 di utilizzare gli <strong>stessi stampi e attrezzature dell&#8217;<a href=\"https:\/\/itib-machinery.com\/it\/prodotti\/corrugatori\/fv200hp\/\" target=\"_blank\" rel=\"noopener\">FV200HP<\/a><\/strong>, offrendo ai clienti una grande flessibilit\u00e0 di produzione. Tutte le soluzioni pi\u00f9 avanzate gi\u00e0 impiegate nel modello pi\u00f9 piccolo sono disponibili anche nell&#8217;FV400+HP.<\/p>\n<p>Infatti, la crescente domanda di tubi a doppia parete di piccole dimensioni richiede e giustifica l&#8217;utilizzo di un corrugatore dedicato che funzioni alla massima velocit\u00e0 per ridurre i costi di produzione e ottimizzare le linee di produzione.<\/p>\n<p>Le principali caratteristiche tecniche sono:<\/p>\n<ul>\n<li>Controllo completamente motorizzato<\/li>\n<li>Controllo integrato della temperatura degli stampi<\/li>\n<li>Raffreddamento individuale degli stampi<\/li>\n<li>Protezione dell&#8217;azionamento con limitazione della coppia<\/li>\n<li>Aspirazione superiore degli stampi sottovuoto<\/li>\n<li>Piena compatibilit\u00e0 degli stampi con quelli della serie FV200\/50 HP (OD 90+)<\/li>\n<\/ul>\n<p><img loading=\"lazy\" decoding=\"async\" class=\"aligncenter size-large wp-image-2037\" src=\"https:\/\/itib-machinery.com\/wp-content\/uploads\/2025\/10\/particolareFlyer-1024x674.png\" alt=\"\" width=\"640\" height=\"421\" srcset=\"https:\/\/itib-machinery.com\/wp-content\/uploads\/2025\/10\/particolareFlyer-1024x674.png 1024w, https:\/\/itib-machinery.com\/wp-content\/uploads\/2025\/10\/particolareFlyer-300x197.png 300w, https:\/\/itib-machinery.com\/wp-content\/uploads\/2025\/10\/particolareFlyer-768x505.png 768w, https:\/\/itib-machinery.com\/wp-content\/uploads\/2025\/10\/particolareFlyer-1536x1011.png 1536w, https:\/\/itib-machinery.com\/wp-content\/uploads\/2025\/10\/particolareFlyer-2048x1348.png 2048w\" sizes=\"auto, (max-width: 640px) 100vw, 640px\" \/><\/p>\n<p><img loading=\"lazy\" decoding=\"async\" class=\"aligncenter size-full wp-image-2041\" src=\"https:\/\/itib-machinery.com\/wp-content\/uploads\/2025\/10\/tabellaFlyer.png\" alt=\"\" width=\"1996\" height=\"355\" srcset=\"https:\/\/itib-machinery.com\/wp-content\/uploads\/2025\/10\/tabellaFlyer.png 1996w, https:\/\/itib-machinery.com\/wp-content\/uploads\/2025\/10\/tabellaFlyer-300x53.png 300w, https:\/\/itib-machinery.com\/wp-content\/uploads\/2025\/10\/tabellaFlyer-1024x182.png 1024w, https:\/\/itib-machinery.com\/wp-content\/uploads\/2025\/10\/tabellaFlyer-768x137.png 768w, https:\/\/itib-machinery.com\/wp-content\/uploads\/2025\/10\/tabellaFlyer-1536x273.png 1536w\" sizes=\"auto, (max-width: 1996px) 100vw, 1996px\" \/><\/p>\n<p>Ci vediamo presto al <a href=\"https:\/\/itib-machinery.com\/it\/k2025-dusseldorf-germany\/\" target=\"_blank\" rel=\"noopener\">K2025 &#8211; D\u00fcsseldorf<\/a> nel padiglione 15, stand D37!<\/p>\n<div id='gallery-1' class='gallery galleryid-1845 gallery-columns-3 gallery-size-large'><figure class='gallery-item'>\n\t\t\t<div class='gallery-icon landscape'>\n\t\t\t\t<a href='https:\/\/itib-machinery.com\/wp-content\/uploads\/2025\/10\/20250924_122524-scaled.jpg' rel=\"lightbox[gallery-0]\"><img loading=\"lazy\" decoding=\"async\" width=\"640\" height=\"480\" src=\"https:\/\/itib-machinery.com\/wp-content\/uploads\/2025\/10\/20250924_122524-1024x768.jpg\" class=\"attachment-large size-large\" alt=\"\" srcset=\"https:\/\/itib-machinery.com\/wp-content\/uploads\/2025\/10\/20250924_122524-1024x768.jpg 1024w, https:\/\/itib-machinery.com\/wp-content\/uploads\/2025\/10\/20250924_122524-300x225.jpg 300w, https:\/\/itib-machinery.com\/wp-content\/uploads\/2025\/10\/20250924_122524-768x576.jpg 768w, https:\/\/itib-machinery.com\/wp-content\/uploads\/2025\/10\/20250924_122524-1536x1152.jpg 1536w, https:\/\/itib-machinery.com\/wp-content\/uploads\/2025\/10\/20250924_122524-2048x1536.jpg 2048w\" sizes=\"auto, (max-width: 640px) 100vw, 640px\" \/><\/a>\n\t\t\t<\/div><\/figure><figure class='gallery-item'>\n\t\t\t<div class='gallery-icon landscape'>\n\t\t\t\t<a href='https:\/\/itib-machinery.com\/wp-content\/uploads\/2025\/10\/20250924_144454-scaled.jpg' rel=\"lightbox[gallery-0]\"><img loading=\"lazy\" decoding=\"async\" width=\"640\" height=\"480\" src=\"https:\/\/itib-machinery.com\/wp-content\/uploads\/2025\/10\/20250924_144454-1024x768.jpg\" class=\"attachment-large size-large\" alt=\"\" srcset=\"https:\/\/itib-machinery.com\/wp-content\/uploads\/2025\/10\/20250924_144454-1024x768.jpg 1024w, https:\/\/itib-machinery.com\/wp-content\/uploads\/2025\/10\/20250924_144454-300x225.jpg 300w, https:\/\/itib-machinery.com\/wp-content\/uploads\/2025\/10\/20250924_144454-768x576.jpg 768w, https:\/\/itib-machinery.com\/wp-content\/uploads\/2025\/10\/20250924_144454-1536x1152.jpg 1536w, https:\/\/itib-machinery.com\/wp-content\/uploads\/2025\/10\/20250924_144454-2048x1536.jpg 2048w\" sizes=\"auto, (max-width: 640px) 100vw, 640px\" \/><\/a>\n\t\t\t<\/div><\/figure><figure class='gallery-item'>\n\t\t\t<div class='gallery-icon landscape'>\n\t\t\t\t<a href='https:\/\/itib-machinery.com\/wp-content\/uploads\/2025\/10\/20250924_144633-scaled.jpg' rel=\"lightbox[gallery-0]\"><img loading=\"lazy\" decoding=\"async\" width=\"640\" height=\"480\" src=\"https:\/\/itib-machinery.com\/wp-content\/uploads\/2025\/10\/20250924_144633-1024x768.jpg\" class=\"attachment-large size-large\" alt=\"\" srcset=\"https:\/\/itib-machinery.com\/wp-content\/uploads\/2025\/10\/20250924_144633-1024x768.jpg 1024w, https:\/\/itib-machinery.com\/wp-content\/uploads\/2025\/10\/20250924_144633-300x225.jpg 300w, https:\/\/itib-machinery.com\/wp-content\/uploads\/2025\/10\/20250924_144633-768x576.jpg 768w, https:\/\/itib-machinery.com\/wp-content\/uploads\/2025\/10\/20250924_144633-1536x1152.jpg 1536w, https:\/\/itib-machinery.com\/wp-content\/uploads\/2025\/10\/20250924_144633-2048x1536.jpg 2048w\" sizes=\"auto, (max-width: 640px) 100vw, 640px\" \/><\/a>\n\t\t\t<\/div><\/figure>\n\t\t<\/div>\n\n","protected":false},"excerpt":{"rendered":"<p>Il corrugatore FV400+HP \u00e8 impiegato per la produzione di cavidotto e tubi per fognature, coprendo un&#8217;ampia gamma di dimensioni da 9mm di diametro esterno fino a 400mm di diametro interno. La scelta di includere il diametro interno, 400mm, \u00e8 evidenziata dal segno \u201c+\u201d. Le dimensioni dello stampo sono leggermente pi\u00f9 ampie per consentire anche la [&hellip;]<\/p>\n","protected":false},"author":3,"featured_media":2022,"parent":103,"menu_order":99,"comment_status":"closed","ping_status":"closed","template":"singolo-prodotto.php","meta":{"footnotes":""},"class_list":["post-1845","page","type-page","status-publish","has-post-thumbnail","hentry"],"acf":[],"yoast_head":"<!-- This site is optimized with the Yoast SEO plugin v23.8 - https:\/\/yoast.com\/wordpress\/plugins\/seo\/ -->\n<title>FV400+HP - Itib Machinery<\/title>\n<meta name=\"robots\" content=\"index, follow, max-snippet:-1, max-image-preview:large, max-video-preview:-1\" \/>\n<link rel=\"canonical\" href=\"https:\/\/itib-machinery.com\/it\/prodotti\/corrugatori\/fv400hp\/\" \/>\n<meta property=\"og:locale\" content=\"it_IT\" \/>\n<meta property=\"og:type\" content=\"article\" \/>\n<meta property=\"og:title\" content=\"FV400+HP - Itib Machinery\" \/>\n<meta property=\"og:description\" content=\"Il corrugatore FV400+HP \u00e8 impiegato per la produzione di cavidotto e tubi per fognature, coprendo un&#8217;ampia gamma di dimensioni da 9mm di diametro esterno fino a 400mm di diametro interno. La scelta di includere il diametro interno, 400mm, \u00e8 evidenziata dal segno \u201c+\u201d. Le dimensioni dello stampo sono leggermente pi\u00f9 ampie per consentire anche la [&hellip;]\" \/>\n<meta property=\"og:url\" content=\"https:\/\/itib-machinery.com\/it\/prodotti\/corrugatori\/fv400hp\/\" \/>\n<meta property=\"og:site_name\" content=\"Itib Machinery\" \/>\n<meta property=\"article:modified_time\" content=\"2025-10-09T12:54:24+00:00\" \/>\n<meta property=\"og:image\" content=\"https:\/\/itib-machinery.com\/wp-content\/uploads\/2025\/10\/FV400HP_miniatura2-e1759323405677.png\" \/>\n\t<meta property=\"og:image:width\" content=\"494\" \/>\n\t<meta property=\"og:image:height\" content=\"350\" \/>\n\t<meta property=\"og:image:type\" content=\"image\/png\" \/>\n<meta name=\"twitter:card\" content=\"summary_large_image\" \/>\n<script type=\"application\/ld+json\" class=\"yoast-schema-graph\">{\"@context\":\"https:\/\/schema.org\",\"@graph\":[{\"@type\":\"WebPage\",\"@id\":\"https:\/\/itib-machinery.com\/it\/prodotti\/corrugatori\/fv400hp\/\",\"url\":\"https:\/\/itib-machinery.com\/it\/prodotti\/corrugatori\/fv400hp\/\",\"name\":\"FV400+HP - Itib Machinery\",\"isPartOf\":{\"@id\":\"https:\/\/itib-machinery.com\/it\/#website\"},\"primaryImageOfPage\":{\"@id\":\"https:\/\/itib-machinery.com\/it\/prodotti\/corrugatori\/fv400hp\/#primaryimage\"},\"image\":{\"@id\":\"https:\/\/itib-machinery.com\/it\/prodotti\/corrugatori\/fv400hp\/#primaryimage\"},\"thumbnailUrl\":\"https:\/\/itib-machinery.com\/wp-content\/uploads\/2025\/10\/FV400HP_miniatura2-e1759323405677.png\",\"datePublished\":\"2025-08-07T14:17:29+00:00\",\"dateModified\":\"2025-10-09T12:54:24+00:00\",\"breadcrumb\":{\"@id\":\"https:\/\/itib-machinery.com\/it\/prodotti\/corrugatori\/fv400hp\/#breadcrumb\"},\"inLanguage\":\"it-IT\",\"potentialAction\":[{\"@type\":\"ReadAction\",\"target\":[\"https:\/\/itib-machinery.com\/it\/prodotti\/corrugatori\/fv400hp\/\"]}]},{\"@type\":\"ImageObject\",\"inLanguage\":\"it-IT\",\"@id\":\"https:\/\/itib-machinery.com\/it\/prodotti\/corrugatori\/fv400hp\/#primaryimage\",\"url\":\"https:\/\/itib-machinery.com\/wp-content\/uploads\/2025\/10\/FV400HP_miniatura2-e1759323405677.png\",\"contentUrl\":\"https:\/\/itib-machinery.com\/wp-content\/uploads\/2025\/10\/FV400HP_miniatura2-e1759323405677.png\",\"width\":494,\"height\":350},{\"@type\":\"BreadcrumbList\",\"@id\":\"https:\/\/itib-machinery.com\/it\/prodotti\/corrugatori\/fv400hp\/#breadcrumb\",\"itemListElement\":[{\"@type\":\"ListItem\",\"position\":1,\"name\":\"Home\",\"item\":\"https:\/\/itib-machinery.com\/it\/\"},{\"@type\":\"ListItem\",\"position\":2,\"name\":\"Prodotti\",\"item\":\"https:\/\/itib-machinery.com\/it\/prodotti\/\"},{\"@type\":\"ListItem\",\"position\":3,\"name\":\"Corrugatori\",\"item\":\"https:\/\/itib-machinery.com\/it\/prodotti\/corrugatori\/\"},{\"@type\":\"ListItem\",\"position\":4,\"name\":\"FV400+HP\"}]},{\"@type\":\"WebSite\",\"@id\":\"https:\/\/itib-machinery.com\/it\/#website\",\"url\":\"https:\/\/itib-machinery.com\/it\/\",\"name\":\"Itib Machinery\",\"description\":\"\",\"potentialAction\":[{\"@type\":\"SearchAction\",\"target\":{\"@type\":\"EntryPoint\",\"urlTemplate\":\"https:\/\/itib-machinery.com\/it\/?s={search_term_string}\"},\"query-input\":{\"@type\":\"PropertyValueSpecification\",\"valueRequired\":true,\"valueName\":\"search_term_string\"}}],\"inLanguage\":\"it-IT\"}]}<\/script>\n<!-- \/ Yoast SEO plugin. -->","yoast_head_json":{"title":"FV400+HP - Itib Machinery","robots":{"index":"index","follow":"follow","max-snippet":"max-snippet:-1","max-image-preview":"max-image-preview:large","max-video-preview":"max-video-preview:-1"},"canonical":"https:\/\/itib-machinery.com\/it\/prodotti\/corrugatori\/fv400hp\/","og_locale":"it_IT","og_type":"article","og_title":"FV400+HP - Itib Machinery","og_description":"Il corrugatore FV400+HP \u00e8 impiegato per la produzione di cavidotto e tubi per fognature, coprendo un&#8217;ampia gamma di dimensioni da 9mm di diametro esterno fino a 400mm di diametro interno. La scelta di includere il diametro interno, 400mm, \u00e8 evidenziata dal segno \u201c+\u201d. Le dimensioni dello stampo sono leggermente pi\u00f9 ampie per consentire anche la [&hellip;]","og_url":"https:\/\/itib-machinery.com\/it\/prodotti\/corrugatori\/fv400hp\/","og_site_name":"Itib Machinery","article_modified_time":"2025-10-09T12:54:24+00:00","og_image":[{"width":494,"height":350,"url":"https:\/\/itib-machinery.com\/wp-content\/uploads\/2025\/10\/FV400HP_miniatura2-e1759323405677.png","type":"image\/png"}],"twitter_card":"summary_large_image","schema":{"@context":"https:\/\/schema.org","@graph":[{"@type":"WebPage","@id":"https:\/\/itib-machinery.com\/it\/prodotti\/corrugatori\/fv400hp\/","url":"https:\/\/itib-machinery.com\/it\/prodotti\/corrugatori\/fv400hp\/","name":"FV400+HP - Itib Machinery","isPartOf":{"@id":"https:\/\/itib-machinery.com\/it\/#website"},"primaryImageOfPage":{"@id":"https:\/\/itib-machinery.com\/it\/prodotti\/corrugatori\/fv400hp\/#primaryimage"},"image":{"@id":"https:\/\/itib-machinery.com\/it\/prodotti\/corrugatori\/fv400hp\/#primaryimage"},"thumbnailUrl":"https:\/\/itib-machinery.com\/wp-content\/uploads\/2025\/10\/FV400HP_miniatura2-e1759323405677.png","datePublished":"2025-08-07T14:17:29+00:00","dateModified":"2025-10-09T12:54:24+00:00","breadcrumb":{"@id":"https:\/\/itib-machinery.com\/it\/prodotti\/corrugatori\/fv400hp\/#breadcrumb"},"inLanguage":"it-IT","potentialAction":[{"@type":"ReadAction","target":["https:\/\/itib-machinery.com\/it\/prodotti\/corrugatori\/fv400hp\/"]}]},{"@type":"ImageObject","inLanguage":"it-IT","@id":"https:\/\/itib-machinery.com\/it\/prodotti\/corrugatori\/fv400hp\/#primaryimage","url":"https:\/\/itib-machinery.com\/wp-content\/uploads\/2025\/10\/FV400HP_miniatura2-e1759323405677.png","contentUrl":"https:\/\/itib-machinery.com\/wp-content\/uploads\/2025\/10\/FV400HP_miniatura2-e1759323405677.png","width":494,"height":350},{"@type":"BreadcrumbList","@id":"https:\/\/itib-machinery.com\/it\/prodotti\/corrugatori\/fv400hp\/#breadcrumb","itemListElement":[{"@type":"ListItem","position":1,"name":"Home","item":"https:\/\/itib-machinery.com\/it\/"},{"@type":"ListItem","position":2,"name":"Prodotti","item":"https:\/\/itib-machinery.com\/it\/prodotti\/"},{"@type":"ListItem","position":3,"name":"Corrugatori","item":"https:\/\/itib-machinery.com\/it\/prodotti\/corrugatori\/"},{"@type":"ListItem","position":4,"name":"FV400+HP"}]},{"@type":"WebSite","@id":"https:\/\/itib-machinery.com\/it\/#website","url":"https:\/\/itib-machinery.com\/it\/","name":"Itib Machinery","description":"","potentialAction":[{"@type":"SearchAction","target":{"@type":"EntryPoint","urlTemplate":"https:\/\/itib-machinery.com\/it\/?s={search_term_string}"},"query-input":{"@type":"PropertyValueSpecification","valueRequired":true,"valueName":"search_term_string"}}],"inLanguage":"it-IT"}]}},"_links":{"self":[{"href":"https:\/\/itib-machinery.com\/it\/wp-json\/wp\/v2\/pages\/1845","targetHints":{"allow":["GET"]}}],"collection":[{"href":"https:\/\/itib-machinery.com\/it\/wp-json\/wp\/v2\/pages"}],"about":[{"href":"https:\/\/itib-machinery.com\/it\/wp-json\/wp\/v2\/types\/page"}],"author":[{"embeddable":true,"href":"https:\/\/itib-machinery.com\/it\/wp-json\/wp\/v2\/users\/3"}],"replies":[{"embeddable":true,"href":"https:\/\/itib-machinery.com\/it\/wp-json\/wp\/v2\/comments?post=1845"}],"version-history":[{"count":10,"href":"https:\/\/itib-machinery.com\/it\/wp-json\/wp\/v2\/pages\/1845\/revisions"}],"predecessor-version":[{"id":2100,"href":"https:\/\/itib-machinery.com\/it\/wp-json\/wp\/v2\/pages\/1845\/revisions\/2100"}],"up":[{"embeddable":true,"href":"https:\/\/itib-machinery.com\/it\/wp-json\/wp\/v2\/pages\/103"}],"wp:featuredmedia":[{"embeddable":true,"href":"https:\/\/itib-machinery.com\/it\/wp-json\/wp\/v2\/media\/2022"}],"wp:attachment":[{"href":"https:\/\/itib-machinery.com\/it\/wp-json\/wp\/v2\/media?parent=1845"}],"curies":[{"name":"wp","href":"https:\/\/api.w.org\/{rel}","templated":true}]}}