{"id":292,"date":"2022-10-14T15:32:49","date_gmt":"2022-10-14T13:32:49","guid":{"rendered":"http:\/\/itib-machinery.com\/?page_id=292"},"modified":"2023-08-02T14:04:56","modified_gmt":"2023-08-02T12:04:56","slug":"stampi-alluminio-corrugatori-fv200-fv250-fv400","status":"publish","type":"page","link":"https:\/\/itib-machinery.com\/it\/materials\/trade-fair-plast-2023-milan\/stampi-alluminio-corrugatori-fv200-fv250-fv400\/","title":{"rendered":"STAMPI IN ALLUMINIO PER CORRUGATORI FV200, FV250, FV400"},"content":{"rendered":"<p style=\"font-weight: 400;\">\n<div id='gallery-1' class='gallery galleryid-292 gallery-columns-3 gallery-size-full'><figure class='gallery-item'>\n\t\t\t<div class='gallery-icon landscape'>\n\t\t\t\t<a href='https:\/\/itib-machinery.com\/wp-content\/uploads\/2022\/10\/T__5622.jpg' rel=\"lightbox[gallery-0]\"><img loading=\"lazy\" decoding=\"async\" width=\"1200\" height=\"800\" src=\"https:\/\/itib-machinery.com\/wp-content\/uploads\/2022\/10\/T__5622.jpg\" class=\"attachment-full size-full\" alt=\"\" srcset=\"https:\/\/itib-machinery.com\/wp-content\/uploads\/2022\/10\/T__5622.jpg 1200w, https:\/\/itib-machinery.com\/wp-content\/uploads\/2022\/10\/T__5622-300x200.jpg 300w, https:\/\/itib-machinery.com\/wp-content\/uploads\/2022\/10\/T__5622-1024x683.jpg 1024w, https:\/\/itib-machinery.com\/wp-content\/uploads\/2022\/10\/T__5622-768x512.jpg 768w\" sizes=\"auto, (max-width: 1200px) 100vw, 1200px\" \/><\/a>\n\t\t\t<\/div><\/figure><figure class='gallery-item'>\n\t\t\t<div class='gallery-icon landscape'>\n\t\t\t\t<a href='https:\/\/itib-machinery.com\/wp-content\/uploads\/2022\/10\/T__5549.jpg' rel=\"lightbox[gallery-0]\"><img loading=\"lazy\" decoding=\"async\" width=\"1200\" height=\"800\" src=\"https:\/\/itib-machinery.com\/wp-content\/uploads\/2022\/10\/T__5549.jpg\" class=\"attachment-full size-full\" alt=\"\" srcset=\"https:\/\/itib-machinery.com\/wp-content\/uploads\/2022\/10\/T__5549.jpg 1200w, https:\/\/itib-machinery.com\/wp-content\/uploads\/2022\/10\/T__5549-300x200.jpg 300w, https:\/\/itib-machinery.com\/wp-content\/uploads\/2022\/10\/T__5549-1024x683.jpg 1024w, https:\/\/itib-machinery.com\/wp-content\/uploads\/2022\/10\/T__5549-768x512.jpg 768w\" sizes=\"auto, (max-width: 1200px) 100vw, 1200px\" \/><\/a>\n\t\t\t<\/div><\/figure><figure class='gallery-item'>\n\t\t\t<div class='gallery-icon landscape'>\n\t\t\t\t<a href='https:\/\/itib-machinery.com\/wp-content\/uploads\/2022\/10\/T__5552.jpg' rel=\"lightbox[gallery-0]\"><img loading=\"lazy\" decoding=\"async\" width=\"1200\" height=\"800\" src=\"https:\/\/itib-machinery.com\/wp-content\/uploads\/2022\/10\/T__5552.jpg\" class=\"attachment-full size-full\" alt=\"\" srcset=\"https:\/\/itib-machinery.com\/wp-content\/uploads\/2022\/10\/T__5552.jpg 1200w, https:\/\/itib-machinery.com\/wp-content\/uploads\/2022\/10\/T__5552-300x200.jpg 300w, https:\/\/itib-machinery.com\/wp-content\/uploads\/2022\/10\/T__5552-1024x683.jpg 1024w, https:\/\/itib-machinery.com\/wp-content\/uploads\/2022\/10\/T__5552-768x512.jpg 768w\" sizes=\"auto, (max-width: 1200px) 100vw, 1200px\" \/><\/a>\n\t\t\t<\/div><\/figure><figure class='gallery-item'>\n\t\t\t<div class='gallery-icon landscape'>\n\t\t\t\t<a href='https:\/\/itib-machinery.com\/wp-content\/uploads\/2022\/10\/T__5554.jpg' rel=\"lightbox[gallery-0]\"><img loading=\"lazy\" decoding=\"async\" width=\"1200\" height=\"800\" src=\"https:\/\/itib-machinery.com\/wp-content\/uploads\/2022\/10\/T__5554.jpg\" class=\"attachment-full size-full\" alt=\"\" srcset=\"https:\/\/itib-machinery.com\/wp-content\/uploads\/2022\/10\/T__5554.jpg 1200w, https:\/\/itib-machinery.com\/wp-content\/uploads\/2022\/10\/T__5554-300x200.jpg 300w, https:\/\/itib-machinery.com\/wp-content\/uploads\/2022\/10\/T__5554-1024x683.jpg 1024w, https:\/\/itib-machinery.com\/wp-content\/uploads\/2022\/10\/T__5554-768x512.jpg 768w\" sizes=\"auto, (max-width: 1200px) 100vw, 1200px\" \/><\/a>\n\t\t\t<\/div><\/figure><figure class='gallery-item'>\n\t\t\t<div class='gallery-icon landscape'>\n\t\t\t\t<a href='https:\/\/itib-machinery.com\/wp-content\/uploads\/2022\/10\/T__5555.jpg' rel=\"lightbox[gallery-0]\"><img loading=\"lazy\" decoding=\"async\" width=\"1200\" height=\"800\" src=\"https:\/\/itib-machinery.com\/wp-content\/uploads\/2022\/10\/T__5555.jpg\" class=\"attachment-full size-full\" alt=\"\" srcset=\"https:\/\/itib-machinery.com\/wp-content\/uploads\/2022\/10\/T__5555.jpg 1200w, https:\/\/itib-machinery.com\/wp-content\/uploads\/2022\/10\/T__5555-300x200.jpg 300w, https:\/\/itib-machinery.com\/wp-content\/uploads\/2022\/10\/T__5555-1024x683.jpg 1024w, https:\/\/itib-machinery.com\/wp-content\/uploads\/2022\/10\/T__5555-768x512.jpg 768w\" sizes=\"auto, (max-width: 1200px) 100vw, 1200px\" \/><\/a>\n\t\t\t<\/div><\/figure>\n\t\t<\/div>\n\n<p style=\"font-weight: 400;\">La gamma dei corrugatori ITIB Machinery di medio diametro, raffreddati a liquido, \u00e8 caratterizzata da stampi in alluminio. Sono forniti a coppie (semi-stampo sinistro e semi-stampo destro) e vengono lavorati su macchine CNC a cinque assi; tutto ci\u00f2 concorre alla produzione di tubi corrugati con tolleranze estremamente ridotte e di qualit\u00e0 elevata.<\/p>\n<p style=\"font-weight: 400;\">Viene utilizzato l&#8217;alluminio per ottenere un <strong>miglior trasferimento termico e<\/strong> sfruttarne il <strong>peso ridotto<\/strong>. La loro superficie \u00e8 anodizzata, sono fissati a supporti in acciaio nitrurato e si muovono all&#8217;interno di canali induriti. Il sistema di fissaggio \u00e8 costituito da un unico bullone, per una <strong>rapida sostituzione<\/strong>.<\/p>\n<p style=\"font-weight: 400;\">L&#8217;acqua di raffreddamento scorre direttamente all&#8217;interno degli stampi massimizzandone l&#8217;effetto, per massimizzare le prestazioni (raffreddamento diretto).<\/p>\n<p style=\"font-weight: 400;\">Il circuito di formazione del vuoto \u00e8 lavorato direttamente all&#8217;interno dello stampo; la <strong>formatura con vuoto<\/strong> \u00e8 lo standard per questi modelli.<\/p>\n<p style=\"font-weight: 400;\">FV200 \u00e8 un corrugatore progettato per fornire il massimo raffreddamento e la massima velocit\u00e0 di produzione; FV250 e FV400 consentono di utilizzare <strong>stampi a doppia o tripla cavit\u00e0<\/strong>. Questa soluzione offre un duplice vantaggio: da un lato riduce il numero di set di stampi che devono essere acquistati e dall&#8217;altro accelera i tempi di cambio formato.<\/p>\n","protected":false},"excerpt":{"rendered":"<p>La gamma dei corrugatori ITIB Machinery di medio diametro, raffreddati a liquido, \u00e8 caratterizzata da stampi in alluminio. Sono forniti a coppie (semi-stampo sinistro e semi-stampo destro) e vengono lavorati su macchine CNC a cinque assi; tutto ci\u00f2 concorre alla produzione di tubi corrugati con tolleranze estremamente ridotte e di qualit\u00e0 elevata. Viene utilizzato l&#8217;alluminio [&hellip;]<\/p>\n","protected":false},"author":1,"featured_media":0,"parent":181,"menu_order":6,"comment_status":"closed","ping_status":"closed","template":"teca.php","meta":{"footnotes":""},"class_list":["post-292","page","type-page","status-publish","hentry"],"acf":[],"yoast_head":"<!-- This site is optimized with the Yoast SEO plugin v23.8 - https:\/\/yoast.com\/wordpress\/plugins\/seo\/ -->\n<title>STAMPI IN ALLUMINIO PER CORRUGATORI FV200, FV250, FV400 - Itib Machinery<\/title>\n<meta name=\"description\" content=\"Corrugatori ITIB Machinery. Plast 2023, Milano, Padiglione 13P - Stand C142. We don&#039;t produce corrugated pipes, but you will do. At the best\" \/>\n<meta name=\"robots\" content=\"index, follow, max-snippet:-1, max-image-preview:large, max-video-preview:-1\" \/>\n<link rel=\"canonical\" href=\"https:\/\/itib-machinery.com\/it\/materials\/trade-fair-plast-2023-milan\/stampi-alluminio-corrugatori-fv200-fv250-fv400\/\" \/>\n<meta property=\"og:locale\" content=\"it_IT\" \/>\n<meta property=\"og:type\" content=\"article\" \/>\n<meta property=\"og:title\" content=\"STAMPI IN ALLUMINIO PER CORRUGATORI FV200, FV250, FV400 - Itib Machinery\" \/>\n<meta property=\"og:description\" content=\"Corrugatori ITIB Machinery. Plast 2023, Milano, Padiglione 13P - Stand C142. We don&#039;t produce corrugated pipes, but you will do. At the best\" \/>\n<meta property=\"og:url\" content=\"https:\/\/itib-machinery.com\/it\/materials\/trade-fair-plast-2023-milan\/stampi-alluminio-corrugatori-fv200-fv250-fv400\/\" \/>\n<meta property=\"og:site_name\" content=\"Itib Machinery\" \/>\n<meta property=\"article:modified_time\" content=\"2023-08-02T12:04:56+00:00\" \/>\n<meta property=\"og:image\" content=\"https:\/\/itib-machinery.com\/wp-content\/uploads\/2022\/10\/T__5622.jpg\" \/>\n<meta name=\"twitter:card\" content=\"summary_large_image\" \/>\n<script type=\"application\/ld+json\" class=\"yoast-schema-graph\">{\"@context\":\"https:\/\/schema.org\",\"@graph\":[{\"@type\":\"WebPage\",\"@id\":\"https:\/\/itib-machinery.com\/it\/materials\/trade-fair-plast-2023-milan\/stampi-alluminio-corrugatori-fv200-fv250-fv400\/\",\"url\":\"https:\/\/itib-machinery.com\/it\/materials\/trade-fair-plast-2023-milan\/stampi-alluminio-corrugatori-fv200-fv250-fv400\/\",\"name\":\"STAMPI IN ALLUMINIO PER CORRUGATORI FV200, FV250, FV400 - Itib Machinery\",\"isPartOf\":{\"@id\":\"https:\/\/itib-machinery.com\/it\/#website\"},\"datePublished\":\"2022-10-14T13:32:49+00:00\",\"dateModified\":\"2023-08-02T12:04:56+00:00\",\"description\":\"Corrugatori ITIB Machinery. Plast 2023, Milano, Padiglione 13P - Stand C142. We don't produce corrugated pipes, but you will do. At the best\",\"breadcrumb\":{\"@id\":\"https:\/\/itib-machinery.com\/it\/materials\/trade-fair-plast-2023-milan\/stampi-alluminio-corrugatori-fv200-fv250-fv400\/#breadcrumb\"},\"inLanguage\":\"it-IT\",\"potentialAction\":[{\"@type\":\"ReadAction\",\"target\":[\"https:\/\/itib-machinery.com\/it\/materials\/trade-fair-plast-2023-milan\/stampi-alluminio-corrugatori-fv200-fv250-fv400\/\"]}]},{\"@type\":\"BreadcrumbList\",\"@id\":\"https:\/\/itib-machinery.com\/it\/materials\/trade-fair-plast-2023-milan\/stampi-alluminio-corrugatori-fv200-fv250-fv400\/#breadcrumb\",\"itemListElement\":[{\"@type\":\"ListItem\",\"position\":1,\"name\":\"Home\",\"item\":\"https:\/\/itib-machinery.com\/it\/\"},{\"@type\":\"ListItem\",\"position\":2,\"name\":\"Materials\",\"item\":\"https:\/\/itib-machinery.com\/it\/materials\/\"},{\"@type\":\"ListItem\",\"position\":3,\"name\":\"Trade Fair Plast 2023\",\"item\":\"https:\/\/itib-machinery.com\/it\/materials\/trade-fair-plast-2023-milan\/\"},{\"@type\":\"ListItem\",\"position\":4,\"name\":\"STAMPI IN ALLUMINIO PER CORRUGATORI FV200, FV250, FV400\"}]},{\"@type\":\"WebSite\",\"@id\":\"https:\/\/itib-machinery.com\/it\/#website\",\"url\":\"https:\/\/itib-machinery.com\/it\/\",\"name\":\"Itib Machinery\",\"description\":\"\",\"potentialAction\":[{\"@type\":\"SearchAction\",\"target\":{\"@type\":\"EntryPoint\",\"urlTemplate\":\"https:\/\/itib-machinery.com\/it\/?s={search_term_string}\"},\"query-input\":{\"@type\":\"PropertyValueSpecification\",\"valueRequired\":true,\"valueName\":\"search_term_string\"}}],\"inLanguage\":\"it-IT\"}]}<\/script>\n<!-- \/ Yoast SEO plugin. -->","yoast_head_json":{"title":"STAMPI IN ALLUMINIO PER CORRUGATORI FV200, FV250, FV400 - Itib Machinery","description":"Corrugatori ITIB Machinery. Plast 2023, Milano, Padiglione 13P - Stand C142. We don't produce corrugated pipes, but you will do. At the best","robots":{"index":"index","follow":"follow","max-snippet":"max-snippet:-1","max-image-preview":"max-image-preview:large","max-video-preview":"max-video-preview:-1"},"canonical":"https:\/\/itib-machinery.com\/it\/materials\/trade-fair-plast-2023-milan\/stampi-alluminio-corrugatori-fv200-fv250-fv400\/","og_locale":"it_IT","og_type":"article","og_title":"STAMPI IN ALLUMINIO PER CORRUGATORI FV200, FV250, FV400 - Itib Machinery","og_description":"Corrugatori ITIB Machinery. Plast 2023, Milano, Padiglione 13P - Stand C142. We don't produce corrugated pipes, but you will do. At the best","og_url":"https:\/\/itib-machinery.com\/it\/materials\/trade-fair-plast-2023-milan\/stampi-alluminio-corrugatori-fv200-fv250-fv400\/","og_site_name":"Itib Machinery","article_modified_time":"2023-08-02T12:04:56+00:00","og_image":[{"url":"https:\/\/itib-machinery.com\/wp-content\/uploads\/2022\/10\/T__5622.jpg"}],"twitter_card":"summary_large_image","schema":{"@context":"https:\/\/schema.org","@graph":[{"@type":"WebPage","@id":"https:\/\/itib-machinery.com\/it\/materials\/trade-fair-plast-2023-milan\/stampi-alluminio-corrugatori-fv200-fv250-fv400\/","url":"https:\/\/itib-machinery.com\/it\/materials\/trade-fair-plast-2023-milan\/stampi-alluminio-corrugatori-fv200-fv250-fv400\/","name":"STAMPI IN ALLUMINIO PER CORRUGATORI FV200, FV250, FV400 - Itib Machinery","isPartOf":{"@id":"https:\/\/itib-machinery.com\/it\/#website"},"datePublished":"2022-10-14T13:32:49+00:00","dateModified":"2023-08-02T12:04:56+00:00","description":"Corrugatori ITIB Machinery. Plast 2023, Milano, Padiglione 13P - Stand C142. We don't produce corrugated pipes, but you will do. At the best","breadcrumb":{"@id":"https:\/\/itib-machinery.com\/it\/materials\/trade-fair-plast-2023-milan\/stampi-alluminio-corrugatori-fv200-fv250-fv400\/#breadcrumb"},"inLanguage":"it-IT","potentialAction":[{"@type":"ReadAction","target":["https:\/\/itib-machinery.com\/it\/materials\/trade-fair-plast-2023-milan\/stampi-alluminio-corrugatori-fv200-fv250-fv400\/"]}]},{"@type":"BreadcrumbList","@id":"https:\/\/itib-machinery.com\/it\/materials\/trade-fair-plast-2023-milan\/stampi-alluminio-corrugatori-fv200-fv250-fv400\/#breadcrumb","itemListElement":[{"@type":"ListItem","position":1,"name":"Home","item":"https:\/\/itib-machinery.com\/it\/"},{"@type":"ListItem","position":2,"name":"Materials","item":"https:\/\/itib-machinery.com\/it\/materials\/"},{"@type":"ListItem","position":3,"name":"Trade Fair Plast 2023","item":"https:\/\/itib-machinery.com\/it\/materials\/trade-fair-plast-2023-milan\/"},{"@type":"ListItem","position":4,"name":"STAMPI IN ALLUMINIO PER CORRUGATORI FV200, FV250, FV400"}]},{"@type":"WebSite","@id":"https:\/\/itib-machinery.com\/it\/#website","url":"https:\/\/itib-machinery.com\/it\/","name":"Itib Machinery","description":"","potentialAction":[{"@type":"SearchAction","target":{"@type":"EntryPoint","urlTemplate":"https:\/\/itib-machinery.com\/it\/?s={search_term_string}"},"query-input":{"@type":"PropertyValueSpecification","valueRequired":true,"valueName":"search_term_string"}}],"inLanguage":"it-IT"}]}},"_links":{"self":[{"href":"https:\/\/itib-machinery.com\/it\/wp-json\/wp\/v2\/pages\/292","targetHints":{"allow":["GET"]}}],"collection":[{"href":"https:\/\/itib-machinery.com\/it\/wp-json\/wp\/v2\/pages"}],"about":[{"href":"https:\/\/itib-machinery.com\/it\/wp-json\/wp\/v2\/types\/page"}],"author":[{"embeddable":true,"href":"https:\/\/itib-machinery.com\/it\/wp-json\/wp\/v2\/users\/1"}],"replies":[{"embeddable":true,"href":"https:\/\/itib-machinery.com\/it\/wp-json\/wp\/v2\/comments?post=292"}],"version-history":[{"count":9,"href":"https:\/\/itib-machinery.com\/it\/wp-json\/wp\/v2\/pages\/292\/revisions"}],"predecessor-version":[{"id":1712,"href":"https:\/\/itib-machinery.com\/it\/wp-json\/wp\/v2\/pages\/292\/revisions\/1712"}],"up":[{"embeddable":true,"href":"https:\/\/itib-machinery.com\/it\/wp-json\/wp\/v2\/pages\/181"}],"wp:attachment":[{"href":"https:\/\/itib-machinery.com\/it\/wp-json\/wp\/v2\/media?parent=292"}],"curies":[{"name":"wp","href":"https:\/\/api.w.org\/{rel}","templated":true}]}}