{"id":324,"date":"2022-10-14T16:00:05","date_gmt":"2022-10-14T14:00:05","guid":{"rendered":"http:\/\/itib-machinery.com\/?page_id=324"},"modified":"2023-08-02T14:10:11","modified_gmt":"2023-08-02T12:10:11","slug":"65dwp-extrusion-head","status":"publish","type":"page","link":"https:\/\/itib-machinery.com\/it\/materials\/trade-fair-plast-2023-milan\/65dwp-extrusion-head\/","title":{"rendered":"TESTA DI ESTRUSIONE 65 DWP PER TUBI IN PE A DOPPIA PARETE CON TERZO STRATO DI RIVESTIMENTO ESTERNO"},"content":{"rendered":"<p><img loading=\"lazy\" decoding=\"async\" class=\"aligncenter size-full wp-image-314\" src=\"http:\/\/itib-machinery.com\/wp-content\/uploads\/2022\/10\/T__5655_ESPOSITORE-3.jpg\" alt=\"\" width=\"1200\" height=\"800\" srcset=\"https:\/\/itib-machinery.com\/wp-content\/uploads\/2022\/10\/T__5655_ESPOSITORE-3.jpg 1200w, https:\/\/itib-machinery.com\/wp-content\/uploads\/2022\/10\/T__5655_ESPOSITORE-3-300x200.jpg 300w, https:\/\/itib-machinery.com\/wp-content\/uploads\/2022\/10\/T__5655_ESPOSITORE-3-1024x683.jpg 1024w, https:\/\/itib-machinery.com\/wp-content\/uploads\/2022\/10\/T__5655_ESPOSITORE-3-768x512.jpg 768w\" sizes=\"auto, (max-width: 1200px) 100vw, 1200px\" \/><\/p>\n<p style=\"font-weight: 400;\">Testa di estrusione 65DWP per la produzione di tubi in PE a doppia parete da 20 a 65 mm di diametro esterno.<\/p>\n<p style=\"font-weight: 400;\">\u00c8 costituita da un corpo con all&#8217;interno i distributori del materiale per gli strati interno ed esterno. Il tutto \u00e8 progettato per ottenere un <strong>flusso uniforme e ottimale della plastica<\/strong>, evitando il deposito di materiale ossidato. Un rivestimento in nichel-teflon aiuta ad evitare che la plastica si attacchi.<\/p>\n<p style=\"font-weight: 400;\">La testa di estrusione \u00e8 corredata da pi\u00f9 set di filiere; \u00e8 infatti necessario un set di filiere per ogni diverso diametro di tubo prodotto.<\/p>\n<p style=\"font-weight: 400;\">E&#8217; <strong>possibile estrudere anche un terzo strato esterno, molto sottile<\/strong>. Questa opzione consente di utilizzare PE riciclato nello strato pi\u00f9 esterno, rivestendolo con un film di materiale colorato vergine, prodotto da un terzo estrusore.<\/p>\n<p style=\"font-weight: 400;\">Su richiesta possono essere realizzate anche linee longitudinali. La testa della filiera viene fornita completa di adattatori per il fissaggio agli estrusori ed \u00e8 possibile prevedere diversi layout, in base allo spazio di installazione disponibile.<\/p>\n","protected":false},"excerpt":{"rendered":"<p>Testa di estrusione 65DWP per la produzione di tubi in PE a doppia parete da 20 a 65 mm di diametro esterno. \u00c8 costituita da un corpo con all&#8217;interno i distributori del materiale per gli strati interno ed esterno. Il tutto \u00e8 progettato per ottenere un flusso uniforme e ottimale della plastica, evitando il deposito [&hellip;]<\/p>\n","protected":false},"author":1,"featured_media":0,"parent":181,"menu_order":9,"comment_status":"closed","ping_status":"closed","template":"teca.php","meta":{"footnotes":""},"class_list":["post-324","page","type-page","status-publish","hentry"],"acf":[],"yoast_head":"<!-- This site is optimized with the Yoast SEO plugin v23.8 - https:\/\/yoast.com\/wordpress\/plugins\/seo\/ -->\n<title>TESTA DI ESTRUSIONE 65 DWP PER TUBI IN PE A DOPPIA PARETE CON TERZO STRATO DI RIVESTIMENTO ESTERNO - Itib Machinery<\/title>\n<meta name=\"description\" content=\"Corrugatori ITIB Machinery. Plast 2023, Milano, Padiglione 13P - Stand C142. We don&#039;t produce corrugated pipes, but you will do. At the best\" \/>\n<meta name=\"robots\" content=\"index, follow, max-snippet:-1, max-image-preview:large, max-video-preview:-1\" \/>\n<link rel=\"canonical\" href=\"https:\/\/itib-machinery.com\/it\/materials\/trade-fair-plast-2023-milan\/65dwp-extrusion-head\/\" \/>\n<meta property=\"og:locale\" content=\"it_IT\" \/>\n<meta property=\"og:type\" content=\"article\" \/>\n<meta property=\"og:title\" content=\"TESTA DI ESTRUSIONE 65 DWP PER TUBI IN PE A DOPPIA PARETE CON TERZO STRATO DI RIVESTIMENTO ESTERNO - Itib Machinery\" \/>\n<meta property=\"og:description\" content=\"Corrugatori ITIB Machinery. Plast 2023, Milano, Padiglione 13P - Stand C142. We don&#039;t produce corrugated pipes, but you will do. At the best\" \/>\n<meta property=\"og:url\" content=\"https:\/\/itib-machinery.com\/it\/materials\/trade-fair-plast-2023-milan\/65dwp-extrusion-head\/\" \/>\n<meta property=\"og:site_name\" content=\"Itib Machinery\" \/>\n<meta property=\"article:modified_time\" content=\"2023-08-02T12:10:11+00:00\" \/>\n<meta property=\"og:image\" content=\"http:\/\/itib-machinery.com\/wp-content\/uploads\/2022\/10\/T__5655_ESPOSITORE-3.jpg\" \/>\n<meta name=\"twitter:card\" content=\"summary_large_image\" \/>\n<script type=\"application\/ld+json\" class=\"yoast-schema-graph\">{\"@context\":\"https:\/\/schema.org\",\"@graph\":[{\"@type\":\"WebPage\",\"@id\":\"https:\/\/itib-machinery.com\/it\/materials\/trade-fair-plast-2023-milan\/65dwp-extrusion-head\/\",\"url\":\"https:\/\/itib-machinery.com\/it\/materials\/trade-fair-plast-2023-milan\/65dwp-extrusion-head\/\",\"name\":\"TESTA DI ESTRUSIONE 65 DWP PER TUBI IN PE A DOPPIA PARETE CON TERZO STRATO DI RIVESTIMENTO ESTERNO - Itib Machinery\",\"isPartOf\":{\"@id\":\"https:\/\/itib-machinery.com\/it\/#website\"},\"primaryImageOfPage\":{\"@id\":\"https:\/\/itib-machinery.com\/it\/materials\/trade-fair-plast-2023-milan\/65dwp-extrusion-head\/#primaryimage\"},\"image\":{\"@id\":\"https:\/\/itib-machinery.com\/it\/materials\/trade-fair-plast-2023-milan\/65dwp-extrusion-head\/#primaryimage\"},\"thumbnailUrl\":\"http:\/\/itib-machinery.com\/wp-content\/uploads\/2022\/10\/T__5655_ESPOSITORE-3.jpg\",\"datePublished\":\"2022-10-14T14:00:05+00:00\",\"dateModified\":\"2023-08-02T12:10:11+00:00\",\"description\":\"Corrugatori ITIB Machinery. Plast 2023, Milano, Padiglione 13P - Stand C142. We don't produce corrugated pipes, but you will do. At the best\",\"breadcrumb\":{\"@id\":\"https:\/\/itib-machinery.com\/it\/materials\/trade-fair-plast-2023-milan\/65dwp-extrusion-head\/#breadcrumb\"},\"inLanguage\":\"it-IT\",\"potentialAction\":[{\"@type\":\"ReadAction\",\"target\":[\"https:\/\/itib-machinery.com\/it\/materials\/trade-fair-plast-2023-milan\/65dwp-extrusion-head\/\"]}]},{\"@type\":\"ImageObject\",\"inLanguage\":\"it-IT\",\"@id\":\"https:\/\/itib-machinery.com\/it\/materials\/trade-fair-plast-2023-milan\/65dwp-extrusion-head\/#primaryimage\",\"url\":\"http:\/\/itib-machinery.com\/wp-content\/uploads\/2022\/10\/T__5655_ESPOSITORE-3.jpg\",\"contentUrl\":\"http:\/\/itib-machinery.com\/wp-content\/uploads\/2022\/10\/T__5655_ESPOSITORE-3.jpg\"},{\"@type\":\"BreadcrumbList\",\"@id\":\"https:\/\/itib-machinery.com\/it\/materials\/trade-fair-plast-2023-milan\/65dwp-extrusion-head\/#breadcrumb\",\"itemListElement\":[{\"@type\":\"ListItem\",\"position\":1,\"name\":\"Home\",\"item\":\"https:\/\/itib-machinery.com\/it\/\"},{\"@type\":\"ListItem\",\"position\":2,\"name\":\"Materials\",\"item\":\"https:\/\/itib-machinery.com\/it\/materials\/\"},{\"@type\":\"ListItem\",\"position\":3,\"name\":\"Trade Fair Plast 2023\",\"item\":\"https:\/\/itib-machinery.com\/it\/materials\/trade-fair-plast-2023-milan\/\"},{\"@type\":\"ListItem\",\"position\":4,\"name\":\"TESTA DI ESTRUSIONE 65 DWP PER TUBI IN PE A DOPPIA PARETE CON TERZO STRATO DI RIVESTIMENTO ESTERNO\"}]},{\"@type\":\"WebSite\",\"@id\":\"https:\/\/itib-machinery.com\/it\/#website\",\"url\":\"https:\/\/itib-machinery.com\/it\/\",\"name\":\"Itib Machinery\",\"description\":\"\",\"potentialAction\":[{\"@type\":\"SearchAction\",\"target\":{\"@type\":\"EntryPoint\",\"urlTemplate\":\"https:\/\/itib-machinery.com\/it\/?s={search_term_string}\"},\"query-input\":{\"@type\":\"PropertyValueSpecification\",\"valueRequired\":true,\"valueName\":\"search_term_string\"}}],\"inLanguage\":\"it-IT\"}]}<\/script>\n<!-- \/ Yoast SEO plugin. -->","yoast_head_json":{"title":"TESTA DI ESTRUSIONE 65 DWP PER TUBI IN PE A DOPPIA PARETE CON TERZO STRATO DI RIVESTIMENTO ESTERNO - Itib Machinery","description":"Corrugatori ITIB Machinery. Plast 2023, Milano, Padiglione 13P - Stand C142. We don't produce corrugated pipes, but you will do. At the best","robots":{"index":"index","follow":"follow","max-snippet":"max-snippet:-1","max-image-preview":"max-image-preview:large","max-video-preview":"max-video-preview:-1"},"canonical":"https:\/\/itib-machinery.com\/it\/materials\/trade-fair-plast-2023-milan\/65dwp-extrusion-head\/","og_locale":"it_IT","og_type":"article","og_title":"TESTA DI ESTRUSIONE 65 DWP PER TUBI IN PE A DOPPIA PARETE CON TERZO STRATO DI RIVESTIMENTO ESTERNO - Itib Machinery","og_description":"Corrugatori ITIB Machinery. Plast 2023, Milano, Padiglione 13P - Stand C142. We don't produce corrugated pipes, but you will do. At the best","og_url":"https:\/\/itib-machinery.com\/it\/materials\/trade-fair-plast-2023-milan\/65dwp-extrusion-head\/","og_site_name":"Itib Machinery","article_modified_time":"2023-08-02T12:10:11+00:00","og_image":[{"url":"http:\/\/itib-machinery.com\/wp-content\/uploads\/2022\/10\/T__5655_ESPOSITORE-3.jpg"}],"twitter_card":"summary_large_image","schema":{"@context":"https:\/\/schema.org","@graph":[{"@type":"WebPage","@id":"https:\/\/itib-machinery.com\/it\/materials\/trade-fair-plast-2023-milan\/65dwp-extrusion-head\/","url":"https:\/\/itib-machinery.com\/it\/materials\/trade-fair-plast-2023-milan\/65dwp-extrusion-head\/","name":"TESTA DI ESTRUSIONE 65 DWP PER TUBI IN PE A DOPPIA PARETE CON TERZO STRATO DI RIVESTIMENTO ESTERNO - Itib Machinery","isPartOf":{"@id":"https:\/\/itib-machinery.com\/it\/#website"},"primaryImageOfPage":{"@id":"https:\/\/itib-machinery.com\/it\/materials\/trade-fair-plast-2023-milan\/65dwp-extrusion-head\/#primaryimage"},"image":{"@id":"https:\/\/itib-machinery.com\/it\/materials\/trade-fair-plast-2023-milan\/65dwp-extrusion-head\/#primaryimage"},"thumbnailUrl":"http:\/\/itib-machinery.com\/wp-content\/uploads\/2022\/10\/T__5655_ESPOSITORE-3.jpg","datePublished":"2022-10-14T14:00:05+00:00","dateModified":"2023-08-02T12:10:11+00:00","description":"Corrugatori ITIB Machinery. Plast 2023, Milano, Padiglione 13P - Stand C142. We don't produce corrugated pipes, but you will do. At the best","breadcrumb":{"@id":"https:\/\/itib-machinery.com\/it\/materials\/trade-fair-plast-2023-milan\/65dwp-extrusion-head\/#breadcrumb"},"inLanguage":"it-IT","potentialAction":[{"@type":"ReadAction","target":["https:\/\/itib-machinery.com\/it\/materials\/trade-fair-plast-2023-milan\/65dwp-extrusion-head\/"]}]},{"@type":"ImageObject","inLanguage":"it-IT","@id":"https:\/\/itib-machinery.com\/it\/materials\/trade-fair-plast-2023-milan\/65dwp-extrusion-head\/#primaryimage","url":"http:\/\/itib-machinery.com\/wp-content\/uploads\/2022\/10\/T__5655_ESPOSITORE-3.jpg","contentUrl":"http:\/\/itib-machinery.com\/wp-content\/uploads\/2022\/10\/T__5655_ESPOSITORE-3.jpg"},{"@type":"BreadcrumbList","@id":"https:\/\/itib-machinery.com\/it\/materials\/trade-fair-plast-2023-milan\/65dwp-extrusion-head\/#breadcrumb","itemListElement":[{"@type":"ListItem","position":1,"name":"Home","item":"https:\/\/itib-machinery.com\/it\/"},{"@type":"ListItem","position":2,"name":"Materials","item":"https:\/\/itib-machinery.com\/it\/materials\/"},{"@type":"ListItem","position":3,"name":"Trade Fair Plast 2023","item":"https:\/\/itib-machinery.com\/it\/materials\/trade-fair-plast-2023-milan\/"},{"@type":"ListItem","position":4,"name":"TESTA DI ESTRUSIONE 65 DWP PER TUBI IN PE A DOPPIA PARETE CON TERZO STRATO DI RIVESTIMENTO ESTERNO"}]},{"@type":"WebSite","@id":"https:\/\/itib-machinery.com\/it\/#website","url":"https:\/\/itib-machinery.com\/it\/","name":"Itib Machinery","description":"","potentialAction":[{"@type":"SearchAction","target":{"@type":"EntryPoint","urlTemplate":"https:\/\/itib-machinery.com\/it\/?s={search_term_string}"},"query-input":{"@type":"PropertyValueSpecification","valueRequired":true,"valueName":"search_term_string"}}],"inLanguage":"it-IT"}]}},"_links":{"self":[{"href":"https:\/\/itib-machinery.com\/it\/wp-json\/wp\/v2\/pages\/324","targetHints":{"allow":["GET"]}}],"collection":[{"href":"https:\/\/itib-machinery.com\/it\/wp-json\/wp\/v2\/pages"}],"about":[{"href":"https:\/\/itib-machinery.com\/it\/wp-json\/wp\/v2\/types\/page"}],"author":[{"embeddable":true,"href":"https:\/\/itib-machinery.com\/it\/wp-json\/wp\/v2\/users\/1"}],"replies":[{"embeddable":true,"href":"https:\/\/itib-machinery.com\/it\/wp-json\/wp\/v2\/comments?post=324"}],"version-history":[{"count":3,"href":"https:\/\/itib-machinery.com\/it\/wp-json\/wp\/v2\/pages\/324\/revisions"}],"predecessor-version":[{"id":1713,"href":"https:\/\/itib-machinery.com\/it\/wp-json\/wp\/v2\/pages\/324\/revisions\/1713"}],"up":[{"embeddable":true,"href":"https:\/\/itib-machinery.com\/it\/wp-json\/wp\/v2\/pages\/181"}],"wp:attachment":[{"href":"https:\/\/itib-machinery.com\/it\/wp-json\/wp\/v2\/media?parent=324"}],"curies":[{"name":"wp","href":"https:\/\/api.w.org\/{rel}","templated":true}]}}